{"id":2878,"date":"2026-04-14T22:52:49","date_gmt":"2026-04-14T14:52:49","guid":{"rendered":"https:\/\/www.kurzvape.de\/?post_type=product&#038;p=2878"},"modified":"2026-04-14T22:52:50","modified_gmt":"2026-04-14T14:52:50","slug":"waspe-4-in-1-100k-strawberry-red-bull-strawberry-watermelon-bubblegum-red-bull-ice-cherry-cola-ice","status":"publish","type":"product","link":"https:\/\/www.kurzvape.de\/es\/product\/waspe-4-in-1-100k-strawberry-red-bull-strawberry-watermelon-bubblegum-red-bull-ice-cherry-cola-ice\/","title":{"rendered":"WASPE 4 en 1 100K Strawberry Red Bull &amp; Strawberry Watermelon Bubblegum &amp; Red Bull Ice &amp; Cherry Cola Ice"},"content":{"rendered":"<h2><strong>WASPE 4 en 1 100K Strawberry Red Bull &amp; Strawberry Watermelon Bubblegum &amp; Red Bull Ice &amp; Cherry Cola Ice<\/strong><strong> Vape desechable<\/strong><\/h2>\n<p>Experimente un tipo especial de emocionante viaje de sabores con WASPE 4 en 1 100K Strawberry Red Bull &amp; Strawberry Watermelon Bubblegum &amp; Red Bull Ice &amp; Cherry Cola Ice. Este extraordinario dispositivo de un solo uso re\u00fane cuatro potentes sabores: desde la chispeante frescura de las bebidas energ\u00e9ticas hasta la juguetona dulzura del chicle y el nost\u00e1lgico frescor de los refrescos de cola. Con tecnolog\u00eda de malla de \u00faltima generaci\u00f3n, un sistema inteligente de cambio de sabor y una capacidad para 100.000 caladas, este dispositivo es la primera opci\u00f3n para cualquiera que no quiera renunciar a nada al vapear.<\/p>\n<h2><strong>Cuatro sabores distintos - un aparato<\/strong><\/h2>\n<p><strong>Red Bull de fresa:<\/strong> La fresa madura y jugosa se encuentra con el cosquilleo caracter\u00edstico de una bebida energ\u00e9tica: fresca, vigorizante y con un final agridulce que te deja con ganas de m\u00e1s.<\/p>\n<p><strong>Chicle de fresa y sand\u00eda:<\/strong> La fresa y la sand\u00eda se combinan con una juguetona nota de chicle: dulce, afrutado y con un car\u00e1cter alegre y ligero que garantiza el buen humor.<\/p>\n<p><strong>Red Bull Ice:<\/strong> El inconfundible sabor a bebida energ\u00e9tica se une al frescor helado del mentol: chispeante, refrescante y con un regusto largo y limpio para los momentos de actividad.<\/p>\n<p><strong>Cherry Cola Ice:<\/strong> La cereza madura y oscura se mezcla con el cl\u00e1sico sabor a cola y un final fresco: una experiencia nost\u00e1lgica y refrescante con un aut\u00e9ntico valor de reconocimiento.<\/p>\n<h2><strong>WASPE 4 en 1 100K Strawberry Red Bull &amp; Strawberry Watermelon Bubblegum &amp; Red Bull Ice &amp; Cherry Cola Ice - Datos t\u00e9cnicos<\/strong><\/h2>\n<ul>\n<li><strong>Bater\u00eda:<\/strong> Bater\u00eda recargable de iones de litio de 650 mAh<\/li>\n<li><strong>Vaporizador:<\/strong> 1,0 \u03a9 \u00d7 4 bobinas de malla independientes<\/li>\n<li><strong>Conexi\u00f3n de carga:<\/strong> Protocolo de carga r\u00e1pida Type-C<\/li>\n<li><strong>Volumen total:<\/strong> 56 ml (4 \u00d7 14 ml c\u00e1maras)<\/li>\n<li><strong>Potencias de nicotina:<\/strong> 0 %, 2 % y 5 % disponibles<\/li>\n<li><strong>Dimensiones:<\/strong> 47 \u00d7 47 \u00d7 118 mm<\/li>\n<li><strong>Peso:<\/strong> 142 gramos<\/li>\n<\/ul>\n<h2><strong>Qu\u00e9 caracteriza al WASPE 4 en 1 100K<\/strong><\/h2>\n<ul>\n<li>100.000 caladas - M\u00e1xima resistencia en un formato compacto, sin la molestia de comprar o cambiar.<\/li>\n<li>Capacidad total de 56 ml - Cuatro c\u00e1maras independientes de 14 ml garantizan un suministro permanente para cada sabor.<\/li>\n<li>Vapor intenso y constante: cuatro bobinas de malla independientes de 1,0 ohmios proporcionan una experiencia de sabor arom\u00e1tico y pleno en cada calada.<\/li>\n<li>Cambio flexible de sabores - Cambie f\u00e1cilmente entre los cuatro sabores en cualquier momento para adaptarse a su estado de \u00e1nimo.<\/li>\n<li>Bater\u00eda fiable con carga r\u00e1pida Type-C: 650 mAh para reducir al m\u00ednimo las interrupciones de carga en el d\u00eda a d\u00eda.<\/li>\n<li>Pantalla LED clara: contador de caladas, indicador de bater\u00eda y sabor activo siempre a la vista.<\/li>\n<li>Vers\u00e1til y apto para el d\u00eda a d\u00eda: ya sea en movimiento, en la oficina o en casa, este dispositivo se adapta a cualquier ritmo de vida.<\/li>\n<\/ul>\n<h3><strong>Descubra ahora el WASPE 4 en 1 100K Strawberry Red Bull &amp; Strawberry Watermelon Bubblegum &amp; Red Bull Ice &amp; Cherry Cola Ice<\/strong><\/h3>\n<p>Si busca un potente desechable con sabores refrescantes y llenos de car\u00e1cter y una autonom\u00eda excepcional, el WASPE 4 en 1 100K Strawberry Red Bull &amp; Strawberry Watermelon Bubblegum &amp; Red Bull Ice &amp; Cherry Cola Ice es la soluci\u00f3n perfecta. Echa un vistazo a <strong><a href=\"https:\/\/www.kurzvape.de\/es\/\">Toda la gama de productos Kurzvape<\/a><\/strong> y descubra productos de vapeo de primera clase para cada necesidad. Encontrar\u00e1 un resumen completo de todas las marcas disponibles en la secci\u00f3n <strong><a href=\"https:\/\/www.kurzvape.de\/es\/product-category\/waspe-vape\/\">Vape desechable WASPE Categor\u00eda de producto<\/a><\/strong>. Todos los modelos y versiones de esta potente serie de electrodom\u00e9sticos se incluyen en el <strong><a href=\"https:\/\/www.kurzvape.de\/es\/product-category\/waspe-vape\/waspe-4-in-1-100k\/\">P\u00e1gina de la serie WASPE 4 en 1 100K<\/a><\/strong> listado.<\/p>","protected":false},"excerpt":{"rendered":"<p>El WASPE 4 en 1 100K Vape ofrece cuatro sabores variados en un solo dispositivo. Con 56 ml de l\u00edquido, hasta 100.000 caladas y potentes bobinas de malla, podr\u00e1s disfrutar de un sabor intenso y la m\u00e1xima flexibilidad. Gracias a la bater\u00eda recargable y al f\u00e1cil cambio de sabores, es ideal para llevar.<\/p>","protected":false},"featured_media":2881,"comment_status":"open","ping_status":"closed","template":"","meta":{"_acf_changed":false},"product_brand":[],"product_cat":[43],"product_tag":[],"class_list":{"0":"post-2878","1":"product","2":"type-product","3":"status-publish","4":"has-post-thumbnail","6":"product_cat-waspe-4-in-1-100k","8":"first","9":"instock","10":"sale","11":"shipping-taxable","12":"purchasable","13":"product-type-variable"},"acf":[],"_links":{"self":[{"href":"https:\/\/www.kurzvape.de\/es\/wp-json\/wp\/v2\/product\/2878","targetHints":{"allow":["GET"]}}],"collection":[{"href":"https:\/\/www.kurzvape.de\/es\/wp-json\/wp\/v2\/product"}],"about":[{"href":"https:\/\/www.kurzvape.de\/es\/wp-json\/wp\/v2\/types\/product"}],"replies":[{"embeddable":true,"href":"https:\/\/www.kurzvape.de\/es\/wp-json\/wp\/v2\/comments?post=2878"}],"wp:featuredmedia":[{"embeddable":true,"href":"https:\/\/www.kurzvape.de\/es\/wp-json\/wp\/v2\/media\/2881"}],"wp:attachment":[{"href":"https:\/\/www.kurzvape.de\/es\/wp-json\/wp\/v2\/media?parent=2878"}],"wp:term":[{"taxonomy":"product_brand","embeddable":true,"href":"https:\/\/www.kurzvape.de\/es\/wp-json\/wp\/v2\/product_brand?post=2878"},{"taxonomy":"product_cat","embeddable":true,"href":"https:\/\/www.kurzvape.de\/es\/wp-json\/wp\/v2\/product_cat?post=2878"},{"taxonomy":"product_tag","embeddable":true,"href":"https:\/\/www.kurzvape.de\/es\/wp-json\/wp\/v2\/product_tag?post=2878"}],"curies":[{"name":"wp","href":"https:\/\/api.w.org\/{rel}","templated":true}]}}