{"id":2934,"date":"2026-04-16T20:05:25","date_gmt":"2026-04-16T12:05:25","guid":{"rendered":"https:\/\/www.kurzvape.de\/?post_type=product&#038;p=2934"},"modified":"2026-04-16T20:05:25","modified_gmt":"2026-04-16T12:05:25","slug":"bang-king-25000-peach-mango","status":"publish","type":"product","link":"https:\/\/www.kurzvape.de\/es\/product\/bang-king-25000-peach-mango\/","title":{"rendered":"Bang King 25000 Melocot\u00f3n Mango"},"content":{"rendered":"<h2><strong>Vapeador desechable Bang King 25000 Peach Mango - Placer tropical de melocot\u00f3n-mango con 25.000 caladas<\/strong><\/h2>\n<p>Con cada calada, el Bang King 25000 Peach Mango le transporta a un mundo tropical de sabor inigualable. La cremosa dulzura de los mangos maduros se combina armoniosamente con la delicada frescura de los jugosos melocotones para crear una composici\u00f3n afrutada que baila en la lengua y revitaliza los sentidos. Cualquiera que busque una experiencia de vaporizaci\u00f3n que combine una sensaci\u00f3n vacacional con el disfrute cotidiano quedar\u00e1 encantado enseguida con Peach Mango.<\/p>\n<p>Adem\u00e1s de su irresistible perfil de sabor, el Bang King 25000 Peach Mango destaca por una calidad de vapor que no deja nada que desear. Las caladas fluyen suave y uniformemente, sin ninguna aspereza o regusto artificial. El sabor a fruta tropical se despliega con una naturalidad impresionante: con cuerpo, redondo y constante en intensidad de principio a fin. Un vape que no s\u00f3lo mima el paladar, sino que tambi\u00e9n es t\u00e9cnicamente convincente en todos los aspectos.<\/p>\n<h2><strong>Sistema de doble cartucho de 46 ml: m\u00e1xima capacidad para un disfrute tropical ininterrumpido<\/strong><\/h2>\n<p>La base del Bang King 25000 es un potente sistema de e-l\u00edquido de 46 ml, que se divide en dos cartuchos separados de 23 ml cada uno. Esta sofisticada soluci\u00f3n de doble cartucho optimiza la distribuci\u00f3n del l\u00edquido y protege de forma fiable el e-l\u00edquido contra las fugas y la p\u00e9rdida de calidad debida a la oxidaci\u00f3n prematura. Como resultado, el sabor a melocot\u00f3n y mango se mantiene fresco e intenso durante toda su vida \u00fatil, una clara ventaja frente a las soluciones desechables convencionales.<\/p>\n<h2><strong>Selecci\u00f3n flexible de nicotina, tecnolog\u00eda de malla de primera clase y carga r\u00e1pida tipo C: tecnolog\u00eda al m\u00e1s alto nivel<\/strong><\/h2>\n<p>El Bang King 25000 Peach Mango se adapta individualmente a cada usuario: Las concentraciones de nicotina 0 %, 2 %, 3 % y 5 % cubren todo el espectro, desde sin nicotina hasta intenso. La bobina de malla de 1,0 ohmios funciona con una precisi\u00f3n impresionante y garantiza un vapor con cuerpo y uniforme con un flujo de aire perfectamente ajustable en cada calada. La bater\u00eda integrada de 650 mAh se carga r\u00e1pida y c\u00f3modamente a trav\u00e9s de la moderna conexi\u00f3n de tipo C, y los que aprecian la variedad pueden elegir entre 12 sabores diferentes.<\/p>\n<h2><strong>Las caracter\u00edsticas m\u00e1s importantes del Bang King 25000 Peach Mango:<\/strong><\/h2>\n<ul>\n<li><strong>25.000 trenes<\/strong> - Resistencia inigualable para disfrutar del vapor durante semanas sin preocupaciones.<\/li>\n<li><strong>46 ml de l\u00edquido<\/strong> - Generosamente precargada para un uso excepcionalmente prolongado e ininterrumpido.<\/li>\n<li><strong>Nicotina: 0 %, 2 %, 3 %, 5 %<\/strong> - Amplia gama de espesores para cada necesidad individual.<\/li>\n<li><strong>Bater\u00eda de 650 mAh<\/strong> - Bater\u00eda potente de larga duraci\u00f3n y recarga poco frecuente.<\/li>\n<li><strong>Bobina de malla de 1,0 \u03a9<\/strong> - Vapor con cuerpo y desarrollo \u00f3ptimo del sabor con flujo de aire ajustable.<\/li>\n<li><strong>Carga tipo C<\/strong> - Est\u00e1ndar de carga r\u00e1pido y moderno para un uso diario sin problemas.<\/li>\n<li><strong>Sistema de doble vaina<\/strong> - Dos c\u00e1psulas de 12.500 caladas cada una para una transici\u00f3n perfecta y sin esfuerzo.<\/li>\n<\/ul>\n<h2><strong>Por qu\u00e9 convence el Bang King 25000 Peach Mango<\/strong><\/h2>\n<ul>\n<li><strong>Resistencia tropical al m\u00e1s alto nivel:<\/strong> 25.000 caladas por aparato convierten a la Peach Mango en una aut\u00e9ntica m\u00e1quina de larga duraci\u00f3n, imbatible para cualquiera que no quiera pensar constantemente en reponer.<\/li>\n<li><strong>Sabor frutal puro hasta el final:<\/strong> El sistema de doble vaina garantiza que el perfil de sabor tropical a melocot\u00f3n y mango se mantenga fresco, intenso y aut\u00e9ntico hasta la \u00faltima nube.<\/li>\n<li><strong>Calidad de procesamiento de primera clase:<\/strong> Componentes de alta calidad y un dise\u00f1o robusto garantizan fallos m\u00ednimos y una experiencia de vapeo fiable y constante.<\/li>\n<\/ul>\n<h3><strong>Todo sobre el vapeo - Desc\u00fabrelo ahora en la tienda<\/strong><\/h3>\n<p>Si busca su pr\u00f3ximo producto de vapor favorito, puede encontrarlo en <strong><a href=\"https:\/\/www.kurzvape.de\/es\/\">kurzvape.de - la tienda de vapeo en l\u00ednea l\u00edder<\/a><\/strong> en buenas manos. Una amplia selecci\u00f3n de modelos de eficacia probada y nuevos productos espera a todos los exploradores en el <strong><a href=\"https:\/\/www.kurzvape.de\/es\/product-category\/bang-vape\/\">Bang Vape mundo tem\u00e1tico<\/a><\/strong>, donde la calidad y la variedad de sabores se dan la mano. Cualquiera que busque espec\u00edficamente lo \u00faltimo en t\u00e9rminos de capacidad de extracci\u00f3n y resistencia al vapor encontrar\u00e1 lo que busca en el <strong><a href=\"https:\/\/www.kurzvape.de\/es\/product-category\/bang-vape\/bang-king-25000\/\">P\u00e1gina de producto Bang King 25000<\/a><\/strong> con los modelos m\u00e1s resistentes y duraderos de toda la colecci\u00f3n.<\/p>","protected":false},"excerpt":{"rendered":"<p>El Bang King 25000 Peach Mango ofrece un intenso sabor a fruta con mango dulce y melocot\u00f3n jugoso. Gracias a sus 46 ml de l\u00edquido, su sistema de doble cartucho y sus 25.000 caladas, impresiona con un vapor de larga duraci\u00f3n, un rendimiento constante y una moderna tecnolog\u00eda de malla para una experiencia de sabor redonda.<\/p>","protected":false},"featured_media":2935,"comment_status":"open","ping_status":"closed","template":"","meta":{"_acf_changed":false},"product_brand":[],"product_cat":[45],"product_tag":[],"class_list":{"0":"post-2934","1":"product","2":"type-product","3":"status-publish","4":"has-post-thumbnail","6":"product_cat-bang-king-25000","8":"first","9":"instock","10":"sale","11":"shipping-taxable","12":"purchasable","13":"product-type-variable"},"acf":[],"_links":{"self":[{"href":"https:\/\/www.kurzvape.de\/es\/wp-json\/wp\/v2\/product\/2934","targetHints":{"allow":["GET"]}}],"collection":[{"href":"https:\/\/www.kurzvape.de\/es\/wp-json\/wp\/v2\/product"}],"about":[{"href":"https:\/\/www.kurzvape.de\/es\/wp-json\/wp\/v2\/types\/product"}],"replies":[{"embeddable":true,"href":"https:\/\/www.kurzvape.de\/es\/wp-json\/wp\/v2\/comments?post=2934"}],"wp:featuredmedia":[{"embeddable":true,"href":"https:\/\/www.kurzvape.de\/es\/wp-json\/wp\/v2\/media\/2935"}],"wp:attachment":[{"href":"https:\/\/www.kurzvape.de\/es\/wp-json\/wp\/v2\/media?parent=2934"}],"wp:term":[{"taxonomy":"product_brand","embeddable":true,"href":"https:\/\/www.kurzvape.de\/es\/wp-json\/wp\/v2\/product_brand?post=2934"},{"taxonomy":"product_cat","embeddable":true,"href":"https:\/\/www.kurzvape.de\/es\/wp-json\/wp\/v2\/product_cat?post=2934"},{"taxonomy":"product_tag","embeddable":true,"href":"https:\/\/www.kurzvape.de\/es\/wp-json\/wp\/v2\/product_tag?post=2934"}],"curies":[{"name":"wp","href":"https:\/\/api.w.org\/{rel}","templated":true}]}}