{"id":2949,"date":"2026-04-16T20:16:54","date_gmt":"2026-04-16T12:16:54","guid":{"rendered":"https:\/\/www.kurzvape.de\/?post_type=product&#038;p=2949"},"modified":"2026-04-16T20:16:54","modified_gmt":"2026-04-16T12:16:54","slug":"bang-king-25000-strawberry-banana","status":"publish","type":"product","link":"https:\/\/www.kurzvape.de\/es\/product\/bang-king-25000-strawberry-banana\/","title":{"rendered":"Bang King 25000 Fresa Pl\u00e1tano"},"content":{"rendered":"<h2><strong>Vaporizador desechable Bang King 25000 Strawberry Banana - Placer aterciopelado de fresa y pl\u00e1tano con 25.000 caladas<\/strong><\/h2>\n<p>Bang King 25000 Strawberry Banana es un viaje de sabores que deleita desde el primer segundo. El dulce sabor del pl\u00e1tano maduro se mezcla suavemente con el aroma afrutado de las fresas frescas para crear una composici\u00f3n cremosa que calienta el cuerpo y acaricia los sentidos. Cualquiera que busque una experiencia de vapeo que sea a la vez un momento para sentirse bien y un compa\u00f1ero diario encontrar\u00e1 inmediatamente un nuevo favorito en Strawberry Banana.<\/p>\n<p>La calidad del vapor del Bang King 25000 Strawberry Banana no tiene nada que envidiar a su seductor sabor. Cada calada se desarrolla con suavidad y sin brusquedad ni dulzor artificial. El sabor a fresa y pl\u00e1tano se desarrolla con notable naturalidad: cremoso, equilibrado y con una profundidad que se mantiene constante durante todo el tiempo de uso. Un vape que no s\u00f3lo impresiona en t\u00e9rminos de sabor, sino que tampoco deja nada que desear en t\u00e9rminos t\u00e9cnicos.<\/p>\n<h2><strong>Sistema de doble cartucho de 46 ml: doble capacidad para disfrutar sin interrupciones de la fresa y el pl\u00e1tano<\/strong><\/h2>\n<p>El Bang King 25000 se basa en un ingenioso sistema de 46 ml de e-l\u00edquido, que se distribuye uniformemente en dos cartuchos separados de 23 ml cada uno. Este innovador dise\u00f1o de doble cartucho optimiza el suministro de l\u00edquido y protege de forma fiable el e-l\u00edquido de fugas no deseadas y de la oxidaci\u00f3n que reduce la calidad. De este modo, el cremoso sabor a fresa y pl\u00e1tano se mantiene fresco, sin adulterar y con una intensidad constante durante toda la vida \u00fatil del dispositivo, una ventaja notable frente a los vapeadores desechables convencionales con una sola c\u00e1mara de l\u00edquido.<\/p>\n<h2><strong>Flexibilidad de nicotina, tecnolog\u00eda de malla de alta precisi\u00f3n y carga r\u00e1pida USB-C: tecnolog\u00eda sofisticada para las m\u00e1s altas exigencias.<\/strong><\/h2>\n<p>El Bang King 25000 Strawberry Banana se adapta sin esfuerzo a los deseos de cada usuario: Las concentraciones de nicotina seleccionables 0 %, 2 %, 3 % y 5 % ofrecen la opci\u00f3n adecuada para todos, desde vapear sin nicotina hasta una experiencia intensa. La bobina de malla de 1,0 ohmios de alta calidad funciona con notable uniformidad y produce un vapor denso y arom\u00e1tico con un flujo de aire ajustable individualmente en cada calada. La potente bater\u00eda de 650 mAh se puede cargar r\u00e1pida y c\u00f3modamente gracias a la moderna conexi\u00f3n USB-C - y los que tambi\u00e9n aprecian la variedad pueden descubrir el Strawberry Banana como parte de una selecci\u00f3n de 12 sabores diferentes.<\/p>\n<h2><strong>Las caracter\u00edsticas m\u00e1s importantes del Bang King 25000 Strawberry Banana:<\/strong><\/h2>\n<ul>\n<li><strong>25.000 trenes<\/strong> - Impresionante longevidad para semanas de disfrute ininterrumpido y sin preocupaciones.<\/li>\n<li><strong>46 ml de l\u00edquido<\/strong> - Ricamente precargadas para una vida \u00fatil excepcionalmente larga y fiable.<\/li>\n<li><strong>Nicotina: 0 %, 2 %, 3 %, 5 %<\/strong> - Vers\u00e1til selecci\u00f3n de grosores para todos los gustos y necesidades personales.<\/li>\n<li><strong>Bater\u00eda de 650 mAh<\/strong> - Bater\u00eda de alta energ\u00eda con larga autonom\u00eda y m\u00ednimo esfuerzo de carga.<\/li>\n<li><strong>Bobina de malla de 1,0 \u03a9<\/strong> - Vapor cremoso, desarrollo \u00f3ptimo del sabor y flujo de aire ajustable libremente.<\/li>\n<li><strong>Puerto de carga USB-C<\/strong> - Est\u00e1ndar de carga contempor\u00e1neo para una carga r\u00e1pida y sin complicaciones en la vida cotidiana.<\/li>\n<li><strong>Sistema de doble vaina<\/strong> - Dos vainas de 12.500 caladas cada una para una transici\u00f3n entre cartuchos perfecta y sin esfuerzo.<\/li>\n<\/ul>\n<h2><strong>Por qu\u00e9 convence el Bang King 25000 Strawberry Banana<\/strong><\/h2>\n<ul>\n<li><strong>Resistencia cremosa al m\u00e1ximo nivel:<\/strong> 25.000 caladas por dispositivo hacen del Strawberry Banana el compa\u00f1ero ideal a largo plazo, perfecto para cualquiera que prefiera dedicar su tiempo a disfrutar en lugar de a conseguir recargas.<\/li>\n<li><strong>Perfil de sabor puro de principio a fin:<\/strong> El sistema de doble vaina garantiza que el cremoso sabor a fresa y pl\u00e1tano se mantenga fresco e intenso hasta la \u00faltima nube.<\/li>\n<li><strong>Fabricaci\u00f3n s\u00f3lida para cualquier aplicaci\u00f3n:<\/strong> Componentes de alta calidad y un dise\u00f1o general bien pensado garantizan una experiencia de vapeo fiable y a prueba de fallos, ya sea en casa en el sof\u00e1 o sobre la marcha en la vida cotidiana.<\/li>\n<\/ul>\n<h3><strong>Descubra el mundo del vapeo: su pr\u00f3ximo producto favorito le espera<\/strong><\/h3>\n<p>Para todos los que buscan el producto de vapor ideal <strong><a href=\"https:\/\/www.kurzvape.de\/es\/\">kurzvape.de - Su primera direcci\u00f3n para vapes premium en Alemania<\/a><\/strong> el lugar adecuado. Si quiere profundizar en el mundo de una de las marcas m\u00e1s populares, la <strong><a href=\"https:\/\/www.kurzvape.de\/es\/product-category\/bang-vape\/\">Visi\u00f3n general de la gama Bang Vape<\/a><\/strong> una impresionante variedad de modelos y sabores. Para obtener la m\u00e1xima capacidad de consumo y una duraci\u00f3n excepcional de la bater\u00eda, merece la pena echar un vistazo al <strong><a href=\"https:\/\/www.kurzvape.de\/es\/product-category\/bang-vape\/bang-king-25000\/\">Serie de modelos Bang King 25000<\/a><\/strong>, donde se re\u00fanen los electrodom\u00e9sticos m\u00e1s potentes y duraderos de toda la colecci\u00f3n.<\/p>","protected":false},"excerpt":{"rendered":"<p>El Bang King 25000 Strawberry Banana es un cigarrillo electr\u00f3nico desechable que combina el cremoso sabor a pl\u00e1tano con la dulce frescura de la fresa, para 25.000 caladas de puro placer. Con sistema de doble vaina de 46 ml, bobina de malla de 1,0 \u03a9, bater\u00eda de 650 mAh y carga USB-C. Potencias de nicotina: 0 %, 2 %, 3 %, 5 %.<\/p>","protected":false},"featured_media":2950,"comment_status":"open","ping_status":"closed","template":"","meta":{"_acf_changed":false},"product_brand":[],"product_cat":[45],"product_tag":[],"class_list":{"0":"post-2949","1":"product","2":"type-product","3":"status-publish","4":"has-post-thumbnail","6":"product_cat-bang-king-25000","8":"first","9":"instock","10":"sale","11":"shipping-taxable","12":"purchasable","13":"product-type-variable"},"acf":[],"_links":{"self":[{"href":"https:\/\/www.kurzvape.de\/es\/wp-json\/wp\/v2\/product\/2949","targetHints":{"allow":["GET"]}}],"collection":[{"href":"https:\/\/www.kurzvape.de\/es\/wp-json\/wp\/v2\/product"}],"about":[{"href":"https:\/\/www.kurzvape.de\/es\/wp-json\/wp\/v2\/types\/product"}],"replies":[{"embeddable":true,"href":"https:\/\/www.kurzvape.de\/es\/wp-json\/wp\/v2\/comments?post=2949"}],"wp:featuredmedia":[{"embeddable":true,"href":"https:\/\/www.kurzvape.de\/es\/wp-json\/wp\/v2\/media\/2950"}],"wp:attachment":[{"href":"https:\/\/www.kurzvape.de\/es\/wp-json\/wp\/v2\/media?parent=2949"}],"wp:term":[{"taxonomy":"product_brand","embeddable":true,"href":"https:\/\/www.kurzvape.de\/es\/wp-json\/wp\/v2\/product_brand?post=2949"},{"taxonomy":"product_cat","embeddable":true,"href":"https:\/\/www.kurzvape.de\/es\/wp-json\/wp\/v2\/product_cat?post=2949"},{"taxonomy":"product_tag","embeddable":true,"href":"https:\/\/www.kurzvape.de\/es\/wp-json\/wp\/v2\/product_tag?post=2949"}],"curies":[{"name":"wp","href":"https:\/\/api.w.org\/{rel}","templated":true}]}}