{"id":2971,"date":"2026-04-16T23:21:14","date_gmt":"2026-04-16T15:21:14","guid":{"rendered":"https:\/\/www.kurzvape.de\/?post_type=product&#038;p=2971"},"modified":"2026-04-16T23:21:15","modified_gmt":"2026-04-16T15:21:15","slug":"bang-king-25000-triple-berry-ice","status":"publish","type":"product","link":"https:\/\/www.kurzvape.de\/es\/product\/bang-king-25000-triple-berry-ice\/","title":{"rendered":"Bang King 25000 Triple Berry Ice"},"content":{"rendered":"<h2><strong>Vapeador desechable Bang King 25000 Triple Berry Ice - sabor a bayas heladas con 25.000 caladas<\/strong><\/h2>\n<p>El Bang King 25000 Triple Berry Ice le sumerge en un mundo helado de bayas desde la primera calada, combinando sabor y refresco de una forma \u00fanica. El potente tr\u00edo de frambuesa, ar\u00e1ndano y mora se despliega en una composici\u00f3n frutal de m\u00faltiples capas que se redondea a la perfecci\u00f3n con un sabor a helado agradablemente fresco. Cualquiera que busque una experiencia de vapor que combine profundidad, frescura y una variedad de bayas estar\u00e1 encantado con el Triple Berry Ice desde el primer momento.<\/p>\n<p>La calidad del vapor es impresionante. Cada calada fluye de manera uniforme y suave, sin ning\u00fan picor desagradable ni regusto molesto. El sabor a bayas de m\u00faltiples capas con su nota helada se desarrolla de forma extremadamente natural, con cuerpo, complejo y consistente en su intensidad desde la primera hasta la \u00faltima calada. Un vape que no s\u00f3lo gana puntos en t\u00e9rminos de sabor, sino que tambi\u00e9n cumple con los m\u00e1s altos est\u00e1ndares t\u00e9cnicos.<\/p>\n<h2><strong>Sistema de doble cartucho de 46 ml: doble capacidad para disfrutar de las bayas sin interrupciones<\/strong><\/h2>\n<p>En el coraz\u00f3n del Bang King 25000 Triple Berry Ice se encuentra un potente sistema de 46 ml de e-l\u00edquido, que se divide en dos cartuchos separados de 23 ml cada uno. Esta inteligente arquitectura de doble cartucho garantiza una distribuci\u00f3n uniforme del l\u00edquido y protege de forma fiable el e-l\u00edquido de fugas y de la oxidaci\u00f3n que reduce la calidad. De este modo, el sabor multicapa de Triple Berry Ice se mantiene fresco e intenso durante toda su vida \u00fatil, una clara ventaja frente a las soluciones desechables convencionales sin el concepto de doble cartucho.<\/p>\n<h2><strong>Opciones de nicotina flexibles, tecnolog\u00eda de malla de alta precisi\u00f3n y carga r\u00e1pida de tipo C: tecnolog\u00eda sin concesiones.<\/strong><\/h2>\n<p>El Bang King 25000 Triple Berry Ice se adapta a las necesidades individuales de cada usuario: Las concentraciones de nicotina disponibles 0 %, 2 %, 3 % y 5 % cubren todo el espectro, desde completamente libre de nicotina hasta intenso. La bobina de malla de 1,0 ohmios funciona con una precisi\u00f3n impresionante y proporciona un vapor completo y uniforme con un flujo de aire infinitamente ajustable en cada calada. La bater\u00eda integrada de 650 mAh se puede cargar r\u00e1pida y c\u00f3modamente a trav\u00e9s de la moderna conexi\u00f3n de tipo C, y los que aprecian la variedad pueden elegir entre un total de 12 sabores diferentes.<\/p>\n<h2><strong>Las caracter\u00edsticas m\u00e1s importantes del Bang King 25000 Triple Berry Ice:<\/strong><\/h2>\n<ul>\n<li><strong>25.000 trenes<\/strong> - Impresionante capacidad para disfrutar del vapor durante semanas sin interrupciones y sin preocupaciones.<\/li>\n<li><strong>46 ml de l\u00edquido<\/strong> - Generosamente precargadas para una vida \u00fatil excepcionalmente larga y constante.<\/li>\n<li><strong>Nicotina: 0 %, 2 %, 3 %, 5 %<\/strong> - Amplia gama de espesores para cada necesidad individual.<\/li>\n<li><strong>Bater\u00eda de 650 mAh<\/strong> - Potente almacenamiento de energ\u00eda con larga autonom\u00eda y carga poco frecuente.<\/li>\n<li><strong>Bobina de malla de 1,0 \u03a9<\/strong> - Vapor preciso con desarrollo \u00f3ptimo del sabor y flujo de aire ajustable.<\/li>\n<li><strong>Carga tipo C<\/strong> - Est\u00e1ndar de carga de \u00faltima generaci\u00f3n para una carga r\u00e1pida y fluida en el d\u00eda a d\u00eda.<\/li>\n<li><strong>Sistema de doble vaina<\/strong> - Dos c\u00e1psulas de 12.500 caladas cada una para una transici\u00f3n perfecta y sin esfuerzo.<\/li>\n<\/ul>\n<h2><strong>Por qu\u00e9 Bang King 25000 Triple Berry Ice es la elecci\u00f3n correcta<\/strong><\/h2>\n<ul>\n<li><strong>Resistencia helada al m\u00e1s alto nivel:<\/strong> 25.000 caladas por dispositivo convierten al Triple Berry Ice en un aut\u00e9ntico corredor de fondo, imbatible para cualquiera que quiera confiar en su vapeador sin tener que pensar constantemente en recambios.<\/li>\n<li><strong>Complejo sabor a bayas hasta la \u00faltima nube:<\/strong> El sistema de doble c\u00e1psula garantiza que el perfil helado de triple baya multicapa se mantenga fresco, intenso y aut\u00e9ntico hasta el final, sin comprometer la experiencia de sabor.<\/li>\n<li><strong>Calidad de procesamiento de primera clase:<\/strong> Componentes de alta calidad y un dise\u00f1o robusto garantizan una experiencia de vapeo fiable con un tiempo de inactividad m\u00ednimo, para una m\u00e1xima idoneidad para el uso diario.<\/li>\n<li><strong>Personalizable individualmente:<\/strong> Cuatro potencias de nicotina y un flujo de aire ajustable hacen del Triple Berry Ice la elecci\u00f3n perfecta para cada usuario, independientemente de sus preferencias personales o nivel de experiencia.<\/li>\n<li><strong>Comodidad de carga de \u00faltima generaci\u00f3n:<\/strong> La conexi\u00f3n Type-C permite una carga r\u00e1pida y sin complicaciones, compatible con casi todos los dispositivos modernos e ideal para una vida cotidiana sin estr\u00e9s.<\/li>\n<\/ul>\n<h3><strong>Descubra m\u00e1s: su pr\u00f3ximo vape favorito le espera<\/strong><\/h3>\n<p>Si desea ampliar a\u00fan m\u00e1s su experiencia de vapeo, encontrar\u00e1 <strong><a href=\"https:\/\/www.kurzvape.de\/es\/\">kurzvape.de - tu especialista en vapeo online<\/a><\/strong> con la garant\u00eda de que encontrar\u00e1 lo que busca: Una cuidada selecci\u00f3n de los mejores modelos y emocionantes nuevos lanzamientos hace que la navegaci\u00f3n sea un placer. Para todos aquellos que quieran profundizar en el mundo de los vapeadores desechables de alta calidad, el <strong><a href=\"https:\/\/www.kurzvape.de\/es\/product-category\/bang-vape\/\">La l\u00ednea de productos Bang Vape de un vistazo<\/a><\/strong> una impresionante variedad de sabores y variantes de dispositivos. Si busca espec\u00edficamente la m\u00e1xima capacidad de tiro y resistencia del dispositivo, el <strong><a href=\"https:\/\/www.kurzvape.de\/es\/product-category\/bang-vape\/bang-king-25000\/\">Bang King 25000 colecci\u00f3n completa<\/a><\/strong> los modelos m\u00e1s resistentes y duraderos de toda la l\u00ednea de productos.<\/p>","protected":false},"excerpt":{"rendered":"<p>El e-cigarrillo desechable Bang King 25000 Triple Berry Ice combina frambuesa, ar\u00e1ndano y mora con un frescor helado para crear un vapeo de bayas irresistible. Con 25.000 caladas, sistema dual pod de 46ml, bobina de malla de 1,0 \u03a9 y carga tipo C - disponible en 0 %, 2 %, 3 % y 5 % nicotina.<\/p>","protected":false},"featured_media":2973,"comment_status":"open","ping_status":"closed","template":"","meta":{"_acf_changed":false},"product_brand":[],"product_cat":[45],"product_tag":[],"class_list":{"0":"post-2971","1":"product","2":"type-product","3":"status-publish","4":"has-post-thumbnail","6":"product_cat-bang-king-25000","8":"first","9":"instock","10":"sale","11":"shipping-taxable","12":"purchasable","13":"product-type-variable"},"acf":[],"_links":{"self":[{"href":"https:\/\/www.kurzvape.de\/es\/wp-json\/wp\/v2\/product\/2971","targetHints":{"allow":["GET"]}}],"collection":[{"href":"https:\/\/www.kurzvape.de\/es\/wp-json\/wp\/v2\/product"}],"about":[{"href":"https:\/\/www.kurzvape.de\/es\/wp-json\/wp\/v2\/types\/product"}],"replies":[{"embeddable":true,"href":"https:\/\/www.kurzvape.de\/es\/wp-json\/wp\/v2\/comments?post=2971"}],"wp:featuredmedia":[{"embeddable":true,"href":"https:\/\/www.kurzvape.de\/es\/wp-json\/wp\/v2\/media\/2973"}],"wp:attachment":[{"href":"https:\/\/www.kurzvape.de\/es\/wp-json\/wp\/v2\/media?parent=2971"}],"wp:term":[{"taxonomy":"product_brand","embeddable":true,"href":"https:\/\/www.kurzvape.de\/es\/wp-json\/wp\/v2\/product_brand?post=2971"},{"taxonomy":"product_cat","embeddable":true,"href":"https:\/\/www.kurzvape.de\/es\/wp-json\/wp\/v2\/product_cat?post=2971"},{"taxonomy":"product_tag","embeddable":true,"href":"https:\/\/www.kurzvape.de\/es\/wp-json\/wp\/v2\/product_tag?post=2971"}],"curies":[{"name":"wp","href":"https:\/\/api.w.org\/{rel}","templated":true}]}}