{"id":2978,"date":"2026-04-16T23:27:33","date_gmt":"2026-04-16T15:27:33","guid":{"rendered":"https:\/\/www.kurzvape.de\/?post_type=product&#038;p=2978"},"modified":"2026-04-16T23:27:33","modified_gmt":"2026-04-16T15:27:33","slug":"bang-king-25000-tropical-fruit","status":"publish","type":"product","link":"https:\/\/www.kurzvape.de\/es\/product\/bang-king-25000-tropical-fruit\/","title":{"rendered":"Bang King 25000 Frutas Tropicales"},"content":{"rendered":"<h2><strong>Vapeador desechable Bang King 25000 Tropical Fruit - Ex\u00f3tico sabor a frutas tropicales con 25.000 caladas<\/strong><\/h2>\n<p>El Bang King 25000 Tropical Fruit te lleva de viaje a lejanos para\u00edsos tropicales con la primera calada, donde las frutas ex\u00f3ticas prosperan en todo su esplendor. Una vibrante interacci\u00f3n de pi\u00f1a, papaya, guayaba y fruta de la pasi\u00f3n crea un exuberante mundo de sabor de m\u00faltiples capas que revela nuevos matices con cada calada. Cualquiera que busque un vapeador que combine exotismo, variedad y vitalidad tropical en un solo dispositivo obtendr\u00e1 inmediatamente el valor de su dinero con Tropical Fruit.<\/p>\n<p>La calidad del vapor sigue sin esfuerzo el ritmo del impresionante perfil de sabor. Cada calada es suave, con cuerpo y agradablemente equilibrada, sin ning\u00fan tipo de aristas ni aromas artificiales. La variedad de frutas tropicales se despliega con notable naturalidad y permanece constantemente presente en su intensidad durante todo el tiempo de uso. Un vape que no s\u00f3lo env\u00eda al paladar a un ex\u00f3tico viaje de descubrimiento, sino que tampoco deja nada que desear en t\u00e9rminos t\u00e9cnicos.<\/p>\n<h2><strong>Sistema de doble cartucho de 46 ml: m\u00e1xima cantidad de llenado para disfrutar del tr\u00f3pico sin molestias<\/strong><\/h2>\n<p>El Bang King 25000 Tropical Fruit se basa en un sofisticado sistema de e-l\u00edquido de 46 ml, distribuido uniformemente en dos cartuchos independientes de 23 ml cada uno. Este innovador dise\u00f1o de doble cartucho garantiza una distribuci\u00f3n \u00f3ptima del l\u00edquido y protege eficazmente el valioso e-l\u00edquido de las fugas y el deterioro prematuro debido a la oxidaci\u00f3n. De este modo, el sabor a frutas tropicales de varias capas se mantiene vibrante, intenso y aut\u00e9ntico durante toda la vida \u00fatil del dispositivo, una ventaja que los simples dise\u00f1os desechables no pueden ofrecer.<\/p>\n<h2><strong>Selecci\u00f3n personalizada de nicotina, tecnolog\u00eda de malla avanzada y carga de tipo C: tecnolog\u00eda superior en un formato compacto.<\/strong><\/h2>\n<p>El Bang King 25000 Tropical Fruit puede adaptarse con precisi\u00f3n a las preferencias personales: Las concentraciones de nicotina 0 %, 2 %, 3 % y 5 % ofrecen la opci\u00f3n adecuada para cada usuario - desde completamente libre de nicotina hasta notablemente intenso. La bobina de malla de 1,0 ohmios funciona con la m\u00e1xima precisi\u00f3n y garantiza un vapor suave y sabroso con un flujo de aire infinitamente ajustable en cada configuraci\u00f3n. La fiable bater\u00eda de 650 mAh se carga r\u00e1pida y c\u00f3modamente a trav\u00e9s de la conexi\u00f3n universal de tipo C, y la amplia gama de 12 sabores garantiza que haya un modelo para cada gusto.<\/p>\n<h2><strong>Las caracter\u00edsticas m\u00e1s importantes del Bang King 25000 Tropical Fruit:<\/strong><\/h2>\n<ul>\n<li><strong>25.000 trenes<\/strong> - Una gama excepcional para disfrutar del vapor durante d\u00edas sin interrupciones y sin preocupaciones.<\/li>\n<li><strong>46 ml de l\u00edquido<\/strong> - Generosamente precargadas para una vida \u00fatil notablemente larga y de alta calidad constante.<\/li>\n<li><strong>Nicotina: 0 %, 2 %, 3 %, 5 %<\/strong> - Opciones de resistencia vers\u00e1tiles para cada necesidad personal y nivel de experiencia.<\/li>\n<li><strong>Bater\u00eda de 650 mAh<\/strong> - Potente almacenamiento de energ\u00eda con larga autonom\u00eda y poca necesidad de recarga.<\/li>\n<li><strong>Bobina de malla de 1,0 \u03a9<\/strong> - Vapor rico en sabor con desarrollo \u00f3ptimo del sabor y flujo de aire ajustable.<\/li>\n<li><strong>Carga tipo C<\/strong> - Est\u00e1ndar de carga moderno para una carga r\u00e1pida y sin complicaciones en cualquier momento y lugar.<\/li>\n<li><strong>Sistema de doble vaina<\/strong> - Dos c\u00e1psulas de 12.500 caladas cada una para una transici\u00f3n perfecta e ininterrumpida.<\/li>\n<\/ul>\n<h2><strong>Por qu\u00e9 Bang King 25000 Tropical Fruit es la elecci\u00f3n correcta<\/strong><\/h2>\n<ul>\n<li><strong>Diversidad tropical que inspira:<\/strong> Con 25.000 caladas por dispositivo, el Tropical Fruit establece nuevos est\u00e1ndares en t\u00e9rminos de resistencia y profundidad de sabor, ideal para cualquiera que busque una experiencia de vapeo variada sin tener que cambiar frecuentemente de dispositivo.<\/li>\n<li><strong>Aut\u00e9ntico sabor tropical de principio a fin:<\/strong> El sistema de doble vaina garantiza que la composici\u00f3n de frutas ex\u00f3ticas se mantenga viva, intensa y sin adulterar hasta la \u00faltima nube: disfrute sin p\u00e9rdida de calidad.<\/li>\n<li><strong>Fabricaci\u00f3n s\u00f3lida para un uso continuo:<\/strong> Materiales de alta calidad y un dise\u00f1o bien pensado garantizan una experiencia de vapeo fiable con un tiempo de inactividad m\u00ednimo, para un uso diario m\u00e1ximo.<\/li>\n<li><strong>Flexible y f\u00e1cil de usar:<\/strong> Cuatro potencias de nicotina seleccionables y un flujo de aire ajustable hacen del Tropical Fruit la elecci\u00f3n ideal tanto para principiantes como para vapeadores experimentados.<\/li>\n<li><strong>Comodidad de carga contempor\u00e1nea:<\/strong> La conexi\u00f3n Type-C permite una carga r\u00e1pida y sin complicaciones, compatible con los dispositivos modernos y perfecta para una vida cotidiana activa.<\/li>\n<\/ul>\n<h3><strong>Descubre m\u00e1s: tu experiencia vapeando empieza aqu\u00ed<\/strong><\/h3>\n<p>Cualquiera que desee llevar su experiencia de vapeo al siguiente nivel es bienvenido en <strong><a href=\"https:\/\/www.kurzvape.de\/es\/\">kurzvape.de - su tienda en l\u00ednea para vapes premium<\/a><\/strong> Cada visita merece la pena gracias a una cuidada selecci\u00f3n de productos cl\u00e1sicos de eficacia probada y novedades interesantes. Para obtener una visi\u00f3n general de toda la gama de productos, vale la pena visitar la p\u00e1gina <strong><a href=\"https:\/\/www.kurzvape.de\/es\/product-category\/bang-vape\/\">Bang Vape marca mundial<\/a><\/strong>, donde una impresionante selecci\u00f3n de sabores y modelos de aparatos espera a los exploradores. Aquellos que busquen espec\u00edficamente los modelos m\u00e1s duraderos y potentes encontrar\u00e1n lo que buscan en el <strong><a href=\"https:\/\/www.kurzvape.de\/es\/product-category\/bang-vape\/bang-king-25000\/\">Visi\u00f3n general completa de Bang King 25000<\/a><\/strong> donde se re\u00fanen los dispositivos m\u00e1s potentes de toda la serie.<\/p>","protected":false},"excerpt":{"rendered":"<p>El cigarrillo Bang King 25000 Tropical Fruit combina pi\u00f1a, papaya, guayaba y fruta de la pasi\u00f3n para crear una experiencia de vapeo ex\u00f3tica. Con 25.000 caladas, sistema dual pod de 46 ml, bobina de malla de 1,0 \u03a9 y cargador tipo C - disponible en 0 %, 2 %, 3 % y 5 % nicotina.<\/p>","protected":false},"featured_media":2979,"comment_status":"open","ping_status":"closed","template":"","meta":{"_acf_changed":false},"product_brand":[],"product_cat":[45],"product_tag":[],"class_list":{"0":"post-2978","1":"product","2":"type-product","3":"status-publish","4":"has-post-thumbnail","6":"product_cat-bang-king-25000","8":"first","9":"instock","10":"sale","11":"shipping-taxable","12":"purchasable","13":"product-type-variable"},"acf":[],"_links":{"self":[{"href":"https:\/\/www.kurzvape.de\/es\/wp-json\/wp\/v2\/product\/2978","targetHints":{"allow":["GET"]}}],"collection":[{"href":"https:\/\/www.kurzvape.de\/es\/wp-json\/wp\/v2\/product"}],"about":[{"href":"https:\/\/www.kurzvape.de\/es\/wp-json\/wp\/v2\/types\/product"}],"replies":[{"embeddable":true,"href":"https:\/\/www.kurzvape.de\/es\/wp-json\/wp\/v2\/comments?post=2978"}],"wp:featuredmedia":[{"embeddable":true,"href":"https:\/\/www.kurzvape.de\/es\/wp-json\/wp\/v2\/media\/2979"}],"wp:attachment":[{"href":"https:\/\/www.kurzvape.de\/es\/wp-json\/wp\/v2\/media?parent=2978"}],"wp:term":[{"taxonomy":"product_brand","embeddable":true,"href":"https:\/\/www.kurzvape.de\/es\/wp-json\/wp\/v2\/product_brand?post=2978"},{"taxonomy":"product_cat","embeddable":true,"href":"https:\/\/www.kurzvape.de\/es\/wp-json\/wp\/v2\/product_cat?post=2978"},{"taxonomy":"product_tag","embeddable":true,"href":"https:\/\/www.kurzvape.de\/es\/wp-json\/wp\/v2\/product_tag?post=2978"}],"curies":[{"name":"wp","href":"https:\/\/api.w.org\/{rel}","templated":true}]}}