{"id":3132,"date":"2026-04-20T18:09:38","date_gmt":"2026-04-20T10:09:38","guid":{"rendered":"https:\/\/www.kurzvape.de\/?post_type=product&#038;p=3132"},"modified":"2026-04-20T18:09:39","modified_gmt":"2026-04-20T10:09:39","slug":"bang-king-30000-pro-mint-blue-razz","status":"publish","type":"product","link":"https:\/\/www.kurzvape.de\/es\/product\/bang-king-30000-pro-mint-blue-razz\/","title":{"rendered":"Bang King 30000 Pro Azul Menta Razz"},"content":{"rendered":"<h2><strong>Bang King 30000 Pro Menta Azul Razz Vape Desechable<\/strong><\/h2>\n<p>Disfrute de una experiencia de vapor intensa pero refrescante: el Bang King 30000 Pro Mint Blue Razz combina la nota agridulce de la frambuesa azul con un acabado de menta clara y refrescante. El resultado es un perfil de sabor din\u00e1mico que combina a la perfecci\u00f3n la frescura afrutada y la claridad helada. Ni demasiado dulce ni demasiado fuerte, este sabor es ideal para el uso diario y atrae tanto a principiantes como a vapeadores experimentados.<\/p>\n<p>Con un generoso dep\u00f3sito de l\u00edquido de 36 ml y una impresionante capacidad de hasta 30.000 caladas, el Bang King 30000 Pro Mint Blue Razz ofrece una vida \u00fatil excepcionalmente larga. Las concentraciones de nicotina seleccionables de 0 %, 2 %, 3 % y 5 % permiten un ajuste flexible a las preferencias individuales, para una experiencia de vapeo suave o m\u00e1s intensa.<\/p>\n<p>La bater\u00eda integrada de 850 mAh con conexi\u00f3n USB-C garantiza una carga r\u00e1pida y c\u00f3moda. La bobina de malla de 1,0 ohmios de alta calidad garantiza una vaporizaci\u00f3n uniforme y resalta la interacci\u00f3n de la menta y el razz azul de forma precisa e intensa. La serie consta de un total de 12 sabores, y cada unidad de embalaje contiene 10 dispositivos, ideales para stock o reventa.<\/p>\n<h2><strong>Bang King 30000 Pro Mint Blue Razz - Las caracter\u00edsticas m\u00e1s importantes<\/strong><\/h2>\n<ul>\n<li><strong>Hasta 30.000 trenes<\/strong> Para disfrutar del vapor durante mucho tiempo<\/li>\n<li><strong>36 ml de e-l\u00edquido<\/strong> Para un uso especialmente prolongado sin rellenar<\/li>\n<li><strong>Bater\u00eda de 850 mAh<\/strong> para un rendimiento estable y fiable<\/li>\n<li><strong>Carga r\u00e1pida USB-C<\/strong> para cargar c\u00f3modamente en cualquier momento<\/li>\n<li><strong>Bobina de malla de 1,0 ohm<\/strong> Para un sabor intenso y uniforme<\/li>\n<li><strong>12 sabores<\/strong> disponibles en la serie<\/li>\n<li><strong>10 dispositivos por paquete<\/strong> Ideal para tiendas y almacenes<\/li>\n<\/ul>\n<h2><strong>Preguntas frecuentes sobre la variedad Mint Blue Razz<\/strong><\/h2>\n<p><strong>P: \u00bfA qu\u00e9 sabe Mint Blue Razz?<\/strong><br \/>\nR: La mezcla combina frambuesa azul agridulce con una nota clara y fresca de menta para un sabor fresco e intenso.<\/p>\n<p><strong>P: \u00bfCu\u00e1l es la intensidad del efecto refrigerante?<\/strong><br \/>\nR: La nota de menta es claramente perceptible, pero est\u00e1 armoniosamente integrada y no enmascara el sabor frutal.<\/p>\n<p><strong>P: \u00bfCu\u00e1nto dura el aparato?<\/strong><br \/>\nR: Dependiendo del uso, el aparato puede utilizarse durante varias semanas gracias al elevado n\u00famero de corrientes de aire y al gran dep\u00f3sito.<\/p>\n<p><strong>P: \u00bfEs recargable el aparato?<\/strong><br \/>\nR: No, es un producto desechable. No necesita mantenimiento y se sustituye tras su uso.<\/p>\n<h3><strong>Descubra m\u00e1s productos y series<\/strong><\/h3>\n<p>Descubra m\u00e1s opciones de la gama: visite la <strong><a href=\"https:\/\/www.kurzvape.de\/es\/\">Descubre la p\u00e1gina de inicio de vape<\/a><\/strong>, navegar por la <strong><a href=\"https:\/\/www.kurzvape.de\/es\/product-category\/bang-vape\/\">BANG VAPE Ver categor\u00eda<\/a><\/strong> o encuentre m\u00e1s modelos en la <strong><a href=\"https:\/\/www.kurzvape.de\/es\/product-category\/bang-vape\/bang-king-30000-pro\/\">Explore la serie BANG KING 30000 Pro<\/a><\/strong>.<\/p>","protected":false},"excerpt":{"rendered":"<p>Bang King 30000 Pro Mint Blue Razz E-cigarrillo desechable con Blue Razz afrutado-amargo y acabado de menta fresca. Hasta 30.000 caladas, 36 ml de l\u00edquido, bater\u00eda de 850 mAh y USB-C para disfrutar de un vapor intenso, refrescante y duradero sin necesidad de recargar.<\/p>","protected":false},"featured_media":3133,"comment_status":"open","ping_status":"closed","template":"","meta":{"_acf_changed":false},"product_brand":[],"product_cat":[47],"product_tag":[],"class_list":{"0":"post-3132","1":"product","2":"type-product","3":"status-publish","4":"has-post-thumbnail","6":"product_cat-bang-king-30000-pro","8":"first","9":"instock","10":"sale","11":"shipping-taxable","12":"purchasable","13":"product-type-variable"},"acf":[],"_links":{"self":[{"href":"https:\/\/www.kurzvape.de\/es\/wp-json\/wp\/v2\/product\/3132","targetHints":{"allow":["GET"]}}],"collection":[{"href":"https:\/\/www.kurzvape.de\/es\/wp-json\/wp\/v2\/product"}],"about":[{"href":"https:\/\/www.kurzvape.de\/es\/wp-json\/wp\/v2\/types\/product"}],"replies":[{"embeddable":true,"href":"https:\/\/www.kurzvape.de\/es\/wp-json\/wp\/v2\/comments?post=3132"}],"wp:featuredmedia":[{"embeddable":true,"href":"https:\/\/www.kurzvape.de\/es\/wp-json\/wp\/v2\/media\/3133"}],"wp:attachment":[{"href":"https:\/\/www.kurzvape.de\/es\/wp-json\/wp\/v2\/media?parent=3132"}],"wp:term":[{"taxonomy":"product_brand","embeddable":true,"href":"https:\/\/www.kurzvape.de\/es\/wp-json\/wp\/v2\/product_brand?post=3132"},{"taxonomy":"product_cat","embeddable":true,"href":"https:\/\/www.kurzvape.de\/es\/wp-json\/wp\/v2\/product_cat?post=3132"},{"taxonomy":"product_tag","embeddable":true,"href":"https:\/\/www.kurzvape.de\/es\/wp-json\/wp\/v2\/product_tag?post=3132"}],"curies":[{"name":"wp","href":"https:\/\/api.w.org\/{rel}","templated":true}]}}