{"id":627,"date":"2026-03-05T00:09:50","date_gmt":"2026-03-04T16:09:50","guid":{"rendered":"https:\/\/www.kurzvape.de\/?post_type=product&#038;p=627"},"modified":"2026-03-05T00:09:51","modified_gmt":"2026-03-04T16:09:51","slug":"fumot-tornado-15000-blue-razz-lemonade","status":"publish","type":"product","link":"https:\/\/www.kurzvape.de\/es\/product\/fumot-tornado-15000-blue-razz-lemonade\/","title":{"rendered":"Fumot Tornado 15000 Azul Razz Limonada"},"content":{"rendered":"<h2><strong>Vapeador desechable Fumot Tornado 15000 Blue Razz Lemonade<\/strong><\/h2>\n<p>Sum\u00e9rgete en un mundo de sabor \u00e1cido con el Tornado Vape 15000 en el seductor sabor Blue Razz Lemonade. Esta extraordinaria simbiosis de agridulces frambuesas azules y la frescura de la refrescante limonada promete una experiencia de sabor de primera clase - vigorizante, afrutado e irresistible desde la primera hasta la \u00faltima inhalaci\u00f3n.<\/p>\n<p>El Fumot Tornado 15000 Blue Razz Lemonade no s\u00f3lo combina un sabor \u00fanico, sino tambi\u00e9n tecnolog\u00eda punta al m\u00e1s alto nivel. Con una capacidad de hasta 15.000 caladas por carga de bater\u00eda, una pr\u00e1ctica pantalla LED para controlar el nivel de e-l\u00edquido y el estado de la bater\u00eda y un flujo de aire ajustable individualmente para un disfrute personalizado, este vape establece nuevos est\u00e1ndares en t\u00e9rminos de comodidad y rendimiento.<\/p>\n<p>Disfrute de la inconfundible interacci\u00f3n de notas terrosas y afrutadas de frambuesa y agridulces de limonada en el Tornado Vape 15000 Este armonioso d\u00fao de sabores de bayas silvestres y notas \u00e1cidas de c\u00edtricos encantar\u00e1 su paladar y le acompa\u00f1ar\u00e1 en inolvidables momentos de placer. \u00a1Descubre su extraordinario car\u00e1cter y d\u00e9jate llevar completamente por el mundo del Fumot Tornado 15000 Blue Razz Lemonade Vape!<\/p>\n<h2><strong>\ud83d\udca1 Caracter\u00edsticas centrales del producto<\/strong><\/h2>\n<ul>\n<li><strong>Hasta 15.000 trenes:<\/strong>\u00a0Dise\u00f1ado para un disfrute ininterrumpido y duradero<\/li>\n<li><strong>Capacidad de 25 ml de e-l\u00edquido:<\/strong>\u00a0Sabor constante durante toda la vida \u00fatil<\/li>\n<li><strong>Cuatro potencias de nicotina:<\/strong>\u00a00 %, 2 %, 3 % o 5 % - seleccionable seg\u00fan las necesidades personales<\/li>\n<li><strong>Bater\u00eda de 850 mAh:<\/strong>\u00a0Recargable a trav\u00e9s de una moderna conexi\u00f3n USB-C<\/li>\n<li><strong>0,9 \u03a9 Bobina de malla:<\/strong>\u00a0para un vapor intenso y un desarrollo preciso del sabor<\/li>\n<li><strong>Flujo de aire ajustable:<\/strong>\u00a0Resistencia a la tracci\u00f3n personalizable<\/li>\n<li><strong>Pantalla LED y efectos luminosos:<\/strong>\u00a0Funcional en el uso diario y moderno en el dise\u00f1o<\/li>\n<li>43<strong>\u00a0Sabores:<\/strong>\u00a0gran selecci\u00f3n para la m\u00e1xima variedad en el vapeo diario<\/li>\n<\/ul>\n<h2><strong>\ud83d\udd0d \u00bfQu\u00e9 hace que el Fumot Tornado 15000 Blue Razz Lemonade sea tan \u00fanico?<\/strong><\/h2>\n<ul>\n<li>El aroma de las frambuesas azules maduras y aterciopeladas se une a la vigorizante acidez de una limonada artesanal: \u00a1un d\u00fao armonioso para los entendidos que aprecian algo especial y buscan perfiles de sabor frescos y afrutados!<\/li>\n<li>Gracias a la generosa capacidad de 25 ml de l\u00edquido y a la potente bater\u00eda de 850 mAh, podr\u00e1s disfrutar de semanas de intenso placer vapeando, sin molestas recargas ni interrupciones de carga que interrumpan tu vida diaria.<\/li>\n<li>Elige entre 0 %, 2 %, 3 % y 5 % de nicotina seg\u00fan tus preferencias individuales, para una experiencia de vapeo personalizada que se adapta a tus necesidades.<\/li>\n<li>La bobina de malla de 0,9 \u03a9 proporciona densas nubes de vapor y un desarrollo preciso del sabor que saca a relucir todo el car\u00e1cter de la nota Blue Razz Lemonade en cada inhalaci\u00f3n.<\/li>\n<\/ul>\n<h2><strong>\ud83c\udfc6 \u00bfPor qu\u00e9 elegir el Fumot Tornado 15000 Blue Razz Lemonade?<\/strong><\/h2>\n<ul>\n<li><strong>\u2705 Calidad de marca de primera clase de Fumot :<\/strong>Como parte de la prestigiosa l\u00ednea de productos RandM, el Fumot Tornado 15000 es sin\u00f3nimo de fiabilidad, innovaci\u00f3n y una experiencia de vapeo premium en la que puedes confiar plenamente, calada tras calada.<\/li>\n<li><strong>\ud83d\udd2c Tecnolog\u00eda avanzada al detalle:<\/strong>Con su tecnolog\u00eda pionera, el Fumot Tornado 15000 eleva el est\u00e1ndar en vapeo desechable a un nuevo nivel y le ofrece una experiencia \u00fanica que es dif\u00edcil de superar en esta clase.<\/li>\n<li><strong>\ud83d\ude0a Satisfacci\u00f3n del cliente garantizada:<\/strong>El Fumot Tornado 15000 impresiona con su acabado de primera clase y su alto rendimiento constante, para una experiencia de vapeo que establece est\u00e1ndares e inspira.<\/li>\n<\/ul>\n<div class=\"anchor-para\">\n<h3><strong>M\u00e1s productos e informaci\u00f3n<\/strong><\/h3>\n<p>Descubra m\u00e1s productos de primera calidad directamente en <strong><a href=\"https:\/\/www.kurzvape.de\/es\/\">nuestra tienda online KurzVape<\/a><\/strong>\u00a0- su punto de contacto de confianza para todo lo relacionado con el vapeo. Si busca espec\u00edficamente dispositivos de marca, la\u00a0<strong><a href=\"https:\/\/www.kurzvape.de\/es\/product-category\/fumot-vape\/\">Resumen de productos Fumot<\/a><\/strong>\u00a0donde se presenta claramente toda la gama de modelos. Para todos los aficionados a esta clase de electrodom\u00e9sticos, tambi\u00e9n merece la pena echar un vistazo a la completa\u00a0<strong><a href=\"https:\/\/www.kurzvape.de\/es\/product-category\/fumot-vape\/fumot-tornado-15000\/\">Serie de modelos Tornado 15000<\/a><\/strong>, que enumera todas las variedades y variantes disponibles.<\/p>\n<\/div>","protected":false},"excerpt":{"rendered":"<p>Experimenta el vapeador desechable Fumot Tornado 15000 Blue Razz Lemonade - una combinaci\u00f3n \u00e1cida de frambuesas dulces y limonada fresca. Con 15.000 caladas, 25 ml de capacidad, bater\u00eda de 850 mAh, bobina de malla de 0,9 \u03a9 y 4 concentraciones de nicotina (0-5 %) para disfrutar al m\u00e1ximo.<\/p>","protected":false},"featured_media":630,"comment_status":"open","ping_status":"closed","template":"","meta":{"_acf_changed":false},"product_brand":[],"product_cat":[23],"product_tag":[],"class_list":{"0":"post-627","1":"product","2":"type-product","3":"status-publish","4":"has-post-thumbnail","6":"product_cat-fumot-tornado-15000","8":"first","9":"instock","10":"sale","11":"shipping-taxable","12":"purchasable","13":"product-type-variable"},"acf":[],"_links":{"self":[{"href":"https:\/\/www.kurzvape.de\/es\/wp-json\/wp\/v2\/product\/627","targetHints":{"allow":["GET"]}}],"collection":[{"href":"https:\/\/www.kurzvape.de\/es\/wp-json\/wp\/v2\/product"}],"about":[{"href":"https:\/\/www.kurzvape.de\/es\/wp-json\/wp\/v2\/types\/product"}],"replies":[{"embeddable":true,"href":"https:\/\/www.kurzvape.de\/es\/wp-json\/wp\/v2\/comments?post=627"}],"wp:featuredmedia":[{"embeddable":true,"href":"https:\/\/www.kurzvape.de\/es\/wp-json\/wp\/v2\/media\/630"}],"wp:attachment":[{"href":"https:\/\/www.kurzvape.de\/es\/wp-json\/wp\/v2\/media?parent=627"}],"wp:term":[{"taxonomy":"product_brand","embeddable":true,"href":"https:\/\/www.kurzvape.de\/es\/wp-json\/wp\/v2\/product_brand?post=627"},{"taxonomy":"product_cat","embeddable":true,"href":"https:\/\/www.kurzvape.de\/es\/wp-json\/wp\/v2\/product_cat?post=627"},{"taxonomy":"product_tag","embeddable":true,"href":"https:\/\/www.kurzvape.de\/es\/wp-json\/wp\/v2\/product_tag?post=627"}],"curies":[{"name":"wp","href":"https:\/\/api.w.org\/{rel}","templated":true}]}}