{"id":637,"date":"2026-03-05T21:12:23","date_gmt":"2026-03-05T13:12:23","guid":{"rendered":"https:\/\/www.kurzvape.de\/?post_type=product&#038;p=637"},"modified":"2026-03-05T21:12:23","modified_gmt":"2026-03-05T13:12:23","slug":"fumot-tornado-15000-peach-ice","status":"publish","type":"product","link":"https:\/\/www.kurzvape.de\/es\/product\/fumot-tornado-15000-peach-ice\/","title":{"rendered":"Fumot Tornado 15000 Peach Ice"},"content":{"rendered":"<h2><strong>Vapeador desechable Fumot Tornado 15000 Peach Ice<\/strong><\/h2>\n<p>Prep\u00e1rate para una experiencia de sabor incomparable - el Tornado Vape 15000 en el sabor Peach Ice te lleva a un mundo de melocotones maduros y jugosos que se envuelven en un refrescante fr\u00edo helado. Cada calada combina la dulzura natural de la fruta madurada al sol con un toque refrescante que revitaliza tus sentidos y te hace volver a por m\u00e1s - intenso, afrutado e irresistiblemente refrescante.<\/p>\n<p>El Fumot Tornado 15000 Peach Ice combina un seductor perfil de sabor con una sofisticada tecnolog\u00eda al m\u00e1s alto nivel. Con una capacidad de hasta 15.000 caladas, una pr\u00e1ctica pantalla LED para mostrar el estado de la bater\u00eda y el nivel de llenado de e-l\u00edquido y un flujo de aire ajustable de forma continua, este dispositivo ofrece una experiencia de vapeo convincente, fiable, c\u00f3moda y adaptada a tus necesidades.<\/p>\n<p>Experimente la interacci\u00f3n perfecta entre la dulzura con cuerpo de los melocotones maduros y la vigorizante patada fr\u00eda del Ice Kick. Este armonioso d\u00fao de calidez afrutada y refrescante frescor crea un sabor que deleitar\u00e1 su paladar una y otra vez y convertir\u00e1 cada momento en una peque\u00f1a experiencia de placer. \u00a1D\u00e9jese llevar completamente por el mundo de Fumot Tornado 15000 Peach Ice!<\/p>\n<h2><strong>\ud83d\udca1 Caracter\u00edsticas centrales del producto<\/strong><\/h2>\n<ul>\n<li><strong>Hasta 15.000 trenes<\/strong> - para disfrutar durante mucho tiempo sin interrupciones.<\/li>\n<li><strong>Capacidad de 25 ml de e-l\u00edquido<\/strong> - Sabor constante de principio a fin.<\/li>\n<li><strong>Cuatro concentraciones de nicotina<\/strong> - 0 %, 2 %, 3 % o 5 %, en funci\u00f3n de sus necesidades personales.<\/li>\n<li><strong>Bater\u00eda de 850 mAh<\/strong> - Recargable mediante USB-C para una m\u00e1xima idoneidad para el uso diario.<\/li>\n<li><strong>0,9 \u03a9 Bobina de malla<\/strong> - garantiza un vapor intenso y un desarrollo preciso del sabor.<\/li>\n<li><strong>Flujo de aire ajustable<\/strong> - Resistencia a la tracci\u00f3n ajustable individualmente, de ajustada a aireada.<\/li>\n<li><strong>Pantalla LED y efectos luminosos<\/strong> - pr\u00e1ctico en el uso diario, moderno en el dise\u00f1o.<\/li>\n<li><strong>43 sabores<\/strong> - para obtener la m\u00e1xima variedad al vapear.<\/li>\n<\/ul>\n<h2><strong>\ud83d\udd0d \u00bfQu\u00e9 hace tan especial al Fumot Tornado 15000 Peach Ice?<\/strong><\/h2>\n<ul>\n<li>El sabor del melocot\u00f3n maduro y aterciopelado se combina con un toque refrescante de helado: un d\u00fao armonioso para todos aquellos que desean combinar el frescor afrutado y el dulzor natural en una experiencia de vapeo intensa.<\/li>\n<li>Gracias a la generosa capacidad de 25 ml de l\u00edquido y a la potente bater\u00eda de 850 mAh, podr\u00e1 disfrutar durante d\u00edas de un intenso placer del vapor, sin molestas interrupciones de la carga ni tener que buscar una botella de recarga.<\/li>\n<li>Desde sin nicotina hasta 5 % de nicotina: las cuatro potencias disponibles permiten una experiencia de vapeo totalmente personalizada que se adapta con flexibilidad a tus deseos.<\/li>\n<li>La bobina de malla de 0,9 \u03a9 de alta calidad garantiza un desarrollo preciso del sabor y un vapor denso, permitiendo que la nota afrutada y helada del melocot\u00f3n-hielo se experimente en toda su profundidad.<\/li>\n<\/ul>\n<h2><strong>\ud83c\udfc6 \u00bfPor qu\u00e9 elegir el Fumot Tornado 15000 Peach Ice?<\/strong><\/h2>\n<ul>\n<li>\u2705 <strong>Calidad de marca probada de Fumot:<\/strong> Como parte de la renombrada l\u00ednea de productos RandM, el Fumot Tornado 15000 es sin\u00f3nimo de fiabilidad, innovaci\u00f3n y una experiencia de vapeo premium al m\u00e1s alto nivel - impresiona con un rendimiento constante y una mano de obra excepcional, calada tras calada.<\/li>\n<li>\ud83d\udd2c <strong>Tecnolog\u00eda punta de un vistazo:<\/strong> Con su avanzada tecnolog\u00eda, el Fumot Tornado 15000 establece nuevos est\u00e1ndares en el segmento de vapeadores desechables y ofrece una experiencia de usuario \u00fanica que no tiene rival en su clase.<\/li>\n<li>\ud83d\ude0a <strong>Satisfacci\u00f3n del cliente convincente:<\/strong> La excelente calidad de construcci\u00f3n y el alto rendimiento constante hacen del Fumot Tornado 15000 la primera opci\u00f3n para los vapers exigentes que no quieren comprometer la calidad y el disfrute.<\/li>\n<\/ul>\n<h3><strong>M\u00e1s productos e informaci\u00f3n<\/strong><\/h3>\n<p>Si desea descubrir a\u00fan m\u00e1s productos de vapeo de primera calidad, visite <strong><a href=\"https:\/\/www.kurzvape.de\/es\/\">KurzVape - su punto de contacto central para todo lo relacionado con el vapeo<\/a><\/strong> justo lo que necesita. Si busca espec\u00edficamente electrodom\u00e9sticos de una marca concreta, el <strong><a href=\"https:\/\/www.kurzvape.de\/es\/product-category\/fumot-vape\/\">Visi\u00f3n general de todos los productos Fumot<\/a><\/strong> donde se enumera claramente toda la gama. Tambi\u00e9n puede encontrar todos los tipos y variantes disponibles de esta popular clase de electrodom\u00e9sticos en la secci\u00f3n <strong><a href=\"https:\/\/www.kurzvape.de\/es\/product-category\/fumot-vape\/fumot-tornado-15000\/\">Vista general completa del modelo Fumot Tornado 15000<\/a><\/strong>.<\/p>","protected":false},"excerpt":{"rendered":"<p>Afrutado, fresco, irresistible: el Fumot Tornado 15000 Peach Ice es un e-cigarrillo desechable que combina un jugoso sabor a melocot\u00f3n con un refrescante toque de helado. Con 15.000 caladas, 25 ml de l\u00edquido, bater\u00eda USB-C y flujo de aire ajustable: tu compa\u00f1ero perfecto para cada d\u00eda.<\/p>","protected":false},"featured_media":640,"comment_status":"open","ping_status":"closed","template":"","meta":{"_acf_changed":false},"product_brand":[],"product_cat":[23],"product_tag":[],"class_list":{"0":"post-637","1":"product","2":"type-product","3":"status-publish","4":"has-post-thumbnail","6":"product_cat-fumot-tornado-15000","8":"first","9":"instock","10":"sale","11":"shipping-taxable","12":"purchasable","13":"product-type-variable"},"acf":[],"_links":{"self":[{"href":"https:\/\/www.kurzvape.de\/es\/wp-json\/wp\/v2\/product\/637","targetHints":{"allow":["GET"]}}],"collection":[{"href":"https:\/\/www.kurzvape.de\/es\/wp-json\/wp\/v2\/product"}],"about":[{"href":"https:\/\/www.kurzvape.de\/es\/wp-json\/wp\/v2\/types\/product"}],"replies":[{"embeddable":true,"href":"https:\/\/www.kurzvape.de\/es\/wp-json\/wp\/v2\/comments?post=637"}],"wp:featuredmedia":[{"embeddable":true,"href":"https:\/\/www.kurzvape.de\/es\/wp-json\/wp\/v2\/media\/640"}],"wp:attachment":[{"href":"https:\/\/www.kurzvape.de\/es\/wp-json\/wp\/v2\/media?parent=637"}],"wp:term":[{"taxonomy":"product_brand","embeddable":true,"href":"https:\/\/www.kurzvape.de\/es\/wp-json\/wp\/v2\/product_brand?post=637"},{"taxonomy":"product_cat","embeddable":true,"href":"https:\/\/www.kurzvape.de\/es\/wp-json\/wp\/v2\/product_cat?post=637"},{"taxonomy":"product_tag","embeddable":true,"href":"https:\/\/www.kurzvape.de\/es\/wp-json\/wp\/v2\/product_tag?post=637"}],"curies":[{"name":"wp","href":"https:\/\/api.w.org\/{rel}","templated":true}]}}