{"id":646,"date":"2026-03-05T21:19:40","date_gmt":"2026-03-05T13:19:40","guid":{"rendered":"https:\/\/www.kurzvape.de\/?post_type=product&#038;p=646"},"modified":"2026-03-05T21:19:40","modified_gmt":"2026-03-05T13:19:40","slug":"fumot-tornado-15000-sour-apple","status":"publish","type":"product","link":"https:\/\/www.kurzvape.de\/es\/product\/fumot-tornado-15000-sour-apple\/","title":{"rendered":"Fumot Tornado 15000 Manzana \u00e1cida"},"content":{"rendered":"<h2><strong>Vapeador desechable Fumot Tornado 15000 Sour Apple<\/strong><\/h2>\n<p>Prep\u00e1rate para una experiencia de sabor especial: el Tornado Vape 15000 con sabor a manzana \u00e1cida te lleva a un viaje \u00e1cido a manzanas \u00e1cidas y crujientes que dejar\u00e1 boquiabiertas a tus papilas gustativas. Cada calada pone de manifiesto la vibrante acidez de las manzanas verdes reci\u00e9n recolectadas, redondeada por un sutil dulzor natural: fresco, intenso y absolutamente irresistible desde la primera hasta la \u00faltima inhalaci\u00f3n.<\/p>\n<p>El Fumot Tornado 15000 Sour Apple no s\u00f3lo impresiona por su excitante perfil de sabor, sino tambi\u00e9n por su sofisticada tecnolog\u00eda para una experiencia de vapeo de primera clase. Una capacidad de hasta 15.000 caladas, una clara pantalla LED que muestra el estado de la bater\u00eda y el nivel de l\u00edquido y un flujo de aire ajustable de forma flexible hacen de este dispositivo el compa\u00f1ero ideal para los vapeadores que valoran la comodidad, el rendimiento y la durabilidad.<\/p>\n<p>Disfrute de la electrizante interacci\u00f3n del vigorizante \u00e1cido m\u00e1lico y la fina dulzura de la fruta en el Tornado Vape 15000. Este inconfundible perfil de sabor de acidez \u00e1cida y frescura natural deleitar\u00e1 su paladar de nuevo con cada calada y convertir\u00e1 cada pausa en un refrescante momento de placer. Descubre el car\u00e1cter \u00fanico del Fumot Tornado 15000 Sour Apple - \u00a1y deja que te abrume por completo!<\/p>\n<h2><strong>\ud83d\udca1 Caracter\u00edsticas centrales del producto<\/strong><\/h2>\n<ul>\n<li><strong>Hasta 15.000 trenes<\/strong> - para un disfrute duradero sin molestas interrupciones.<\/li>\n<li><strong>Capacidad de 25 ml de e-l\u00edquido<\/strong> - Sabor intenso y constante hasta la \u00faltima calada.<\/li>\n<li><strong>Cuatro concentraciones de nicotina<\/strong> - 0 %, 2 %, 3 % o 5 %, de selecci\u00f3n flexible seg\u00fan sus propias necesidades.<\/li>\n<li><strong>Bater\u00eda de 850 mAh<\/strong> - Recarga r\u00e1pida y sencilla a trav\u00e9s de USB-C.<\/li>\n<li><strong>0,9 \u03a9 Bobina de malla<\/strong> - para obtener densas nubes de vapor y un desarrollo preciso del sabor.<\/li>\n<li><strong>Flujo de aire ajustable<\/strong> - Resistencia a la tracci\u00f3n infinitamente ajustable al gusto personal.<\/li>\n<li><strong>Pantalla LED y efectos luminosos<\/strong> - clara en el uso cotidiano, atractiva en el dise\u00f1o.<\/li>\n<li><strong>43 sabores<\/strong> - Una selecci\u00f3n variada para todos los gustos y estados de \u00e1nimo.<\/li>\n<\/ul>\n<h2><strong>\ud83d\udd0d \u00bfQu\u00e9 hace tan especial al Fumot Tornado 15000 Sour Apple?<\/strong><\/h2>\n<ul>\n<li>La llamativa acidez de las crujientes manzanas verdes se une al dulzor natural de la fruta: un d\u00fao de sabores vivos para todos los amantes de los perfiles de sabor intensos y \u00e1cidos que buscan algo especial en la vida cotidiana.<\/li>\n<li>La generosa capacidad de 25 ml de l\u00edquido y la robusta bater\u00eda de 850 mAh garantizan d\u00edas de disfrute ininterrumpido del vapor: sin rellenar, sin interrupciones de carga, simplemente puro placer.<\/li>\n<li>Ya sea sin nicotina o con hasta 5 %, las cuatro concentraciones de nicotina seleccionables garantizan una experiencia totalmente personalizada que se adapta a la perfecci\u00f3n a sus preferencias individuales.<\/li>\n<li>La bobina de malla de 0,9 \u03a9 fabricada con precisi\u00f3n despliega el caracter\u00edstico sabor a manzana \u00e1cida en toda su intensidad: potente, aut\u00e9ntico e inconfundible en cada calada.<\/li>\n<\/ul>\n<h2><strong>\ud83c\udfc6 \u00bfPor qu\u00e9 elegir el Fumot Tornado 15000 Sour Apple?<\/strong><\/h2>\n<ul>\n<li>\u2705 <strong>Calidad de primera clase de la marca Fumot:<\/strong> Como parte integral de la estimada l\u00ednea de productos RandM, el Fumot Tornado 15000 encarna los m\u00e1s altos est\u00e1ndares de mano de obra, fiabilidad e innovaci\u00f3n - para una experiencia vaping usted puede confiar ciegamente.<\/li>\n<li>\ud83d\udd2c <strong>Tecnolog\u00eda pionera al detalle:<\/strong> Las caracter\u00edsticas avanzadas del Fumot Tornado 15000 llevan el vapeo desechable a un nuevo nivel de calidad y ofrecen una experiencia de usuario que establece est\u00e1ndares e inspira.<\/li>\n<li>\ud83d\ude0a <strong>Todos los clientes satisfechos:<\/strong> La s\u00f3lida calidad de construcci\u00f3n y el alto rendimiento constante hacen del Fumot Tornado 15000 la elecci\u00f3n preferida para los vapeadores con altas exigencias de disfrute y fiabilidad.<\/li>\n<\/ul>\n<h3><strong>M\u00e1s productos e informaci\u00f3n<\/strong><\/h3>\n<p>Para todos aquellos que deseen ampliar a\u00fan m\u00e1s su experiencia de vapeo, ofrecemos <strong><a href=\"https:\/\/www.kurzvape.de\/es\/\">KurzVape - su tienda en l\u00ednea para productos vaping premium<\/a><\/strong> una amplia selecci\u00f3n de electrodom\u00e9sticos y accesorios de alta calidad. Una visi\u00f3n general estructurada de todos los modelos de una marca l\u00edder es lo que ofrece el <strong><a href=\"https:\/\/www.kurzvape.de\/es\/product-category\/fumot-vape\/\">Categor\u00eda de productos Fumot Vape<\/a><\/strong>, donde puede encontrar toda la gama agrupada. Si busca espec\u00edficamente otros tipos y versiones de esta serie de electrodom\u00e9sticos, el <strong><a href=\"https:\/\/www.kurzvape.de\/es\/product-category\/fumot-vape\/fumot-tornado-15000\/\">Visi\u00f3n general de la serie Fumot Tornado 15000<\/a><\/strong> garant\u00eda de encontrar lo que busca.<\/p>","protected":false},"excerpt":{"rendered":"<p>Fresco, \u00e1cido, irresistible: el Fumot Tornado 15000 Sour Apple es un cigarrillo electr\u00f3nico desechable con un crujiente sabor a manzana \u00e1cida y dulzor frutal natural. Con 15.000 caladas, 25 ml de l\u00edquido, bater\u00eda USB-C y flujo de aire ajustable, perfecto para momentos intensos de placer.<\/p>","protected":false},"featured_media":649,"comment_status":"open","ping_status":"closed","template":"","meta":{"_acf_changed":false},"product_brand":[],"product_cat":[23],"product_tag":[],"class_list":{"0":"post-646","1":"product","2":"type-product","3":"status-publish","4":"has-post-thumbnail","6":"product_cat-fumot-tornado-15000","8":"first","9":"instock","10":"sale","11":"shipping-taxable","12":"purchasable","13":"product-type-variable"},"acf":[],"_links":{"self":[{"href":"https:\/\/www.kurzvape.de\/es\/wp-json\/wp\/v2\/product\/646","targetHints":{"allow":["GET"]}}],"collection":[{"href":"https:\/\/www.kurzvape.de\/es\/wp-json\/wp\/v2\/product"}],"about":[{"href":"https:\/\/www.kurzvape.de\/es\/wp-json\/wp\/v2\/types\/product"}],"replies":[{"embeddable":true,"href":"https:\/\/www.kurzvape.de\/es\/wp-json\/wp\/v2\/comments?post=646"}],"wp:featuredmedia":[{"embeddable":true,"href":"https:\/\/www.kurzvape.de\/es\/wp-json\/wp\/v2\/media\/649"}],"wp:attachment":[{"href":"https:\/\/www.kurzvape.de\/es\/wp-json\/wp\/v2\/media?parent=646"}],"wp:term":[{"taxonomy":"product_brand","embeddable":true,"href":"https:\/\/www.kurzvape.de\/es\/wp-json\/wp\/v2\/product_brand?post=646"},{"taxonomy":"product_cat","embeddable":true,"href":"https:\/\/www.kurzvape.de\/es\/wp-json\/wp\/v2\/product_cat?post=646"},{"taxonomy":"product_tag","embeddable":true,"href":"https:\/\/www.kurzvape.de\/es\/wp-json\/wp\/v2\/product_tag?post=646"}],"curies":[{"name":"wp","href":"https:\/\/api.w.org\/{rel}","templated":true}]}}