{"id":662,"date":"2026-03-05T21:30:05","date_gmt":"2026-03-05T13:30:05","guid":{"rendered":"https:\/\/www.kurzvape.de\/?post_type=product&#038;p=662"},"modified":"2026-03-05T21:30:06","modified_gmt":"2026-03-05T13:30:06","slug":"fumot-tornado-15000-blueberry-on-ice","status":"publish","type":"product","link":"https:\/\/www.kurzvape.de\/es\/product\/fumot-tornado-15000-blueberry-on-ice\/","title":{"rendered":"Fumot Tornado 15000 Ar\u00e1ndano Sobre Hielo"},"content":{"rendered":"<h2><strong>Vapeador desechable Fumot Tornado 15000 Blueberry On Ice<\/strong><\/h2>\n<p>Experimenta el placer de las bayas en un nuevo nivel - el Tornado Vape 15000 en el sabor Blueberry On Ice deleita con su aroma con cuerpo, dulce y \u00e1cido de ar\u00e1ndanos maduros, que es perfectamente acentuado por un refrescante fr\u00edo helado. Cada calada combina la profundidad aterciopelada de las bayas oscuras con un vigorizante efecto refrescante: rico, afrutado y con un final que te har\u00e1 volver a por m\u00e1s.<\/p>\n<p>El Fumot Tornado 15000 Blueberry On Ice combina un fuerte perfil de sabor con una sofisticada tecnolog\u00eda para una experiencia de vapeo exitosa. Con un rendimiento de hasta 15.000 caladas, una pr\u00e1ctica pantalla LED para comprobar los niveles de bater\u00eda y l\u00edquido y un flujo de aire ajustable de forma continua, este dispositivo establece est\u00e1ndares claros en t\u00e9rminos de idoneidad para el uso diario, comodidad y rendimiento.<\/p>\n<p>Descubra la fascinante interacci\u00f3n entre el dulzor plenamente maduro de los jugosos ar\u00e1ndanos y el relajante golpe fr\u00edo del sabor a hielo. Esta armoniosa combinaci\u00f3n de intenso sabor afrutado a bayas y refrescante frescor crea una experiencia de sabor que revela nuevas facetas con cada calada y transforma los momentos cotidianos en aut\u00e9nticos instantes de placer. \u00a1D\u00e9jese llevar completamente por el inconfundible mundo del Fumot Tornado 15000 Blueberry On Ice!<\/p>\n<h2><strong>\ud83d\udca1 Caracter\u00edsticas centrales del producto<\/strong><\/h2>\n<ul>\n<li><strong>Hasta 15.000 trenes<\/strong> - para disfrutar del vapor de forma duradera e ininterrumpida durante todo el d\u00eda.<\/li>\n<li><strong>Capacidad de 25 ml de e-l\u00edquido<\/strong> - sabor constante hasta la \u00faltima calada.<\/li>\n<li><strong>Cuatro concentraciones de nicotina<\/strong> - 0 %, 2 %, 3 % o 5 %, libremente combinables seg\u00fan las necesidades personales.<\/li>\n<li><strong>Bater\u00eda de 850 mAh<\/strong> - r\u00e1pida y f\u00e1cilmente lista para volver a utilizarse a trav\u00e9s de USB-C.<\/li>\n<li><strong>0,9 \u03a9 Bobina de malla<\/strong> - para un vapor rico y arom\u00e1tico con un desarrollo preciso del sabor.<\/li>\n<li><strong>Flujo de aire ajustable<\/strong> - La resistencia a la tracci\u00f3n se puede ajustar de forma continua para adaptarse a sus preferencias personales.<\/li>\n<li><strong>Pantalla LED y efectos luminosos<\/strong> - Visualizaci\u00f3n clara en el uso diario, aspecto moderno.<\/li>\n<li><strong>43 sabores<\/strong> - amplia gama para una m\u00e1xima variedad de sabores.<\/li>\n<\/ul>\n<h2><strong>\ud83d\udd0d \u00bfQu\u00e9 hace tan especial al Fumot Tornado 15000 Blueberry On Ice?<\/strong><\/h2>\n<ul>\n<li>El sabor con cuerpo de los ar\u00e1ndanos maduros y oscuros se combina con un toque refrescante de helado: una combinaci\u00f3n irresistible para todos los entendidos que buscan un sabor afrutado intenso a bayas y un frescor calmante en una experiencia de vapor equilibrada.<\/li>\n<li>La generosa capacidad de 25 ml de l\u00edquido y la potente bater\u00eda de 850 mAh garantizan un largo y agradable d\u00eda de vapeo, sin molestas interrupciones de recarga que puedan interrumpir el flujo de placer.<\/li>\n<li>Ya sea sin nicotina o con un contenido de nicotina de hasta 5 %, las cuatro opciones de potencia permiten una experiencia totalmente personalizada que se adapta con flexibilidad a sus preferencias y h\u00e1bitos.<\/li>\n<li>La precisa bobina de malla de 0,9 \u03a9 despliega el sabor Blueberry On Ice con una profundidad y autenticidad impresionantes: densas nubes de vapor y un sabor intenso y constante hacen de cada calada toda una experiencia.<\/li>\n<\/ul>\n<h2><strong>\ud83c\udfc6 \u00bfPor qu\u00e9 elegir el Fumot Tornado 15000 Blueberry On Ice?<\/strong><\/h2>\n<ul>\n<li>\u2705 <strong>Calidad probada de la marca Fumot:<\/strong> Como parte valiosa de la l\u00ednea de productos RandM, el Fumot Tornado 15000 es sin\u00f3nimo de los m\u00e1s altos est\u00e1ndares de fabricaci\u00f3n, fiabilidad t\u00e9cnica y una experiencia de vapeo premium que no deja nada que desear.<\/li>\n<li>\ud83d\udd2c <strong>Tecnolog\u00eda avanzada en uso:<\/strong> Las sofisticadas caracter\u00edsticas t\u00e9cnicas del Fumot Tornado 15000 establecen nuevos est\u00e1ndares en el segmento de los vapeadores desechables y ofrecen una experiencia de usuario que impresiona por su calidad y durabilidad.<\/li>\n<li>\ud83d\ude0a <strong>Clientes entusiastas en todo el mundo:<\/strong> La excelente calidad de construcci\u00f3n y el rendimiento estable hacen del Fumot Tornado 15000 la primera opci\u00f3n para los vapeadores que quieren obtener lo mejor de su experiencia de vapeo todos los d\u00edas.<\/li>\n<\/ul>\n<h3><strong>M\u00e1s productos e informaci\u00f3n<\/strong><\/h3>\n<p>Descubra una cuidada selecci\u00f3n de otros productos de vapeo de alta calidad directamente en <strong><a href=\"https:\/\/www.kurzvape.de\/es\/\">KurzVape - su direcci\u00f3n n\u00famero uno para accesorios de vapor de primera clase<\/a><\/strong>. Si desea explorar toda la gama de una marca l\u00edder en vaping, el <strong><a href=\"https:\/\/www.kurzvape.de\/es\/product-category\/fumot-vape\/\">Categor\u00eda de dispositivos de vapeo Fumot<\/a><\/strong> donde se enumeran claramente todos los modelos. Encontrar\u00e1 una lista detallada de todos los modelos y versiones disponibles de esta popular gama de aparatos en la p\u00e1gina <strong><a href=\"https:\/\/www.kurzvape.de\/es\/product-category\/fumot-vape\/fumot-tornado-15000\/\">P\u00e1gina del modelo Fumot Tornado 15000<\/a><\/strong>.<\/p>","protected":false},"excerpt":{"rendered":"<p>Con cuerpo, fresco, irresistible: el Fumot Tornado 15000 Blueberry On Ice es un e-cigarrillo desechable con un jugoso sabor a bayas y un refrescante toque a helado. Con 15.000 caladas, 25 ml de l\u00edquido, bater\u00eda USB-C y flujo de aire ajustable: intenso sabor a bayas para cada d\u00eda.<\/p>","protected":false},"featured_media":665,"comment_status":"open","ping_status":"closed","template":"","meta":{"_acf_changed":false},"product_brand":[],"product_cat":[23],"product_tag":[],"class_list":{"0":"post-662","1":"product","2":"type-product","3":"status-publish","4":"has-post-thumbnail","6":"product_cat-fumot-tornado-15000","8":"first","9":"instock","10":"sale","11":"shipping-taxable","12":"purchasable","13":"product-type-variable"},"acf":[],"_links":{"self":[{"href":"https:\/\/www.kurzvape.de\/es\/wp-json\/wp\/v2\/product\/662","targetHints":{"allow":["GET"]}}],"collection":[{"href":"https:\/\/www.kurzvape.de\/es\/wp-json\/wp\/v2\/product"}],"about":[{"href":"https:\/\/www.kurzvape.de\/es\/wp-json\/wp\/v2\/types\/product"}],"replies":[{"embeddable":true,"href":"https:\/\/www.kurzvape.de\/es\/wp-json\/wp\/v2\/comments?post=662"}],"wp:featuredmedia":[{"embeddable":true,"href":"https:\/\/www.kurzvape.de\/es\/wp-json\/wp\/v2\/media\/665"}],"wp:attachment":[{"href":"https:\/\/www.kurzvape.de\/es\/wp-json\/wp\/v2\/media?parent=662"}],"wp:term":[{"taxonomy":"product_brand","embeddable":true,"href":"https:\/\/www.kurzvape.de\/es\/wp-json\/wp\/v2\/product_brand?post=662"},{"taxonomy":"product_cat","embeddable":true,"href":"https:\/\/www.kurzvape.de\/es\/wp-json\/wp\/v2\/product_cat?post=662"},{"taxonomy":"product_tag","embeddable":true,"href":"https:\/\/www.kurzvape.de\/es\/wp-json\/wp\/v2\/product_tag?post=662"}],"curies":[{"name":"wp","href":"https:\/\/api.w.org\/{rel}","templated":true}]}}