{"id":863,"date":"2026-03-07T23:37:31","date_gmt":"2026-03-07T15:37:31","guid":{"rendered":"https:\/\/www.kurzvape.de\/?post_type=product&#038;p=863"},"modified":"2026-03-07T23:37:31","modified_gmt":"2026-03-07T15:37:31","slug":"fumot-tornado-15000-blueberry-bubblegum","status":"publish","type":"product","link":"https:\/\/www.kurzvape.de\/es\/product\/fumot-tornado-15000-blueberry-bubblegum\/","title":{"rendered":"Fumot Tornado 15000 Ar\u00e1ndano Chicle"},"content":{"rendered":"<h2><strong>Vapeador desechable Fumot Tornado 15000 Blueberry Bubblegum<\/strong><\/h2>\n<p>El Tornado Vape 15000 en el sabor Blueberry Bubblegum combina la profundidad aterciopelada y con cuerpo de los ar\u00e1ndanos maduros con la nota dulce y juguetona del chicle cl\u00e1sico para crear un sabor que evoca recuerdos de la infancia y evoca el entusiasmo afrutado en cada calada. Cada calada a\u00fana en perfecta armon\u00eda la profundidad natural de las bayas y la dulzura juguetona del chicle: afrutado, dulce y con un regusto que inevitablemente te deja con ganas de m\u00e1s.<\/p>\n<p>Adem\u00e1s de su encantador y juguet\u00f3n perfil de sabor, el Fumot Tornado 15000 Blueberry Bubblegum impresiona con sus caracter\u00edsticas t\u00e9cnicamente sofisticadas que llevan el vapeo diario a un nuevo nivel. Con una capacidad de hasta 15.000 caladas, una pantalla LED informativa para controlar la bater\u00eda y el nivel de l\u00edquido y un flujo de aire ajustable con precisi\u00f3n, este dispositivo ofrece una experiencia de vapeo que impresiona por su resistencia, comodidad y refinamiento t\u00e9cnico.<\/p>\n<p>Descubra la encantadora interacci\u00f3n entre la naturalidad con cuerpo de los ar\u00e1ndanos maduros y la despreocupada dulzura de un cl\u00e1sico chicle. Esta encantadora combinaci\u00f3n de profundidad afrutada y ligereza juguetona crea un sabor lleno de calidez y nostalgia que despierta una nueva alegr\u00eda con cada calada y transforma los descansos cotidianos en una colorida experiencia de placer. D\u00e9jese encantar por el juguet\u00f3n mundo de bayas del Fumot Tornado 15000 Blueberry Bubblegum.<\/p>\n<h2><strong>\ud83d\udca1 Caracter\u00edsticas centrales del producto<\/strong><\/h2>\n<ul>\n<li><strong>Hasta 15.000 trenes<\/strong> - para un disfrute sin interrupciones, duradero, juguet\u00f3n y afrutado del chicle de ar\u00e1ndanos.<\/li>\n<li><strong>Capacidad de 25 ml de e-l\u00edquido<\/strong> - Sabor intenso a chicle de ar\u00e1ndanos de principio a fin.<\/li>\n<li><strong>Cuatro concentraciones de nicotina<\/strong> - 0 %, 2 %, 3 % o 5 %, de selecci\u00f3n flexible seg\u00fan las necesidades personales.<\/li>\n<li><strong>Bater\u00eda de 850 mAh<\/strong> - Carga fiable y c\u00f3moda a trav\u00e9s de USB-C.<\/li>\n<li><strong>0,9 \u03a9 Bobina de malla<\/strong> - para un vapor denso y un aut\u00e9ntico desarrollo del sabor a chicle de ar\u00e1ndanos.<\/li>\n<li><strong>Flujo de aire ajustable<\/strong> - Resistencia a la tracci\u00f3n infinitamente variable y personalizable individualmente.<\/li>\n<li><strong>Pantalla LED y efectos luminosos<\/strong> - Claramente estructurada, adecuada para el uso diario y con un dise\u00f1o moderno.<\/li>\n<li><strong>43 sabores<\/strong> - amplia gama para una variedad ilimitada de sabores.<\/li>\n<\/ul>\n<h2><strong>\ud83d\udd0d \u00bfQu\u00e9 hace tan especial al Fumot Tornado 15000 Blueberry Bubblegum?<\/strong><\/h2>\n<ul>\n<li>La profundidad aterciopelada de los ar\u00e1ndanos completamente maduros se une a la dulzura juguetona y nost\u00e1lgica del chicle cl\u00e1sico: una combinaci\u00f3n encantadora para todos los vapeadores que desean disfrutar de la frutalidad natural de las bayas y la dulzura despreocupada en una experiencia de vapor c\u00e1lida y de m\u00faltiples capas.<\/li>\n<li>La generosa capacidad de l\u00edquido de 25 ml y la potente bater\u00eda de 850 mAh garantizan una experiencia de vapeo diaria sin preocupaciones: d\u00edas de disfrute del chicle de ar\u00e1ndanos sin molestas recargas ni interrupciones de carga, para que la atenci\u00f3n se centre siempre en el encantador sabor a chicle de ar\u00e1ndanos.<\/li>\n<li>Desde sin nicotina hasta 5 % de contenido en nicotina, las cuatro potencias disponibles ofrecen una experiencia totalmente personalizada que se adapta sin problemas y con flexibilidad a tus preferencias y h\u00e1bitos personales.<\/li>\n<li>La bobina de malla de 0,9 \u03a9 de alta calidad muestra el sabor a chicle de ar\u00e1ndanos con una autenticidad impresionante: nubes de vapor consistentemente densas y un sabor intenso dan vida al car\u00e1cter juguet\u00f3n de este d\u00fao \u00fanico en cada calada.<\/li>\n<\/ul>\n<h2><strong>\ud83c\udfc6 \u00bfPor qu\u00e9 elegir el Fumot Tornado 15000 Blueberry Bubblegum?<\/strong><\/h2>\n<ul>\n<li>\u2705 <strong>Calidad fiable de la marca Fumot:<\/strong> Como parte integral de la estimada l\u00ednea de productos RandM, el Fumot Tornado 15000 es sin\u00f3nimo de los m\u00e1s altos est\u00e1ndares de mano de obra, fiabilidad t\u00e9cnica y una experiencia de vapeo premium que convence en cualquier situaci\u00f3n.<\/li>\n<li>\ud83d\udd2c <strong>Tecnolog\u00eda pionera para las m\u00e1s altas exigencias:<\/strong> La avanzada base t\u00e9cnica del Fumot Tornado 15000 redefine el est\u00e1ndar en el sector del vapeo desechable y ofrece una experiencia de usuario que impresiona por su precisi\u00f3n, consistencia y longevidad.<\/li>\n<li>\ud83d\ude0a <strong>Clientes siempre entusiastas:<\/strong> La s\u00f3lida calidad de construcci\u00f3n y el alto rendimiento constante hacen del Fumot Tornado 15000 la elecci\u00f3n preferida para los vapeadores que esperan el m\u00e1ximo disfrute, calidad y fiabilidad a diario.<\/li>\n<\/ul>\n<h3><strong>M\u00e1s productos e informaci\u00f3n<\/strong><\/h3>\n<p>Puede encontrar m\u00e1s productos vaping de primera clase directamente en <strong><a href=\"https:\/\/www.kurzvape.de\/es\/\">KurzVape - su tienda en l\u00ednea para disfrutar de vapores afrutados y divertidos<\/a><\/strong>. Toda la gama de la marca puede encontrarse en la <strong><a href=\"https:\/\/www.kurzvape.de\/es\/product-category\/fumot-vape\/\">Visi\u00f3n general del producto Fumot Vape<\/a><\/strong> claramente resumidos. Encontrar\u00e1 todas las variantes y tipos de esta popular gama de electrodom\u00e9sticos en el <strong><a href=\"https:\/\/www.kurzvape.de\/es\/product-category\/fumot-vape\/fumot-tornado-15000\/\">P\u00e1gina de ofertas del mundo del sabor Fumot Tornado 15000<\/a><\/strong>.<\/p>","protected":false},"excerpt":{"rendered":"<p>Dulce, afrutado, irresistible: el Fumot Tornado 15000 Blueberry Bubblegum es un cigarrillo electr\u00f3nico desechable con ar\u00e1ndanos aterciopelados y la juguetona dulzura del chicle. Con 15.000 caladas, 25 ml de l\u00edquido, bater\u00eda USB-C y flujo de aire ajustable: puro disfrute nost\u00e1lgico de las bayas.<\/p>","protected":false},"featured_media":866,"comment_status":"open","ping_status":"closed","template":"","meta":{"_acf_changed":false},"product_brand":[],"product_cat":[23],"product_tag":[],"class_list":{"0":"post-863","1":"product","2":"type-product","3":"status-publish","4":"has-post-thumbnail","6":"product_cat-fumot-tornado-15000","8":"first","9":"instock","10":"sale","11":"shipping-taxable","12":"purchasable","13":"product-type-variable"},"acf":[],"_links":{"self":[{"href":"https:\/\/www.kurzvape.de\/es\/wp-json\/wp\/v2\/product\/863","targetHints":{"allow":["GET"]}}],"collection":[{"href":"https:\/\/www.kurzvape.de\/es\/wp-json\/wp\/v2\/product"}],"about":[{"href":"https:\/\/www.kurzvape.de\/es\/wp-json\/wp\/v2\/types\/product"}],"replies":[{"embeddable":true,"href":"https:\/\/www.kurzvape.de\/es\/wp-json\/wp\/v2\/comments?post=863"}],"wp:featuredmedia":[{"embeddable":true,"href":"https:\/\/www.kurzvape.de\/es\/wp-json\/wp\/v2\/media\/866"}],"wp:attachment":[{"href":"https:\/\/www.kurzvape.de\/es\/wp-json\/wp\/v2\/media?parent=863"}],"wp:term":[{"taxonomy":"product_brand","embeddable":true,"href":"https:\/\/www.kurzvape.de\/es\/wp-json\/wp\/v2\/product_brand?post=863"},{"taxonomy":"product_cat","embeddable":true,"href":"https:\/\/www.kurzvape.de\/es\/wp-json\/wp\/v2\/product_cat?post=863"},{"taxonomy":"product_tag","embeddable":true,"href":"https:\/\/www.kurzvape.de\/es\/wp-json\/wp\/v2\/product_tag?post=863"}],"curies":[{"name":"wp","href":"https:\/\/api.w.org\/{rel}","templated":true}]}}