{"id":888,"date":"2026-03-07T23:55:53","date_gmt":"2026-03-07T15:55:53","guid":{"rendered":"https:\/\/www.kurzvape.de\/?post_type=product&#038;p=888"},"modified":"2026-03-07T23:55:53","modified_gmt":"2026-03-07T15:55:53","slug":"fumot-tornado-15000-cherry-cola","status":"publish","type":"product","link":"https:\/\/www.kurzvape.de\/es\/product\/fumot-tornado-15000-cherry-cola\/","title":{"rendered":"Fumot Tornado 15000 Cereza Cola"},"content":{"rendered":"<h2><strong>Vapeador desechable Fumot Tornado 15000 Cherry Cola<\/strong><\/h2>\n<p>Prep\u00e1rate para un nost\u00e1lgico d\u00fao de culto que promete deleitar el paladar de una manera especial - el Tornado Vape 15000 en Cherry Cola combina el cl\u00e1sico y aterciopelado dulzor de las cerezas completamente maduras con el inconfundible y hormigueante perfil de sabor del refresco m\u00e1s popular del mundo para crear un sabor que combina nostalgia y placer en cada calada. Cada calada a\u00fana la elegancia afrutada de las cerezas negras y la profundidad con car\u00e1cter de la bebida de culto en una combinaci\u00f3n armoniosa: dulce, compleja y con un final que inevitablemente deja con ganas de m\u00e1s.<\/p>\n<p>El Fumot Tornado 15000 Cherry Cola combina un perfil de sabor ic\u00f3nico y reconocible con caracter\u00edsticas t\u00e9cnicas de alta calidad que mejorar\u00e1n su experiencia de vapeo diaria. Con una capacidad de hasta 15.000 caladas, una pr\u00e1ctica pantalla LED para controlar la bater\u00eda y el nivel de l\u00edquido y un flujo de aire ajustable individualmente, este dispositivo ofrece una experiencia de vapeo que impresiona por su durabilidad, comodidad y sofisticaci\u00f3n t\u00e9cnica.<\/p>\n<p>Descubra la cautivadora interacci\u00f3n entre el aterciopelado dulzor frutal de las cerezas maduras y el caracter\u00edstico sabor de la bebida de culto. Esta irresistible fusi\u00f3n de elegancia afrutada y nost\u00e1lgico encanto de refresco crea una experiencia de vapeo que desencadena un nuevo entusiasmo con cada calada y transforma las pausas cotidianas en una agradable experiencia para el recuerdo. \u00a1D\u00e9jese llevar completamente por el encantador mundo del Fumot Tornado 15000 Cherry Cola!<\/p>\n<h2><strong>\ud83d\udca1 Caracter\u00edsticas centrales del producto<\/strong><\/h2>\n<ul>\n<li><strong>Hasta 15.000 trenes<\/strong> - para disfrutar durante mucho tiempo y sin interrupciones de la nost\u00e1lgica cola de cereza.<\/li>\n<li><strong>Capacidad de 25 ml de e-l\u00edquido<\/strong> - Sabor a cereza-cola intenso y constante de principio a fin.<\/li>\n<li><strong>Cuatro concentraciones de nicotina<\/strong> - 0 %, 2 %, 3 % o 5 %, de libre elecci\u00f3n seg\u00fan las necesidades personales.<\/li>\n<li><strong>Bater\u00eda de 850 mAh<\/strong> - Recarga r\u00e1pida y fiable a trav\u00e9s de USB-C.<\/li>\n<li><strong>0,9 \u03a9 Bobina de malla<\/strong> - para un vapor denso y un aut\u00e9ntico desarrollo del sabor a cereza-cola.<\/li>\n<li><strong>Flujo de aire ajustable<\/strong> - Resistencia a la tracci\u00f3n ajustable de forma individual y continua.<\/li>\n<li><strong>Pantalla LED y efectos luminosos<\/strong> - funcional en el uso cotidiano y de aspecto moderno.<\/li>\n<li><strong>43 sabores<\/strong> - una gama vers\u00e1til para todos los gustos y estados de \u00e1nimo.<\/li>\n<\/ul>\n<h2><strong>\ud83d\udd0d \u00bfQu\u00e9 hace tan especial al Fumot Tornado 15000 Cherry Cola?<\/strong><\/h2>\n<ul>\n<li>La dulzura aterciopelada de las cerezas completamente maduras se une al inconfundible perfil de sabor de la bebida de culto: una combinaci\u00f3n nost\u00e1lgica para todos los vapeadores que quieran disfrutar de la elegancia afrutada y el encanto de un refresco lleno de car\u00e1cter en una experiencia de vapeo \u00fanica y de m\u00faltiples capas.<\/li>\n<li>La generosa capacidad de 25 ml de l\u00edquido y la robusta bater\u00eda de 850 mAh forman un s\u00f3lido equipo para vapear todos los d\u00edas sin preocupaciones: d\u00edas de disfrute de la cola de cereza sin molestas recargas ni interrupciones de carga, para que la atenci\u00f3n se centre siempre en el ic\u00f3nico sabor.<\/li>\n<li>Desde sin nicotina hasta 5 % de contenido en nicotina, las cuatro opciones de potencia disponibles permiten una experiencia totalmente personalizada que se adapta con flexibilidad a sus necesidades y preferencias individuales.<\/li>\n<li>La bobina de malla de 0,9 \u03a9 fabricada con precisi\u00f3n despliega el sabor a cereza cola con una autenticidad impresionante: densas nubes de vapor y un sabor intenso y constante hacen que el disfrute con car\u00e1cter de este d\u00fao de culto cobre vida en cada calada.<\/li>\n<\/ul>\n<h2><strong>\ud83c\udfc6 \u00bfPor qu\u00e9 elegir el Fumot Tornado 15000 Cherry Cola?<\/strong><\/h2>\n<ul>\n<li>\u2705 <strong>Calidad probada de la marca Fumot:<\/strong> Como parte integral de la prestigiosa l\u00ednea de productos RandM, el Fumot Tornado 15000 es sin\u00f3nimo de los m\u00e1s altos est\u00e1ndares de fabricaci\u00f3n, fiabilidad t\u00e9cnica y una experiencia de vapeo premium que inspira calada tras calada.<\/li>\n<li>\ud83d\udd2c <strong>Centrarse en tecnolog\u00eda sofisticada:<\/strong> Las avanzadas caracter\u00edsticas t\u00e9cnicas del Fumot Tornado 15000 establecen nuevos est\u00e1ndares en el segmento de los vapeadores desechables e impresionan con una experiencia de usuario que se caracteriza por su consistencia, precisi\u00f3n y facilidad de uso.<\/li>\n<li>\ud83d\ude0a <strong>Clientes satisfechos:<\/strong> La excelente calidad de construcci\u00f3n y el alto rendimiento constante hacen del Fumot Tornado 15000 la primera opci\u00f3n para los vapeadores que valoran la calidad, el disfrute y la fiabilidad en su experiencia diaria de vapeo.<\/li>\n<\/ul>\n<h3><strong>M\u00e1s productos e informaci\u00f3n<\/strong><\/h3>\n<p>Puede encontrar m\u00e1s productos vaping de primera clase directamente en <strong><a href=\"https:\/\/www.kurzvape.de\/es\/\">KurzVape - tu tienda online para disfrutar del culto a la nostalgia<\/a><\/strong>. Toda la gama de la marca puede encontrarse en la <strong><a href=\"https:\/\/www.kurzvape.de\/es\/product-category\/fumot-vape\/\">P\u00e1gina del cat\u00e1logo de productos Fumot Vape<\/a><\/strong> claramente resumidos. Encontrar\u00e1 todas las variantes y tipos de esta popular gama de electrodom\u00e9sticos en el <strong><a href=\"https:\/\/www.kurzvape.de\/es\/product-category\/fumot-vape\/fumot-tornado-15000\/\">P\u00e1gina de referencia del mundo del sabor Fumot Tornado 15000<\/a><\/strong>.<\/p>","protected":false},"excerpt":{"rendered":"<p>Nost\u00e1lgico, afrutado, irresistible: el Fumot Tornado 15000 Cherry Cola es un cigarrillo electr\u00f3nico desechable con cerezas aterciopeladas y el caracter\u00edstico perfil de sabor de una bebida de culto. Con 15.000 caladas, 25 ml de l\u00edquido, bater\u00eda USB-C y flujo de aire ajustable: puro disfrute ic\u00f3nico.<\/p>","protected":false},"featured_media":891,"comment_status":"open","ping_status":"closed","template":"","meta":{"_acf_changed":false},"product_brand":[],"product_cat":[23],"product_tag":[],"class_list":{"0":"post-888","1":"product","2":"type-product","3":"status-publish","4":"has-post-thumbnail","6":"product_cat-fumot-tornado-15000","8":"first","9":"instock","10":"sale","11":"shipping-taxable","12":"purchasable","13":"product-type-variable"},"acf":[],"_links":{"self":[{"href":"https:\/\/www.kurzvape.de\/es\/wp-json\/wp\/v2\/product\/888","targetHints":{"allow":["GET"]}}],"collection":[{"href":"https:\/\/www.kurzvape.de\/es\/wp-json\/wp\/v2\/product"}],"about":[{"href":"https:\/\/www.kurzvape.de\/es\/wp-json\/wp\/v2\/types\/product"}],"replies":[{"embeddable":true,"href":"https:\/\/www.kurzvape.de\/es\/wp-json\/wp\/v2\/comments?post=888"}],"wp:featuredmedia":[{"embeddable":true,"href":"https:\/\/www.kurzvape.de\/es\/wp-json\/wp\/v2\/media\/891"}],"wp:attachment":[{"href":"https:\/\/www.kurzvape.de\/es\/wp-json\/wp\/v2\/media?parent=888"}],"wp:term":[{"taxonomy":"product_brand","embeddable":true,"href":"https:\/\/www.kurzvape.de\/es\/wp-json\/wp\/v2\/product_brand?post=888"},{"taxonomy":"product_cat","embeddable":true,"href":"https:\/\/www.kurzvape.de\/es\/wp-json\/wp\/v2\/product_cat?post=888"},{"taxonomy":"product_tag","embeddable":true,"href":"https:\/\/www.kurzvape.de\/es\/wp-json\/wp\/v2\/product_tag?post=888"}],"curies":[{"name":"wp","href":"https:\/\/api.w.org\/{rel}","templated":true}]}}