{"id":896,"date":"2026-03-08T11:38:49","date_gmt":"2026-03-08T03:38:49","guid":{"rendered":"https:\/\/www.kurzvape.de\/?post_type=product&#038;p=896"},"modified":"2026-03-08T11:38:49","modified_gmt":"2026-03-08T03:38:49","slug":"fumot-tornado-15000-gummy-bear","status":"publish","type":"product","link":"https:\/\/www.kurzvape.de\/es\/product\/fumot-tornado-15000-gummy-bear\/","title":{"rendered":"Gomita Fumot Tornado 15000"},"content":{"rendered":"<h2><strong>Vapeador desechable Fumot Tornado 15000 Gummy Bear<\/strong><\/h2>\n<p>El Tornado Vape 15000 en el sabor Gummy Bear te lleva al mundo despreocupado de los coloridos ositos de gominola, que combinan una alegre mezcla de sabores frutales como frambuesa, lim\u00f3n, naranja, fresa y pi\u00f1a para crear un dulce sabor azucarado. Cada calada te trae v\u00edvidos recuerdos de coloridas bolsas de gominolas: afrutadas y dulces, con m\u00faltiples capas y un final juguet\u00f3n que inevitablemente te deja con ganas de m\u00e1s.<\/p>\n<p>El Fumot Tornado 15000 Gummy Bear combina un perfil de sabor encantadoramente nost\u00e1lgico con un dispositivo t\u00e9cnicamente sofisticado que lleva el vapeo diario a un nuevo nivel. Con una capacidad de hasta 15.000 caladas, una clara pantalla LED para el control de la bater\u00eda y el l\u00edquido y un flujo de aire ajustable libremente, este dispositivo ofrece una experiencia de vapor que impresiona por su fiabilidad, durabilidad y comodidad individual.<\/p>\n<p>Experimente la fascinante interacci\u00f3n de una colorida gama de sabores afrutados que, juntos, recrean la inconfundible experiencia del osito de gominola en todo su juguet\u00f3n esplendor. Este perfil \u00fanico de sabor a caramelo crea una sensaci\u00f3n de sabor llena de encanto y nostalgia que despierta una nueva alegr\u00eda con cada calada y transforma los grises momentos cotidianos en una colorida experiencia de placer. D\u00e9jese encantar por el juguet\u00f3n mundo de caramelos del Fumot Tornado 15000 Gummy Bear.<\/p>\n<h2><strong>\ud83d\udca1 Caracter\u00edsticas centrales del producto<\/strong><\/h2>\n<ul>\n<li><strong>Hasta 15.000 trenes<\/strong> - para disfrutar durante mucho tiempo y sin interrupciones del dulce y juguet\u00f3n osito de gominola.<\/li>\n<li><strong>Capacidad de 25 ml de e-l\u00edquido<\/strong> - Sabor intenso a gominola de principio a fin.<\/li>\n<li><strong>Cuatro concentraciones de nicotina<\/strong> - 0 %, 2 %, 3 % o 5 %, seleccionables individualmente seg\u00fan las necesidades personales.<\/li>\n<li><strong>Bater\u00eda de 850 mAh<\/strong> - Recarga fiable y r\u00e1pida a trav\u00e9s de USB-C.<\/li>\n<li><strong>0,9 \u03a9 Bobina de malla<\/strong> - para un vapor denso y el desarrollo de un aut\u00e9ntico aroma a Gummy Bear.<\/li>\n<li><strong>Flujo de aire ajustable<\/strong> - La resistencia a la tracci\u00f3n puede ajustarse de forma flexible y continua seg\u00fan las necesidades.<\/li>\n<li><strong>Pantalla LED y efectos luminosos<\/strong> - clara, funcional y moderna en la vida cotidiana.<\/li>\n<li><strong>43 sabores<\/strong> - amplia gama para una m\u00e1xima variedad de sabores.<\/li>\n<\/ul>\n<h2><strong>\ud83d\udd0d \u00bfQu\u00e9 hace tan especial al osito de goma Fumot Tornado 15000?<\/strong><\/h2>\n<ul>\n<li>Una alegre mezcla de frambuesa, lim\u00f3n, naranja, fresa y pi\u00f1a se combinan para crear el inconfundible sabor a osito de gominola: una combinaci\u00f3n nost\u00e1lgica para todos los vapeadores que quieran disfrutar de una dulzura juguetona y una variedad afrutada en una experiencia de vapeo encantadora y memorable.<\/li>\n<li>La generosa capacidad de 25 ml de l\u00edquido y la potente bater\u00eda de 850 mAh garantizan una experiencia de vapeo diaria sin preocupaciones: d\u00edas de disfrute de las gominolas sin molestas recargas ni interrupciones de carga, para que puedas dedicarte por completo al juguet\u00f3n sabor frutal.<\/li>\n<li>Ya sea sin nicotina o con un contenido de nicotina de hasta 5 %, las cuatro opciones de potencia disponibles permiten una experiencia totalmente personalizada que se adapta sin esfuerzo a sus necesidades y preferencias individuales.<\/li>\n<li>La bobina de malla de 0,9 \u03a9 fabricada con precisi\u00f3n saca a relucir el sabor a osito de goma en todo su colorido esplendor, con nubes de vapor consistentemente densas y un sabor aut\u00e9ntico que refleja el car\u00e1cter juguet\u00f3n del snack de culto de una forma viva y sin adulterar.<\/li>\n<\/ul>\n<h2><strong>\ud83c\udfc6 \u00bfPor qu\u00e9 elegir el osito de goma Fumot Tornado 15000?<\/strong><\/h2>\n<ul>\n<li>\u2705 <strong>Calidad sin concesiones de la marca Fumot:<\/strong> Como componente probado de la renombrada l\u00ednea de productos RandM, el Fumot Tornado 15000 encarna los m\u00e1s altos est\u00e1ndares de mano de obra, fiabilidad e innovaci\u00f3n t\u00e9cnica - para una experiencia de vapeo premium que nunca deja de impresionar.<\/li>\n<li>\ud83d\udd2c <strong>Tecnolog\u00eda moderna para vapers exigentes:<\/strong> La avanzada base t\u00e9cnica del Fumot Tornado 15000 lleva el vapeo desechable a un nuevo nivel de calidad y crea una experiencia de usuario que impresiona por su consistencia, precisi\u00f3n y longevidad.<\/li>\n<li>\ud83d\ude0a <strong>Clientes entusiastas y sostenibles:<\/strong> Su rendimiento estable y su cuidada fabricaci\u00f3n hacen del Fumot Tornado 15000 la elecci\u00f3n preferida de los vapeadores que valoran al m\u00e1ximo el disfrute, la calidad y la fiabilidad en el d\u00eda a d\u00eda.<\/li>\n<\/ul>\n<h3><strong>M\u00e1s productos e informaci\u00f3n<\/strong><\/h3>\n<p>Puede encontrar m\u00e1s productos vaping de primera clase directamente en <strong><a href=\"https:\/\/www.kurzvape.de\/es\/\">KurzVape - tu tienda online de golosinas juguetonas<\/a><\/strong>. Toda la gama de la marca puede encontrarse en la <strong><a href=\"https:\/\/www.kurzvape.de\/es\/product-category\/fumot-vape\/\">P\u00e1gina de productos Fumot Vape<\/a><\/strong> claramente resumidos. Encontrar\u00e1 todas las variantes y tipos de esta popular gama de electrodom\u00e9sticos en el <strong><a href=\"https:\/\/www.kurzvape.de\/es\/product-category\/fumot-vape\/fumot-tornado-15000\/\">P\u00e1gina de ofertas de la gama Fumot Tornado 15000<\/a><\/strong>.<\/p>","protected":false},"excerpt":{"rendered":"<p>Dulce, juguet\u00f3n, irresistible: el Fumot Tornado 15000 Gummy Bear es un cigarrillo electr\u00f3nico desechable con la nost\u00e1lgica mezcla de frutas de los coloridos ositos de gominola. Con 15.000 caladas, 25 ml de l\u00edquido, bater\u00eda USB-C y flujo de aire ajustable: disfrute de caramelos de colores para todos los d\u00edas.<\/p>","protected":false},"featured_media":899,"comment_status":"open","ping_status":"closed","template":"","meta":{"_acf_changed":false},"product_brand":[],"product_cat":[23],"product_tag":[],"class_list":{"0":"post-896","1":"product","2":"type-product","3":"status-publish","4":"has-post-thumbnail","6":"product_cat-fumot-tornado-15000","8":"first","9":"instock","10":"sale","11":"shipping-taxable","12":"purchasable","13":"product-type-variable"},"acf":[],"_links":{"self":[{"href":"https:\/\/www.kurzvape.de\/es\/wp-json\/wp\/v2\/product\/896","targetHints":{"allow":["GET"]}}],"collection":[{"href":"https:\/\/www.kurzvape.de\/es\/wp-json\/wp\/v2\/product"}],"about":[{"href":"https:\/\/www.kurzvape.de\/es\/wp-json\/wp\/v2\/types\/product"}],"replies":[{"embeddable":true,"href":"https:\/\/www.kurzvape.de\/es\/wp-json\/wp\/v2\/comments?post=896"}],"wp:featuredmedia":[{"embeddable":true,"href":"https:\/\/www.kurzvape.de\/es\/wp-json\/wp\/v2\/media\/899"}],"wp:attachment":[{"href":"https:\/\/www.kurzvape.de\/es\/wp-json\/wp\/v2\/media?parent=896"}],"wp:term":[{"taxonomy":"product_brand","embeddable":true,"href":"https:\/\/www.kurzvape.de\/es\/wp-json\/wp\/v2\/product_brand?post=896"},{"taxonomy":"product_cat","embeddable":true,"href":"https:\/\/www.kurzvape.de\/es\/wp-json\/wp\/v2\/product_cat?post=896"},{"taxonomy":"product_tag","embeddable":true,"href":"https:\/\/www.kurzvape.de\/es\/wp-json\/wp\/v2\/product_tag?post=896"}],"curies":[{"name":"wp","href":"https:\/\/api.w.org\/{rel}","templated":true}]}}