{"id":912,"date":"2026-03-08T11:50:00","date_gmt":"2026-03-08T03:50:00","guid":{"rendered":"https:\/\/www.kurzvape.de\/?post_type=product&#038;p=912"},"modified":"2026-03-08T11:50:00","modified_gmt":"2026-03-08T03:50:00","slug":"fumot-tornado-15000-mango-on-ice","status":"publish","type":"product","link":"https:\/\/www.kurzvape.de\/es\/product\/fumot-tornado-15000-mango-on-ice\/","title":{"rendered":"Fumot Tornado 15000 Mango On Ice"},"content":{"rendered":"<h2><strong>Vapeador desechable Fumot Tornado 15000 Mango On Ice<\/strong><\/h2>\n<p>Prep\u00e1rate para una experiencia refrescante tropical que encantar\u00e1 tu paladar con un esplendor ex\u00f3tico y un fr\u00edo refrescante - el Tornado Vape 15000 en el sabor Mango On Ice deleita con el irresistible aroma de mangos maduros y jugosos, que se transforma en una experiencia refrescante tropical en una clase propia por un poderoso toque de hielo. Cada calada combina la riqueza ex\u00f3tica y el dulzor natural de los mangos tropicales con un vigorizante efecto refrescante: cremoso, tropical y con un final que te transportar\u00e1 a para\u00edsos lejanos una y otra vez.<\/p>\n<p>El Fumot Tornado 15000 Mango On Ice combina un perfil de sabor seductoramente ex\u00f3tico con caracter\u00edsticas t\u00e9cnicas de alta calidad que enriquecer\u00e1n su experiencia de vapeo diaria. Con una capacidad de hasta 15.000 caladas, una pr\u00e1ctica pantalla LED para comprobar los niveles de bater\u00eda y l\u00edquido y un flujo de aire ajustable individualmente, este dispositivo ofrece una experiencia de vapeo que impresiona por su durabilidad, comodidad y sofisticaci\u00f3n t\u00e9cnica.<\/p>\n<p>Descubre la cautivadora interacci\u00f3n entre la cremosa dulzura de los mangos completamente maduros y el relajante golpe fr\u00edo del sabor a hielo. Esta irresistible fusi\u00f3n de exotismo tropical y refrescante frescor crea una experiencia de vapeo que proporciona nueva calidez y frescura con cada calada y transforma los grises momentos cotidianos en un toque de vacaciones tropicales. D\u00e9jese seducir por el ex\u00f3tico mundo tropical del Fumot Tornado 15000 Mango On Ice.<\/p>\n<h2><strong>\ud83d\udca1 Caracter\u00edsticas centrales del producto<\/strong><\/h2>\n<ul>\n<li><strong>Hasta 15.000 trenes<\/strong> - para disfrutar durante mucho tiempo y sin interrupciones del mango tropical sobre hielo.<\/li>\n<li><strong>Capacidad de 25 ml de e-l\u00edquido<\/strong> - Sabor a helado de mango intenso y constante hasta la \u00faltima calada.<\/li>\n<li><strong>Cuatro concentraciones de nicotina<\/strong> - 0 %, 2 %, 3 % o 5 %, de libre elecci\u00f3n seg\u00fan las necesidades personales.<\/li>\n<li><strong>Bater\u00eda de 850 mAh<\/strong> - Recarga fiable y r\u00e1pida a trav\u00e9s de USB-C.<\/li>\n<li><strong>0,9 \u03a9 Bobina de malla<\/strong> - para un vapor denso y un aut\u00e9ntico desarrollo del sabor Mango-On-Ice.<\/li>\n<li><strong>Flujo de aire ajustable<\/strong> - Resistencia a la tracci\u00f3n ajustable de forma individual y continua.<\/li>\n<li><strong>Pantalla LED y efectos luminosos<\/strong> - funcional en el uso cotidiano y de aspecto moderno.<\/li>\n<li><strong>43 sabores<\/strong> - una gama vers\u00e1til para todos los gustos y estados de \u00e1nimo.<\/li>\n<\/ul>\n<h2><strong>\ud83d\udd0d \u00bfQu\u00e9 hace tan especial al Fumot Tornado 15000 Mango On Ice?<\/strong><\/h2>\n<ul>\n<li>La cremosa dulzura de los mangos maduros se une a un potente toque de helado: una combinaci\u00f3n irresistible para todos los vapeadores que desean disfrutar del exotismo tropical y del relajante frescor en una experiencia de vapor armoniosa y refrescante.<\/li>\n<li>La generosa capacidad de l\u00edquido de 25 ml y la robusta bater\u00eda de 850 mAh garantizan una experiencia de vapeo diaria sin preocupaciones: d\u00edas de disfrute tropical sin molestas recargas ni interrupciones de carga, para que la atenci\u00f3n se centre siempre en el ex\u00f3tico sabor Mango-On-Ice.<\/li>\n<li>Desde sin nicotina hasta 5 % de contenido de nicotina, las cuatro opciones de potencia disponibles permiten una experiencia totalmente personalizada que se adapta con flexibilidad a sus preferencias y h\u00e1bitos individuales.<\/li>\n<li>La bobina de malla de 0,9 \u03a9 fabricada con precisi\u00f3n despliega el sabor a mango sobre hielo con una autenticidad impresionante: densas nubes de vapor y un sabor cremoso y fresco constante dan vida al car\u00e1cter tropical del mango maduro en cada calada.<\/li>\n<\/ul>\n<h2><strong>\ud83c\udfc6 \u00bfPor qu\u00e9 elegir el Fumot Tornado 15000 Mango On Ice?<\/strong><\/h2>\n<ul>\n<li>\u2705 <strong>Calidad inconfundible de la marca Fumot:<\/strong> Como parte integral de la renombrada l\u00ednea de productos RandM, el Fumot Tornado 15000 es sin\u00f3nimo de calidad de fabricaci\u00f3n de primera clase, innovaci\u00f3n t\u00e9cnica y una experiencia de vapeo premium que no conoce compromisos.<\/li>\n<li>\ud83d\udd2c <strong>Tecnolog\u00eda avanzada al m\u00e1s alto nivel:<\/strong> El moderno equipamiento t\u00e9cnico del Fumot Tornado 15000 establece nuevos est\u00e1ndares en el segmento de los vapeadores desechables e impresiona con una experiencia de usuario que se caracteriza por su consistencia, precisi\u00f3n y facilidad de uso.<\/li>\n<li>\ud83d\ude0a <strong>Clientes permanentemente satisfechos:<\/strong> La excelente calidad de construcci\u00f3n y el rendimiento consistentemente fuerte hacen del Fumot Tornado 15000 la primera opci\u00f3n para los vapers que conf\u00edan en la calidad, el disfrute y la fiabilidad para su disfrute diario del vapor.<\/li>\n<\/ul>\n<h3><strong>M\u00e1s productos e informaci\u00f3n<\/strong><\/h3>\n<p>Puede encontrar m\u00e1s productos vaping de primera clase directamente en <strong><a href=\"https:\/\/www.kurzvape.de\/es\/\">KurzVape - tu tienda online de helados tropicales<\/a><\/strong>. Toda la gama de la marca puede encontrarse en la <strong><a href=\"https:\/\/www.kurzvape.de\/es\/product-category\/fumot-vape\/\">P\u00e1gina de la categor\u00eda de productos Fumot Vape<\/a><\/strong> claramente resumidos. Encontrar\u00e1 todas las variantes y tipos de esta popular gama de electrodom\u00e9sticos en el <strong><a href=\"https:\/\/www.kurzvape.de\/es\/product-category\/fumot-vape\/fumot-tornado-15000\/\">P\u00e1gina de los sabores de hielo Fumot Tornado 15000<\/a><\/strong>.<\/p>","protected":false},"excerpt":{"rendered":"<p>Cremoso, fresco, irresistible - el Fumot Tornado 15000 Mango On Ice es un e-cigarrillo desechable con un ex\u00f3tico y dulce sabor a mango y un potente sabor a helado. Con 15.000 caladas, 25 ml de l\u00edquido, bater\u00eda USB-C y flujo de aire ajustable: disfrute del helado tropical todos los d\u00edas.<\/p>","protected":false},"featured_media":915,"comment_status":"open","ping_status":"closed","template":"","meta":{"_acf_changed":false},"product_brand":[],"product_cat":[23],"product_tag":[],"class_list":{"0":"post-912","1":"product","2":"type-product","3":"status-publish","4":"has-post-thumbnail","6":"product_cat-fumot-tornado-15000","8":"first","9":"instock","10":"sale","11":"shipping-taxable","12":"purchasable","13":"product-type-variable"},"acf":[],"_links":{"self":[{"href":"https:\/\/www.kurzvape.de\/es\/wp-json\/wp\/v2\/product\/912","targetHints":{"allow":["GET"]}}],"collection":[{"href":"https:\/\/www.kurzvape.de\/es\/wp-json\/wp\/v2\/product"}],"about":[{"href":"https:\/\/www.kurzvape.de\/es\/wp-json\/wp\/v2\/types\/product"}],"replies":[{"embeddable":true,"href":"https:\/\/www.kurzvape.de\/es\/wp-json\/wp\/v2\/comments?post=912"}],"wp:featuredmedia":[{"embeddable":true,"href":"https:\/\/www.kurzvape.de\/es\/wp-json\/wp\/v2\/media\/915"}],"wp:attachment":[{"href":"https:\/\/www.kurzvape.de\/es\/wp-json\/wp\/v2\/media?parent=912"}],"wp:term":[{"taxonomy":"product_brand","embeddable":true,"href":"https:\/\/www.kurzvape.de\/es\/wp-json\/wp\/v2\/product_brand?post=912"},{"taxonomy":"product_cat","embeddable":true,"href":"https:\/\/www.kurzvape.de\/es\/wp-json\/wp\/v2\/product_cat?post=912"},{"taxonomy":"product_tag","embeddable":true,"href":"https:\/\/www.kurzvape.de\/es\/wp-json\/wp\/v2\/product_tag?post=912"}],"curies":[{"name":"wp","href":"https:\/\/api.w.org\/{rel}","templated":true}]}}