{"id":928,"date":"2026-03-08T11:59:37","date_gmt":"2026-03-08T03:59:37","guid":{"rendered":"https:\/\/www.kurzvape.de\/?post_type=product&#038;p=928"},"modified":"2026-03-08T11:59:37","modified_gmt":"2026-03-08T03:59:37","slug":"fumot-tornado-15000-strawberry-red-bull","status":"publish","type":"product","link":"https:\/\/www.kurzvape.de\/es\/product\/fumot-tornado-15000-strawberry-red-bull\/","title":{"rendered":"Fumot Tornado 15000 Fresa Red Bull"},"content":{"rendered":"<h2><strong>Vapeador desechable Fumot Tornado 15000 Strawberry Red Bull<\/strong><\/h2>\n<p>Prep\u00e1rate para una experiencia de sabor energizante de un tipo especial - el Tornado Vape 15000 en Red Bull Fresa combina la dulzura cl\u00e1sica y soleada de las fresas maduras con el car\u00e1cter inconfundible y chispeante de la bebida energ\u00e9tica m\u00e1s popular del mundo para crear un sabor que combina frutosidad y energ\u00eda en cada calada. Cada calada combina armoniosamente el brillante dulzor afrutado de las fresas maduras y el caracter\u00edstico chute de la bebida de culto: afrutado, vigorizante y con un final que proporciona energ\u00eda y disfrute en perfecto equilibrio.<\/p>\n<p>Adem\u00e1s de su en\u00e9rgico perfil de sabor afrutado, el Fumot Tornado 15000 Strawberry Red Bull impresiona por sus sofisticadas caracter\u00edsticas t\u00e9cnicas, que llevan el vapeo diario a un nuevo nivel. Con una capacidad de hasta 15.000 caladas, una clara pantalla LED para el control de la bater\u00eda y el l\u00edquido y un flujo de aire libremente ajustable, este dispositivo ofrece una experiencia de vapor que impresiona por su fiabilidad, resistencia y comodidad individual.<\/p>\n<p>Experimente la extraordinaria combinaci\u00f3n de la calidez afrutada de las fresas maduradas al sol y el perfil chispeante y con car\u00e1cter de las bebidas energ\u00e9ticas. Este d\u00fao \u00fanico de dulzor frutal cl\u00e1sico y vigorizante encanto de bebida de culto crea un sabor lleno de energ\u00eda y vitalidad que despierta un nuevo entusiasmo con cada calada y transforma las pausas cotidianas en un poderoso momento de placer. \u00a1D\u00e9jese llevar completamente por el en\u00e9rgico mundo del Fumot Tornado 15000 Strawberry Red Bull!<\/p>\n<h2><strong>\ud83d\udca1 Caracter\u00edsticas centrales del producto<\/strong><\/h2>\n<ul>\n<li><strong>Hasta 15.000 trenes<\/strong> - para un disfrute duradero y energizante de Strawberry Red Bull sin interrupciones.<\/li>\n<li><strong>Capacidad de 25 ml de e-l\u00edquido<\/strong> - Sabor intenso y constante a bebida energ\u00e9tica de fresa de principio a fin.<\/li>\n<li><strong>Cuatro concentraciones de nicotina<\/strong> - 0 %, 2 %, 3 % o 5 %, seleccionables individualmente seg\u00fan las necesidades personales.<\/li>\n<li><strong>Bater\u00eda de 850 mAh<\/strong> - listo para su uso de nuevo de forma r\u00e1pida y sencilla a trav\u00e9s de USB-C.<\/li>\n<li><strong>0,9 \u03a9 Bobina de malla<\/strong> - para un vapor denso y un aut\u00e9ntico desarrollo del sabor a Red Bull de fresa.<\/li>\n<li><strong>Flujo de aire ajustable<\/strong> - La resistencia a la tracci\u00f3n puede ajustarse de forma flexible y continua seg\u00fan las necesidades.<\/li>\n<li><strong>Pantalla LED y efectos luminosos<\/strong> - pr\u00e1ctico en el uso diario y moderno en el dise\u00f1o.<\/li>\n<li><strong>43 sabores<\/strong> - una gama vers\u00e1til para todos los gustos y ocasiones.<\/li>\n<\/ul>\n<h2><strong>\ud83d\udd0d \u00bfQu\u00e9 hace que el Fumot Tornado 15000 Strawberry Red Bull sea tan especial?<\/strong><\/h2>\n<ul>\n<li>La dulzura brillante y cl\u00e1sica de las fresas totalmente maduras se une al car\u00e1cter inconfundible y chispeante de la bebida energ\u00e9tica m\u00e1s popular del mundo: un d\u00fao energ\u00e9tico para todos los vapeadores que buscan la vitalidad afrutada y el car\u00e1cter de una bebida energ\u00e9tica en una experiencia de vapor \u00fanica.<\/li>\n<li>La generosa capacidad de 25 ml de l\u00edquido y la potente bater\u00eda de 850 mAh garantizan una experiencia de vapeo diaria sin preocupaciones: d\u00edas de disfrute sin molestas recargas ni interrupciones de carga, para que puedas dedicarte por completo al energizante sabor de Red Bull Fresa.<\/li>\n<li>Ya sea sin nicotina o con un contenido de nicotina de hasta 5 %, las cuatro opciones de potencia disponibles permiten una experiencia totalmente personalizada que se adapta perfectamente a sus necesidades y preferencias individuales.<\/li>\n<li>La bobina de malla de 0,9 \u03a9 fabricada con precisi\u00f3n saca a relucir el sabor a Red Bull de fresa en todo su esplendor afrutado: nubes de vapor consistentemente densas y un sabor intenso permiten que las caracter\u00edsticas de ambos componentes brillen v\u00edvidas y sin adulterar.<\/li>\n<\/ul>\n<h2><strong>\ud83c\udfc6 \u00bfPor qu\u00e9 elegir el Fumot Tornado 15000 Strawberry Red Bull?<\/strong><\/h2>\n<ul>\n<li>\u2705 <strong>Calidad sin concesiones de la marca Fumot:<\/strong> Como parte integral de la renombrada l\u00ednea de productos RandM, el Fumot Tornado 15000 es sin\u00f3nimo de los m\u00e1s altos est\u00e1ndares de fabricaci\u00f3n, fiabilidad t\u00e9cnica y una experiencia de vapeo premium que inspira calada tras calada.<\/li>\n<li>\ud83d\udd2c <strong>Tecnolog\u00eda innovadora al m\u00e1s alto nivel:<\/strong> Las avanzadas caracter\u00edsticas t\u00e9cnicas del Fumot Tornado 15000 establecen nuevos est\u00e1ndares en el segmento de los vapeadores desechables e impresionan con una experiencia de usuario que se caracteriza por su consistencia, precisi\u00f3n y facilidad de uso.<\/li>\n<li>\ud83d\ude0a <strong>Clientes siempre entusiastas:<\/strong> La excelente calidad de construcci\u00f3n y el alto rendimiento constante hacen del Fumot Tornado 15000 la primera opci\u00f3n para los vapeadores que valoran la calidad, el disfrute y la fiabilidad en su experiencia diaria de vapeo.<\/li>\n<\/ul>\n<h3><strong>M\u00e1s productos e informaci\u00f3n<\/strong><\/h3>\n<p>Puede encontrar m\u00e1s productos vaping de primera clase directamente en <strong><a href=\"https:\/\/www.kurzvape.de\/es\/\">KurzVape - tu tienda online para disfrutar del vapor energ\u00e9tico<\/a><\/strong>. Toda la gama de la marca puede encontrarse en la <strong><a href=\"https:\/\/www.kurzvape.de\/es\/product-category\/fumot-vape\/\">P\u00e1gina de la l\u00ednea de productos Fumot Vape<\/a><\/strong> claramente resumidos. Encontrar\u00e1 todas las variantes y tipos de esta popular gama de electrodom\u00e9sticos en el <strong><a href=\"https:\/\/www.kurzvape.de\/es\/product-category\/fumot-vape\/fumot-tornado-15000\/\">P\u00e1gina de selecci\u00f3n del mundo de sabores Fumot Tornado 15000<\/a><\/strong>.<\/p>","protected":false},"excerpt":{"rendered":"<p>Afrutado, vigorizante, irresistible: el Fumot Tornado 15000 Strawberry Red Bull es un e-cigarrillo desechable con fresas dulces y un cosquilleo de bebida energ\u00e9tica. Con 15.000 caladas, 25 ml de l\u00edquido, bater\u00eda USB-C y flujo de aire ajustable: puro placer energizante.<\/p>","protected":false},"featured_media":931,"comment_status":"open","ping_status":"closed","template":"","meta":{"_acf_changed":false},"product_brand":[],"product_cat":[23],"product_tag":[],"class_list":{"0":"post-928","1":"product","2":"type-product","3":"status-publish","4":"has-post-thumbnail","6":"product_cat-fumot-tornado-15000","8":"first","9":"instock","10":"sale","11":"shipping-taxable","12":"purchasable","13":"product-type-variable"},"acf":[],"_links":{"self":[{"href":"https:\/\/www.kurzvape.de\/es\/wp-json\/wp\/v2\/product\/928","targetHints":{"allow":["GET"]}}],"collection":[{"href":"https:\/\/www.kurzvape.de\/es\/wp-json\/wp\/v2\/product"}],"about":[{"href":"https:\/\/www.kurzvape.de\/es\/wp-json\/wp\/v2\/types\/product"}],"replies":[{"embeddable":true,"href":"https:\/\/www.kurzvape.de\/es\/wp-json\/wp\/v2\/comments?post=928"}],"wp:featuredmedia":[{"embeddable":true,"href":"https:\/\/www.kurzvape.de\/es\/wp-json\/wp\/v2\/media\/931"}],"wp:attachment":[{"href":"https:\/\/www.kurzvape.de\/es\/wp-json\/wp\/v2\/media?parent=928"}],"wp:term":[{"taxonomy":"product_brand","embeddable":true,"href":"https:\/\/www.kurzvape.de\/es\/wp-json\/wp\/v2\/product_brand?post=928"},{"taxonomy":"product_cat","embeddable":true,"href":"https:\/\/www.kurzvape.de\/es\/wp-json\/wp\/v2\/product_cat?post=928"},{"taxonomy":"product_tag","embeddable":true,"href":"https:\/\/www.kurzvape.de\/es\/wp-json\/wp\/v2\/product_tag?post=928"}],"curies":[{"name":"wp","href":"https:\/\/api.w.org\/{rel}","templated":true}]}}