{"id":944,"date":"2026-03-08T12:21:34","date_gmt":"2026-03-08T04:21:34","guid":{"rendered":"https:\/\/www.kurzvape.de\/?post_type=product&#038;p=944"},"modified":"2026-03-08T12:21:34","modified_gmt":"2026-03-08T04:21:34","slug":"fumot-tornado-15000-red-energy-ice","status":"publish","type":"product","link":"https:\/\/www.kurzvape.de\/es\/product\/fumot-tornado-15000-red-energy-ice\/","title":{"rendered":"Fumot Tornado 15000 Hielo Energ\u00e9tico Rojo"},"content":{"rendered":"<h2><strong>Vapeador desechable Fumot Tornado 15000 Red Energy Ice<\/strong><\/h2>\n<p>Prep\u00e1rate para una electrizante experiencia refrescante que combina energ\u00eda y frescor en perfecta simbiosis - el Tornado Vape 15000 en el sabor Red Energy Ice inspira con el inconfundible y hormigueante car\u00e1cter de una bebida energ\u00e9tica roja, que se transforma en una emocionante experiencia refrescante en una clase propia por un intenso toque de hielo. Cada calada combina el caracter\u00edstico golpe de la bebida de culto con un vigorizante efecto refrescante: intenso, hormigueante y con un final que aporta energ\u00eda y frescura en todo momento.<\/p>\n<p>El Fumot Tornado 15000 Red Energy Ice combina un perfil de sabor en\u00e9rgico y refrescante con caracter\u00edsticas t\u00e9cnicas de alta calidad que mejorar\u00e1n su experiencia de vapeo diaria. Con una capacidad de hasta 15.000 caladas, una pr\u00e1ctica pantalla LED para controlar la bater\u00eda y el nivel de l\u00edquido y un flujo de aire ajustable individualmente, este dispositivo ofrece una experiencia de vapeo que impresiona por su durabilidad, comodidad y sofisticaci\u00f3n t\u00e9cnica.<\/p>\n<p>Descubre la cautivadora interacci\u00f3n entre el caracter\u00edstico perfil de sabor de una bebida energ\u00e9tica roja y el relajante golpe fr\u00edo del sabor a hielo. Esta irresistible fusi\u00f3n de vigorizante encanto de bebida de culto y refrescante frescor crea una experiencia de vapeo que proporciona nueva energ\u00eda y frescura con cada calada y transforma los grises momentos cotidianos en un poderoso momento de placer. \u00a1D\u00e9jese llevar completamente por el electrizante mundo del Fumot Tornado 15000 Red Energy Ice!<\/p>\n<h2><strong>\ud83d\udca1 Caracter\u00edsticas centrales del producto<\/strong><\/h2>\n<ul>\n<li><strong>Hasta 15.000 trenes<\/strong> - para disfrutar de forma ininterrumpida y duradera del Red Energy Ice.<\/li>\n<li><strong>Capacidad de 25 ml de e-l\u00edquido<\/strong> - Sabor a hielo de bebida energ\u00e9tica consistentemente intenso hasta la \u00faltima calada.<\/li>\n<li><strong>Cuatro concentraciones de nicotina<\/strong> - 0 %, 2 %, 3 % o 5 %, de selecci\u00f3n flexible seg\u00fan las necesidades personales.<\/li>\n<li><strong>Bater\u00eda de 850 mAh<\/strong> - Carga fiable y c\u00f3moda a trav\u00e9s de USB-C.<\/li>\n<li><strong>0,9 \u03a9 Bobina de malla<\/strong> - para un vapor denso y un aut\u00e9ntico desarrollo del sabor Red Energy Ice.<\/li>\n<li><strong>Flujo de aire ajustable<\/strong> - Resistencia a la tracci\u00f3n infinitamente variable y personalizable individualmente.<\/li>\n<li><strong>Pantalla LED y efectos luminosos<\/strong> - Claramente estructurada, adecuada para el uso diario y con un dise\u00f1o moderno.<\/li>\n<li><strong>43 sabores<\/strong> - amplia gama para una variedad ilimitada de sabores.<\/li>\n<\/ul>\n<h2><strong>\ud83d\udd0d \u00bfQu\u00e9 hace tan especial al Fumot Tornado 15000 Red Energy Ice?<\/strong><\/h2>\n<ul>\n<li>El inconfundible y hormigueante car\u00e1cter de una bebida energ\u00e9tica roja se une a un intenso toque de hielo: una combinaci\u00f3n electrizante para todos los vapeadores que buscan un vigorizante subid\u00f3n de bebida de culto y un refrescante frescor en una experiencia de vapor potente y \u00fanica.<\/li>\n<li>La generosa capacidad de 25 ml de l\u00edquido y la potente bater\u00eda de 850 mAh garantizan una experiencia de vapeo diaria sin preocupaciones: d\u00edas de disfrute del Red Energy Ice sin molestas recargas ni interrupciones de carga, para que la atenci\u00f3n se centre siempre en el electrizante sabor.<\/li>\n<li>Desde sin nicotina hasta 5 % de contenido en nicotina, las cuatro potencias disponibles ofrecen una experiencia totalmente personalizada que se adapta sin problemas y con flexibilidad a tus preferencias y h\u00e1bitos personales.<\/li>\n<li>La bobina de malla de 0,9 \u03a9 de alta calidad muestra el sabor de Red Energy Ice con una autenticidad impresionante: nubes de vapor consistentemente densas y un sabor intenso dan vida al potente car\u00e1cter de este d\u00fao \u00fanico en cada calada.<\/li>\n<\/ul>\n<h2><strong>\ud83c\udfc6 \u00bfPor qu\u00e9 elegir el Fumot Tornado 15000 Red Energy Ice?<\/strong><\/h2>\n<ul>\n<li>\u2705 <strong>Calidad inconfundible de la marca Fumot:<\/strong> Como parte integral de la renombrada l\u00ednea de productos RandM, el Fumot Tornado 15000 es sin\u00f3nimo de calidad de fabricaci\u00f3n de primera clase, innovaci\u00f3n t\u00e9cnica y una experiencia de vapeo premium que no conoce compromisos.<\/li>\n<li>\ud83d\udd2c <strong>Tecnolog\u00eda avanzada al m\u00e1s alto nivel:<\/strong> El moderno equipamiento t\u00e9cnico del Fumot Tornado 15000 establece nuevos est\u00e1ndares en el segmento de los vapeadores desechables e impresiona con una experiencia de usuario que se caracteriza por su consistencia, precisi\u00f3n y facilidad de uso.<\/li>\n<li>\ud83d\ude0a <strong>Clientes permanentemente satisfechos:<\/strong> La excelente calidad de construcci\u00f3n y el rendimiento consistentemente fuerte hacen del Fumot Tornado 15000 la primera opci\u00f3n para los vapers que conf\u00edan en la calidad, el disfrute y la fiabilidad para su disfrute diario del vapor.<\/li>\n<\/ul>\n<h3><strong>M\u00e1s productos e informaci\u00f3n<\/strong><\/h3>\n<p>Puede encontrar m\u00e1s productos vaping de primera clase directamente en <strong><a href=\"https:\/\/www.kurzvape.de\/es\/\">KurzVape - tu tienda online para disfrutar del vapor electrizante<\/a><\/strong>. Toda la gama de la marca puede encontrarse en la <strong><a href=\"https:\/\/www.kurzvape.de\/es\/product-category\/fumot-vape\/\">P\u00e1gina de la categor\u00eda de productos Fumot Vape<\/a><\/strong> claramente resumidos. Encontrar\u00e1 todas las variantes y tipos de esta popular gama de electrodom\u00e9sticos en el <strong><a href=\"https:\/\/www.kurzvape.de\/es\/product-category\/fumot-vape\/fumot-tornado-15000\/\">P\u00e1gina general del mundo del sabor Fumot Tornado 15000<\/a><\/strong>.<\/p>","protected":false},"excerpt":{"rendered":"<p>Electrizante, fresco, irresistible - el Fumot Tornado 15000 Red Energy Ice es un e-cigarrillo desechable con un car\u00e1cter de bebida energ\u00e9tica hormigueante y un intenso sabor a helado. Con 15.000 caladas, 25 ml de l\u00edquido, bater\u00eda USB-C y flujo de aire ajustable: puro y potente placer energ\u00e9tico.<\/p>","protected":false},"featured_media":947,"comment_status":"open","ping_status":"closed","template":"","meta":{"_acf_changed":false},"product_brand":[],"product_cat":[23],"product_tag":[],"class_list":{"0":"post-944","1":"product","2":"type-product","3":"status-publish","4":"has-post-thumbnail","6":"product_cat-fumot-tornado-15000","8":"first","9":"instock","10":"sale","11":"shipping-taxable","12":"purchasable","13":"product-type-variable"},"acf":[],"_links":{"self":[{"href":"https:\/\/www.kurzvape.de\/es\/wp-json\/wp\/v2\/product\/944","targetHints":{"allow":["GET"]}}],"collection":[{"href":"https:\/\/www.kurzvape.de\/es\/wp-json\/wp\/v2\/product"}],"about":[{"href":"https:\/\/www.kurzvape.de\/es\/wp-json\/wp\/v2\/types\/product"}],"replies":[{"embeddable":true,"href":"https:\/\/www.kurzvape.de\/es\/wp-json\/wp\/v2\/comments?post=944"}],"wp:featuredmedia":[{"embeddable":true,"href":"https:\/\/www.kurzvape.de\/es\/wp-json\/wp\/v2\/media\/947"}],"wp:attachment":[{"href":"https:\/\/www.kurzvape.de\/es\/wp-json\/wp\/v2\/media?parent=944"}],"wp:term":[{"taxonomy":"product_brand","embeddable":true,"href":"https:\/\/www.kurzvape.de\/es\/wp-json\/wp\/v2\/product_brand?post=944"},{"taxonomy":"product_cat","embeddable":true,"href":"https:\/\/www.kurzvape.de\/es\/wp-json\/wp\/v2\/product_cat?post=944"},{"taxonomy":"product_tag","embeddable":true,"href":"https:\/\/www.kurzvape.de\/es\/wp-json\/wp\/v2\/product_tag?post=944"}],"curies":[{"name":"wp","href":"https:\/\/api.w.org\/{rel}","templated":true}]}}