{"id":960,"date":"2026-03-08T12:32:13","date_gmt":"2026-03-08T04:32:13","guid":{"rendered":"https:\/\/www.kurzvape.de\/?post_type=product&#038;p=960"},"modified":"2026-03-08T12:32:13","modified_gmt":"2026-03-08T04:32:13","slug":"fumot-tornado-15000-cola-ice","status":"publish","type":"product","link":"https:\/\/www.kurzvape.de\/es\/product\/fumot-tornado-15000-cola-ice\/","title":{"rendered":"Fumot Tornado 15000 Cola Ice"},"content":{"rendered":"<h2><strong>Vapeador desechable Fumot Tornado 15000 Cola Ice<\/strong><\/h2>\n<p>Sum\u00e9rgete en una experiencia refrescante llena de nostalgia y frescor - el Tornado Vape 15000 en el sabor Cola Ice te mima con el legendario perfil de sabor dulce y picante del refresco m\u00e1s conocido del mundo, que se transforma en una experiencia fr\u00eda inolvidable gracias a un toque refrescante de helado. Cada calada combina el familiar sabor a especias y caramelo de la bebida de culto con un vigorizante efecto refrescante mentolado, lleno de car\u00e1cter, hormigueo y con un final que te trae recuerdos y te hace volver a por m\u00e1s.<\/p>\n<p>El Fumot Tornado 15000 Cola Ice combina un perfil de sabor ic\u00f3nico y atemporal con caracter\u00edsticas t\u00e9cnicamente sofisticadas para una experiencia de vapeo de primera clase. Gracias a un rendimiento de hasta 15.000 caladas, una clara pantalla LED para mostrar el nivel de bater\u00eda y l\u00edquido y un flujo de aire ajustable de forma continua, este dispositivo establece est\u00e1ndares claros en t\u00e9rminos de comodidad, idoneidad para el uso diario y durabilidad.<\/p>\n<p>Disfrute de la cautivadora interacci\u00f3n entre el caracter\u00edstico perfil de sabor y dulzor de la bebida de culto y el relajante golpe de fr\u00edo del sabor a hielo. Esta irresistible combinaci\u00f3n de nost\u00e1lgica experiencia de refresco y refrescante frialdad helada crea momentos de placer que liberan nueva energ\u00eda con cada sorbo y transforman incluso los agitados momentos cotidianos en un breve y agradable descanso. \u00a1D\u00e9jese inspirar completamente por el mundo helado de placer del Fumot Tornado 15000 Cola Ice!<\/p>\n<h2><strong>\ud83d\udca1 Caracter\u00edsticas centrales del producto<\/strong><\/h2>\n<ul>\n<li><strong>Hasta 15.000 trenes<\/strong> - para disfrutar durante mucho tiempo y sin interrupciones de los refrescantes hielos de cola.<\/li>\n<li><strong>Capacidad de 25 ml de e-l\u00edquido<\/strong> - Sabor de culto intenso y constante hasta la \u00faltima calada.<\/li>\n<li><strong>Cuatro concentraciones de nicotina<\/strong> - 0 %, 2 %, 3 % o 5 %, de libre elecci\u00f3n seg\u00fan las necesidades individuales.<\/li>\n<li><strong>Bater\u00eda de 850 mAh<\/strong> - carga f\u00e1cil y r\u00e1pidamente a trav\u00e9s de USB-C.<\/li>\n<li><strong>0,9 \u03a9 Bobina de malla<\/strong> - para un vapor con cuerpo y un desarrollo preciso del sabor a cola helada.<\/li>\n<li><strong>Flujo de aire ajustable<\/strong> - Resistencia a la tracci\u00f3n infinitamente ajustable para adaptarse a sus preferencias personales.<\/li>\n<li><strong>Pantalla LED y efectos luminosos<\/strong> - informativa en la vida cotidiana y contempor\u00e1nea en el dise\u00f1o.<\/li>\n<li><strong>43 sabores<\/strong> - una amplia gama para un disfrute variado del vapeo.<\/li>\n<\/ul>\n<h2><strong>\ud83d\udd0d \u00bfQu\u00e9 hace tan especial al Fumot Tornado 15000 Cola Ice?<\/strong><\/h2>\n<ul>\n<li>El caracter\u00edstico perfil de especias y caramelo de la bebida de culto se une a un vigorizante toque de helado: una combinaci\u00f3n de sabores atemporal para todos los vapeadores que desean combinar el encanto nost\u00e1lgico de los refrescos con un frescor refrescante en una experiencia de vapeo \u00fanica.<\/li>\n<li>La generosa capacidad de l\u00edquido de 25 ml y la fiable bater\u00eda de 850 mAh forman una base s\u00f3lida para una experiencia de vapeo diaria sin problemas: d\u00edas de disfrute de cola ice sin molestas pausas para rellenar o recargar, para que siempre saques el m\u00e1ximo partido a cada momento.<\/li>\n<li>Ya sea sin nicotina o con hasta 5 %, las cuatro variantes de potencia permiten una experiencia totalmente personalizada que se adapta sin esfuerzo a sus preferencias y h\u00e1bitos personales.<\/li>\n<li>La bobina de malla de 0,9 \u03a9 de alta calidad libera el sabor a cola helada con una intensidad y autenticidad excepcionales: nubes de vapor uniformemente densas y un sabor consistentemente fuerte convierten cada calada en un peque\u00f1o momento de refresco.<\/li>\n<\/ul>\n<h2><strong>\ud83c\udfc6 \u00bfPor qu\u00e9 elegir el Fumot Tornado 15000 Cola Ice?<\/strong><\/h2>\n<ul>\n<li>\u2705 <strong>Calidad excepcional de la marca Fumot:<\/strong> Como miembro probado de la estimada familia de productos RandM, el Fumot Tornado 15000 es sin\u00f3nimo de s\u00f3lida calidad de fabricaci\u00f3n, visi\u00f3n t\u00e9cnica y una experiencia de vapeo premium que no deja nada que desear.<\/li>\n<li>\ud83d\udd2c <strong>Excelencia t\u00e9cnica en la vida cotidiana:<\/strong> El sofisticado dise\u00f1o del Fumot Tornado 15000 establece nuevos est\u00e1ndares en el segmento de los vapeadores desechables y ofrece una experiencia de usuario que se caracteriza por su fiabilidad, facilidad de uso y rendimiento constante.<\/li>\n<li>\ud83d\ude0a <strong>Clientes satisfechos desde el principio:<\/strong> La alta calidad del vapor y la cuidadosa fabricaci\u00f3n hacen del Fumot Tornado 15000 la elecci\u00f3n preferida para cualquiera que desee una experiencia de vapeo fiable y agradable todos los d\u00edas.<\/li>\n<\/ul>\n<h3><strong>M\u00e1s productos e informaci\u00f3n<\/strong><\/h3>\n<p>Puede encontrar m\u00e1s productos vaping de primera clase directamente en <strong><a href=\"https:\/\/www.kurzvape.de\/es\/\">KurzVape - tu tienda online para disfrutar de un helado hormigueante<\/a><\/strong>. Toda la gama de la marca puede encontrarse en la <strong><a href=\"https:\/\/www.kurzvape.de\/es\/product-category\/fumot-vape\/\">P\u00e1gina de la gama de productos Fumot Vape<\/a><\/strong> claramente resumidos. Encontrar\u00e1 todas las variantes y tipos de esta popular gama de electrodom\u00e9sticos en el <strong><a href=\"https:\/\/www.kurzvape.de\/es\/product-category\/fumot-vape\/fumot-tornado-15000\/\">P\u00e1gina de descubrimiento de la variedad de hielo Fumot Tornado 15000<\/a><\/strong>.<\/p>","protected":false},"excerpt":{"rendered":"<p>Espumoso, fresco, irresistible: el Fumot Tornado 15000 Cola Ice es un cigarrillo electr\u00f3nico desechable con el caracter\u00edstico perfil de sabor de una bebida de culto y un vigorizante sabor a helado. Con 15.000 caladas, 25 ml de l\u00edquido, bater\u00eda USB-C y flujo de aire ajustable: puro placer de culto helado.<\/p>","protected":false},"featured_media":963,"comment_status":"open","ping_status":"closed","template":"","meta":{"_acf_changed":false},"product_brand":[],"product_cat":[23],"product_tag":[],"class_list":{"0":"post-960","1":"product","2":"type-product","3":"status-publish","4":"has-post-thumbnail","6":"product_cat-fumot-tornado-15000","8":"first","9":"instock","10":"sale","11":"shipping-taxable","12":"purchasable","13":"product-type-variable"},"acf":[],"_links":{"self":[{"href":"https:\/\/www.kurzvape.de\/es\/wp-json\/wp\/v2\/product\/960","targetHints":{"allow":["GET"]}}],"collection":[{"href":"https:\/\/www.kurzvape.de\/es\/wp-json\/wp\/v2\/product"}],"about":[{"href":"https:\/\/www.kurzvape.de\/es\/wp-json\/wp\/v2\/types\/product"}],"replies":[{"embeddable":true,"href":"https:\/\/www.kurzvape.de\/es\/wp-json\/wp\/v2\/comments?post=960"}],"wp:featuredmedia":[{"embeddable":true,"href":"https:\/\/www.kurzvape.de\/es\/wp-json\/wp\/v2\/media\/963"}],"wp:attachment":[{"href":"https:\/\/www.kurzvape.de\/es\/wp-json\/wp\/v2\/media?parent=960"}],"wp:term":[{"taxonomy":"product_brand","embeddable":true,"href":"https:\/\/www.kurzvape.de\/es\/wp-json\/wp\/v2\/product_brand?post=960"},{"taxonomy":"product_cat","embeddable":true,"href":"https:\/\/www.kurzvape.de\/es\/wp-json\/wp\/v2\/product_cat?post=960"},{"taxonomy":"product_tag","embeddable":true,"href":"https:\/\/www.kurzvape.de\/es\/wp-json\/wp\/v2\/product_tag?post=960"}],"curies":[{"name":"wp","href":"https:\/\/api.w.org\/{rel}","templated":true}]}}