{"id":977,"date":"2026-03-08T17:17:03","date_gmt":"2026-03-08T09:17:03","guid":{"rendered":"https:\/\/www.kurzvape.de\/?post_type=product&#038;p=977"},"modified":"2026-03-08T17:17:03","modified_gmt":"2026-03-08T09:17:03","slug":"fumot-digital-box-12000-bingo-crush","status":"publish","type":"product","link":"https:\/\/www.kurzvape.de\/es\/product\/fumot-digital-box-12000-bingo-crush\/","title":{"rendered":"Fumot Caja Digital 12000 Bingo Crush"},"content":{"rendered":"<h2><strong>Fumot Digital Box 12000 Bingo Crush vape desechable<\/strong><\/h2>\n<p>A veces no hace falta una gran ocasi\u00f3n, basta con el sabor adecuado que te ponga inmediatamente de buen humor. En <strong>Fumot Caja Digital 12000 Bingo Crush<\/strong> ofrece exactamente eso: un sabor juguet\u00f3n y afrutado que recuerda a los caramelos crujientes y dulces y convierte cada calada en un peque\u00f1o momento culminante del d\u00eda. Sin compromisos, sin medias tintas: puro placer que convence desde el principio.<\/p>\n<h2><strong>\ud83c\udfaf Fumot Digital Box 12000 Bingo Crush - Las caracter\u00edsticas m\u00e1s importantes de un vistazo.<\/strong><\/h2>\n<ul>\n<li>Juguet\u00f3n y dulce sabor a fruta con el inconfundible car\u00e1cter de Bingo Crush<\/li>\n<li>Exuberante <strong>20 ml de capacidad de e-l\u00edquido<\/strong> Para disfrutar del vapor durante mucho tiempo<\/li>\n<li>Hasta <strong>12.000 trenes<\/strong> - m\u00e1s duradero que cualquier otro dispositivo desechable de su clase<\/li>\n<li>Integrado <strong>Indicador LED de estado<\/strong> para una visi\u00f3n clara en todo momento<\/li>\n<li>Potente <strong>Bater\u00eda de 550 mAh<\/strong> - Totalmente recargable<\/li>\n<li>Potencia de nicotina seleccionable individualmente: <strong>0 % \/ 2 % \/ 3 % \/ 5 %<\/strong><\/li>\n<\/ul>\n<h2><strong>Dulce, afrutado, irresistible: el perfil de sabor de Bingo Crush<\/strong><\/h2>\n<ul>\n<li>Bingo Crush se despliega con un alegre dulzor afrutado que recuerda inmediatamente a caramelos de colores y limonadas chispeantes. La primera calada pone un acento alegre y con cuerpo, cautivador y desenfadado.<\/li>\n<li>La receta est\u00e1 equilibrada de tal manera que el dulzor nunca resulta pegajoso ni unidimensional. Por el contrario, el sabor se mantiene fresco y redondo, con un final ligeramente picante que deja con ganas de m\u00e1s.<\/li>\n<li>Cualquiera que ame la variedad y busque un sabor que contagie el buen humor encontrar\u00e1 en Bingo Crush el compa\u00f1ero perfecto, ya sea sobre la marcha, relaj\u00e1ndose o con amigos.<\/li>\n<\/ul>\n<h2><strong>\u00bfPor qu\u00e9 la Caja Digital Fumot 12000 Bingo Crush es la elecci\u00f3n correcta?<\/strong><\/h2>\n<ul>\n<li><strong>Resistencia inagotable:<\/strong> Con 20 ml de l\u00edquido y una autonom\u00eda de hasta 12.000 caladas, este dispositivo supera con creces las soluciones desechables convencionales, ideal para cualquiera que valore la fiabilidad.<\/li>\n<li><strong>Mant\u00e9n siempre una visi\u00f3n de conjunto:<\/strong> La ingeniosa pantalla LED le informa en todo momento del estado actual del aparato: se acabaron las dudas sobre el estado de la bater\u00eda o el nivel de llenado.<\/li>\n<li><strong>Lo correcto para todos:<\/strong> Cuatro niveles diferentes de nicotina hacen del Fumot Digital Box 12000 Bingo Crush una opci\u00f3n atractiva tanto para principiantes como para vapeadores experimentados.<\/li>\n<li><strong>Entrega fiable:<\/strong> Env\u00edo directo desde un almac\u00e9n alem\u00e1n: por lo general, su pedido llegar\u00e1 a casa en un plazo de 10 a 15 d\u00edas laborables.<\/li>\n<\/ul>\n<h2><strong>Comparaci\u00f3n de sabores: Bingo Crush en comparaci\u00f3n directa<\/strong><\/h2>\n<ul>\n<li><strong>Frente a lima lim\u00f3n:<\/strong> Menos c\u00edtrico y picante, pero mucho m\u00e1s dulce y juguet\u00f3n, Bingo Crush atrae a todos aquellos que prefieren los sabores de caramelo de frutas a los perfiles c\u00edtricos cl\u00e1sicos.<\/li>\n<li><strong>Comparado con Cool Mint:<\/strong> No hay sensaci\u00f3n refrescante de menta, sino una c\u00e1lida y acogedora dulzura afrutada: dos experiencias de vapor completamente distintas para estados de \u00e1nimo diferentes.<\/li>\n<li><strong>Comparado con Apple Berry Blast:<\/strong> Ambos sabores son afrutados y dulces, pero Bingo Crush destaca por su car\u00e1cter dulce \u00fanico, que lo distingue de las cl\u00e1sicas mezclas de frutas.<\/li>\n<li><strong>Comparado con la Frambuesa Bluesour:<\/strong> Sin notas de bayas \u00e1cidas: Bingo Crush se centra en un dulzor desenfadado sin el matiz agrio de la frambuesa.<\/li>\n<\/ul>\n<h2><strong>FAQ - Fumot Digital Box 12000 Bingo Crush<\/strong><\/h2>\n<p><strong>1. \u00bfC\u00f3mo describir\u00eda mejor el sabor de Bingo Crush?<\/strong><\/p>\n<p>\u27a1\ufe0f Afrutado, dulce y juguet\u00f3n, como una mezcla de caramelos de colores y una limonada espumosa. Con cuerpo, pero sin resultar abrumador.<\/p>\n<p><strong>2. \u00bfcu\u00e1ntas jugadas ofrece el Fumot Digital Box 12000 Bingo Crush?<\/strong><\/p>\n<p>\u27a1\ufe0f El dispositivo est\u00e1 dise\u00f1ado para un m\u00e1ximo de 12.000 caladas. Dependiendo de tu comportamiento de uso personal, puede durar de varios d\u00edas a varias semanas.<\/p>\n<p><strong>3. \u00bfPuedo disfrutar de Bingo Crush sin nicotina?<\/strong><\/p>\n<p>\u27a1\ufe0f S\u00ed, por supuesto. Puede elegir entre 0 %, 2 %, 3 % y 5 % de contenido de nicotina al comprar.<\/p>\n<p><strong>4. \u00bfEn cu\u00e1nto tiempo recibir\u00e9 mi pedido?<\/strong><\/p>\n<p>\u27a1\ufe0f Como la mercanc\u00eda se env\u00eda desde un almac\u00e9n alem\u00e1n, el plazo de entrega suele ser de 10-15 d\u00edas laborables.<\/p>\n<h2><strong>\ud83d\ude80 Buen humor en tama\u00f1o de bolsillo - Bingo Crush te est\u00e1 esperando<\/strong><\/h2>\n<p>El Fumot Digital Box 12000 Bingo Crush es la elecci\u00f3n ideal para cualquiera que quiera disfrutar de su experiencia de vapeo con una sonrisa. Afrutado, duradero y lleno de car\u00e1cter, este dispositivo aporta color a su vida cotidiana.<\/p>\n<h3><strong>Descubra lo m\u00e1s destacado<\/strong><\/h3>\n<p>\u00bfQuiere a\u00fan m\u00e1s? Eche un vistazo a toda la gama en <a href=\"https:\/\/www.kurzvape.de\/es\/\"><strong>kurzvape.de - la tienda online de vapes y cigarrillos electr\u00f3nicos<\/strong><\/a>. Encontrar\u00e1 una vista general completa de todos los productos Fumot en la p\u00e1gina <a href=\"https:\/\/www.kurzvape.de\/es\/product-category\/fumot-vape\/\"><strong>Categor\u00eda Fumot Vape - todos los dispositivos y sabores<\/strong><\/a>. Puede descubrir todos los sabores y versiones de este popular electrodom\u00e9stico directamente en el <a href=\"https:\/\/www.kurzvape.de\/es\/product-category\/fumot-vape\/fumot-digital-box-12000\/\"><strong>Fumot Digital Box 12000 Colecci\u00f3n completa<\/strong><\/a>.<\/p>","protected":false},"excerpt":{"rendered":"<p>El Fumot Digital Box 12000 Bingo Crush es un cigarrillo electr\u00f3nico desechable con un juguet\u00f3n sabor a fruta dulce, capacidad del dep\u00f3sito de 20 ml y hasta 12.000 caladas. Con bater\u00eda recargable de 550 mAh, pantalla LED y potencia de nicotina seleccionable (0-5 %) - entregado directamente desde un almac\u00e9n alem\u00e1n.<\/p>","protected":false},"featured_media":980,"comment_status":"open","ping_status":"closed","template":"","meta":{"_acf_changed":false},"product_brand":[],"product_cat":[22],"product_tag":[],"class_list":{"0":"post-977","1":"product","2":"type-product","3":"status-publish","4":"has-post-thumbnail","6":"product_cat-fumot-digital-box-12000","8":"first","9":"instock","10":"sale","11":"shipping-taxable","12":"purchasable","13":"product-type-variable"},"acf":[],"_links":{"self":[{"href":"https:\/\/www.kurzvape.de\/es\/wp-json\/wp\/v2\/product\/977","targetHints":{"allow":["GET"]}}],"collection":[{"href":"https:\/\/www.kurzvape.de\/es\/wp-json\/wp\/v2\/product"}],"about":[{"href":"https:\/\/www.kurzvape.de\/es\/wp-json\/wp\/v2\/types\/product"}],"replies":[{"embeddable":true,"href":"https:\/\/www.kurzvape.de\/es\/wp-json\/wp\/v2\/comments?post=977"}],"wp:featuredmedia":[{"embeddable":true,"href":"https:\/\/www.kurzvape.de\/es\/wp-json\/wp\/v2\/media\/980"}],"wp:attachment":[{"href":"https:\/\/www.kurzvape.de\/es\/wp-json\/wp\/v2\/media?parent=977"}],"wp:term":[{"taxonomy":"product_brand","embeddable":true,"href":"https:\/\/www.kurzvape.de\/es\/wp-json\/wp\/v2\/product_brand?post=977"},{"taxonomy":"product_cat","embeddable":true,"href":"https:\/\/www.kurzvape.de\/es\/wp-json\/wp\/v2\/product_cat?post=977"},{"taxonomy":"product_tag","embeddable":true,"href":"https:\/\/www.kurzvape.de\/es\/wp-json\/wp\/v2\/product_tag?post=977"}],"curies":[{"name":"wp","href":"https:\/\/api.w.org\/{rel}","templated":true}]}}