{"id":993,"date":"2026-03-08T20:52:17","date_gmt":"2026-03-08T12:52:17","guid":{"rendered":"https:\/\/www.kurzvape.de\/?post_type=product&#038;p=993"},"modified":"2026-03-08T20:52:18","modified_gmt":"2026-03-08T12:52:18","slug":"fumot-digital-box-12000-banana-ice","status":"publish","type":"product","link":"https:\/\/www.kurzvape.de\/es\/product\/fumot-digital-box-12000-banana-ice\/","title":{"rendered":"Fumot Digital Box 12000 Banana Ice"},"content":{"rendered":"<h2><strong>Fumot Digital Box 12000 Banana Ice vape desechable<\/strong><\/h2>\n<p>Cierre los ojos e imagine un pl\u00e1tano cremoso y maduro, jugoso, arom\u00e1tico y envuelto en un agradable frescor que eleva la experiencia del sabor a un nuevo nivel. El <strong>Fumot Digital Box 12000 Banana Ice<\/strong> combina sabores de frutas tropicales con un refrescante toque de helado: un contraste excitante y adictivo. No se trata de un sabor a pl\u00e1tano cualquiera, sino de una experiencia completa y con m\u00faltiples capas que impresiona con cada calada.<\/p>\n<h2><strong>\ud83c\udf4c Fumot Digital Box 12000 Banana Ice - Todas las caracter\u00edsticas de un vistazo.<\/strong><\/h2>\n<ul>\n<li>Cremoso y dulce sabor a pl\u00e1tano con un refrescante final a helado<\/li>\n<li>Generoso <strong>20 ml de capacidad de e-l\u00edquido<\/strong> Para disfrutar del vapor durante mucho tiempo<\/li>\n<li>Hasta <strong>12.000 trenes<\/strong> - para d\u00edas de disfrute ininterrumpido<\/li>\n<li>Pr\u00e1ctico <strong>Indicador LED de estado<\/strong> para una total transparencia al vapear<\/li>\n<li>Potente <strong>Bater\u00eda de 550 mAh<\/strong> - Totalmente recargable<\/li>\n<li>Potencia de nicotina seleccionable: <strong>0 % \/ 2 % \/ 3 % \/ 5 %<\/strong><\/li>\n<\/ul>\n<h2><strong>Tropical y helado: el perfil de sabor de Banana Ice<\/strong><\/h2>\n<ul>\n<li>El pl\u00e1tano se despliega desde el principio con su dulzor caracter\u00edstico y cremoso, suave y con cuerpo, como una fruta reci\u00e9n madura en su mejor momento. El sabor es c\u00e1lido, acogedor e inconfundible.<\/li>\n<li>El efecto del hielo aparece al final y confiere al perfil una ligereza sorprendente. El frescor suaviza la pesadez de la dulzura del pl\u00e1tano y garantiza que la experiencia general sea fresca y agradablemente ligera, nunca pesada ni empalagosa.<\/li>\n<li>La interacci\u00f3n de la fruta tropical y el acabado fresco hacen de Banana Ice un acompa\u00f1ante para todo el a\u00f1o: c\u00e1lido y refrescante al mismo tiempo, ideal para cualquiera que aprecie lo mejor de ambos mundos.<\/li>\n<\/ul>\n<h2><strong>\u00bfPor qu\u00e9 es tan impresionante el Fumot Digital Box 12000 Banana Ice?<\/strong><\/h2>\n<ul>\n<li><strong>Alcance m\u00e1ximo:<\/strong> Gracias al generoso dep\u00f3sito de 20 ml y al dise\u00f1o para hasta 12.000 caladas, las recargas frecuentes son cosa del pasado: este dispositivo cumple lo que promete.<\/li>\n<li><strong>Control total:<\/strong> La pantalla LED integrada te mantiene informado en todo momento sobre el nivel de bater\u00eda y el estado del dispositivo: pr\u00e1ctico, intuitivo e indispensable en el d\u00eda a d\u00eda.<\/li>\n<li><strong>Flexible para todos:<\/strong> Ya sea sin nicotina o con una potencia espec\u00edfica, las cuatro opciones de nicotina disponibles hacen que el dispositivo sea adecuado tanto para principiantes como para entendidos.<\/li>\n<li><strong>R\u00e1pidamente contigo:<\/strong> Se env\u00edan directamente desde un almac\u00e9n alem\u00e1n, por lo que normalmente recibir\u00e1 su pedido en un plazo de 10-15 d\u00edas laborables.<\/li>\n<\/ul>\n<h2><strong>Comparaci\u00f3n de sabores: comparaci\u00f3n directa del helado de pl\u00e1tano<\/strong><\/h2>\n<ul>\n<li><strong>Comparado con el Kiwi Ar\u00e1ndano:<\/strong> Sin contraste de bayas \u00e1cidas: Banana Ice se centra en el dulzor cremoso de la fruta con frescor en lugar de la interacci\u00f3n \u00e1cida de dos frutas.<\/li>\n<li><strong>Comparado con lima lim\u00f3n:<\/strong> Menos c\u00edtrico y picante, pero m\u00e1s suave y de car\u00e1cter m\u00e1s tropical, Banana Ice atrae a todos aquellos que prefieren un sabor afrutado con cuerpo.<\/li>\n<li><strong>Comparado con Bingo Crush:<\/strong> Ambas variedades son dulces, pero Banana Ice destaca por su perfil frutal m\u00e1s natural y el efecto refrescante a\u00f1adido que lo distingue de los sabores a caramelo.<\/li>\n<li><strong>Comparado con Cool Mint:<\/strong> Ambas variantes tienen un efecto refrescante, pero mientras que Cool Mint sigue siendo clara y mentolada, Banana Ice combina la frescura con una nota c\u00e1lida de frutas tropicales.<\/li>\n<\/ul>\n<h2><strong>FAQ - Fumot Digital Box 12000 Banana Ice<\/strong><\/h2>\n<p><strong>1. \u00bfSabe el Banana Ice artificial o natural?<\/strong><\/p>\n<p>\u27a1\ufe0f El sabor est\u00e1 equilibrado para reflejar aut\u00e9nticamente un pl\u00e1tano maduro y cremoso, sin dulzor exagerado ni regustos artificiales.<\/p>\n<p><strong>2. \u00bfcu\u00e1nto dura el Fumot Digital Box 12000 Banana Ice?<\/strong><\/p>\n<p>\u27a1\ufe0f Con hasta 12.000 caladas y un dep\u00f3sito de 20 ml, el dispositivo dura de varios d\u00edas a varias semanas, dependiendo de la intensidad de uso.<\/p>\n<p><strong>3. \u00bfhay tambi\u00e9n Banana Ice sin nicotina?<\/strong><\/p>\n<p>\u27a1\ufe0f Naturalmente. Al comprarlo, puede elegir entre 0 %, 2 %, 3 % y 5 % de contenido de nicotina, en funci\u00f3n de sus preferencias personales.<\/p>\n<p><strong>4 \u00bfDe d\u00f3nde es el env\u00edo?<\/strong><\/p>\n<p>\u27a1\ufe0f Su pedido se enviar\u00e1 directamente desde un almac\u00e9n alem\u00e1n. El plazo de entrega suele ser de 10-15 d\u00edas laborables.<\/p>\n<h2><strong>\ud83d\ude80 Un capricho tropical con un toque fresco: el helado de pl\u00e1tano ser\u00e1 tu pr\u00f3ximo favorito<\/strong><\/h2>\n<p>El Fumot Digital Box 12000 Banana Ice es la elecci\u00f3n perfecta para cualquiera que busque una experiencia de vapor cremosa y afrutada con un toque refrescante. Con cuerpo, larga duraci\u00f3n y un toque de exotismo, este dispositivo hace que cada momento sea especial.<\/p>\n<h3><strong>Seguir navegando<\/strong><\/h3>\n<p>\u00bfTienes curiosidad por conocer otros sabores y modelos? Toda la gama de vaporizadores te espera en <a href=\"https:\/\/www.kurzvape.de\/es\/\"><strong>kurzvape.de - Pida vapes y cigarrillos electr\u00f3nicos desechables c\u00f3modamente en l\u00ednea<\/strong><\/a>. Cualquiera que busque espec\u00edficamente productos Fumot encontrar\u00e1 lo que busca en el <a href=\"https:\/\/www.kurzvape.de\/es\/product-category\/fumot-vape\/\"><strong>Fumot Vape product world - Todos los dispositivos y sabores de un vistazo<\/strong><\/a> encuentre lo que busca. La selecci\u00f3n completa de este dispositivo, desde la potencia de nicotina hasta la variedad de sabores, se puede encontrar en la secci\u00f3n <a href=\"https:\/\/www.kurzvape.de\/es\/product-category\/fumot-vape\/fumot-digital-box-12000\/\"><strong>P\u00e1gina de Fumot Digital Box serie 12000 - Tu modelo, tu sabor<\/strong><\/a>.<\/p>","protected":false},"excerpt":{"rendered":"<p>El Fumot Digital Box 12000 Banana Ice es un cigarrillo electr\u00f3nico desechable con un cremoso sabor a pl\u00e1tano y acabado de hielo fr\u00edo, capacidad del dep\u00f3sito de 20 ml y hasta 12.000 caladas. Con bater\u00eda recargable de 550 mAh, pantalla LED y potencia de nicotina seleccionable (0-5 %) - entregado r\u00e1pidamente desde un almac\u00e9n alem\u00e1n.<\/p>","protected":false},"featured_media":994,"comment_status":"open","ping_status":"closed","template":"","meta":{"_acf_changed":false},"product_brand":[],"product_cat":[22],"product_tag":[],"class_list":{"0":"post-993","1":"product","2":"type-product","3":"status-publish","4":"has-post-thumbnail","6":"product_cat-fumot-digital-box-12000","8":"first","9":"instock","10":"sale","11":"shipping-taxable","12":"purchasable","13":"product-type-variable"},"acf":[],"_links":{"self":[{"href":"https:\/\/www.kurzvape.de\/es\/wp-json\/wp\/v2\/product\/993","targetHints":{"allow":["GET"]}}],"collection":[{"href":"https:\/\/www.kurzvape.de\/es\/wp-json\/wp\/v2\/product"}],"about":[{"href":"https:\/\/www.kurzvape.de\/es\/wp-json\/wp\/v2\/types\/product"}],"replies":[{"embeddable":true,"href":"https:\/\/www.kurzvape.de\/es\/wp-json\/wp\/v2\/comments?post=993"}],"wp:featuredmedia":[{"embeddable":true,"href":"https:\/\/www.kurzvape.de\/es\/wp-json\/wp\/v2\/media\/994"}],"wp:attachment":[{"href":"https:\/\/www.kurzvape.de\/es\/wp-json\/wp\/v2\/media?parent=993"}],"wp:term":[{"taxonomy":"product_brand","embeddable":true,"href":"https:\/\/www.kurzvape.de\/es\/wp-json\/wp\/v2\/product_brand?post=993"},{"taxonomy":"product_cat","embeddable":true,"href":"https:\/\/www.kurzvape.de\/es\/wp-json\/wp\/v2\/product_cat?post=993"},{"taxonomy":"product_tag","embeddable":true,"href":"https:\/\/www.kurzvape.de\/es\/wp-json\/wp\/v2\/product_tag?post=993"}],"curies":[{"name":"wp","href":"https:\/\/api.w.org\/{rel}","templated":true}]}}