{"id":264,"date":"2026-02-26T18:44:00","date_gmt":"2026-02-26T10:44:00","guid":{"rendered":"https:\/\/www.kurzvape.de\/?page_id=264"},"modified":"2026-02-26T18:44:02","modified_gmt":"2026-02-26T10:44:02","slug":"ueber-uns","status":"publish","type":"page","link":"https:\/\/www.kurzvape.de\/fr\/ueber-uns\/","title":{"rendered":"\u00c0 propos de nous"},"content":{"rendered":"<h1 class=\"wp-block-heading\">\u00c0 propos de nous<\/h1>\n\n\n\n<p>Bienvenue chez kurzvape - votre interlocuteur de confiance pour tout ce qui concerne les e-cigarettes jetables haut de gamme. Notre marque est synonyme de qualit\u00e9 sup\u00e9rieure, de d\u00e9veloppement continu et d'une exp\u00e9rience de vapotage sans pareille. Chez kurzvape, nous nous sommes engag\u00e9s \u00e0 combiner la meilleure qualit\u00e9 de produit avec la technologie la plus moderne pour vous offrir une exp\u00e9rience gustative exceptionnelle.<\/p>\n\n\n\n<p>Notre assortiment comprend une s\u00e9lection soigneusement \u00e9tablie de marques de cigarettes \u00e9lectroniques de premier plan, dont Fumot\/Randm Tornado, Bang Vape, JNR Vape, Vapme Vape, Elf Box Vape, AL FAKHER VAPE, UWIN VAPE, Waspe Vape et Vozol Vape. Nos clients b\u00e9n\u00e9ficient de conditions de vente en gros int\u00e9ressantes. Tous les produits propos\u00e9s sont des produits originaux certifi\u00e9s - pour une s\u00e9curit\u00e9 de qualit\u00e9 maximale et une exp\u00e9rience d'achat en toute s\u00e9r\u00e9nit\u00e9. Que vous soyez d\u00e9taillant ou acheteur en gros, kurzvape est le partenaire sur lequel vous pouvez compter.<\/p>\n\n\n\n<p>Notre succ\u00e8s repose sur une compr\u00e9hension approfondie des attentes et des souhaits de notre client\u00e8le ainsi que sur une volont\u00e9 constante de nous d\u00e9velopper. Nos \u00e9quipes de recherche et de d\u00e9veloppement travaillent en permanence \u00e0 la conception de produits qui r\u00e9pondent aux exigences de qualit\u00e9 et de s\u00e9curit\u00e9 les plus strictes. Nous prenons le feedback de nos clients au s\u00e9rieux - c'est la base sur laquelle nous affinons constamment notre offre et l'adaptons aux besoins changeants du march\u00e9.<\/p>\n\n\n\n<p>kurzvape se consid\u00e8re comme plus qu'un simple fabricant de mat\u00e9riel de vape - nous sommes synonymes d'une exp\u00e9rience de vapotage globale. Nos vaporisateurs jetables ont \u00e9t\u00e9 d\u00e9velopp\u00e9s avec le plus grand soin afin de vous garantir un plaisir au plus haut niveau. Qu'il s'agisse d'ar\u00f4mes de fruits rafra\u00eechissants ou de notes de tabac classiques, vous trouverez \u00e0 coup s\u00fbr dans notre assortiment vari\u00e9 le produit qui r\u00e9pondra non seulement \u00e0 vos attentes, mais qui les d\u00e9passera.<\/p>\n\n\n\n<p>Notre exigence de qualit\u00e9 se refl\u00e8te \u00e9galement dans notre usine de production ultramoderne, dans laquelle chaque produit kurzvape est fabriqu\u00e9 avec la plus grande pr\u00e9cision et le plus grand soin. Le d\u00e9veloppement durable et une gestion responsable de l'environnement ne sont pas des questions secondaires pour nous - nos vapes jetables sont con\u00e7ues dans le respect de l'environnement et r\u00e9pondent aux normes environnementales actuellement en vigueur.<\/p>\n\n\n\n<p>Nous appr\u00e9cions la confiance que vous accordez \u00e0 kurzvape et nous nous r\u00e9jouissons de vous accompagner dans votre parcours personnel de vapoteur. D\u00e9couvrez le monde de kurzvape - o\u00f9 qualit\u00e9, progr\u00e8s et exp\u00e9riences gustatives inoubliables ne font qu'un.<\/p>\n\n\n\n<p>Votre \u00e9quipe kurzvape E-mail : kurzvape@proton.me<\/p>","protected":false},"excerpt":{"rendered":"<p>\u00dcber uns Herzlich willkommen bei kurzvape \u2013 Ihrem vertrauensw\u00fcrdigen Ansprechpartner rund um Premium-Einweg-E-Zigaretten. Unsere Marke steht f\u00fcr erstklassige Qualit\u00e4t, kontinuierliche Weiterentwicklung und ein Dampferlebnis, das seinesgleichen sucht. Bei kurzvape haben wir uns dem Ziel verschrieben, h\u00f6chste Produktqualit\u00e4t mit modernster Technologie zu vereinen und Ihnen damit ein au\u00dfergew\u00f6hnliches Geschmackserlebnis zu bieten. Unser Sortiment umfasst eine sorgf\u00e4ltig [&#8230;]\n","protected":false},"author":1,"featured_media":0,"parent":0,"menu_order":0,"comment_status":"closed","ping_status":"closed","template":"","meta":{"_acf_changed":false,"footnotes":""},"class_list":["post-264","page","type-page","status-publish","hentry"],"acf":[],"_links":{"self":[{"href":"https:\/\/www.kurzvape.de\/fr\/wp-json\/wp\/v2\/pages\/264","targetHints":{"allow":["GET"]}}],"collection":[{"href":"https:\/\/www.kurzvape.de\/fr\/wp-json\/wp\/v2\/pages"}],"about":[{"href":"https:\/\/www.kurzvape.de\/fr\/wp-json\/wp\/v2\/types\/page"}],"author":[{"embeddable":true,"href":"https:\/\/www.kurzvape.de\/fr\/wp-json\/wp\/v2\/users\/1"}],"replies":[{"embeddable":true,"href":"https:\/\/www.kurzvape.de\/fr\/wp-json\/wp\/v2\/comments?post=264"}],"version-history":[{"count":0,"href":"https:\/\/www.kurzvape.de\/fr\/wp-json\/wp\/v2\/pages\/264\/revisions"}],"wp:attachment":[{"href":"https:\/\/www.kurzvape.de\/fr\/wp-json\/wp\/v2\/media?parent=264"}],"curies":[{"name":"wp","href":"https:\/\/api.w.org\/{rel}","templated":true}]}}