{"id":266,"date":"2026-02-26T18:47:44","date_gmt":"2026-02-26T10:47:44","guid":{"rendered":"https:\/\/www.kurzvape.de\/?page_id=266"},"modified":"2026-02-26T18:47:46","modified_gmt":"2026-02-26T10:47:46","slug":"versand-und-lieferung","status":"publish","type":"page","link":"https:\/\/www.kurzvape.de\/fr\/versand-und-lieferung\/","title":{"rendered":"Exp\u00e9dition et livraison"},"content":{"rendered":"<h1 class=\"wp-block-heading\">Exp\u00e9dition et livraison - kurzvape<\/h1>\n\n\n\n<p><strong>Traitement des commandes et d\u00e9lai d'exp\u00e9dition :<\/strong> Les commandes re\u00e7ues sont trait\u00e9es et exp\u00e9di\u00e9es dans un d\u00e9lai de 1 \u00e0 3 jours ouvrables. Le d\u00e9lai de livraison pr\u00e9vu est de 10 \u00e0 15 jours ouvrables. Il n'y a pas d'exp\u00e9dition le samedi et le dimanche.<\/p>\n\n\n\n<p><strong>Suivi des colis :<\/strong> D\u00e8s que votre commande est exp\u00e9di\u00e9e, nous vous envoyons un e-mail avec les informations de suivi correspondantes. Veuillez noter que cela peut prendre 1 \u00e0 2 jours pour que les informations de suivi soient mises \u00e0 jour sur le site de suivi concern\u00e9.<\/p>\n\n\n\n<p><strong>Annulations et adaptations d'adresses :<\/strong> Tant que votre commande n'a pas \u00e9t\u00e9 exp\u00e9di\u00e9e, vous pouvez \u00e0 tout moment l'annuler ou faire modifier l'adresse de livraison. Une fois l'envoi effectu\u00e9, il n'est plus possible de proc\u00e9der \u00e0 des remboursements ou \u00e0 des changements d'adresse ult\u00e9rieurs.<\/p>\n\n\n\n<p><strong>Exp\u00e9dition DDP (Delivery Duty Paid - livraison d\u00e9douan\u00e9e) :<\/strong> Pour un certain nombre de pays, nous proposons le mode d'exp\u00e9dition DDP. Cela signifie pour vous : pas de d\u00e9douanement autonome, pas de droits d'importation \u00e0 payer. Les r\u00e9gions suivantes sont livr\u00e9es par cette voie :<\/p>\n\n\n\n<ul class=\"wp-block-list\">\n<li><strong>Grande-Bretagne :<\/strong> Express DPD local - d\u00e9lai de livraison 7-12 jours<\/li>\n\n\n\n<li><strong>Europe :<\/strong> UPS \/ DPD \/ DHL Express - d\u00e9lai de livraison 10-15 jours<\/li>\n<\/ul>\n\n\n\n<p><strong>Pays europ\u00e9ens avec envoi DDP :<\/strong> Allemagne, Belgique, Luxembourg, Pays-Bas, R\u00e9publique tch\u00e8que, Pologne, Croatie, Slovaquie, Slov\u00e9nie, Finlande, Danemark, Su\u00e8de, Autriche, France, Italie, Hongrie, Bulgarie, Lituanie, Estonie, Lettonie, Gr\u00e8ce, Irlande, Portugal et Espagne.<\/p>\n\n\n\n<p>Le d\u00e9lai de livraison effectif d\u00e9pend du pays de destination et de la m\u00e9thode d'exp\u00e9dition choisie. Pour tous les pays europ\u00e9ens mentionn\u00e9s, le d\u00e9lai de livraison est de 8 \u00e0 13 jours.<\/p>","protected":false},"excerpt":{"rendered":"<p>Versand und Lieferung \u2013 kurzvape Auftragsbearbeitung und Versanddauer: Eingegangene Bestellungen werden innerhalb von 1 bis 3 Werktagen bearbeitet und auf den Weg gebracht. Die voraussichtliche Zustelldauer liegt bei 10 bis 15 Werktagen. An Samstagen und Sonntagen findet kein Versand statt. Paketnachverfolgung: Sobald Ihre Bestellung versandt wurde, schicken wir Ihnen eine E-Mail mit den entsprechenden Tracking-Daten [&#8230;]\n","protected":false},"author":1,"featured_media":0,"parent":0,"menu_order":0,"comment_status":"closed","ping_status":"closed","template":"","meta":{"_acf_changed":false,"footnotes":""},"class_list":["post-266","page","type-page","status-publish","hentry"],"acf":[],"_links":{"self":[{"href":"https:\/\/www.kurzvape.de\/fr\/wp-json\/wp\/v2\/pages\/266","targetHints":{"allow":["GET"]}}],"collection":[{"href":"https:\/\/www.kurzvape.de\/fr\/wp-json\/wp\/v2\/pages"}],"about":[{"href":"https:\/\/www.kurzvape.de\/fr\/wp-json\/wp\/v2\/types\/page"}],"author":[{"embeddable":true,"href":"https:\/\/www.kurzvape.de\/fr\/wp-json\/wp\/v2\/users\/1"}],"replies":[{"embeddable":true,"href":"https:\/\/www.kurzvape.de\/fr\/wp-json\/wp\/v2\/comments?post=266"}],"version-history":[{"count":0,"href":"https:\/\/www.kurzvape.de\/fr\/wp-json\/wp\/v2\/pages\/266\/revisions"}],"wp:attachment":[{"href":"https:\/\/www.kurzvape.de\/fr\/wp-json\/wp\/v2\/media?parent=266"}],"curies":[{"name":"wp","href":"https:\/\/api.w.org\/{rel}","templated":true}]}}