{"id":273,"date":"2026-02-26T18:59:12","date_gmt":"2026-02-26T10:59:12","guid":{"rendered":"https:\/\/www.kurzvape.de\/?page_id=273"},"modified":"2026-02-26T18:59:14","modified_gmt":"2026-02-26T10:59:14","slug":"nutzungsbedingungen","status":"publish","type":"page","link":"https:\/\/www.kurzvape.de\/fr\/nutzungsbedingungen\/","title":{"rendered":"Conditions d'utilisation"},"content":{"rendered":"<h1 class=\"wp-block-heading\">Conditions d'utilisation - kurzvape<\/h1>\n\n\n\n<p>Bienvenue chez kurzvape ! Avant d'utiliser notre site web, nous vous prions de lire attentivement les pr\u00e9sentes conditions g\u00e9n\u00e9rales. En acc\u00e9dant \u00e0 notre site web et en l'utilisant, vous acceptez de vous conformer aux r\u00e8gles suivantes ainsi qu'\u00e0 toutes les dispositions l\u00e9gales applicables. Si vous n'\u00eates pas d'accord avec ces conditions, nous vous prions de ne pas utiliser notre site web. En concluant un achat, vous acceptez de mani\u00e8re contraignante ces conditions g\u00e9n\u00e9rales de vente, ainsi que nos directives concernant l'exp\u00e9dition, les retours et la garantie.<\/p>\n\n\n\n<h2 class=\"wp-block-heading\">Commandes internationales<\/h2>\n\n\n\n<p>kurzvape op\u00e8re dans le monde entier avec son si\u00e8ge social \u00e0 Hong Kong. Les clients r\u00e9sidant en dehors de Hong Kong sont consid\u00e9r\u00e9s comme des acheteurs internationaux. Avant de passer une commande, nous vous recommandons de vous renseigner sur les r\u00e9glementations en vigueur dans votre pays concernant la possession, l'importation et l'utilisation de produits de vapotage. Des conditions suppl\u00e9mentaires peuvent s'appliquer \u00e0 certains pays et sont d\u00e9crites plus en d\u00e9tail dans notre politique d'exp\u00e9dition, de retour et de garantie.<\/p>\n\n\n\n<h2 class=\"wp-block-heading\">Droit d'auteur<\/h2>\n\n\n\n<p>Tous les contenus de ce site web - dont les textes, les graphiques et le code de programmation - sont la propri\u00e9t\u00e9 de kurzvape en tant qu'\u0153uvre collective prot\u00e9g\u00e9e par les droits d'auteur. Copyright 2022, kurzvape. Tous droits r\u00e9serv\u00e9s. La copie \u00e9lectronique ou l'impression de parties du site web est autoris\u00e9e uniquement dans le but de passer une commande ou d'acheter des produits kurzvape. Toute autre utilisation - y compris la reproduction, la diffusion ou la transmission de contenus - est interdite sans l'autorisation \u00e9crite expresse de kurzvape Inc.<\/p>\n\n\n\n<h2 class=\"wp-block-heading\">Droits de marque<\/h2>\n\n\n\n<p>Toutes les marques commerciales, marques de service et noms commerciaux qui apparaissent sur ce site sont la propri\u00e9t\u00e9 exclusive de kurzvape.<\/p>\n\n\n\n<h2 class=\"wp-block-heading\">Clause de non-responsabilit\u00e9 pour les garanties<\/h2>\n\n\n\n<p>Notre site web ainsi que tous les mat\u00e9riaux et produits qui y sont propos\u00e9s sont mis \u00e0 disposition en l'\u00e9tat, sans aucune garantie expresse ou implicite. kurzvape exclut express\u00e9ment toute garantie, y compris, mais sans s'y limiter, les garanties de qualit\u00e9 marchande, d'ad\u00e9quation \u00e0 un usage particulier et de non-violation des droits de tiers. Nous ne garantissons pas que les fonctions du site web seront ininterrompues ou exemptes d'erreurs, que les d\u00e9fauts seront corrig\u00e9s ou que le site web sera exempt de virus ou d'autres \u00e9l\u00e9ments nuisibles. De m\u00eame, nous ne garantissons pas l'exactitude, l'exhaustivit\u00e9 ou la fiabilit\u00e9 des informations mises \u00e0 disposition.<\/p>\n\n\n\n<h2 class=\"wp-block-heading\">Limitation de responsabilit\u00e9<\/h2>\n\n\n\n<p>kurzvape n'est pas responsable des dommages particuliers ou cons\u00e9cutifs r\u00e9sultant de l'utilisation ou de l'impossibilit\u00e9 d'utiliser le mat\u00e9riel ou les produits disponibles sur ce site Internet - m\u00eame si l'attention a \u00e9t\u00e9 attir\u00e9e sur les cons\u00e9quences possibles des dommages. Certaines juridictions n'autorisent pas l'exclusion ou la limitation de la responsabilit\u00e9 pour les dommages indirects ou cons\u00e9cutifs, il se peut donc que la limitation ci-dessus ne s'applique pas \u00e0 vous.<\/p>\n\n\n\n<h2 class=\"wp-block-heading\">Fin<\/h2>\n\n\n\n<p>Ces conditions s'appliquent \u00e0 tous les utilisateurs qui visitent, s'inscrivent ou ach\u00e8tent sur le site. kurzvape se r\u00e9serve le droit de mettre fin \u00e0 tout ou partie de ces conditions \u00e0 tout moment et sans pr\u00e9avis. Les dispositions relatives aux droits d'auteur, aux droits des marques, \u00e0 l'exclusion de garantie, \u00e0 la limitation de responsabilit\u00e9, \u00e0 l'exon\u00e9ration et aux autres dispositions g\u00e9n\u00e9rales ne sont pas affect\u00e9es par une telle r\u00e9siliation et conservent leur validit\u00e9.<\/p>\n\n\n\n<h2 class=\"wp-block-heading\">Notifications<\/h2>\n\n\n\n<p>kurzvape est en droit de vous envoyer des communications par e-mail, par le biais d'annonces g\u00e9n\u00e9rales sur le site web ou par d'autres moyens de communication fiables en utilisant les coordonn\u00e9es que vous avez fournies.<\/p>\n\n\n\n<h2 class=\"wp-block-heading\">Dispositions g\u00e9n\u00e9rales<\/h2>\n\n\n\n<p>Les pr\u00e9sentes conditions sont r\u00e9gies par le droit de Hong Kong, \u00e0 l'exclusion de ses r\u00e8gles de conflit de lois. Tout litige d\u00e9coulant des pr\u00e9sentes conditions doit \u00eatre port\u00e9 devant les tribunaux comp\u00e9tents de Hong Kong. Les r\u00e9clamations doivent \u00eatre port\u00e9es en justice dans un d\u00e9lai d'un an \u00e0 compter de leur naissance. La renonciation par kurzvape \u00e0 l'application de certaines dispositions des pr\u00e9sentes Conditions ne constitue pas une renonciation juridique permanente. kurzvape est en droit de c\u00e9der ses droits et obligations d\u00e9coulant des pr\u00e9sentes Conditions \u00e0 des tiers sans notification pr\u00e9alable.<\/p>\n\n\n\n<h2 class=\"wp-block-heading\">Comportement d'utilisation sur le site web<\/h2>\n\n\n\n<p>Il est express\u00e9ment interdit d'adopter un comportement harcelant ou inappropri\u00e9 envers d'autres utilisateurs sur notre site. Les utilisateurs ne sont pas autoris\u00e9s \u00e0 t\u00e9l\u00e9charger des contenus choquants ou \u00e0 faire de la publicit\u00e9 pour des services commerciaux de tiers sur la plate-forme. kurzvape se r\u00e9serve le droit de bloquer ou de supprimer tout contenu qui enfreint ces conditions.<\/p>\n\n\n\n<h2 class=\"wp-block-heading\">Clause de non-responsabilit\u00e9 pour les contenus g\u00e9n\u00e9r\u00e9s par les utilisateurs<\/h2>\n\n\n\n<p>kurzvape n'assume aucune responsabilit\u00e9 pour les contenus g\u00e9n\u00e9r\u00e9s par les utilisateurs qui apparaissent sur le site. Dans ce contexte, nous agissons uniquement en tant que plateforme de diffusion et nous nous r\u00e9servons le droit de supprimer tout contenu inappropri\u00e9, \u00e0 notre enti\u00e8re discr\u00e9tion.<\/p>\n\n\n\n<h2 class=\"wp-block-heading\">Utilisation du produit<\/h2>\n\n\n\n<p>kurzvape ne donne aucune indication sur l'efficacit\u00e9 de ses produits pour des applications sp\u00e9cifiques. L'utilisation de tous les produits se fait exclusivement aux risques et p\u00e9rils de l'acheteur. Les produits contenant de la nicotine sont exclusivement destin\u00e9s aux adultes. Il est recommand\u00e9 de demander un avis m\u00e9dical avant d'utiliser des produits contenant de la nicotine.<\/p>\n\n\n\n<h2 class=\"wp-block-heading\">Exemption<\/h2>\n\n\n\n<p>En utilisant notre site Internet, vous acceptez d'indemniser kurzvape et ses prestataires de services de toutes les pertes, dommages, co\u00fbts et d\u00e9penses r\u00e9sultant d'une violation des pr\u00e9sentes conditions d'utilisation ou d'activit\u00e9s connexes via votre compte d'utilisateur.<\/p>\n\n\n\n<h2 class=\"wp-block-heading\">R\u00e9f\u00e9rences \u00e0 des fournisseurs tiers<\/h2>\n\n\n\n<p>Afin d'am\u00e9liorer l'exp\u00e9rience d'utilisation, kurzvape peut fournir des liens vers des sites externes. Ces sites ne sont pas sous le contr\u00f4le de kurzvape ; nous n'assumons donc aucune responsabilit\u00e9 quant \u00e0 leur contenu ou leurs pratiques.<\/p>\n\n\n\n<h2 class=\"wp-block-heading\">Exclusions li\u00e9es au produit<\/h2>\n\n\n\n<p>Certains produits peuvent faire l'objet d'exclusions sp\u00e9cifiques concernant le droit de retour ou d'\u00e9change. Nous vous recommandons de v\u00e9rifier attentivement toutes les restrictions sp\u00e9cifiques aux produits avant de proc\u00e9der \u00e0 l'achat. En acceptant ces conditions g\u00e9n\u00e9rales de vente lors du passage en caisse, vous confirmez avoir pris connaissance et compris toutes les exclusions applicables \u00e0 votre achat.<\/p>\n\n\n\n<p>Nous vous remercions de votre confiance en kurzvape !<\/p>","protected":false},"excerpt":{"rendered":"<p>Nutzungsbedingungen \u2013 kurzvape Herzlich willkommen bei kurzvape! Bevor Sie unsere Website in Anspruch nehmen, bitten wir Sie, diese Allgemeinen Gesch\u00e4ftsbedingungen aufmerksam zu lesen. Indem Sie auf unsere Website zugreifen und sie nutzen, erkl\u00e4ren Sie sich damit einverstanden, die nachfolgenden Regelungen sowie alle anwendbaren gesetzlichen Bestimmungen zu befolgen. Sollten Sie mit diesen Bedingungen nicht einverstanden sein, [&#8230;]\n","protected":false},"author":1,"featured_media":0,"parent":0,"menu_order":0,"comment_status":"closed","ping_status":"closed","template":"","meta":{"_acf_changed":false,"footnotes":""},"class_list":["post-273","page","type-page","status-publish","hentry"],"acf":[],"_links":{"self":[{"href":"https:\/\/www.kurzvape.de\/fr\/wp-json\/wp\/v2\/pages\/273","targetHints":{"allow":["GET"]}}],"collection":[{"href":"https:\/\/www.kurzvape.de\/fr\/wp-json\/wp\/v2\/pages"}],"about":[{"href":"https:\/\/www.kurzvape.de\/fr\/wp-json\/wp\/v2\/types\/page"}],"author":[{"embeddable":true,"href":"https:\/\/www.kurzvape.de\/fr\/wp-json\/wp\/v2\/users\/1"}],"replies":[{"embeddable":true,"href":"https:\/\/www.kurzvape.de\/fr\/wp-json\/wp\/v2\/comments?post=273"}],"version-history":[{"count":0,"href":"https:\/\/www.kurzvape.de\/fr\/wp-json\/wp\/v2\/pages\/273\/revisions"}],"wp:attachment":[{"href":"https:\/\/www.kurzvape.de\/fr\/wp-json\/wp\/v2\/media?parent=273"}],"curies":[{"name":"wp","href":"https:\/\/api.w.org\/{rel}","templated":true}]}}