{"id":1185,"date":"2026-03-11T17:44:31","date_gmt":"2026-03-11T09:44:31","guid":{"rendered":"https:\/\/www.kurzvape.de\/?post_type=product&#038;p=1185"},"modified":"2026-03-11T17:44:31","modified_gmt":"2026-03-11T09:44:31","slug":"fumot-tornado-20000-pina-colada","status":"publish","type":"product","link":"https:\/\/www.kurzvape.de\/fr\/product\/fumot-tornado-20000-pina-colada\/","title":{"rendered":"Fumot Tornado 20000 Pina Colada"},"content":{"rendered":"<div id=\"model-response-message-contentr_7ca45779f84603c0\" class=\"markdown markdown-main-panel stronger enable-updated-hr-color\" dir=\"ltr\" aria-live=\"polite\" aria-busy=\"false\">\n<div id=\"model-response-message-contentr_a4ca3944657bd177\" class=\"markdown markdown-main-panel stronger enable-updated-hr-color\" dir=\"ltr\" aria-live=\"polite\" aria-busy=\"false\">\n<h2 data-path-to-node=\"9\"><strong>Fumot Tornado 20000 Pina Colada Vaporisateur jetable<\/strong><\/h2>\n<p data-path-to-node=\"10\">D\u00e9couvre avec le <b data-path-to-node=\"10\" data-index-in-node=\"15\">Fumot Tornado 20000 Pina Colada<\/b> l'ultime sensation de vacances \u00e0 mettre dans la poche. Cette vari\u00e9t\u00e9 combine la douceur onctueuse du lait de coco et la douceur p\u00e9tillante de l'ananas m\u00fbri au soleil. Le r\u00e9sultat est une exp\u00e9rience de vapotage exotique, compl\u00e9t\u00e9e par une fra\u00eecheur subtile - un m\u00e9lange harmonieux qui garantit des moments carib\u00e9ens \u00e0 chaque bouff\u00e9e.<\/p>\n<h2 data-path-to-node=\"11\"><strong>L'excellence technologique rencontre l'ar\u00f4me tropical<\/strong><\/h2>\n<p data-path-to-node=\"12\">Le site <b data-path-to-node=\"12\" data-index-in-node=\"4\">Fumot Tornado 20000 Pina Colada<\/b> marque le sommet du d\u00e9veloppement actuel de la vape au sein de la c\u00e9l\u00e8bre famille RandM. Ce mod\u00e8le a \u00e9t\u00e9 con\u00e7u pour les vapoteurs qui attachent de l'importance \u00e0 la pr\u00e9cision technologique et \u00e0 l'esth\u00e9tique du bo\u00eetier. Ceux qui ne veulent pas faire de compromis sur l'ar\u00f4me et la long\u00e9vit\u00e9 trouveront ici leur match id\u00e9al.<\/p>\n<p data-path-to-node=\"13\">\u00c9quip\u00e9 d'un d\u00e9p\u00f4t de liquide de 20 ml, le <b data-path-to-node=\"13\" data-index-in-node=\"57\">Fumot Tornado 20000 Pina Colada<\/b> jusqu'\u00e0 20 000 bouff\u00e9es. La technologie avanc\u00e9e Dual-Mesh-Coil garantit que le go\u00fbt reste pur de la premi\u00e8re \u00e0 la derni\u00e8re seconde. Le panneau OLED int\u00e9gr\u00e9 te permet de voir clairement l'\u00e9tat de ton appareil \u00e0 tout moment.<\/p>\n<p data-path-to-node=\"15\">L'\u00e9cran num\u00e9rique sur le <b data-path-to-node=\"15\" data-index-in-node=\"24\">Fumot Tornado 20000 Pina Colada<\/b> assure une transparence maximale. Gr\u00e2ce \u00e0 l'affichage en temps r\u00e9el de la capacit\u00e9 de la batterie et de la r\u00e9serve de liquide, les pannes soudaines appartiennent au pass\u00e9. Tu peux ainsi planifier ton moment de plaisir tropical en toute s\u00e9r\u00e9nit\u00e9.<\/p>\n<h2 data-path-to-node=\"16\"><strong>\ud83d\udee0\ufe0f Points forts techniques en un coup d'\u0153il :<\/strong><\/h2>\n<ul>\n<li data-path-to-node=\"17,0,0\"><b data-path-to-node=\"17,0,0\" data-index-in-node=\"0\">\ud83d\udca8 Capacit\u00e9 de traction<\/b> - Le <b data-path-to-node=\"17,0,0\" data-index-in-node=\"22\">Fumot Tornado 20000 Pina Colada<\/b> offre jusqu'\u00e0 20 000 bouff\u00e9es riches en go\u00fbt.<\/li>\n<li data-path-to-node=\"17,1,0\"><b data-path-to-node=\"17,1,0\" data-index-in-node=\"0\">\ud83e\uddea Volume d'e-liquide<\/b> - 20 ml de liquide premium pr\u00e9-rempli pour un plaisir de longue dur\u00e9e.<\/li>\n<li data-path-to-node=\"17,2,0\"><b data-path-to-node=\"17,2,0\" data-index-in-node=\"0\">\ud83d\udd0b Puissance de la batterie<\/b> - Cellule rechargeable de 850 mAh via le port moderne Type-C.<\/li>\n<li data-path-to-node=\"17,3,0\"><b data-path-to-node=\"17,3,0\" data-index-in-node=\"0\">\ud83c\udf9b\ufe0f Interface intelligente<\/b> - \u00c9cran OLED haute r\u00e9solution pour des contr\u00f4les d'\u00e9tat pr\u00e9cis.<\/li>\n<li data-path-to-node=\"17,4,0\"><b data-path-to-node=\"17,4,0\" data-index-in-node=\"0\">\ud83c\udf00 \u00c9l\u00e9ment de chauffage<\/b> - Bobine Dual Mesh pour une densit\u00e9 de vapeur et une puret\u00e9 optimis\u00e9es.<\/li>\n<li data-path-to-node=\"17,5,0\"><b data-path-to-node=\"17,5,0\" data-index-in-node=\"0\">\u26a1 Taux de nicotine<\/b> - Choix flexible pour tes besoins individuels.<\/li>\n<\/ul>\n<h2 data-path-to-node=\"11\"><strong>Pourquoi le Fumot Tornado 20000 Pina Colada est-il convaincant ?<\/strong><\/h2>\n<ul>\n<li data-path-to-node=\"12,0,0\"><b data-path-to-node=\"12,0,0\" data-index-in-node=\"0\">Aper\u00e7u pr\u00e9cis de l'\u00e9tat :<\/b> L'\u00e9cran OLED int\u00e9gr\u00e9 te fournit imm\u00e9diatement toutes les donn\u00e9es pertinentes, ce qui garantit une exp\u00e9rience de vapotage transparente et sans souci.<\/li>\n<li data-path-to-node=\"12,1,0\"><b data-path-to-node=\"12,1,0\" data-index-in-node=\"0\">P\u00e9riode d'utilisation extr\u00eame :<\/b> Avec 20 ml de liquide et le nombre \u00e9lev\u00e9 de bouff\u00e9es, l'appareil est con\u00e7u pour une long\u00e9vit\u00e9 maximale - id\u00e9al pour les d\u00e9placements et l'utilisation quotidienne.<\/li>\n<li data-path-to-node=\"12,2,0\"><b data-path-to-node=\"12,2,0\" data-index-in-node=\"0\">Qualit\u00e9 gustative constante :<\/b> Gr\u00e2ce \u00e0 la structure de surface optimis\u00e9e des Dual Mesh Coils, l'ar\u00f4me de la Pina Colada reste toujours cors\u00e9 et ne perd pas en profondeur, m\u00eame apr\u00e8s de nombreuses bouff\u00e9es.<\/li>\n<li data-path-to-node=\"12,3,0\"><b data-path-to-node=\"12,3,0\" data-index-in-node=\"0\">Originalit\u00e9 garantie :<\/b> En tant que produit certifi\u00e9 de la ligne Fumot, l'appareil est synonyme des normes de s\u00e9curit\u00e9 les plus \u00e9lev\u00e9es et d'un traitement des mat\u00e9riaux de premi\u00e8re classe.<\/li>\n<\/ul>\n<h2 data-path-to-node=\"13\"><strong>Exotique, cr\u00e9meux &amp; irr\u00e9sistible<\/strong><\/h2>\n<p data-path-to-node=\"14\">La Fumot Tornado 20000 Pina Colada est le choix parfait pour les amateurs qui recherchent un profil estival et cr\u00e9meux sans pour autant renoncer \u00e0 la puissance d'un appareil haut de gamme. L'alliance du fruit\u00e9 et de l'onctuosit\u00e9 fait de cette vape un point fort pour tous ceux qui aiment l'originalit\u00e9.<\/p>\n<h3 data-path-to-node=\"21\"><strong>D\u00e9couvre la diversit\u00e9 de notre assortiment<\/strong><\/h3>\n<p data-path-to-node=\"22\">Pour une s\u00e9lection compl\u00e8te d'accessoires de vapotage de qualit\u00e9 sup\u00e9rieure et d'e-cigarettes actuelles, rendez-vous sur notre site web. <b data-path-to-node=\"22\" data-index-in-node=\"107\"><a class=\"ng-star-inserted\" href=\"https:\/\/www.kurzvape.de\/fr\/\" target=\"_blank\" rel=\"noopener\" data-hveid=\"0\" data-ved=\"0CAAQ_4QMahgKEwjXqLyzs5eTAxUAAAAAHQAAAAAQ_QU\">Portail E-Vape Vapes courtes<\/a><\/b>. Celui qui recherche de mani\u00e8re cibl\u00e9e les innovations technologiques d'un fabricant leader mondial trouvera dans la <b data-path-to-node=\"22\" data-index-in-node=\"239\"><a class=\"ng-star-inserted\" href=\"https:\/\/www.kurzvape.de\/fr\/product-category\/fumot-vape\/\" target=\"_blank\" rel=\"noopener\" data-hveid=\"0\" data-ved=\"0CAAQ_4QMahgKEwjXqLyzs5eTAxUAAAAAHQAAAAAQ_gU\">Page de la marque Fumot Vape<\/a><\/b> une compilation exclusive de tous les points forts. Si, en revanche, tu ne veux pas faire de compromis sur le kilom\u00e9trage, notre <b data-path-to-node=\"22\" data-index-in-node=\"403\"><a class=\"ng-star-inserted\" href=\"https:\/\/www.kurzvape.de\/fr\/product-category\/fumot-vape\/fumot-tornado-20000\/\" target=\"_blank\" rel=\"noopener\" data-hveid=\"0\" data-ved=\"0CAAQ_4QMahgKEwjXqLyzs5eTAxUAAAAAHQAAAAAQ_wU\">Aper\u00e7u des mod\u00e8les Tornado 20000<\/a><\/b> un aper\u00e7u en profondeur de tous les ar\u00f4mes disponibles dans cette gamme haute performance.<\/p>\n<\/div>\n<\/div>","protected":false},"excerpt":{"rendered":"<p>umot Tornado 20000 Pina Colada offre une exp\u00e9rience de vapotage tropicale avec jusqu'\u00e0 20 000 bouff\u00e9es. La combinaison de la noix de coco cr\u00e9meuse et de l'ananas sucr\u00e9 se d\u00e9veloppe parfaitement gr\u00e2ce aux coils Dual Mesh les plus modernes. Gr\u00e2ce \u00e0 l'\u00e9cran OLED intelligent, tu gardes toujours un \u0153il sur le niveau de la batterie et du liquide.<\/p>","protected":false},"featured_media":1186,"comment_status":"open","ping_status":"closed","template":"","meta":{"_acf_changed":false},"product_brand":[],"product_cat":[24],"product_tag":[],"class_list":{"0":"post-1185","1":"product","2":"type-product","3":"status-publish","4":"has-post-thumbnail","6":"product_cat-fumot-tornado-20000","8":"first","9":"instock","10":"sale","11":"shipping-taxable","12":"purchasable","13":"product-type-variable"},"acf":[],"_links":{"self":[{"href":"https:\/\/www.kurzvape.de\/fr\/wp-json\/wp\/v2\/product\/1185","targetHints":{"allow":["GET"]}}],"collection":[{"href":"https:\/\/www.kurzvape.de\/fr\/wp-json\/wp\/v2\/product"}],"about":[{"href":"https:\/\/www.kurzvape.de\/fr\/wp-json\/wp\/v2\/types\/product"}],"replies":[{"embeddable":true,"href":"https:\/\/www.kurzvape.de\/fr\/wp-json\/wp\/v2\/comments?post=1185"}],"wp:featuredmedia":[{"embeddable":true,"href":"https:\/\/www.kurzvape.de\/fr\/wp-json\/wp\/v2\/media\/1186"}],"wp:attachment":[{"href":"https:\/\/www.kurzvape.de\/fr\/wp-json\/wp\/v2\/media?parent=1185"}],"wp:term":[{"taxonomy":"product_brand","embeddable":true,"href":"https:\/\/www.kurzvape.de\/fr\/wp-json\/wp\/v2\/product_brand?post=1185"},{"taxonomy":"product_cat","embeddable":true,"href":"https:\/\/www.kurzvape.de\/fr\/wp-json\/wp\/v2\/product_cat?post=1185"},{"taxonomy":"product_tag","embeddable":true,"href":"https:\/\/www.kurzvape.de\/fr\/wp-json\/wp\/v2\/product_tag?post=1185"}],"curies":[{"name":"wp","href":"https:\/\/api.w.org\/{rel}","templated":true}]}}