{"id":1544,"date":"2026-03-17T21:21:23","date_gmt":"2026-03-17T13:21:23","guid":{"rendered":"https:\/\/www.kurzvape.de\/?post_type=product&#038;p=1544"},"modified":"2026-03-17T21:21:23","modified_gmt":"2026-03-17T13:21:23","slug":"vozol-star-40000-sour-apple-ice","status":"publish","type":"product","link":"https:\/\/www.kurzvape.de\/fr\/product\/vozol-star-40000-sour-apple-ice\/","title":{"rendered":"Vozol Star 40000 Sour Apple Ice"},"content":{"rendered":"<h2><strong>Vozol Star 40000 Sour Apple Ice Vaporisateur jetable<\/strong><\/h2>\n<p>Le go\u00fbt Vozol Star 40000 Sour Apple Ice s\u00e9duit par l'interaction unique entre des pommes croquantes et acidul\u00e9es et une finition glac\u00e9e et rafra\u00eechissante. L'acidit\u00e9 p\u00e9tillante des pommes m\u00fbres rencontre un d\u00e9part glac\u00e9 intense et cr\u00e9e un profil de vapeur excitant, vivifiant et p\u00e9tillant. Pour tous ceux qui pr\u00e9f\u00e8rent les ar\u00f4mes puissants et acides avec un coup de froid rafra\u00eechissant, ce go\u00fbt est un must absolu.<\/p>\n<h2><strong>Sour Apple Ice - L'acide malique croquant rencontre le froid glacial<\/strong><\/h2>\n<p>Le Vozol Star 40000 Sour Apple Ice associe l'ar\u00f4me p\u00e9tillant de la pomme \u00e0 un refroidissement intense pour une exp\u00e9rience de vapotage vivifiante et rafra\u00eechissante. Avec une capacit\u00e9 allant jusqu'\u00e0 40 000 bouff\u00e9es, une batterie puissante de 1000 mAh et la fonction de charge rapide USB-C qui permet de gagner du temps, l'appareil est toujours pr\u00eat et fiable. L'\u00e9cran OLED innovant fournit des informations pr\u00e9cises et claires sur le niveau de batterie et de liquide.<\/p>\n<p>Les bobines Dual-Mesh de haute qualit\u00e9, associ\u00e9es \u00e0 la technologie S.i.L.C \u00e9prouv\u00e9e, d\u00e9veloppent l'ar\u00f4me caract\u00e9ristique de Sour-Apple-Ice avec une authenticit\u00e9 et une constance remarquables - toujours aussi intense et p\u00e9tillant du d\u00e9but \u00e0 la fin. Le syst\u00e8me de vapeur ergonomique MTL offre une technique de tirage naturelle et famili\u00e8re et permet \u00e0 tout un chacun de s'initier facilement au vapotage.<\/p>\n<h2><strong>Aper\u00e7u des donn\u00e9es techniques<\/strong><\/h2>\n<ul>\n<li>Puffs : jusqu'\u00e0 40.000 (en fonction de la longueur et de la fr\u00e9quence des trains)<\/li>\n<li>E-liquide : 20 ml, pr\u00e9-rempli<\/li>\n<li>Batterie : 1000 mAh, rechargeable via USB-C<\/li>\n<li>Nicotine : 50 mg\/ml (5 %)<\/li>\n<li>Coil : \u00e9l\u00e9ments chauffants Dual-Mesh<\/li>\n<li>Affichage : indique l'\u00e9tat de la batterie, du liquide et du mode<\/li>\n<li>Modes : ECO | POWER<\/li>\n<li>Saveurs : 24<\/li>\n<\/ul>\n<h2><strong>Aper\u00e7u de la configuration des prestations<\/strong><\/h2>\n<ul>\n<li><strong>Capacit\u00e9 de la batterie :<\/strong> Batterie au lithium haute capacit\u00e9 de 1000 mAh avec fonction de charge rapide de type C pour un plaisir de vapotage ininterrompu sans temps de charge prolong\u00e9<\/li>\n<li><strong>Capacit\u00e9 en e-liquide :<\/strong> 20 ml de e-liquide au sel de nicotine pr\u00e9install\u00e9 avec 5 % de nicotine pour un ar\u00f4me intense et durable de glace \u00e0 l'ail<\/li>\n<li><strong>Syst\u00e8me de bobines :<\/strong> Technologie Dual-Mesh ultramoderne pour un contr\u00f4le pr\u00e9cis de la temp\u00e9rature et une lib\u00e9ration optimale des saveurs<\/li>\n<li><strong>Affichage :<\/strong> \u00c9cran OLED incurv\u00e9 et r\u00e9tro\u00e9clair\u00e9 pour un affichage intuitif du niveau de charge et du compteur de trains<\/li>\n<li><strong>Modes de traction :<\/strong> Mode ECO pour jusqu'\u00e0 40 000 bouff\u00e9es et mode POWER pour jusqu'\u00e0 25 000 bouff\u00e9es avec un d\u00e9bit de vapeur accru.<\/li>\n<li><strong>Changement de mode :<\/strong> Une simple pression sur un bouton permet de passer du mode ECO, \u00e9conome en \u00e9nergie, au mode POWER, ax\u00e9 sur la performance.<\/li>\n<\/ul>\n<h3><strong>Le plaisir de la pomme acidul\u00e9e rencontre la qualit\u00e9 sup\u00e9rieure - A d\u00e9couvrir chez Kurzvape<\/strong><\/h3>\n<p>Fascin\u00e9 par le Vozol Star 40000 Sour Apple Ice ? D\u00e9couvrez notre offre compl\u00e8te de vape sur <strong><a href=\"https:\/\/www.kurzvape.de\/fr\/\">Kurzvape - Votre expert en e-cigarettes jetables<\/a><\/strong> et laissez-vous s\u00e9duire par notre vaste assortiment. D\u00e9couvrez les <strong><a href=\"https:\/\/www.kurzvape.de\/fr\/product-category\/vozol-vape\/\">Toute la s\u00e9lection de produits VOZOL chez Kurzvape<\/a><\/strong> et trouvez l'appareil qui convient \u00e0 tous les go\u00fbts. Vous trouverez toutes les variantes de cette s\u00e9rie performante regroup\u00e9es dans la <strong><a href=\"https:\/\/www.kurzvape.de\/fr\/product-category\/vozol-vape\/vozol-star-40000\/\">Vozol Star 40000 S\u00e9lection de la s\u00e9rie<\/a><\/strong> - exp\u00e9di\u00e9s rapidement et en toute s\u00e9curit\u00e9 depuis les entrep\u00f4ts de l'UE.<\/p>","protected":false},"excerpt":{"rendered":"<p>L'e-cigarette Vozol Star 40000 Sour Apple Ice jetable associe l'acide malique croquant \u00e0 un coup de froid glacial. Avec 40 000 bouff\u00e9es, une batterie de 1000 mAh, un chargement USB-C et des coils \u00e0 double maille, elle est p\u00e9tillante, fra\u00eeche et irr\u00e9sistible.<\/p>","protected":false},"featured_media":1545,"comment_status":"open","ping_status":"closed","template":"","meta":{"_acf_changed":false},"product_brand":[],"product_cat":[28],"product_tag":[],"class_list":{"0":"post-1544","1":"product","2":"type-product","3":"status-publish","4":"has-post-thumbnail","6":"product_cat-vozol-star-40000","8":"first","9":"instock","10":"sale","11":"shipping-taxable","12":"purchasable","13":"product-type-variable"},"acf":[],"_links":{"self":[{"href":"https:\/\/www.kurzvape.de\/fr\/wp-json\/wp\/v2\/product\/1544","targetHints":{"allow":["GET"]}}],"collection":[{"href":"https:\/\/www.kurzvape.de\/fr\/wp-json\/wp\/v2\/product"}],"about":[{"href":"https:\/\/www.kurzvape.de\/fr\/wp-json\/wp\/v2\/types\/product"}],"replies":[{"embeddable":true,"href":"https:\/\/www.kurzvape.de\/fr\/wp-json\/wp\/v2\/comments?post=1544"}],"wp:featuredmedia":[{"embeddable":true,"href":"https:\/\/www.kurzvape.de\/fr\/wp-json\/wp\/v2\/media\/1545"}],"wp:attachment":[{"href":"https:\/\/www.kurzvape.de\/fr\/wp-json\/wp\/v2\/media?parent=1544"}],"wp:term":[{"taxonomy":"product_brand","embeddable":true,"href":"https:\/\/www.kurzvape.de\/fr\/wp-json\/wp\/v2\/product_brand?post=1544"},{"taxonomy":"product_cat","embeddable":true,"href":"https:\/\/www.kurzvape.de\/fr\/wp-json\/wp\/v2\/product_cat?post=1544"},{"taxonomy":"product_tag","embeddable":true,"href":"https:\/\/www.kurzvape.de\/fr\/wp-json\/wp\/v2\/product_tag?post=1544"}],"curies":[{"name":"wp","href":"https:\/\/api.w.org\/{rel}","templated":true}]}}