{"id":1742,"date":"2026-03-20T23:45:52","date_gmt":"2026-03-20T15:45:52","guid":{"rendered":"https:\/\/www.kurzvape.de\/?post_type=product&#038;p=1742"},"modified":"2026-03-20T23:45:53","modified_gmt":"2026-03-20T15:45:53","slug":"vozol-vista-40000-blueberry-ice","status":"publish","type":"product","link":"https:\/\/www.kurzvape.de\/fr\/product\/vozol-vista-40000-blueberry-ice\/","title":{"rendered":"Vozol Vista 40000 Blueberry Ice"},"content":{"rendered":"<h2><strong>Vozol Vista 40000 Blueberry Ice Vaporisateur jetable<\/strong><\/h2>\n<p><strong>Vozol Vista 40000 Blueberry Ice<\/strong> - Les myrtilles m\u00fbres d\u00e9veloppent leur plein ar\u00f4me avec une douceur velout\u00e9e et une touche de fruit\u00e9 naturel, tandis qu'une fra\u00eecheur menthol\u00e9e glac\u00e9e vient compl\u00e9ter le tableau gustatif. Chaque bouff\u00e9e associe un fruit\u00e9 intense \u00e0 une fra\u00eecheur vivifiante, laissant sur la langue une sensation de propret\u00e9 et de fra\u00eecheur agr\u00e9able.<\/p>\n<h2><strong>Technologie, performance et personnalisation<\/strong><\/h2>\n<p>D\u00e9couvre le Vozol Vista 40K Puffs Disposable Pod - \u00e9quip\u00e9 d'une batterie puissante de 1000 mAh avec support de recharge rapide USB-C. Gr\u00e2ce au coil innovant \u00e0 double maille (technologie S.i.L.C), il fournit jusqu'\u00e0 40.000 bouff\u00e9es tout en offrant 4 niveaux de watts et 2 niveaux de d\u00e9bit d'air r\u00e9glables individuellement. L'\u00e9cran LED int\u00e9gr\u00e9 indique en temps r\u00e9el le nombre de bouff\u00e9es, l'\u00e9tat de la batterie, le niveau de liquide et les effets lumineux interactifs.<\/p>\n<p>Le site <strong>Vozol Vista 40000 Blueberry Ice<\/strong> Disposable Pod offre une exp\u00e9rience de vapotage exceptionnelle avec jusqu'\u00e0 40 000 bouff\u00e9es et est disponible dans les taux de nicotine 2 % et 5 %. L'\u00e9l\u00e9ment de rotation caract\u00e9ristique permet un contr\u00f4le intuitif directement via l'\u00e9cran int\u00e9gr\u00e9 - \u00e0 la fois pr\u00e9cis au toucher et visuellement attrayant. Que l'on soit d\u00e9butant ou utilisateur exp\u00e9riment\u00e9, cet appareil allie un contr\u00f4le maximal \u00e0 une exp\u00e9rience d'utilisation unique.<\/p>\n<p>En outre, le <strong>Vozol Vista 40000 Blueberry Ice<\/strong> gr\u00e2ce \u00e0 ses 4 modes de puissance et ses 2 niveaux de d\u00e9bit d'air, un total de 8 combinaisons de saveurs individuelles en un seul appareil. Le simple fait de passer d'un r\u00e9glage \u00e0 l'autre permet de d\u00e9couvrir de nouvelles nuances de go\u00fbt - pour une bouff\u00e9e qui correspond toujours exactement \u00e0 tes attentes.<\/p>\n<h2><strong>Caract\u00e9ristiques<\/strong><\/h2>\n<ul>\n<li>Liquide pr\u00e9-rempli de 20 ml<\/li>\n<li>Batterie rechargeable haute performance de 1000 mAh<\/li>\n<li>Nombre de trains : jusqu'\u00e0 40.000 trains<\/li>\n<li>4 modes de puissance de sortie : Soft, Norm, Surge et Turbo<\/li>\n<li>2 niveaux de d\u00e9bit d'air r\u00e9glables avec contr\u00f4le de l'air au sol<\/li>\n<li>Spinner rotatif pour le contr\u00f4le de la puissance<\/li>\n<li>Affichage num\u00e9rique lat\u00e9ral incurv\u00e9 pour l'\u00e9tat de la batterie, le niveau de liquide et le mode de puissance<\/li>\n<li>Taux de nicotine : 5 % (50 mg\/ml)<\/li>\n<li>Chargement USB de type C (c\u00e2ble non fourni)<\/li>\n<li>Activ\u00e9 par le train<\/li>\n<li>Vapeur MTL<\/li>\n<\/ul>\n<h2><strong>Foire aux questions<\/strong><\/h2>\n<p><strong>Qu'est-ce qui rend le Vozol Vista 40K Disposable si sp\u00e9cial ?<\/strong><\/p>\n<p>Le Vozol Vista convainc par son \u00e9norme capacit\u00e9 de 40.000 bouff\u00e9es ainsi que par un design de bo\u00eetier transparent qui laisse appara\u00eetre la technologie interne de haute qualit\u00e9.<\/p>\n<p><strong>Est-il possible de r\u00e9gler les niveaux de puissance du Vozol Vista 40K ?<\/strong><\/p>\n<p>Oui, le Vozol Vista 40K dispose de plusieurs r\u00e9glages de puissance qui permettent aux utilisateurs de r\u00e9gler la quantit\u00e9 de vapeur et l'intensit\u00e9 du go\u00fbt selon leurs pr\u00e9f\u00e9rences.<\/p>\n<p><strong>Combien de trains offre le Vozol Vista 40K ?<\/strong><\/p>\n<p>L'appareil est con\u00e7u pour supporter jusqu'\u00e0 40 000 bouff\u00e9es, en fonction du niveau de puissance choisi.<\/p>\n<p><strong>Quelle technologie de bobines utilise le Vozol Vista 40K ?<\/strong><\/p>\n<p>Le Vozol 40000 utilise la technologie SiLC en combinaison avec des coils \u00e0 double maillage pour une exp\u00e9rience de vaporisation r\u00e9guli\u00e8re, pure et durablement aromatique.<\/p>\n<p><strong>Le Vozol Vista 40000 est-il facilement transportable ?<\/strong><\/p>\n<p>Oui, malgr\u00e9 sa grande capacit\u00e9, le <strong>Vozol Vista 40000 Blueberry Ice<\/strong> avec un design ergonomique et compact, ce qui en fait le compagnon id\u00e9al pour les d\u00e9placements.<\/p>\n<h3><strong>Vozol Vista 40K Blueberry Ice - D\u00e9couvrir la boutique<\/strong><\/h3>\n<p>Des vapes jetables assorties de qualit\u00e9 contr\u00f4l\u00e9e sont disponibles directement chez <strong><a href=\"https:\/\/www.kurzvape.de\/fr\/\">kurzvape.de - ton envoi sp\u00e9cialis\u00e9 de vape<\/a><\/strong>, o\u00f9 le choix et la fiabilit\u00e9 sont primordiaux. Si vous recherchez des produits d'un fabricant en particulier, vous trouverez un aper\u00e7u complet dans la rubrique \"Produits\". <strong><a href=\"https:\/\/www.kurzvape.de\/fr\/product-category\/vozol-vape\/\">Le monde des marques de VOZOL Dampfer<\/a><\/strong>. Le site <strong>Vozol Vista 40000 Blueberry Ice<\/strong> ainsi que tous les autres appareils de cette gamme performante, tu les trouveras regroup\u00e9s dans la <strong><a href=\"https:\/\/www.kurzvape.de\/fr\/product-category\/vozol-vape\/vozol-vista-40000\/\">Ligne de produits Vozol Vista 40000<\/a><\/strong> - pratique pour tous ceux qui souhaitent comparer directement les mod\u00e8les et les go\u00fbts.<\/p>","protected":false},"excerpt":{"rendered":"<p>L'e-cigarette Vozol Vista 40000 Blueberry Ice jetable convainc par son ar\u00f4me juteux de myrtille et sa note de menthol glac\u00e9e. Avec jusqu'\u00e0 40 000 bouff\u00e9es, 4 modes de puissance, 2 niveaux de d\u00e9bit d'air et un chargement rapide USB-C, elle offre une flexibilit\u00e9 maximale - compacte, puissante et id\u00e9ale pour les d\u00e9placements.<\/p>","protected":false},"featured_media":1744,"comment_status":"open","ping_status":"closed","template":"","meta":{"_acf_changed":false},"product_brand":[],"product_cat":[29],"product_tag":[],"class_list":{"0":"post-1742","1":"product","2":"type-product","3":"status-publish","4":"has-post-thumbnail","6":"product_cat-vozol-vista-40000","8":"first","9":"instock","10":"sale","11":"shipping-taxable","12":"purchasable","13":"product-type-variable"},"acf":[],"_links":{"self":[{"href":"https:\/\/www.kurzvape.de\/fr\/wp-json\/wp\/v2\/product\/1742","targetHints":{"allow":["GET"]}}],"collection":[{"href":"https:\/\/www.kurzvape.de\/fr\/wp-json\/wp\/v2\/product"}],"about":[{"href":"https:\/\/www.kurzvape.de\/fr\/wp-json\/wp\/v2\/types\/product"}],"replies":[{"embeddable":true,"href":"https:\/\/www.kurzvape.de\/fr\/wp-json\/wp\/v2\/comments?post=1742"}],"wp:featuredmedia":[{"embeddable":true,"href":"https:\/\/www.kurzvape.de\/fr\/wp-json\/wp\/v2\/media\/1744"}],"wp:attachment":[{"href":"https:\/\/www.kurzvape.de\/fr\/wp-json\/wp\/v2\/media?parent=1742"}],"wp:term":[{"taxonomy":"product_brand","embeddable":true,"href":"https:\/\/www.kurzvape.de\/fr\/wp-json\/wp\/v2\/product_brand?post=1742"},{"taxonomy":"product_cat","embeddable":true,"href":"https:\/\/www.kurzvape.de\/fr\/wp-json\/wp\/v2\/product_cat?post=1742"},{"taxonomy":"product_tag","embeddable":true,"href":"https:\/\/www.kurzvape.de\/fr\/wp-json\/wp\/v2\/product_tag?post=1742"}],"curies":[{"name":"wp","href":"https:\/\/api.w.org\/{rel}","templated":true}]}}