{"id":1758,"date":"2026-03-21T00:11:53","date_gmt":"2026-03-20T16:11:53","guid":{"rendered":"https:\/\/www.kurzvape.de\/?post_type=product&#038;p=1758"},"modified":"2026-03-21T00:11:53","modified_gmt":"2026-03-20T16:11:53","slug":"vozol-vista-40000-double-apple","status":"publish","type":"product","link":"https:\/\/www.kurzvape.de\/fr\/product\/vozol-vista-40000-double-apple\/","title":{"rendered":"Vozol Vista 40000 Double Apple"},"content":{"rendered":"<h2><strong>Vozol Vista 40000 Double Apple Vapo jetable<\/strong><\/h2>\n<p>Vozol Vista 40000 Double Apple - le meilleur de deux vari\u00e9t\u00e9s de pommes s'unit en un ar\u00f4me cors\u00e9, naturellement fruit\u00e9, avec un agr\u00e9able \u00e9quilibre entre une douce douceur et une fine amertume. Chaque bouff\u00e9e apporte la fra\u00eecheur juteuse des pommes m\u00fbres - authentique, aromatique et avec un arri\u00e8re-go\u00fbt qui se termine proprement et qui invite \u00e0 la prochaine bouff\u00e9e.<\/p>\n<h2><strong>\u00c9quipement, contr\u00f4le et vari\u00e9t\u00e9 de go\u00fbts sans limite<\/strong><\/h2>\n<p>Le Vozol Vista 40000 Double Apple Disposable Pod mise sur une batterie fiable de 1000 mAh avec fonction de charge rapide USB-C pour une utilisation quotidienne sans interruption. La technologie \u00e9prouv\u00e9e Dual-Mesh-Coil (S.i.L.C) fournit jusqu'\u00e0 40.000 bouff\u00e9es r\u00e9guli\u00e8res avec une qualit\u00e9 d'ar\u00f4me \u00e9lev\u00e9e et constante. Quatre niveaux de watts s\u00e9lectionnables individuellement et deux r\u00e9glages de flux d'air permettent un ajustement pr\u00e9cis, tandis que l'\u00e9cran LED clair affiche toutes les valeurs importantes de l'appareil en temps r\u00e9el.<\/p>\n<p>Le Vozol Vista 40000 Double Apple convainc par une interaction bien pens\u00e9e entre fonctionnalit\u00e9 et convivialit\u00e9 - disponible dans les taux de nicotine 2 % et 5 %. La molette ergonomique assure une utilisation intuitive et agr\u00e9able au toucher, compl\u00e9t\u00e9e de mani\u00e8re optimale par un \u00e9cran r\u00e9actif. Les d\u00e9butants comme les vapoteurs exp\u00e9riment\u00e9s appr\u00e9cient la simplicit\u00e9 d'utilisation et les nombreuses options de r\u00e9glage de cet appareil.<\/p>\n<p>Gr\u00e2ce \u00e0 4 modes de puissance et 2 niveaux de d\u00e9bit d'air, le Vozol Vista 40000 Double Apple offre au total 8 configurations de go\u00fbt individuelles dans un seul appareil. En passant facilement d'un mode \u00e0 l'autre, il est possible de d\u00e9couvrir sans cesse de nouvelles nuances de l'ar\u00f4me Double Apple, du plus doux et fruit\u00e9 au plus cors\u00e9 et intense, selon les go\u00fbts de chacun.<\/p>\n<h2><strong>Caract\u00e9ristiques<\/strong><\/h2>\n<ul>\n<li>Liquide pr\u00e9-rempli de 20 ml<\/li>\n<li>Batterie rechargeable haute performance de 1000 mAh<\/li>\n<li>Nombre de trains : jusqu'\u00e0 40.000 trains<\/li>\n<li>4 modes de puissance de sortie : Soft, Norm, Surge et Turbo<\/li>\n<li>2 niveaux de d\u00e9bit d'air r\u00e9glables avec contr\u00f4le de l'air au sol<\/li>\n<li>Spinner rotatif pour le contr\u00f4le de la puissance<\/li>\n<li>Affichage num\u00e9rique lat\u00e9ral incurv\u00e9 pour l'\u00e9tat de la batterie, le niveau de liquide et le mode de puissance<\/li>\n<li>Taux de nicotine : 5 % (50 mg\/ml)<\/li>\n<li>Chargement USB de type C (c\u00e2ble non fourni)<\/li>\n<li>Activ\u00e9 par le train<\/li>\n<li>Vapeur MTL<\/li>\n<\/ul>\n<h2><strong>Foire aux questions<\/strong><\/h2>\n<p><strong>Qu'est-ce qui rend le Vozol Vista 40K Disposable si sp\u00e9cial ?<\/strong><\/p>\n<p>Le Vozol Vista 40000 Double Apple marque des points avec sa capacit\u00e9 impressionnante de 40.000 bouff\u00e9es et un bo\u00eetier transparent qui permet de voir directement la technique interne de haute qualit\u00e9.<\/p>\n<p><strong>Est-il possible de r\u00e9gler les niveaux de puissance du Vozol Vista 40K ?<\/strong><\/p>\n<p>Oui, quatre niveaux de puissance distincts permettent d'adapter exactement le volume de vapeur et l'intensit\u00e9 du go\u00fbt de l'ar\u00f4me Double Apple \u00e0 ses propres souhaits.<\/p>\n<p><strong>Combien de trains offre le Vozol Vista 40K ?<\/strong><\/p>\n<p>En fonction du niveau de puissance choisi, l'appareil fournit jusqu'\u00e0 40.000 bouff\u00e9es, ce qui en fait l'un des produits les plus endurants de sa cat\u00e9gorie.<\/p>\n<p><strong>Quelle technologie de bobines utilise le Vozol Vista 40K ?<\/strong><\/p>\n<p>Le Vozol Vista 40000 utilise des coils \u00e0 double maille et la technologie SiLC - une combinaison qui garantit un plaisir de la vapeur toujours aussi pur, aromatique et durable.<\/p>\n<p><strong>Le Vozol Vista 40000 est-il facilement transportable ?<\/strong><\/p>\n<p>Oui, malgr\u00e9 sa grande capacit\u00e9, le Vozol Vista 40K convainc par son format fin et maniable, qui en fait le compagnon id\u00e9al pour les voyages et la vie quotidienne.<\/p>\n<h3><strong>Vozol Vista 40000 Double Apple - Achat direct<\/strong><\/h3>\n<p>Ceux qui attachent de l'importance \u00e0 une qualit\u00e9 contr\u00f4l\u00e9e et \u00e0 une exp\u00e9rience d'achat fiable trouveront chez <strong><a href=\"https:\/\/www.kurzvape.de\/fr\/\">kurzvape - le point de contact de l'Allemagne pour la vape jetable<\/a><\/strong> avec un assortiment en constante \u00e9volution pour r\u00e9pondre \u00e0 tous les besoins. Tous les produits de ce fabricant renomm\u00e9 sont clairement pr\u00e9sent\u00e9s dans le <strong><a href=\"https:\/\/www.kurzvape.de\/fr\/product-category\/vozol-vape\/\">Assortiment complet VOZOL sur kurzvape<\/a><\/strong> de mani\u00e8re structur\u00e9e et facile \u00e0 trouver. Toute la gamme de cette s\u00e9rie haute performance est disponible dans le <strong><a href=\"https:\/\/www.kurzvape.de\/fr\/product-category\/vozol-vape\/vozol-vista-40000\/\">Vozol Vista 40000 Aper\u00e7u des mod\u00e8les<\/a><\/strong> pour tous ceux qui recherchent la variante appropri\u00e9e.<\/p>","protected":false},"excerpt":{"rendered":"<p>L'e-cigarette Vozol Vista 40000 Double Apple jetable convainc par son ar\u00f4me juteux de double pomme et sa douceur naturelle de fruit. Avec jusqu'\u00e0 40 000 bouff\u00e9es, 4 modes de puissance, 2 niveaux de d\u00e9bit d'air et un chargement rapide USB-C, elle offre une flexibilit\u00e9 maximale - compacte, puissante et id\u00e9ale pour les d\u00e9placements.<\/p>","protected":false},"featured_media":1760,"comment_status":"open","ping_status":"closed","template":"","meta":{"_acf_changed":false},"product_brand":[],"product_cat":[29],"product_tag":[],"class_list":{"0":"post-1758","1":"product","2":"type-product","3":"status-publish","4":"has-post-thumbnail","6":"product_cat-vozol-vista-40000","8":"first","9":"instock","10":"sale","11":"shipping-taxable","12":"purchasable","13":"product-type-variable"},"acf":[],"_links":{"self":[{"href":"https:\/\/www.kurzvape.de\/fr\/wp-json\/wp\/v2\/product\/1758","targetHints":{"allow":["GET"]}}],"collection":[{"href":"https:\/\/www.kurzvape.de\/fr\/wp-json\/wp\/v2\/product"}],"about":[{"href":"https:\/\/www.kurzvape.de\/fr\/wp-json\/wp\/v2\/types\/product"}],"replies":[{"embeddable":true,"href":"https:\/\/www.kurzvape.de\/fr\/wp-json\/wp\/v2\/comments?post=1758"}],"wp:featuredmedia":[{"embeddable":true,"href":"https:\/\/www.kurzvape.de\/fr\/wp-json\/wp\/v2\/media\/1760"}],"wp:attachment":[{"href":"https:\/\/www.kurzvape.de\/fr\/wp-json\/wp\/v2\/media?parent=1758"}],"wp:term":[{"taxonomy":"product_brand","embeddable":true,"href":"https:\/\/www.kurzvape.de\/fr\/wp-json\/wp\/v2\/product_brand?post=1758"},{"taxonomy":"product_cat","embeddable":true,"href":"https:\/\/www.kurzvape.de\/fr\/wp-json\/wp\/v2\/product_cat?post=1758"},{"taxonomy":"product_tag","embeddable":true,"href":"https:\/\/www.kurzvape.de\/fr\/wp-json\/wp\/v2\/product_tag?post=1758"}],"curies":[{"name":"wp","href":"https:\/\/api.w.org\/{rel}","templated":true}]}}