{"id":1764,"date":"2026-03-22T18:57:43","date_gmt":"2026-03-22T10:57:43","guid":{"rendered":"https:\/\/www.kurzvape.de\/?post_type=product&#038;p=1764"},"modified":"2026-03-22T18:57:43","modified_gmt":"2026-03-22T10:57:43","slug":"vozol-vista-40000-grape-ice","status":"publish","type":"product","link":"https:\/\/www.kurzvape.de\/fr\/product\/vozol-vista-40000-grape-ice\/","title":{"rendered":"Vozol Vista 40000 Grape Ice"},"content":{"rendered":"<h2><strong>Vozol Vista 40000 Grape Ice Vaporisateur jetable<\/strong><\/h2>\n<p>Vozol Vista 40000 Grape Ice - l'ar\u00f4me intense de raisins m\u00fbrs et fonc\u00e9s rencontre une fra\u00eecheur glac\u00e9e p\u00e9n\u00e9trante qui transforme chaque bouff\u00e9e en une exp\u00e9rience gustative rafra\u00eechissante. La douceur naturelle du raisin s'\u00e9panouit en parfaite harmonie avec la note rafra\u00eechissante de menthol - cors\u00e9, vivifiant et avec une finale agr\u00e9ablement fra\u00eeche.<\/p>\n<h2><strong>Fonctionnalit\u00e9, flexibilit\u00e9 et exp\u00e9rience compl\u00e8te de la glace au raisin<\/strong><\/h2>\n<p>Le Vozol Vista 40000 Grape Ice Disposable Pod dispose d'une batterie puissante de 1000 mAh avec fonction de charge rapide USB-C - pour une disponibilit\u00e9 maximale au quotidien. La technologie avanc\u00e9e Dual-Mesh-Coil (S.i.L.C) assure jusqu'\u00e0 40.000 bouff\u00e9es aromatiques constantes. Deux variantes de flux d'air s\u00e9lectionnables ainsi que quatre niveaux de watts permettent une adaptation cibl\u00e9e aux pr\u00e9f\u00e9rences personnelles, et l'\u00e9cran LED int\u00e9gr\u00e9 tient l'utilisateur constamment inform\u00e9 de l'\u00e9tat de la batterie, du niveau de liquide et du mode de puissance.<\/p>\n<p>La Vozol Vista 40000 Grape Ice allie une grande capacit\u00e9 \u00e0 une utilisation intuitive et est disponible dans les taux de nicotine 2 % et 5 %. La molette caract\u00e9ristique permet un contr\u00f4le pr\u00e9cis et agr\u00e9ablement haptique de toutes les fonctions de l'appareil, soutenu par un affichage en temps r\u00e9el tr\u00e8s r\u00e9actif. L'appareil s'adresse aussi bien aux d\u00e9butants qu'aux vapoteurs exp\u00e9riment\u00e9s \u00e0 la recherche d'une option fiable et aux r\u00e9glages polyvalents.<\/p>\n<p>Avec la combinaison de 4 modes de puissance et de 2 r\u00e9glages de flux d'air, le Vozol Vista 40000 Grape Ice offre au total 8 configurations de go\u00fbt individuelles dans un appareil compact. Le passage ais\u00e9 d'un r\u00e9glage \u00e0 l'autre ouvre de nouvelles dimensions \u00e0 l'ar\u00f4me Grape Ice, du fruit\u00e9 doux au froid intense, selon les sensations de chacun.<\/p>\n<h2><strong>Caract\u00e9ristiques<\/strong><\/h2>\n<ul>\n<li>Liquide pr\u00e9-rempli de 20 ml<\/li>\n<li>Batterie rechargeable haute performance de 1000 mAh<\/li>\n<li>Nombre de trains : jusqu'\u00e0 40.000 trains<\/li>\n<li>4 modes de puissance de sortie : Soft, Norm, Surge et Turbo<\/li>\n<li>2 niveaux de d\u00e9bit d'air r\u00e9glables avec contr\u00f4le de l'air au sol<\/li>\n<li>Spinner rotatif pour le contr\u00f4le de la puissance<\/li>\n<li>Affichage num\u00e9rique lat\u00e9ral incurv\u00e9 pour l'\u00e9tat de la batterie, le niveau de liquide et le mode de puissance<\/li>\n<li>Taux de nicotine : 5 % (50 mg\/ml)<\/li>\n<li>Chargement USB de type C (c\u00e2ble non fourni)<\/li>\n<li>Activ\u00e9 par le train<\/li>\n<li>Vapeur MTL<\/li>\n<\/ul>\n<h2><strong>Foire aux questions<\/strong><\/h2>\n<p><strong>Qu'est-ce qui rend le Vozol Vista 40K Disposable si sp\u00e9cial ?<\/strong><\/p>\n<p>Le Vozol Vista 40000 Grape Ice se distingue par sa capacit\u00e9 exceptionnelle de 40.000 bouff\u00e9es et son bo\u00eetier transparent qui permet \u00e0 l'utilisateur de voir la technologie interne de haute qualit\u00e9.<\/p>\n<p><strong>Est-il possible de r\u00e9gler les niveaux de puissance du Vozol Vista 40K ?<\/strong><\/p>\n<p>Oui, le Vozol Vista 40K offre quatre niveaux de puissance qui permettent de r\u00e9gler avec pr\u00e9cision la quantit\u00e9 de vapeur et l'intensit\u00e9 de l'ar\u00f4me de glace au raisin en fonction des pr\u00e9f\u00e9rences de chacun.<\/p>\n<p><strong>Combien de trains offre le Vozol Vista 40K ?<\/strong><\/p>\n<p>Selon le niveau de puissance choisi, l'appareil fournit jusqu'\u00e0 40 000 bouff\u00e9es, ce qui en fait l'une des vapes jetables les plus puissantes du march\u00e9.<\/p>\n<p><strong>Quelle technologie de bobines utilise le Vozol Vista 40K ?<\/strong><\/p>\n<p>Le Vozol Vista 40000 utilise des coils Dual-Mesh en combinaison avec la technologie SiLC - pour un plaisir de la vapeur toujours aussi pur, intens\u00e9ment aromatique et durable.<\/p>\n<p><strong>Le Vozol Vista 40000 est-il facilement transportable ?<\/strong><\/p>\n<p>Oui, le bo\u00eetier fin et ergonomiquement bien pens\u00e9 du Vozol Vista 40K en fait un compagnon pratique au quotidien, malgr\u00e9 sa capacit\u00e9 impressionnante.<\/p>\n<h3><strong>Vozol Vista 40000 Grape Ice - D\u00e9couvrir la gamme d\u00e8s maintenant<\/strong><\/h3>\n<p>Des vapes \u00e0 usage unique d'une qualit\u00e9 \u00e9prouv\u00e9e et avec une livraison rapide sont disponibles chez <strong><a href=\"https:\/\/www.kurzvape.de\/fr\/\">kurzvape - Votre boutique de vape fiable en Allemagne<\/a><\/strong> - avec une offre vari\u00e9e pour chaque style de vapeur. Ceux qui souhaitent explorer la gamme compl\u00e8te de ce fabricant trouveront leur bonheur dans le <strong><a href=\"https:\/\/www.kurzvape.de\/fr\/product-category\/vozol-vape\/\">Gamme de produits VOZOL chez kurzvape<\/a><\/strong> clairement structur\u00e9 et facile \u00e0 naviguer. Tous les mod\u00e8les et saveurs de cette s\u00e9rie haute performance sont centralis\u00e9s dans le <strong><a href=\"https:\/\/www.kurzvape.de\/fr\/product-category\/vozol-vape\/vozol-vista-40000\/\">Vozol Vista 40000 page de s\u00e9rie<\/a><\/strong> pour une comparaison cibl\u00e9e et rapide des produits.<\/p>","protected":false},"excerpt":{"rendered":"<p>L'e-cigarette Vozol Vista 40000 Grape Ice jetable convainc par son ar\u00f4me intense de raisin et sa fra\u00eecheur menthol\u00e9e glac\u00e9e. Avec jusqu'\u00e0 40 000 bouff\u00e9es, 4 modes de puissance, 2 niveaux de d\u00e9bit d'air et un chargement rapide USB-C, elle offre une flexibilit\u00e9 maximale - compacte, puissante et id\u00e9ale pour les d\u00e9placements.<\/p>","protected":false},"featured_media":1766,"comment_status":"open","ping_status":"closed","template":"","meta":{"_acf_changed":false},"product_brand":[],"product_cat":[29],"product_tag":[],"class_list":{"0":"post-1764","1":"product","2":"type-product","3":"status-publish","4":"has-post-thumbnail","6":"product_cat-vozol-vista-40000","8":"first","9":"instock","10":"sale","11":"shipping-taxable","12":"purchasable","13":"product-type-variable"},"acf":[],"_links":{"self":[{"href":"https:\/\/www.kurzvape.de\/fr\/wp-json\/wp\/v2\/product\/1764","targetHints":{"allow":["GET"]}}],"collection":[{"href":"https:\/\/www.kurzvape.de\/fr\/wp-json\/wp\/v2\/product"}],"about":[{"href":"https:\/\/www.kurzvape.de\/fr\/wp-json\/wp\/v2\/types\/product"}],"replies":[{"embeddable":true,"href":"https:\/\/www.kurzvape.de\/fr\/wp-json\/wp\/v2\/comments?post=1764"}],"wp:featuredmedia":[{"embeddable":true,"href":"https:\/\/www.kurzvape.de\/fr\/wp-json\/wp\/v2\/media\/1766"}],"wp:attachment":[{"href":"https:\/\/www.kurzvape.de\/fr\/wp-json\/wp\/v2\/media?parent=1764"}],"wp:term":[{"taxonomy":"product_brand","embeddable":true,"href":"https:\/\/www.kurzvape.de\/fr\/wp-json\/wp\/v2\/product_brand?post=1764"},{"taxonomy":"product_cat","embeddable":true,"href":"https:\/\/www.kurzvape.de\/fr\/wp-json\/wp\/v2\/product_cat?post=1764"},{"taxonomy":"product_tag","embeddable":true,"href":"https:\/\/www.kurzvape.de\/fr\/wp-json\/wp\/v2\/product_tag?post=1764"}],"curies":[{"name":"wp","href":"https:\/\/api.w.org\/{rel}","templated":true}]}}