{"id":1797,"date":"2026-03-22T19:37:19","date_gmt":"2026-03-22T11:37:19","guid":{"rendered":"https:\/\/www.kurzvape.de\/?post_type=product&#038;p=1797"},"modified":"2026-03-22T19:37:19","modified_gmt":"2026-03-22T11:37:19","slug":"vozol-vista-40000-strawberry-banana","status":"publish","type":"product","link":"https:\/\/www.kurzvape.de\/fr\/product\/vozol-vista-40000-strawberry-banana\/","title":{"rendered":"Vozol Vista 40000 Fraise Banane"},"content":{"rendered":"<h2><strong>Vozol Vista 40000 Strawberry Banana Vaporisateur jetable<\/strong><\/h2>\n<p>Vozol Vista 40000 Strawberry Banana - l'acidit\u00e9 vive des fruits des fraises m\u00fbres se m\u00eale \u00e0 la douceur onctueuse et cors\u00e9e des bananes m\u00fbres pour former un duo fruit\u00e9 classique qui s\u00e9duit d'embl\u00e9e. Chaque bouff\u00e9e apporte un fruit\u00e9 chaud et accueillant - doux, aromatique et avec une finale irr\u00e9sistiblement longue, douce et fruit\u00e9e, qui ravit les sens.<\/p>\n<h2><strong>Une technique sophistiqu\u00e9e, une utilisation confortable et un plaisir de la vapeur fruit\u00e9<\/strong><\/h2>\n<p>Le Vozol Vista 40000 Strawberry Banana Disposable Pod est \u00e9quip\u00e9 d'une batterie robuste de 1000 mAh et d'une fonction de recharge rapide USB-C - pour une utilisation fiable et quotidienne sans interruptions. La technologie \u00e9prouv\u00e9e Dual-Mesh-Coil (S.i.L.C) fournit jusqu'\u00e0 40.000 bouff\u00e9es r\u00e9guli\u00e8res avec une qualit\u00e9 d'ar\u00f4me \u00e9lev\u00e9e et constante. Quatre niveaux de watts s\u00e9lectionnables individuellement et deux variantes de flux d'air offrent de vastes possibilit\u00e9s d'adaptation, tandis que l'\u00e9cran LED int\u00e9gr\u00e9 fournit toutes les informations importantes sur l'appareil de mani\u00e8re claire et en temps r\u00e9el.<\/p>\n<p>La Vozol Vista 40000 Strawberry Banana allie le plaisir classique des fruits \u00e0 une technologie bien pens\u00e9e et est disponible dans les taux de nicotine 2 % et 5 %. La molette pr\u00e9cise permet un contr\u00f4le direct et haptiquement convaincant de toutes les fonctions de l'appareil, soutenu par un \u00e9cran en temps r\u00e9el aux r\u00e9actions fluides. Du d\u00e9butant au vapoteur exp\u00e9riment\u00e9, cet appareil offre une exp\u00e9rience d'utilisation qui allie \u00e9l\u00e9gamment simplicit\u00e9 et diversit\u00e9 des fonctions.<\/p>\n<p>Avec 4 modes de puissance et 2 r\u00e9glages de flux d'air, le Vozol Vista 40000 Strawberry Banana offre 8 combinaisons de saveurs individuelles dans un seul appareil. Le passage facile d'un r\u00e9glage \u00e0 l'autre invite \u00e0 d\u00e9couvrir l'ar\u00f4me Strawberry Banana dans de nouvelles nuances, du fruit\u00e9 d\u00e9licat au sucr\u00e9 intense, en fonction des go\u00fbts de chacun.<\/p>\n<h2><strong>Caract\u00e9ristiques<\/strong><\/h2>\n<ul>\n<li>Liquide pr\u00e9-rempli de 20 ml<\/li>\n<li>Batterie rechargeable haute performance de 1000 mAh<\/li>\n<li>Nombre de trains : jusqu'\u00e0 40.000 trains<\/li>\n<li>4 modes de puissance de sortie : Soft, Norm, Surge et Turbo<\/li>\n<li>2 niveaux de d\u00e9bit d'air r\u00e9glables avec contr\u00f4le de l'air au sol<\/li>\n<li>Spinner rotatif pour le contr\u00f4le de la puissance<\/li>\n<li>Affichage num\u00e9rique lat\u00e9ral incurv\u00e9 pour l'\u00e9tat de la batterie, le niveau de liquide et le mode de puissance<\/li>\n<li>Taux de nicotine : 5 % (50 mg\/ml)<\/li>\n<li>Chargement USB de type C (c\u00e2ble non fourni)<\/li>\n<li>Activ\u00e9 par le train<\/li>\n<li>Vapeur MTL<\/li>\n<\/ul>\n<h2><strong>Foire aux questions<\/strong><\/h2>\n<p><strong>Qu'est-ce qui rend le Vozol Vista 40K Disposable si sp\u00e9cial ?<\/strong><\/p>\n<p>Le Vozol Vista 40000 Strawberry Banana marque des points avec sa capacit\u00e9 impressionnante de 40.000 bouff\u00e9es et un bo\u00eetier transparent qui permet d'avoir un aper\u00e7u direct de la technique interne de haute qualit\u00e9.<\/p>\n<p><strong>Est-il possible de r\u00e9gler les niveaux de puissance du Vozol Vista 40K ?<\/strong><\/p>\n<p>Oui, quatre niveaux de puissance distincts permettent d'adapter le volume de vapeur et l'intensit\u00e9 de l'ar\u00f4me de fraise et de banane exactement \u00e0 ses souhaits.<\/p>\n<p><strong>Combien de trains offre le Vozol Vista 40K ?<\/strong><\/p>\n<p>Selon le niveau de puissance choisi, l'appareil fournit jusqu'\u00e0 40 000 bouff\u00e9es, ce qui en fait l'une des vapes jetables les plus endurantes et les plus puissantes de sa cat\u00e9gorie.<\/p>\n<p><strong>Quelle technologie de bobines utilise le Vozol Vista 40K ?<\/strong><\/p>\n<p>Le Vozol Vista 40000 fonctionne avec des coils \u00e0 double maille et la technologie SiLC - une combinaison \u00e9prouv\u00e9e pour un plaisir de la vapeur toujours aussi pur, aromatiquement intense et durable.<\/p>\n<p><strong>Le Vozol Vista 40000 est-il facilement transportable ?<\/strong><\/p>\n<p>Oui, le bo\u00eetier compact et ergonomique du Vozol Vista 40K en fait un compagnon de tous les jours sans complication - facile \u00e0 ranger et toujours \u00e0 port\u00e9e de main.<\/p>\n<h3><strong>Vozol Vista 40000 Strawberry Banana - Maintenant disponible dans la boutique<\/strong><\/h3>\n<p>Si vous souhaitez commander en ligne des vapes jetables de grande qualit\u00e9, vous \u00eates \u00e0 la bonne adresse chez <strong><a href=\"https:\/\/www.kurzvape.de\/fr\/\">kurzvape - Votre revendeur de cigarettes \u00e9lectroniques de confiance<\/a><\/strong> avec un assortiment bien pens\u00e9 et une livraison rapide et fiable. Pour un aper\u00e7u complet de tous les produits de ce fabricant, consultez le <strong><a href=\"https:\/\/www.kurzvape.de\/fr\/product-category\/vozol-vape\/\">Le monde des marques VOZOL sur kurzvape.fr<\/a><\/strong> - clairement structur\u00e9 pour une recherche rapide et cibl\u00e9e des produits. Tous les mod\u00e8les et saveurs de cette gamme populaire sont centralis\u00e9s dans la <strong><a href=\"https:\/\/www.kurzvape.de\/fr\/product-category\/vozol-vape\/vozol-vista-40000\/\">Collection compl\u00e8te Vozol Vista 40000<\/a><\/strong> id\u00e9al pour tous ceux qui souhaitent comparer diff\u00e9rentes variantes en un coup d'\u0153il.<\/p>","protected":false},"excerpt":{"rendered":"<div data-test-render-count=\"1\">\n<div class=\"group\">\n<div class=\"contents\">\n<div class=\"group relative relative pb-3\" data-is-streaming=\"false\">\n<div class=\"font-claude-response relative leading-[1.65rem] [&amp;_pre&gt;div]:bg-bg-000\/50 [&amp;_pre&gt;div]:border-0.5 [&amp;_pre&gt;div]:border-border-400 [&amp;_.ignore-pre-bg&gt;div]:bg-transparent [&amp;_.standard-markdown_:is(p,blockquote,h1,h2,h3,h4,h5,h6)]:pl-2 [&amp;_.standard-markdown_:is(p,blockquote,ul,ol,h1,h2,h3,h4,h5,h6)]:pr-8 [&amp;_.progressive-markdown_:is(p,blockquote,h1,h2,h3,h4,h5,h6)]:pl-2 [&amp;_.progressive-markdown_:is(p,blockquote,ul,ol,h1,h2,h3,h4,h5,h6)]:pr-8\">\n<div>\n<div class=\"standard-markdown grid-cols-1 grid [&amp;_&gt;_*]:min-w-0 gap-3 standard-markdown\">\n<p class=\"font-claude-response-body break-words whitespace-normal leading-[1.7]\">Der Vozol Vista 40000 Strawberry Banana Einweg E-Zigarette \u00fcberzeugt mit der lebendigen Frische reifer Erdbeeren und der cremigen S\u00fc\u00dfe reifer Bananen. Mit bis zu 40.000 Z\u00fcgen, 4 Leistungsmodi, 2 Luftstromstufen und USB-C-Schnellladen bietet er maximale Flexibilit\u00e4t \u2013 kompakt, leistungsstark und ideal f\u00fcr unterwegs.<\/p>\n<\/div>\n<\/div>\n<\/div>\n<\/div>\n<\/div>\n<div class=\"flex justify-start\" role=\"group\" aria-label=\"Message actions\">\n<div class=\"text-text-300\">\n<div class=\"text-text-300 flex items-stretch justify-between\">\n<div class=\"w-fit\" data-state=\"closed\">\n<div class=\"relative text-text-500 group-hover\/btn:text-text-100\">\n<div class=\"transition-all opacity-100 scale-100\"><\/div>\n<div class=\"absolute top-0 left-0 transition-all opacity-0 scale-50\"><\/div>\n<\/div>\n<\/div>\n<div class=\"w-fit\" data-state=\"closed\">\n<div class=\"text-text-500 group-hover\/btn:text-text-100\"><\/div>\n<\/div>\n<div class=\"w-fit\" data-state=\"closed\">\n<div class=\"text-text-500 group-hover\/btn:text-text-100\"><\/div>\n<\/div>\n<div class=\"flex items-center\">\n<div class=\"w-fit\" data-state=\"closed\">\n<div class=\"text-text-500 group-hover\/btn:text-text-100\"><\/div>\n<\/div>\n<\/div>\n<\/div>\n<\/div>\n<\/div>\n<\/div>\n<\/div>\n<div class=\"h-px w-full pointer-events-none\" aria-hidden=\"true\"><\/div>\n","protected":false},"featured_media":1799,"comment_status":"open","ping_status":"closed","template":"","meta":{"_acf_changed":false},"product_brand":[],"product_cat":[29],"product_tag":[],"class_list":{"0":"post-1797","1":"product","2":"type-product","3":"status-publish","4":"has-post-thumbnail","6":"product_cat-vozol-vista-40000","8":"first","9":"instock","10":"sale","11":"shipping-taxable","12":"purchasable","13":"product-type-variable"},"acf":[],"_links":{"self":[{"href":"https:\/\/www.kurzvape.de\/fr\/wp-json\/wp\/v2\/product\/1797","targetHints":{"allow":["GET"]}}],"collection":[{"href":"https:\/\/www.kurzvape.de\/fr\/wp-json\/wp\/v2\/product"}],"about":[{"href":"https:\/\/www.kurzvape.de\/fr\/wp-json\/wp\/v2\/types\/product"}],"replies":[{"embeddable":true,"href":"https:\/\/www.kurzvape.de\/fr\/wp-json\/wp\/v2\/comments?post=1797"}],"wp:featuredmedia":[{"embeddable":true,"href":"https:\/\/www.kurzvape.de\/fr\/wp-json\/wp\/v2\/media\/1799"}],"wp:attachment":[{"href":"https:\/\/www.kurzvape.de\/fr\/wp-json\/wp\/v2\/media?parent=1797"}],"wp:term":[{"taxonomy":"product_brand","embeddable":true,"href":"https:\/\/www.kurzvape.de\/fr\/wp-json\/wp\/v2\/product_brand?post=1797"},{"taxonomy":"product_cat","embeddable":true,"href":"https:\/\/www.kurzvape.de\/fr\/wp-json\/wp\/v2\/product_cat?post=1797"},{"taxonomy":"product_tag","embeddable":true,"href":"https:\/\/www.kurzvape.de\/fr\/wp-json\/wp\/v2\/product_tag?post=1797"}],"curies":[{"name":"wp","href":"https:\/\/api.w.org\/{rel}","templated":true}]}}