{"id":1801,"date":"2026-03-22T19:42:31","date_gmt":"2026-03-22T11:42:31","guid":{"rendered":"https:\/\/www.kurzvape.de\/?post_type=product&#038;p=1801"},"modified":"2026-03-22T19:42:31","modified_gmt":"2026-03-22T11:42:31","slug":"vozol-vista-40000-strawberry-kiwi","status":"publish","type":"product","link":"https:\/\/www.kurzvape.de\/fr\/product\/vozol-vista-40000-strawberry-kiwi\/","title":{"rendered":"Vozol Vista 40000 Fraise Kiwi"},"content":{"rendered":"<h2><strong>Vozol Vista 40000 Strawberry Kiwi Vaporisateur jetable<\/strong><\/h2>\n<p>Vozol Vista 40000 Strawberry Kiwi - l'acidit\u00e9 p\u00e9tillante des kiwis frais rencontre la pl\u00e9nitude sucr\u00e9e des fraises m\u00fbres pour former un duo fruit\u00e9 vif et rafra\u00eechissant au caract\u00e8re unique. Chaque bouff\u00e9e allie fra\u00eecheur tropicale et chaleur fruit\u00e9e - \u00e9quilibr\u00e9e, aromatique et avec un arri\u00e8re-go\u00fbt agr\u00e9ablement long et vivifiant, qui invite toujours \u00e0 la prochaine bouff\u00e9e.<\/p>\n<h2><strong>Technique avanc\u00e9e, personnalisation et plaisir fruit\u00e9 de la vapeur<\/strong><\/h2>\n<p>Le Vozol Vista 40000 Strawberry Kiwi Disposable Pod est \u00e9quip\u00e9 d'une batterie puissante de 1000 mAh qui peut \u00eatre recharg\u00e9e rapidement et facilement via USB-C - pour une utilisation quotidienne maximale. La technologie avanc\u00e9e Dual-Mesh-Coil (S.i.L.C) garantit jusqu'\u00e0 40 000 bouff\u00e9es r\u00e9guli\u00e8res avec une qualit\u00e9 d'ar\u00f4me \u00e9lev\u00e9e et constante. Quatre niveaux de watts s\u00e9lectionnables et deux r\u00e9glages de flux d'air offrent de vastes possibilit\u00e9s de personnalisation, tandis que l'\u00e9cran LED int\u00e9gr\u00e9 affiche clairement et \u00e0 tout moment tous les param\u00e8tres pertinents de l'appareil.<\/p>\n<p>Le Vozol Vista 40000 Strawberry Kiwi allie l\u00e9g\u00e8ret\u00e9 fruit\u00e9e tropicale et fiabilit\u00e9 technique. Il est disponible dans les taux de nicotine 2 % et 5 %. La molette ergonomique permet un contr\u00f4le pr\u00e9cis et agr\u00e9able au toucher de toutes les fonctions de l'appareil, soutenu par un affichage en temps r\u00e9el tr\u00e8s r\u00e9actif. Cet appareil s'adresse \u00e0 tous ceux qui souhaitent associer un profil aromatique frais et vivant \u00e0 une technologie d'appareil de haute qualit\u00e9.<\/p>\n<p>Avec 4 modes de puissance et 2 variantes de flux d'air, le Vozol Vista 40000 Strawberry Kiwi ouvre la voie \u00e0 un total de 8 configurations gustatives individuelles dans un seul appareil compact. En passant d'un r\u00e9glage \u00e0 l'autre de mani\u00e8re ludique, l'ar\u00f4me Strawberry Kiwi s'illumine sous de nouvelles facettes - du fruit\u00e9 d\u00e9licat au tropical intense, selon les go\u00fbts et l'humeur de chacun.<\/p>\n<h2><strong>Caract\u00e9ristiques<\/strong><\/h2>\n<ul>\n<li>Liquide pr\u00e9-rempli de 20 ml<\/li>\n<li>Batterie rechargeable haute performance de 1000 mAh<\/li>\n<li>Nombre de trains : jusqu'\u00e0 40.000 trains<\/li>\n<li>4 modes de puissance de sortie : Soft, Norm, Surge et Turbo<\/li>\n<li>2 niveaux de d\u00e9bit d'air r\u00e9glables avec contr\u00f4le de l'air au sol<\/li>\n<li>Spinner rotatif pour le contr\u00f4le de la puissance<\/li>\n<li>Affichage num\u00e9rique lat\u00e9ral incurv\u00e9 pour l'\u00e9tat de la batterie, le niveau de liquide et le mode de puissance<\/li>\n<li>Taux de nicotine : 5 % (50 mg\/ml)<\/li>\n<li>Chargement USB de type C (c\u00e2ble non fourni)<\/li>\n<li>Activ\u00e9 par le train<\/li>\n<li>Vapeur MTL<\/li>\n<\/ul>\n<h2><strong>Foire aux questions<\/strong><\/h2>\n<p><strong>Qu'est-ce qui rend le Vozol Vista 40K Disposable si sp\u00e9cial ?<\/strong><\/p>\n<p>Le Vozol Vista 40000 Strawberry Kiwi enthousiasme par sa capacit\u00e9 exceptionnelle de 40.000 bouff\u00e9es et son bo\u00eetier transparent qui laisse appara\u00eetre la technique int\u00e9rieure de haute qualit\u00e9.<\/p>\n<p><strong>Est-il possible de r\u00e9gler les niveaux de puissance du Vozol Vista 40K ?<\/strong><\/p>\n<p>Oui, quatre niveaux de puissance d\u00e9di\u00e9s permettent un r\u00e9glage pr\u00e9cis de la quantit\u00e9 de vapeur et de l'intensit\u00e9 de l'ar\u00f4me Strawberry-Kiwi - pour une exp\u00e9rience de vapotage personnalis\u00e9e.<\/p>\n<p><strong>Combien de trains offre le Vozol Vista 40K ?<\/strong><\/p>\n<p>Selon le niveau de puissance choisi, l'appareil fournit jusqu'\u00e0 40.000 bouff\u00e9es et se positionne ainsi en t\u00eate de sa cat\u00e9gorie de produits.<\/p>\n<p><strong>Quelle technologie de bobines utilise le Vozol Vista 40K ?<\/strong><\/p>\n<p>Le Vozol Vista 40000 utilise des coils \u00e0 double maille combin\u00e9s \u00e0 la technologie SiLC - pour un plaisir de la vapeur toujours aussi pur, aromatiquement stable et durable.<\/p>\n<p><strong>Le Vozol Vista 40000 est-il facilement transportable ?<\/strong><\/p>\n<p>Oui, le bo\u00eetier fin et ergonomique du Vozol Vista 40K en fait un compagnon pratique et maniable au quotidien, malgr\u00e9 sa grande capacit\u00e9.<\/p>\n<h3><strong>Vozol Vista 40000 Strawberry Kiwi - Parcourir la gamme maintenant<\/strong><\/h3>\n<p>Des vapes jetables de haute qualit\u00e9 avec une livraison rapide et une large gamme de produits sont disponibles chez <strong><a href=\"https:\/\/www.kurzvape.de\/fr\/\">kurzvape - votre premi\u00e8re adresse pour les produits \u00e0 vapeur en Allemagne<\/a><\/strong> - en mettant toujours l'accent sur la satisfaction des clients et la qualit\u00e9 des produits. Celui qui cherche de mani\u00e8re cibl\u00e9e des appareils et des accessoires de ce fabricant trouvera dans la <strong><a href=\"https:\/\/www.kurzvape.de\/fr\/product-category\/vozol-vape\/\">Le monde des produits VOZOL chez kurzvape<\/a><\/strong> clairement structur\u00e9 et facile \u00e0 naviguer. Tous les ar\u00f4mes et versions disponibles de cette s\u00e9rie d'appareils performants sont facilement accessibles via la <strong><a href=\"https:\/\/www.kurzvape.de\/fr\/product-category\/vozol-vape\/vozol-vista-40000\/\">Gamme compl\u00e8te de produits Vozol Vista 40000<\/a><\/strong> pour un aper\u00e7u rapide et informatif avant l'achat.<\/p>","protected":false},"excerpt":{"rendered":"<p>L'e-cigarette Vozol Vista 40000 Strawberry Kiwi jetable s\u00e9duit par l'acidit\u00e9 p\u00e9tillante des kiwis frais et la pl\u00e9nitude sucr\u00e9e des fraises m\u00fbres. Avec jusqu'\u00e0 40 000 bouff\u00e9es, 4 modes de puissance, 2 niveaux de d\u00e9bit d'air et un chargement rapide USB-C, elle offre une flexibilit\u00e9 maximale - compacte, puissante et id\u00e9ale pour les d\u00e9placements.<\/p>","protected":false},"featured_media":1803,"comment_status":"open","ping_status":"closed","template":"","meta":{"_acf_changed":false},"product_brand":[],"product_cat":[29],"product_tag":[],"class_list":{"0":"post-1801","1":"product","2":"type-product","3":"status-publish","4":"has-post-thumbnail","6":"product_cat-vozol-vista-40000","8":"first","9":"instock","10":"sale","11":"shipping-taxable","12":"purchasable","13":"product-type-variable"},"acf":[],"_links":{"self":[{"href":"https:\/\/www.kurzvape.de\/fr\/wp-json\/wp\/v2\/product\/1801","targetHints":{"allow":["GET"]}}],"collection":[{"href":"https:\/\/www.kurzvape.de\/fr\/wp-json\/wp\/v2\/product"}],"about":[{"href":"https:\/\/www.kurzvape.de\/fr\/wp-json\/wp\/v2\/types\/product"}],"replies":[{"embeddable":true,"href":"https:\/\/www.kurzvape.de\/fr\/wp-json\/wp\/v2\/comments?post=1801"}],"wp:featuredmedia":[{"embeddable":true,"href":"https:\/\/www.kurzvape.de\/fr\/wp-json\/wp\/v2\/media\/1803"}],"wp:attachment":[{"href":"https:\/\/www.kurzvape.de\/fr\/wp-json\/wp\/v2\/media?parent=1801"}],"wp:term":[{"taxonomy":"product_brand","embeddable":true,"href":"https:\/\/www.kurzvape.de\/fr\/wp-json\/wp\/v2\/product_brand?post=1801"},{"taxonomy":"product_cat","embeddable":true,"href":"https:\/\/www.kurzvape.de\/fr\/wp-json\/wp\/v2\/product_cat?post=1801"},{"taxonomy":"product_tag","embeddable":true,"href":"https:\/\/www.kurzvape.de\/fr\/wp-json\/wp\/v2\/product_tag?post=1801"}],"curies":[{"name":"wp","href":"https:\/\/api.w.org\/{rel}","templated":true}]}}