{"id":1972,"date":"2026-03-27T00:08:52","date_gmt":"2026-03-26T16:08:52","guid":{"rendered":"https:\/\/www.kurzvape.de\/?post_type=product&#038;p=1972"},"modified":"2026-03-27T00:08:52","modified_gmt":"2026-03-26T16:08:52","slug":"vozol-neon-45000-berry-cherry-lime","status":"publish","type":"product","link":"https:\/\/www.kurzvape.de\/fr\/product\/vozol-neon-45000-berry-cherry-lime\/","title":{"rendered":"Vozol Neon 45000 Berry Cherry Lime"},"content":{"rendered":"<h2><strong>Vozol Neon 45000 Berry Cherry Lime Vaporisateur jetable - Fruit\u00e9, p\u00e9tillant et de longue dur\u00e9e<\/strong><\/h2>\n<p>Le site <strong>parfum Berry Cherry Lime<\/strong> combine la douceur de la cerise avec des baies juteuses et une note p\u00e9tillante de citron vert. Chaque bouff\u00e9e fournit un m\u00e9lange harmonieux de fruit\u00e9, d'acidit\u00e9 l\u00e9g\u00e8re et de douceur agr\u00e9able qui revigore imm\u00e9diatement. Avec jusqu'\u00e0 45 000 bouff\u00e9es, le <strong>Vozol Neon 45000 Berry Cherry Lime Vaporisateur jetable<\/strong> une exp\u00e9rience de vapeur intense et durable sans recharge ni changement de canette.<\/p>\n<h2><strong>Ce qui rend l'exp\u00e9rience Berry Cherry Lime si particuli\u00e8re<\/strong><\/h2>\n<p>Le site <strong>Vozol Neon 45000 Berry Cherry Lime<\/strong> red\u00e9finit le vapotage jetable. Il combine une technologie de bobines \u00e0 double maillage avec une batterie rechargeable de 800 mAh et fournit des ar\u00f4mes riches et constants du d\u00e9but \u00e0 la fin. Dot\u00e9 d'un port de chargement USB-C rapide, il est toujours pr\u00eat \u00e0 l'emploi, sans devoir \u00eatre recharg\u00e9 fr\u00e9quemment.<\/p>\n<p>Faites l'exp\u00e9rience d'un vapotage personnalisable avec des commandes ICE et NIC r\u00e9glables pour ajuster l'intensit\u00e9 du refroidissement et le taux de nicotine jusqu'\u00e0 5%. Choisissez parmi 26 saveurs passionnantes - des m\u00e9langes fruit\u00e9s aux menthols froids - pour un ar\u00f4me qui convient \u00e0 toutes les humeurs.<\/p>\n<p>Pour une portabilit\u00e9 maximale et une manipulation facile, le <strong>Vozol Neon 45000<\/strong> dispose d'un pod pr\u00e9-rempli de 20 ml qui ne fuit pas, d'une fen\u00eatre de liquide transparente pour une vue d'ensemble rapide et d'un design \u00e9l\u00e9gant en d\u00e9grad\u00e9 de couleurs. Pas besoin de recharger ou de changer de canette - la combinaison parfaite du style, du confort et de la performance premium.<\/p>\n<h2><strong>Sp\u00e9cifications de Vozol Neon 45000 Puffs :<\/strong><\/h2>\n<ul>\n<li>Grand nombre de bouff\u00e9es - Jusqu'\u00e0 45 000 bouff\u00e9es pour un plaisir de longue dur\u00e9e.<\/li>\n<li>Refroidissement r\u00e9glable - 4 niveaux pour un \u00e9quilibre parfait entre go\u00fbt et fra\u00eecheur.<\/li>\n<li>Ajuster la puissance &amp; le d\u00e9bit d'air - 3 niveaux de r\u00e9sistance au tirage et de densit\u00e9 de vapeur.<\/li>\n<li>Smart Display - Affiche le niveau de batterie et de liquide en temps r\u00e9el.<\/li>\n<li>Batterie puissante - 800 mAh, rechargeable via USB-C.<\/li>\n<li>Technologie Mesh Coil - Fournit une vapeur riche et douce.<\/li>\n<\/ul>\n<h2><strong>Utiliser l'exp\u00e9rience et la m\u00e9canique de pr\u00e9cision<\/strong><\/h2>\n<p>Le site <strong>Vozol Neon 45000 Berry Cherry Lime<\/strong> a \u00e9t\u00e9 con\u00e7u pour les vapoteurs qui souhaitent avoir un contr\u00f4le total sur leur exp\u00e9rience sensorielle.<\/p>\n<ul>\n<li><strong>4 niveaux de coolness r\u00e9glables :<\/strong> Du refroidissement subtil aux niveaux de glace intenses, c'est \u00e0 vous de choisir.<\/li>\n<li><strong>Puissance et d\u00e9bit d'air \u00e0 3 niveaux :<\/strong> R\u00e9glez la r\u00e9sistance au tirage et la densit\u00e9 de la vapeur en fonction de vos pr\u00e9f\u00e9rences, du tirage doux \u00e0 la performance qui fait voler les nuages.<\/li>\n<li><strong>Bobine Dual Mesh 0.65\u03a9 :<\/strong> L'architecture \u00e0 deux c\u0153urs garantit un go\u00fbt constant jusqu'\u00e0 45 000 bouff\u00e9es.<\/li>\n<li><strong>\u00c9cran intelligent :<\/strong> Affichage de l'\u00e9tat de la batterie et des 20 ml de liquide en temps r\u00e9el - ne jamais \u00eatre pris au d\u00e9pourvu.<\/li>\n<\/ul>\n<h2><strong>Vozol Neon 45000 Berry Cherry Lime - FAQ<\/strong><\/h2>\n<p><strong>Q : Comment fonctionne le refroidissement ?<\/strong><br \/>\nA : L'interrupteur permet de choisir entre 4 niveaux de refroidissement sans modifier le go\u00fbt.<\/p>\n<p><strong>Q : L'appareil est-il rechargeable ?<\/strong><br \/>\nR : Oui, la batterie de 800 mAh se recharge rapidement via USB-C.<\/p>\n<p><strong>Q : Qu'est-ce que la bobine \u00e0 double maillage a de particulier ?<\/strong><br \/>\nA : elle assure une vapeur r\u00e9guli\u00e8re, un go\u00fbt intense et \u00e9vite les go\u00fbts de br\u00fbl\u00e9.<\/p>\n<h3 data-section-id=\"1uqmr9d\" data-start=\"3289\" data-end=\"3335\"><strong>D\u00e9couvrir plus d'informations &amp; de produits<\/strong><\/h3>\n<p data-start=\"3337\" data-end=\"3754\">Pour plus d'informations et de nouveaux produits passionnants, consultez <strong data-start=\"3411\" data-end=\"3468\"><a class=\"decorated-link\" href=\"https:\/\/www.kurzvape.de\/fr\/\" target=\"_new\" rel=\"noopener\" data-start=\"3413\" data-end=\"3466\">sur notre page principale<\/a><\/strong>. D\u00e9couvrez \u00e9galement <strong data-start=\"3490\" data-end=\"3584\"><a class=\"decorated-link\" href=\"https:\/\/www.kurzvape.de\/fr\/product-category\/vozol-vape\/\" target=\"_new\" rel=\"noopener\" data-start=\"3492\" data-end=\"3582\">la gamme compl\u00e8te VOZOL VAPE<\/a><\/strong> ou fouillez directement dans la <strong data-start=\"3616\" data-end=\"3715\"><a class=\"decorated-link\" href=\"https:\/\/www.kurzvape.de\/fr\/product-category\/vozol-vape\/vozol-neon-45000\/\" target=\"_new\" rel=\"noopener\" data-start=\"3618\" data-end=\"3713\">Vozol Neon s\u00e9rie 45000<\/a><\/strong> pour une exp\u00e9rience de vapotage de premi\u00e8re classe.<\/p>","protected":false},"excerpt":{"rendered":"<p>La vape jetable Vozol Neon 45000 Berry Cherry Lime offre jusqu'\u00e0 45 000 bouff\u00e9es, une bobine \u00e0 double maille, un refroidissement et un d\u00e9bit d'air r\u00e9glables ainsi qu'une batterie de 800 mAh. Le pod pr\u00e9-rempli de 20 ml assure une exp\u00e9rience de vapotage durable, fruit\u00e9e et fra\u00eeche.<\/p>","protected":false},"featured_media":1973,"comment_status":"open","ping_status":"closed","template":"","meta":{"_acf_changed":false},"product_brand":[],"product_cat":[33],"product_tag":[],"class_list":{"0":"post-1972","1":"product","2":"type-product","3":"status-publish","4":"has-post-thumbnail","6":"product_cat-vozol-neon-45000","8":"first","9":"instock","10":"sale","11":"shipping-taxable","12":"purchasable","13":"product-type-variable"},"acf":[],"_links":{"self":[{"href":"https:\/\/www.kurzvape.de\/fr\/wp-json\/wp\/v2\/product\/1972","targetHints":{"allow":["GET"]}}],"collection":[{"href":"https:\/\/www.kurzvape.de\/fr\/wp-json\/wp\/v2\/product"}],"about":[{"href":"https:\/\/www.kurzvape.de\/fr\/wp-json\/wp\/v2\/types\/product"}],"replies":[{"embeddable":true,"href":"https:\/\/www.kurzvape.de\/fr\/wp-json\/wp\/v2\/comments?post=1972"}],"wp:featuredmedia":[{"embeddable":true,"href":"https:\/\/www.kurzvape.de\/fr\/wp-json\/wp\/v2\/media\/1973"}],"wp:attachment":[{"href":"https:\/\/www.kurzvape.de\/fr\/wp-json\/wp\/v2\/media?parent=1972"}],"wp:term":[{"taxonomy":"product_brand","embeddable":true,"href":"https:\/\/www.kurzvape.de\/fr\/wp-json\/wp\/v2\/product_brand?post=1972"},{"taxonomy":"product_cat","embeddable":true,"href":"https:\/\/www.kurzvape.de\/fr\/wp-json\/wp\/v2\/product_cat?post=1972"},{"taxonomy":"product_tag","embeddable":true,"href":"https:\/\/www.kurzvape.de\/fr\/wp-json\/wp\/v2\/product_tag?post=1972"}],"curies":[{"name":"wp","href":"https:\/\/api.w.org\/{rel}","templated":true}]}}