{"id":1978,"date":"2026-03-27T00:21:02","date_gmt":"2026-03-26T16:21:02","guid":{"rendered":"https:\/\/www.kurzvape.de\/?post_type=product&#038;p=1978"},"modified":"2026-03-27T00:21:02","modified_gmt":"2026-03-26T16:21:02","slug":"vozol-neon-45000-blue-razz-ice","status":"publish","type":"product","link":"https:\/\/www.kurzvape.de\/fr\/product\/vozol-neon-45000-blue-razz-ice\/","title":{"rendered":"Vozol Neon 45000 Blue Razz Ice"},"content":{"rendered":"<h2><strong>Vozol Neon 45000 Blue Razz Ice Vaporisateur jetable - Fruit\u00e9, frais et rafra\u00eechissant<\/strong><\/h2>\n<p>Le site <strong data-start=\"81\" data-end=\"108\">parfum Blue Razz Ice<\/strong> associe la note douce et acidul\u00e9e de la framboise bleue \u00e0 une agr\u00e9able fra\u00eecheur. Il en r\u00e9sulte un ar\u00f4me vif et rafra\u00eechissant, intense et \u00e9quilibr\u00e9 lors de l'infusion. Le <strong data-start=\"296\" data-end=\"342\">Vozol Neon 45000 Blue Razz Ice Vaporisateur jetable<\/strong> offre une exp\u00e9rience de vapotage durable avec jusqu'\u00e0 45 000 bouff\u00e9es, sans recharge ni changement de coil.<\/p>\n<h2><strong>Pourquoi Blue Razz Ice est si sp\u00e9cial<\/strong><\/h2>\n<p data-start=\"494\" data-end=\"767\">Le site <strong data-start=\"498\" data-end=\"532\">Vozol Neon 45000 Blue Razz Ice<\/strong> utilise la technologie Dual-Mesh pour que le go\u00fbt reste clair et puissant de la premi\u00e8re \u00e0 la derni\u00e8re bouff\u00e9e. La batterie rechargeable de 800 mAh favorise une longue dur\u00e9e d'utilisation, tandis que l'USB-C assure un chargement rapide et pratique.<\/p>\n<p data-start=\"769\" data-end=\"1044\">Les fonctions ICE et NIC r\u00e9glables permettent d'adapter individuellement l'intensit\u00e9 du froid et d'ajuster finement le taux de nicotine. De plus, 26 saveurs sont disponibles, de sorte qu'il y a toujours une option adapt\u00e9e aux diff\u00e9rentes pr\u00e9f\u00e9rences.<\/p>\n<p data-start=\"1046\" data-end=\"1320\">Pour le quotidien, l'appareil est particuli\u00e8rement pratique : le pod pr\u00e9rempli de 20 ml, la fen\u00eatre transparente pour le liquide et le design fin assurent un contr\u00f4le facile et une grande mobilit\u00e9. Ainsi, le <strong data-start=\"1246\" data-end=\"1266\">Vozol Neon 45000<\/strong> Confort, style et performance dans un format compact.<\/p>\n<h2><strong>Sp\u00e9cifications de Vozol Neon 45000 Puffs :<\/strong><\/h2>\n<ul>\n<li>Jusqu'\u00e0 45 000 bouff\u00e9es - un plaisir de longue dur\u00e9e<\/li>\n<li>Refroidissement r\u00e9glable - 4 niveaux pour un \u00e9quilibre parfait entre fra\u00eecheur et ar\u00f4me<\/li>\n<li>Contr\u00f4le de la puissance &amp; du d\u00e9bit d'air - 3 niveaux pour des bouff\u00e9es douces ou des nuages de vapeur denses<\/li>\n<li>Smart Display - indique l'\u00e9tat de la batterie et le niveau de liquide en temps r\u00e9el<\/li>\n<li>Batterie de 800 mAh - rechargeable via USB-C<\/li>\n<li>Bobine Dual-Mesh - assure un go\u00fbt intense et r\u00e9gulier<\/li>\n<\/ul>\n<h2><strong>Contr\u00f4le pr\u00e9cis &amp; go\u00fbt intense<\/strong><\/h2>\n<p data-start=\"1775\" data-end=\"1891\">Le site <strong data-start=\"1779\" data-end=\"1813\">Vozol Neon 45000 Blue Razz Ice<\/strong> a \u00e9t\u00e9 con\u00e7u pour les utilisateurs qui souhaitent adapter leur exp\u00e9rience de vapotage de mani\u00e8re flexible.<\/p>\n<ul>\n<li><strong data-start=\"1895\" data-end=\"1917\">Refroidissement \u00e0 4 niveaux :<\/strong> Choisissez entre une douce fra\u00eecheur et un froid intense.<\/li>\n<li><strong data-start=\"1977\" data-end=\"2014\">Puissance et d\u00e9bit d'air \u00e0 3 niveaux :<\/strong> Adaptez le tirage et la densit\u00e9 de vapeur \u00e0 votre guise.<\/li>\n<li><strong data-start=\"2075\" data-end=\"2101\">Bobine Dual Mesh 0,65\u03a9 :<\/strong> Favorise un d\u00e9veloppement r\u00e9gulier du go\u00fbt pendant toute la dur\u00e9e d'utilisation.<\/li>\n<li><strong data-start=\"2189\" data-end=\"2207\">\u00c9cran intelligent :<\/strong> Le niveau de la batterie et du liquide est clairement lisible \u00e0 tout moment.<\/li>\n<\/ul>\n<h2><strong>Vozol Neon 45000 Blue Razz Ice <\/strong><strong style=\"font-size: 23.04px; color: #333333;\">FAQ - Questions fr\u00e9quentes<\/strong><\/h2>\n<h2><\/h2>\n<p data-start=\"2258\" data-end=\"2429\"><strong data-start=\"2287\" data-end=\"2327\">Q : Comment r\u00e9gler le refroidissement ?<\/strong><br data-start=\"2327\" data-end=\"2330\" \/>R : L'interrupteur permet de passer de quatre niveaux de refroidissement sans modifier le go\u00fbt.<\/p>\n<p data-start=\"2431\" data-end=\"2525\"><strong data-start=\"2431\" data-end=\"2462\">Q : L'appareil est-il rechargeable ?<\/strong><br data-start=\"2462\" data-end=\"2465\" \/>R : Oui, la batterie de 800 mAh peut \u00eatre rapidement recharg\u00e9e via USB-C.<\/p>\n<p data-start=\"2527\" data-end=\"2673\"><strong data-start=\"2527\" data-end=\"2565\">Q : Quel est l'int\u00e9r\u00eat de la bobine \u00e0 double maillage ?<\/strong><br data-start=\"2565\" data-end=\"2568\" \/>A : Elle assure une vapeur r\u00e9guli\u00e8re, un go\u00fbt puissant et aide \u00e0 \u00e9viter les notes br\u00fbl\u00e9es.<\/p>\n<h3><strong>D\u00e9couvrez d'autres produits &amp; gammes<\/strong><\/h3>\n<p>Pour plus d'informations et les nouveaux produits, visitez <strong><a href=\"https:\/\/www.kurzvape.de\/fr\/\">le site officiel de KurzVape<\/a><\/strong>. Consultez \u00e9galement <strong><a href=\"https:\/\/www.kurzvape.de\/fr\/product-category\/vozol-vape\/\">de notre collection VOZOL VAPE<\/a><\/strong> ou informez-vous directement sur <strong><a href=\"https:\/\/www.kurzvape.de\/fr\/product-category\/vozol-vape\/vozol-neon-45000\/\">la s\u00e9rie Vozol Neon 45000<\/a><\/strong>, Pour trouver l'exp\u00e9rience de vapotage id\u00e9ale, il suffit de cliquer sur le bouton \"Damping\".<\/p>","protected":false},"excerpt":{"rendered":"<p>La Vozol Neon 45000 Blue Razz Ice Vape jetable combine la framboise bleue douce et acidul\u00e9e avec une intense fra\u00eecheur glac\u00e9e. Avec jusqu'\u00e0 45 000 bouff\u00e9es, une bobine \u00e0 double maille, un refroidissement &amp; un d\u00e9bit d'air r\u00e9glables et une batterie de 800 mAh, elle offre une exp\u00e9rience de vapotage fruit\u00e9e et fra\u00eeche de longue dur\u00e9e.<\/p>","protected":false},"featured_media":1979,"comment_status":"open","ping_status":"closed","template":"","meta":{"_acf_changed":false},"product_brand":[],"product_cat":[33],"product_tag":[],"class_list":{"0":"post-1978","1":"product","2":"type-product","3":"status-publish","4":"has-post-thumbnail","6":"product_cat-vozol-neon-45000","8":"first","9":"instock","10":"sale","11":"shipping-taxable","12":"purchasable","13":"product-type-variable"},"acf":[],"_links":{"self":[{"href":"https:\/\/www.kurzvape.de\/fr\/wp-json\/wp\/v2\/product\/1978","targetHints":{"allow":["GET"]}}],"collection":[{"href":"https:\/\/www.kurzvape.de\/fr\/wp-json\/wp\/v2\/product"}],"about":[{"href":"https:\/\/www.kurzvape.de\/fr\/wp-json\/wp\/v2\/types\/product"}],"replies":[{"embeddable":true,"href":"https:\/\/www.kurzvape.de\/fr\/wp-json\/wp\/v2\/comments?post=1978"}],"wp:featuredmedia":[{"embeddable":true,"href":"https:\/\/www.kurzvape.de\/fr\/wp-json\/wp\/v2\/media\/1979"}],"wp:attachment":[{"href":"https:\/\/www.kurzvape.de\/fr\/wp-json\/wp\/v2\/media?parent=1978"}],"wp:term":[{"taxonomy":"product_brand","embeddable":true,"href":"https:\/\/www.kurzvape.de\/fr\/wp-json\/wp\/v2\/product_brand?post=1978"},{"taxonomy":"product_cat","embeddable":true,"href":"https:\/\/www.kurzvape.de\/fr\/wp-json\/wp\/v2\/product_cat?post=1978"},{"taxonomy":"product_tag","embeddable":true,"href":"https:\/\/www.kurzvape.de\/fr\/wp-json\/wp\/v2\/product_tag?post=1978"}],"curies":[{"name":"wp","href":"https:\/\/api.w.org\/{rel}","templated":true}]}}