{"id":2036,"date":"2026-03-28T12:04:23","date_gmt":"2026-03-28T04:04:23","guid":{"rendered":"https:\/\/www.kurzvape.de\/?post_type=product&#038;p=2036"},"modified":"2026-03-28T12:04:23","modified_gmt":"2026-03-28T04:04:23","slug":"vozol-neon-45000-strawberry-margarita","status":"publish","type":"product","link":"https:\/\/www.kurzvape.de\/fr\/product\/vozol-neon-45000-strawberry-margarita\/","title":{"rendered":"Vozol Neon 45000 Strawberry Margarita"},"content":{"rendered":"<h2 data-section-id=\"1x67454\" data-start=\"294\" data-end=\"385\"><strong>Vozol Neon 45000 Strawberry Margarita Vaporisateur jetable - fruit\u00e9, p\u00e9tillant et rafra\u00eechissant<\/strong><\/h2>\n<p data-start=\"387\" data-end=\"872\">D\u00e9couvrez l'ar\u00f4me exceptionnel de <strong data-start=\"430\" data-end=\"454\">Margarita aux fraises<\/strong>, Un m\u00e9lange de fraises m\u00fbres et de notes p\u00e9tillantes de margarita. Le site <strong data-start=\"553\" data-end=\"606\">Vozol Neon 45000 Strawberry Margarita Vaporisateur jetable<\/strong> offre jusqu'\u00e0 45 000 bouff\u00e9es et garantit toujours une exp\u00e9rience gustative intense. Pas de remplissage, pas de changement de coil - il suffit de profiter. Id\u00e9al pour tous les vapoteurs qui recherchent un appareil simple et durable pour leurs d\u00e9placements et qui aiment les ar\u00f4mes frais et fruit\u00e9s.<\/p>\n<h2 data-section-id=\"ca4ye\" data-start=\"874\" data-end=\"923\"><strong>Pourquoi Strawberry Margarita est si sp\u00e9cial<\/strong><\/h2>\n<p data-start=\"925\" data-end=\"1244\">Le site <strong data-start=\"929\" data-end=\"970\">Vozol Neon 45000 Strawberry Margarita<\/strong> utilise la technologie moderne Dual-Mesh, qui garantit une vapeur homog\u00e8ne et un go\u00fbt puissant et durable. La batterie int\u00e9gr\u00e9e de 800 mAh offre une puissance durable et peut \u00eatre recharg\u00e9e rapidement via USB-C, de sorte que les longues sessions ne posent aucun probl\u00e8me.<\/p>\n<p data-start=\"1246\" data-end=\"1686\">Les fonctions ICE et NIC r\u00e9glables individuellement permettent d'adapter l'intensit\u00e9 du refroidissement et la concentration de nicotine aux pr\u00e9f\u00e9rences personnelles. Au total, 26 saveurs passionnantes sont disponibles, ce qui permet de trouver l'ar\u00f4me adapt\u00e9 \u00e0 chaque humeur et \u00e0 chaque go\u00fbt. Le pod pr\u00e9-rempli de 20 ml, la fen\u00eatre transparente pour le liquide et le design compact garantissent une mobilit\u00e9 maximale et une utilisation facile en d\u00e9placement.<\/p>\n<h2 data-section-id=\"1qmkr2l\" data-start=\"1688\" data-end=\"1736\"><strong>Vozol Neon 45000 - Aper\u00e7u des fonctions<\/strong><\/h2>\n<ul>\n<li><strong data-start=\"1740\" data-end=\"1763\">Jusqu'\u00e0 45 000 trains :<\/strong> Un plaisir durable sans interruption<\/li>\n<li><strong data-start=\"1810\" data-end=\"1827\">4 niveaux de refroidissement :<\/strong> De la fra\u00eecheur douce \u00e0 la note glac\u00e9e intense<\/li>\n<li><strong data-start=\"1875\" data-end=\"1910\">3 niveaux de puissance &amp; de d\u00e9bit d'air :<\/strong> Confort de traction adaptable individuellement<\/li>\n<li><strong data-start=\"1950\" data-end=\"1968\">\u00c9cran intelligent :<\/strong> Indique le niveau de batterie et de liquide \u00e0 tout moment<\/li>\n<li><strong data-start=\"2014\" data-end=\"2031\">Batterie de 800 mAh :<\/strong> Rechargeable via USB-C<\/li>\n<li><strong data-start=\"2063\" data-end=\"2083\">Bobine \u00e0 double maillage :<\/strong> Go\u00fbt uniforme et puissant tout au long de l'utilisation<\/li>\n<\/ul>\n<h2 data-section-id=\"13h121n\" data-start=\"2147\" data-end=\"2198\"><strong>R\u00e9glable individuellement pour votre exp\u00e9rience de la vapeur<\/strong><\/h2>\n<p data-start=\"2200\" data-end=\"2281\">Le site <strong data-start=\"2204\" data-end=\"2245\">Vozol Neon 45000 Strawberry Margarita<\/strong> permet une flexibilit\u00e9 maximale :<\/p>\n<ul>\n<li><strong data-start=\"2285\" data-end=\"2302\">4 niveaux de refroidissement :<\/strong> Choisissez entre une fra\u00eecheur discr\u00e8te et une note glac\u00e9e intense<\/li>\n<li><strong data-start=\"2367\" data-end=\"2402\">3 niveaux de puissance &amp; de d\u00e9bit d'air :<\/strong> Adaptez le tirage et la densit\u00e9 de vapeur selon vos souhaits<\/li>\n<li><strong data-start=\"2462\" data-end=\"2489\">Bobine Dual Mesh 0,65 \u03a9 :<\/strong> Go\u00fbt constant et puissant jusqu'\u00e0 la derni\u00e8re bouff\u00e9e<\/li>\n<li><strong data-start=\"2546\" data-end=\"2564\">\u00c9cran intelligent :<\/strong> Toutes les valeurs importantes, comme l'\u00e9tat de la batterie et la quantit\u00e9 de liquide, toujours sous les yeux<\/li>\n<\/ul>\n<h2 data-section-id=\"14gjd3c\" data-start=\"2634\" data-end=\"2669\"><strong>Foire aux questions (FAQ)<\/strong><\/h2>\n<p data-start=\"2671\" data-end=\"2828\"><strong data-start=\"2671\" data-end=\"2707\">Q : Comment fonctionne le refroidissement ?<\/strong><br data-start=\"2707\" data-end=\"2710\" \/>R : Un simple interrupteur permet de s\u00e9lectionner quatre niveaux de refroidissement sans alt\u00e9rer le go\u00fbt.<\/p>\n<p data-start=\"2830\" data-end=\"2947\"><strong data-start=\"2830\" data-end=\"2867\">Q : L'appareil est-il rechargeable ?<\/strong><br data-start=\"2867\" data-end=\"2870\" \/>R : Oui, la batterie de 800 mAh se recharge rapidement et facilement via USB-C.<\/p>\n<p data-start=\"2949\" data-end=\"3111\"><strong data-start=\"2949\" data-end=\"2987\">Q : Quel est l'int\u00e9r\u00eat de la bobine \u00e0 double maillage ?<\/strong><br data-start=\"2987\" data-end=\"2990\" \/>R : Elle assure une vapeur r\u00e9guli\u00e8re, un go\u00fbt intense et emp\u00eache les notes br\u00fbl\u00e9es, m\u00eame lors de longues sessions.<\/p>\n<h3 data-section-id=\"1bifpfk\" data-start=\"3113\" data-end=\"3145\"><strong>D\u00e9couvrir d'autres produits<\/strong><\/h3>\n<p data-start=\"3147\" data-end=\"3569\">Regardez <strong data-start=\"3164\" data-end=\"3237\"><a class=\"decorated-link\" href=\"https:\/\/www.kurzvape.de\/fr\/\" target=\"_new\" rel=\"noopener\" data-start=\"3166\" data-end=\"3235\">notre page d'accueil avec tous les produits phares<\/a><\/strong> \u00e0 d\u00e9couvrir <strong data-start=\"3256\" data-end=\"3349\"><a class=\"decorated-link\" href=\"https:\/\/www.kurzvape.de\/fr\/product-category\/vozol-vape\/\" target=\"_new\" rel=\"noopener\" data-start=\"3258\" data-end=\"3347\">toute la collection VOZOL VAPE<\/a><\/strong> ou fouillez dans <strong data-start=\"3370\" data-end=\"3507\"><a class=\"decorated-link\" href=\"https:\/\/www.kurzvape.de\/fr\/product-category\/vozol-vape\/vozol-neon-45000\/\" target=\"_new\" rel=\"noopener\" data-start=\"3372\" data-end=\"3505\">de la s\u00e9rie exclusive Vozol Neon 45000 pour des ar\u00f4mes vari\u00e9s<\/a><\/strong>, Pour une exp\u00e9rience de vapotage encore plus fruit\u00e9e et fra\u00eeche.<\/p>","protected":false},"excerpt":{"rendered":"<p>La Vozol Neon 45000 Strawberry Margarita Vape jetable combine des fraises sucr\u00e9es avec des notes p\u00e9tillantes de margarita. Jusqu'\u00e0 45 000 bouff\u00e9es, une bobine \u00e0 double maille, un refroidissement r\u00e9glable et une batterie de 800 mAh garantissent un go\u00fbt intense et durable sans recharge.<\/p>","protected":false},"featured_media":2037,"comment_status":"open","ping_status":"closed","template":"","meta":{"_acf_changed":false},"product_brand":[],"product_cat":[33],"product_tag":[],"class_list":{"0":"post-2036","1":"product","2":"type-product","3":"status-publish","4":"has-post-thumbnail","6":"product_cat-vozol-neon-45000","8":"first","9":"instock","10":"sale","11":"shipping-taxable","12":"purchasable","13":"product-type-variable"},"acf":[],"_links":{"self":[{"href":"https:\/\/www.kurzvape.de\/fr\/wp-json\/wp\/v2\/product\/2036","targetHints":{"allow":["GET"]}}],"collection":[{"href":"https:\/\/www.kurzvape.de\/fr\/wp-json\/wp\/v2\/product"}],"about":[{"href":"https:\/\/www.kurzvape.de\/fr\/wp-json\/wp\/v2\/types\/product"}],"replies":[{"embeddable":true,"href":"https:\/\/www.kurzvape.de\/fr\/wp-json\/wp\/v2\/comments?post=2036"}],"wp:featuredmedia":[{"embeddable":true,"href":"https:\/\/www.kurzvape.de\/fr\/wp-json\/wp\/v2\/media\/2037"}],"wp:attachment":[{"href":"https:\/\/www.kurzvape.de\/fr\/wp-json\/wp\/v2\/media?parent=2036"}],"wp:term":[{"taxonomy":"product_brand","embeddable":true,"href":"https:\/\/www.kurzvape.de\/fr\/wp-json\/wp\/v2\/product_brand?post=2036"},{"taxonomy":"product_cat","embeddable":true,"href":"https:\/\/www.kurzvape.de\/fr\/wp-json\/wp\/v2\/product_cat?post=2036"},{"taxonomy":"product_tag","embeddable":true,"href":"https:\/\/www.kurzvape.de\/fr\/wp-json\/wp\/v2\/product_tag?post=2036"}],"curies":[{"name":"wp","href":"https:\/\/api.w.org\/{rel}","templated":true}]}}