{"id":2039,"date":"2026-03-28T12:12:13","date_gmt":"2026-03-28T04:12:13","guid":{"rendered":"https:\/\/www.kurzvape.de\/?post_type=product&#038;p=2039"},"modified":"2026-03-28T12:12:13","modified_gmt":"2026-03-28T04:12:13","slug":"vozol-neon-45000-vzbull","status":"publish","type":"product","link":"https:\/\/www.kurzvape.de\/fr\/product\/vozol-neon-45000-vzbull\/","title":{"rendered":"Vozol Neon 45000 VZBULL"},"content":{"rendered":"<h2 data-section-id=\"ekfvjt\" data-start=\"0\" data-end=\"73\"><strong>Vozol Neon 45000 VZBULL Vaporisateur jetable - puissant, intense et vivifiant<\/strong><\/h2>\n<p data-start=\"75\" data-end=\"491\">Le site <strong data-start=\"79\" data-end=\"99\">VZBULL Go\u00fbt<\/strong> est synonyme d'un ar\u00f4me marquant, plein d'\u00e9nergie, avec une pr\u00e9sence claire et une fra\u00eecheur agr\u00e9able. Le site <strong data-start=\"195\" data-end=\"234\">Vozol Neon 45000 VZBULL Vaporisateur jetable<\/strong> fournit jusqu'\u00e0 45 000 bouff\u00e9es tout en garantissant une exp\u00e9rience gustative intense et constante. Sans recharge, sans changement de coil et avec une grande facilit\u00e9 d'utilisation au quotidien, il est id\u00e9al pour tous ceux qui recherchent un appareil \u00e0 la fois simple et performant.<\/p>\n<h2 data-section-id=\"3k51ye\" data-start=\"493\" data-end=\"526\"><strong>Pourquoi VZBULL est si sp\u00e9cial<\/strong><\/h2>\n<p data-start=\"528\" data-end=\"863\">Sur le site <strong data-start=\"531\" data-end=\"558\">Vozol Neon 45000 VZBULL<\/strong> la technologie Dual-Mesh assure une vapeur homog\u00e8ne et un go\u00fbt puissant et stable de la premi\u00e8re \u00e0 la derni\u00e8re bouff\u00e9e. La batterie int\u00e9gr\u00e9e de 800 mAh offre une puissance endurante et peut \u00eatre recharg\u00e9e facilement via USB-C, de sorte que l'appareil reste pr\u00eat \u00e0 l'emploi, m\u00eame lors de longues sessions.<\/p>\n<p data-start=\"865\" data-end=\"1233\">De plus, l'intensit\u00e9 du refroidissement et le taux de nicotine peuvent \u00eatre adapt\u00e9s de mani\u00e8re flexible gr\u00e2ce aux fonctions ICE et NIC r\u00e9glables. Avec un total de 26 saveurs, un large choix est disponible pour les diff\u00e9rentes pr\u00e9f\u00e9rences. Le pod pr\u00e9rempli de 20 ml, la fen\u00eatre transparente pour le liquide et le design compact rendent l'appareil particuli\u00e8rement pratique pour les d\u00e9placements.<\/p>\n<h2 data-section-id=\"1bnh6lp\" data-start=\"1235\" data-end=\"1268\"><strong>Vozol Neon 45000 - Points forts<\/strong><\/h2>\n<ul>\n<li><strong data-start=\"1272\" data-end=\"1295\">Jusqu'\u00e0 45 000 trains :<\/strong> Pour un plaisir durable sans interruption<\/li>\n<li><strong data-start=\"1346\" data-end=\"1363\">4 niveaux de refroidissement :<\/strong> De la fra\u00eecheur discr\u00e8te \u00e0 la note glac\u00e9e intense<\/li>\n<li><strong data-start=\"1412\" data-end=\"1449\">3 niveaux de puissance et de d\u00e9bit d'air :<\/strong> Confort de traction adaptable individuellement<\/li>\n<li><strong data-start=\"1489\" data-end=\"1507\">\u00c9cran intelligent :<\/strong> Affiche le niveau de batterie et de liquide en temps r\u00e9el<\/li>\n<li><strong data-start=\"1552\" data-end=\"1569\">Batterie de 800 mAh :<\/strong> Rechargeable via USB-C<\/li>\n<li><strong data-start=\"1601\" data-end=\"1621\">Bobine \u00e0 double maillage :<\/strong> Pour un go\u00fbt uniforme et intense<\/li>\n<\/ul>\n<h2 data-section-id=\"zr92pg\" data-start=\"1680\" data-end=\"1724\"><strong>Personnalisable pour un meilleur contr\u00f4le<\/strong><\/h2>\n<p data-start=\"1726\" data-end=\"1834\">Le site <strong data-start=\"1730\" data-end=\"1757\">Vozol Neon 45000 VZBULL<\/strong> a \u00e9t\u00e9 con\u00e7u pour les utilisateurs qui souhaitent donner de la flexibilit\u00e9 \u00e0 leur exp\u00e9rience de vapotage :<\/p>\n<ul>\n<li><strong data-start=\"1838\" data-end=\"1855\">4 niveaux de refroidissement :<\/strong> Choisissez entre une fra\u00eecheur discr\u00e8te et un froid intense<\/li>\n<li><strong data-start=\"1918\" data-end=\"1955\">3 niveaux de puissance et de d\u00e9bit d'air :<\/strong> Ajustez la r\u00e9sistance au tirage et la densit\u00e9 de la vapeur<\/li>\n<li><strong data-start=\"2004\" data-end=\"2031\">Bobine Dual Mesh 0,65 \u03a9 :<\/strong> Favorise un d\u00e9veloppement constant et puissant du go\u00fbt<\/li>\n<li><strong data-start=\"2098\" data-end=\"2116\">\u00c9cran intelligent :<\/strong> Le niveau de batterie et de liquide reste toujours visible<\/li>\n<\/ul>\n<p><strong><span style=\"font-size: 20.16px;\">Foire aux questions (FAQ)<\/span><\/strong><\/p>\n<p data-start=\"2116\" data-end=\"2247\"><strong data-start=\"2116\" data-end=\"2156\">Q : Comment r\u00e9gler le refroidissement ?<\/strong><br data-start=\"2156\" data-end=\"2159\" \/>A : L'interrupteur permet de s\u00e9lectionner quatre niveaux de refroidissement sans modifier l'ar\u00f4me.<\/p>\n<p data-start=\"2249\" data-end=\"2361\"><strong data-start=\"2249\" data-end=\"2286\">Q : L'appareil est-il rechargeable ?<\/strong><br data-start=\"2286\" data-end=\"2289\" \/>R : Oui, la batterie de 800 mAh se charge rapidement et facilement via USB-C.<\/p>\n<p data-start=\"2363\" data-end=\"2506\"><strong data-start=\"2363\" data-end=\"2401\">Q : Quel est l'int\u00e9r\u00eat de la bobine \u00e0 double maillage ?<\/strong><br data-start=\"2401\" data-end=\"2404\" \/>A : Elle assure une vapeur r\u00e9guli\u00e8re, un go\u00fbt intense et r\u00e9duit le risque de notes br\u00fbl\u00e9es.<\/p>\n<h3 data-section-id=\"bpvvy8\" data-start=\"2508\" data-end=\"2538\"><strong>D\u00e9couvrir d'autres produits<\/strong><\/h3>\n<p data-start=\"2540\" data-end=\"2953\">D\u00e9couvrir <strong data-start=\"2554\" data-end=\"2642\"><a class=\"decorated-link\" href=\"https:\/\/www.kurzvape.de\/fr\/\" target=\"_new\" rel=\"noopener\" data-start=\"2556\" data-end=\"2640\">la page d'accueil centrale de KurzVape avec les derni\u00e8res nouveaut\u00e9s<\/a><\/strong>, fouillez dans <strong data-start=\"2659\" data-end=\"2755\"><a class=\"decorated-link\" href=\"https:\/\/www.kurzvape.de\/fr\/product-category\/vozol-vape\/\" target=\"_new\" rel=\"noopener\" data-start=\"2661\" data-end=\"2753\">la s\u00e9lection compl\u00e8te de VOZOL VAPE<\/a><\/strong> ou jetez un coup d'\u0153il sur <strong data-start=\"2788\" data-end=\"2921\"><a class=\"decorated-link\" href=\"https:\/\/www.kurzvape.de\/fr\/product-category\/vozol-vape\/vozol-neon-45000\/\" target=\"_new\" rel=\"noopener\" data-start=\"2790\" data-end=\"2919\">la s\u00e9rie Vozol Neon 45000 avec de nombreuses autres variantes<\/a><\/strong>, Pour trouver les mod\u00e8les qui vous conviennent, cliquez ici.<\/p>","protected":false},"excerpt":{"rendered":"<p>La vape jetable Vozol Neon 45000 VZBULL offre jusqu'\u00e0 45 000 bouff\u00e9es avec un go\u00fbt intense et constant. La technologie \u00e0 double maille, le refroidissement et le taux de nicotine r\u00e9glables ainsi que la batterie USB-C garantissent une exp\u00e9rience de vapotage durable et flexible - id\u00e9ale pour les d\u00e9placements.<\/p>","protected":false},"featured_media":2040,"comment_status":"open","ping_status":"closed","template":"","meta":{"_acf_changed":false},"product_brand":[],"product_cat":[33],"product_tag":[],"class_list":{"0":"post-2039","1":"product","2":"type-product","3":"status-publish","4":"has-post-thumbnail","6":"product_cat-vozol-neon-45000","8":"first","9":"instock","10":"sale","11":"shipping-taxable","12":"purchasable","13":"product-type-variable"},"acf":[],"_links":{"self":[{"href":"https:\/\/www.kurzvape.de\/fr\/wp-json\/wp\/v2\/product\/2039","targetHints":{"allow":["GET"]}}],"collection":[{"href":"https:\/\/www.kurzvape.de\/fr\/wp-json\/wp\/v2\/product"}],"about":[{"href":"https:\/\/www.kurzvape.de\/fr\/wp-json\/wp\/v2\/types\/product"}],"replies":[{"embeddable":true,"href":"https:\/\/www.kurzvape.de\/fr\/wp-json\/wp\/v2\/comments?post=2039"}],"wp:featuredmedia":[{"embeddable":true,"href":"https:\/\/www.kurzvape.de\/fr\/wp-json\/wp\/v2\/media\/2040"}],"wp:attachment":[{"href":"https:\/\/www.kurzvape.de\/fr\/wp-json\/wp\/v2\/media?parent=2039"}],"wp:term":[{"taxonomy":"product_brand","embeddable":true,"href":"https:\/\/www.kurzvape.de\/fr\/wp-json\/wp\/v2\/product_brand?post=2039"},{"taxonomy":"product_cat","embeddable":true,"href":"https:\/\/www.kurzvape.de\/fr\/wp-json\/wp\/v2\/product_cat?post=2039"},{"taxonomy":"product_tag","embeddable":true,"href":"https:\/\/www.kurzvape.de\/fr\/wp-json\/wp\/v2\/product_tag?post=2039"}],"curies":[{"name":"wp","href":"https:\/\/api.w.org\/{rel}","templated":true}]}}