{"id":2124,"date":"2026-03-29T12:27:18","date_gmt":"2026-03-29T04:27:18","guid":{"rendered":"https:\/\/www.kurzvape.de\/?post_type=product&#038;p=2124"},"modified":"2026-03-29T12:27:18","modified_gmt":"2026-03-29T04:27:18","slug":"elf-bar-raya-d3-25000-strawberry-ice","status":"publish","type":"product","link":"https:\/\/www.kurzvape.de\/fr\/product\/elf-bar-raya-d3-25000-strawberry-ice\/","title":{"rendered":"ELF BAR RAYA D3 25000 Glace \u00e0 la fraise"},"content":{"rendered":"<h2><strong>ELF BAR RAYA D3 25000 Strawberry Ice Vaporisateur jetable - Fruit\u00e9, frais comme la glace, irr\u00e9sistible<\/strong><\/h2>\n<p>Le site <strong>ELF BAR RAYA D3 25000 Glace \u00e0 la fraise<\/strong> est un vaporisateur jetable de haute qualit\u00e9 qui cr\u00e9e une exp\u00e9rience de vaporisation exceptionnellement harmonieuse avec une combinaison s\u00e9duisante de fraises aromatiques bien m\u00fbres et une finition agr\u00e9ablement rafra\u00eechissante au menthol. Con\u00e7u et fabriqu\u00e9 par Elf Bar \u00e0 l'aide d'une technologie de fabrication de pointe, cet appareil allie la douceur fruit\u00e9e de la fraise \u00e0 une fra\u00eecheur glac\u00e9e - vivante, rafra\u00eechissante et d'un niveau premium absolu.<\/p>\n<h2><strong>Design \u00e9l\u00e9gant &amp; sup\u00e9riorit\u00e9 technologique<\/strong><\/h2>\n<p>Le vaporisateur jetable Elf Bar Raya D3 red\u00e9finit compl\u00e8tement les normes de qualit\u00e9 dans le segment des produits jetables, avec une capacit\u00e9 totale de 25 000 bouff\u00e9es et un syst\u00e8me de r\u00e9gulation de l'air et de la pression intelligemment con\u00e7u. L'appareil rechargeable impressionne par son \u00e9cran lat\u00e9ral num\u00e9rique d'une grande nettet\u00e9 ainsi que par son anneau ext\u00e9rieur bleu monochrome caract\u00e9ristique - un produit r\u00e9solument bien pens\u00e9 qui allie de mani\u00e8re coh\u00e9rente pr\u00e9cision technique et design moderne.<\/p>\n<h2><strong>Trois modes de fonctionnement pour un plaisir de la vapeur sur mesure<\/strong><\/h2>\n<p>Le site <strong>ELF BAR RAYA D3 25000 Glace \u00e0 la fraise<\/strong> offre, avec trois modes de fonctionnement s\u00e9lectionnables individuellement - Lite, Smooth et Turbo - la flexibilit\u00e9 de concevoir l'exp\u00e9rience de la vapeur enti\u00e8rement selon ses propres souhaits. Qu'il s'agisse d'un plaisir quotidien discret et rafra\u00eechissant ou d'un d\u00e9veloppement de vapeur puissant pour des moments intenses : une pression cibl\u00e9e sur une touche suffit pour passer en douceur d'un niveau de puissance \u00e0 l'autre et pour que l'exp\u00e9rience de la glace \u00e0 la fraise se d\u00e9ploie dans toute sa fra\u00eecheur.<\/p>\n<h2><strong>Technique premium pour un plaisir glac\u00e9 \u00e0 la fraise<\/strong><\/h2>\n<p>Le site <strong>ELF BAR RAYA D3 25000 Glace \u00e0 la fraise<\/strong> marque des points avec son g\u00e9n\u00e9reux r\u00e9servoir d'e-liquide de 23 ml, compl\u00e9t\u00e9 par un syst\u00e8me de coil triple-maille de haute qualit\u00e9 pour une vaporisation particuli\u00e8rement homog\u00e8ne et un d\u00e9ploiement d'ar\u00f4mes vifs et riches en nuances. Une batterie robuste de 850 mAh avec technologie de charge rapide USB-C, un \u00e9cran num\u00e9rique haute r\u00e9solution, un syst\u00e8me d'airflow r\u00e9glable avec pr\u00e9cision ainsi qu'un choix de 15 saveurs compos\u00e9es en exclusivit\u00e9 compl\u00e8tent cet ensemble techniquement et gustativement convaincant.<\/p>\n<h2><strong>Aper\u00e7u des caract\u00e9ristiques techniques de l'ELF BAR RAYA D3 25000<\/strong><\/h2>\n<ul>\n<li><strong>25 000 trains :<\/strong> Une dur\u00e9e d'utilisation maximale pour un plaisir ininterrompu.<\/li>\n<li><strong>23 ml d'e-liquide pr\u00e9install\u00e9 :<\/strong> Une r\u00e9serve g\u00e9n\u00e9reuse pour un plaisir de la vapeur de longue dur\u00e9e.<\/li>\n<li><strong>5 % Teneur en nicotine :<\/strong> Une force \u00e9quilibr\u00e9e pour un tirage satisfaisant.<\/li>\n<li><strong>Batterie rechargeable de 850 mAh :<\/strong> Toujours pr\u00eat \u00e0 l'emploi gr\u00e2ce au chargement rapide USB-C.<\/li>\n<li><strong>Bobine triple maille :<\/strong> D\u00e9veloppement optimal des ar\u00f4mes et densit\u00e9 uniforme de la vapeur.<\/li>\n<li><strong>Airflow &amp; contr\u00f4le de la puissance r\u00e9glables :<\/strong> Exp\u00e9rience de train personnalisable selon vos go\u00fbts.<\/li>\n<li><strong>\u00c9cran HD :<\/strong> Affichage en temps r\u00e9el du niveau de la batterie et du niveau d'e-liquide.<\/li>\n<\/ul>\n<h2><strong>Questions fr\u00e9quentes sur l'ELF BAR RAYA D3 25000 Strawberry Ice<\/strong><\/h2>\n<p><strong>Comment changer de mode vapeur ?<\/strong><\/p>\n<p>Appuie sur le bouton lat\u00e9ral pour basculer entre Lite (12 W), Smooth (17 W) et Turbo (30 W). Le mode actif s'affiche directement sur l'\u00e9cran.<\/p>\n<p><strong>Comment savoir si le liquide s'\u00e9puise ?<\/strong><\/p>\n<p>L'ar\u00f4me diminue sensiblement ou semble l\u00e9g\u00e8rement br\u00fbl\u00e9. De plus, l'\u00e9cran indique \u00e0 tout moment le niveau d'e-liquide restant en temps r\u00e9el.<\/p>\n<p><strong>L'ELF BAR RAYA D3 25000 Strawberry Ice convient-il aussi aux d\u00e9butants ?<\/strong><\/p>\n<p>Oui, absolument. Pas de remplissage, pas de changement de coil - il suffit de d\u00e9baller, de choisir le mode et de commencer. Le mode Lite permet de commencer en douceur.<\/p>\n<p><strong>Quelle est la dur\u00e9e de vie d'une charge de batterie ?<\/strong><\/p>\n<p>En mode Lite, une charge compl\u00e8te permet de r\u00e9aliser environ 800 \u00e0 1 000 bouff\u00e9es. En mode turbo, l'autonomie est r\u00e9duite \u00e0 environ 400-500 bouff\u00e9es par charge.<\/p>\n<h3><strong>D\u00e9couvrir maintenant &amp; commander directement<\/strong><\/h3>\n<p>Parcourez une vaste gamme de produits de vapotage de qualit\u00e9 sur <strong><a href=\"https:\/\/www.kurzvape.de\/fr\/\">kurzvape.de - Des vapes jetables pour tous les go\u00fbts<\/a><\/strong> et trouvez rapidement et facilement le produit qui convient \u00e0 votre style personnel. Tous les mod\u00e8les, ar\u00f4mes et s\u00e9ries actuels d'Elf Bar sont r\u00e9sum\u00e9s de mani\u00e8re claire et toujours \u00e0 jour dans le <strong><a href=\"https:\/\/www.kurzvape.de\/fr\/product-category\/elf-bar-vape\/\">Cat\u00e9gorie de produit Elf Bar Vape<\/a><\/strong>. Vous trouverez toutes les variantes et tous les go\u00fbts disponibles de cette s\u00e9rie \u00e0 haute performance de mani\u00e8re compacte et facile \u00e0 trouver sous <strong><a href=\"https:\/\/www.kurzvape.de\/fr\/product-category\/elf-bar-vape\/elf-bar-raya-d3-25000\/\">Raya D3 25000 - aper\u00e7u direct de tous les mod\u00e8les<\/a><\/strong>.<\/p>","protected":false},"excerpt":{"rendered":"<p>L'ELF BAR RAYA D3 25000 Strawberry Ice est une e-cigarette jetable de premi\u00e8re classe avec des fraises bien m\u00fbres et une finition menthol\u00e9e rafra\u00eechissante. Avec 25 000 bouff\u00e9es, trois modes de puissance et une charge rapide USB-C, elle offre une exp\u00e9rience fruit\u00e9e et glac\u00e9e de haut niveau.<\/p>","protected":false},"featured_media":2125,"comment_status":"open","ping_status":"closed","template":"","meta":{"_acf_changed":false},"product_brand":[],"product_cat":[34],"product_tag":[],"class_list":{"0":"post-2124","1":"product","2":"type-product","3":"status-publish","4":"has-post-thumbnail","6":"product_cat-elf-bar-raya-d3-25000","8":"first","9":"instock","10":"sale","11":"shipping-taxable","12":"purchasable","13":"product-type-variable"},"acf":[],"_links":{"self":[{"href":"https:\/\/www.kurzvape.de\/fr\/wp-json\/wp\/v2\/product\/2124","targetHints":{"allow":["GET"]}}],"collection":[{"href":"https:\/\/www.kurzvape.de\/fr\/wp-json\/wp\/v2\/product"}],"about":[{"href":"https:\/\/www.kurzvape.de\/fr\/wp-json\/wp\/v2\/types\/product"}],"replies":[{"embeddable":true,"href":"https:\/\/www.kurzvape.de\/fr\/wp-json\/wp\/v2\/comments?post=2124"}],"wp:featuredmedia":[{"embeddable":true,"href":"https:\/\/www.kurzvape.de\/fr\/wp-json\/wp\/v2\/media\/2125"}],"wp:attachment":[{"href":"https:\/\/www.kurzvape.de\/fr\/wp-json\/wp\/v2\/media?parent=2124"}],"wp:term":[{"taxonomy":"product_brand","embeddable":true,"href":"https:\/\/www.kurzvape.de\/fr\/wp-json\/wp\/v2\/product_brand?post=2124"},{"taxonomy":"product_cat","embeddable":true,"href":"https:\/\/www.kurzvape.de\/fr\/wp-json\/wp\/v2\/product_cat?post=2124"},{"taxonomy":"product_tag","embeddable":true,"href":"https:\/\/www.kurzvape.de\/fr\/wp-json\/wp\/v2\/product_tag?post=2124"}],"curies":[{"name":"wp","href":"https:\/\/api.w.org\/{rel}","templated":true}]}}