{"id":2217,"date":"2026-04-01T23:35:06","date_gmt":"2026-04-01T15:35:06","guid":{"rendered":"https:\/\/www.kurzvape.de\/?post_type=product&#038;p=2217"},"modified":"2026-04-01T23:35:07","modified_gmt":"2026-04-01T15:35:07","slug":"elf-bar-moon-night-40000-blue-razz-ice","status":"publish","type":"product","link":"https:\/\/www.kurzvape.de\/fr\/product\/elf-bar-moon-night-40000-blue-razz-ice\/","title":{"rendered":"ELF BAR Moon Night 40000 Blue Razz Ice"},"content":{"rendered":"<h2 data-section-id=\"1ju1lsv\" data-start=\"205\" data-end=\"281\"><strong>ELF BAR Moon Night 40000 Blue Razz Ice <\/strong><strong>Vaporisateur jetable <\/strong><strong>- Plaisir intense et frais de la vape<\/strong><\/h2>\n<p data-start=\"283\" data-end=\"687\">Le site <strong data-start=\"287\" data-end=\"329\">ELF BAR Moon Night 40000 Blue Razz Ice<\/strong> offre une exp\u00e9rience gustative rafra\u00eechissante et fruit\u00e9e qui fait de chaque bouff\u00e9e un moment fort. La framboise bleue fournit une intensit\u00e9 douce et acidul\u00e9e, tandis que l'effet de glace fra\u00eeche laisse une sensation de fra\u00eecheur p\u00e9tillante sur la langue. Le r\u00e9sultat est une exp\u00e9rience de vapotage parfaitement \u00e9quilibr\u00e9e et vivifiante, qui rappelle une boisson d'\u00e9t\u00e9 bien fra\u00eeche.<\/p>\n<h2 data-start=\"381\" data-end=\"780\"><strong>Puissant, endurant et flexible - pour un plaisir durable<\/strong><\/h2>\n<p data-start=\"381\" data-end=\"780\">Avec jusqu'\u00e0 <strong data-start=\"464\" data-end=\"480\">40 000 trains<\/strong>, d'un puissant <strong data-start=\"498\" data-end=\"514\">batterie de 850 mAh<\/strong> et une technologie moderne, l'ELF BAR Moon Night 40K pose de nouveaux jalons au quotidien. La combinaison d'une r\u00e9serve g\u00e9n\u00e9reuse de liquide, d'une formule puissante de sel de nicotine et d'un contr\u00f4le intelligent de la puissance fait de ce mod\u00e8le un choix fiable pour des moments de go\u00fbt intenses.<\/p>\n<p data-start=\"782\" data-end=\"1101\">Gr\u00e2ce \u00e0 <strong data-start=\"787\" data-end=\"814\">trois modes r\u00e9glables<\/strong> vous pouvez adapter le d\u00e9veloppement de la vapeur selon vos souhaits. Le site <strong data-start=\"878\" data-end=\"896\">Bobine Dual Mesh<\/strong> permet une r\u00e9partition uniforme de la chaleur et fournit un ar\u00f4me clair et puissant de la premi\u00e8re \u00e0 la derni\u00e8re bouff\u00e9e. L'\u00e9cran bomb\u00e9 vous indique clairement le nombre de bouff\u00e9es et l'\u00e9tat de la batterie.<\/p>\n<h2 data-start=\"1282\" data-end=\"1329\"><strong>ELF BAR Moon Night 40000 Blue Razz Ice Donn\u00e9es techniques<\/strong><\/h2>\n<ul data-start=\"1331\" data-end=\"1617\">\n<li data-section-id=\"o3dqp4\" data-start=\"1124\" data-end=\"1228\"><strong data-start=\"1126\" data-end=\"1140\">Nombre de trains :<\/strong> jusqu'\u00e0 40.000 bouff\u00e9es (mode \u00e9co), 30.000 bouff\u00e9es (mode normal), 25.000 bouff\u00e9es (mode boost)<\/li>\n<li data-section-id=\"1ft0wct\" data-start=\"1229\" data-end=\"1260\"><strong data-start=\"1231\" data-end=\"1252\">Capacit\u00e9 de stockage :<\/strong> 22 ml<\/li>\n<li data-section-id=\"jcdhdf\" data-start=\"1261\" data-end=\"1288\"><strong data-start=\"1263\" data-end=\"1274\">La force :<\/strong> 50 mg (5 %)<\/li>\n<li data-section-id=\"1u65c1d\" data-start=\"1289\" data-end=\"1327\"><strong data-start=\"1291\" data-end=\"1300\">Batterie rechargeable :<\/strong> 850 mAh, rechargeable<\/li>\n<li data-section-id=\"i3mjwn\" data-start=\"1328\" data-end=\"1360\"><strong data-start=\"1330\" data-end=\"1348\">Prise de charge :<\/strong> USB de type C<\/li>\n<li data-section-id=\"1hmhxbs\" data-start=\"1361\" data-end=\"1394\"><strong data-start=\"1363\" data-end=\"1377\">Type de bobine :<\/strong> Bobine Dual Mesh<\/li>\n<li data-section-id=\"18ddho1\" data-start=\"1395\" data-end=\"1465\"><strong data-start=\"1397\" data-end=\"1409\">Affichage :<\/strong> \u00e9cran enti\u00e8rement bomb\u00e9 pour l'\u00e9tat de la bouff\u00e9e et de la batterie<\/li>\n<\/ul>\n<h2 data-start=\"1619\" data-end=\"1682\"><strong>Pourquoi choisir le ELF BAR Moon Night 40000 Blue Razz Ice ?<\/strong><\/h2>\n<ul data-start=\"1684\" data-end=\"1993\">\n<li data-section-id=\"1pjbywj\" data-start=\"1521\" data-end=\"1575\">Go\u00fbt fruit\u00e9 et frais avec Blue Razz Ice Profil<\/li>\n<li data-section-id=\"lg53la\" data-start=\"1576\" data-end=\"1617\">Jusqu'\u00e0 40.000 bouff\u00e9es pour un vapotage de longue dur\u00e9e<\/li>\n<li data-section-id=\"15tasq6\" data-start=\"1618\" data-end=\"1678\">Batterie rechargeable de 850 mAh pour des performances fiables<\/li>\n<li data-section-id=\"e1vi4v\" data-start=\"1679\" data-end=\"1731\">Trois niveaux de puissance pour une intensit\u00e9 personnalis\u00e9e<\/li>\n<li data-section-id=\"1gm764f\" data-start=\"1732\" data-end=\"1793\">Dual Mesh Coil pour un go\u00fbt intense et une vapeur dense<\/li>\n<li data-section-id=\"wwjm98\" data-start=\"1794\" data-end=\"1839\">Charge rapide USB-C pour un chargement pratique<\/li>\n<\/ul>\n<h3 data-section-id=\"6bqhr8\" data-start=\"2000\" data-end=\"2046\"><strong>D\u00e9couvrez d'autres points forts d'ELF BAR<\/strong><\/h3>\n<p data-start=\"2048\" data-end=\"2695\">Prolongez votre exp\u00e9rience de vapotage et d\u00e9couvrez la diversit\u00e9 de nos produits ELF BAR. Sur notre <strong data-start=\"2149\" data-end=\"2208\"><a class=\"decorated-link\" href=\"https:\/\/www.kurzvape.de\/fr\/\" target=\"_new\" rel=\"noopener\" data-start=\"2151\" data-end=\"2206\">page d'accueil officielle de la vape<\/a><\/strong> vous trouverez l'assortiment complet et les offres actuelles. Pour tous les fans de la marque, cela vaut la peine de jeter un coup d'\u0153il \u00e0 la <strong data-start=\"2319\" data-end=\"2408\"><a class=\"decorated-link\" href=\"https:\/\/www.kurzvape.de\/fr\/product-category\/elf-bar-vape\/\" target=\"_new\" rel=\"noopener\" data-start=\"2321\" data-end=\"2406\">Cat\u00e9gorie pour ELF BAR Vapes<\/a><\/strong>, o\u00f9 vous pouvez facilement comparer tous les mod\u00e8les. En particulier, les <strong data-start=\"2475\" data-end=\"2592\"><a class=\"decorated-link\" href=\"https:\/\/www.kurzvape.de\/fr\/product-category\/elf-bar-vape\/elf-bar-moon-night-40000\/\" target=\"_new\" rel=\"noopener\" data-start=\"2477\" data-end=\"2590\">ELF BAR Moon Night s\u00e9rie 40000<\/a><\/strong> pr\u00e9sente toutes les saveurs disponibles et les \u00e9ditions limit\u00e9es pour des exp\u00e9riences de vapotage intenses.<\/p>","protected":false},"excerpt":{"rendered":"<p>L'ELF BAR Moon Night 40000 Blue Razz Ice offre jusqu'\u00e0 40 000 bouff\u00e9es, 22 ml de liquide et une batterie de 850 mAh. Le coil Dual Mesh fournit un go\u00fbt intense de Blue Razz avec une note rafra\u00eechissante de glace. Trois modes - Eco, Normal &amp; Boost - s'adaptent \u00e0 votre puissance de vapeur.<\/p>","protected":false},"featured_media":2218,"comment_status":"open","ping_status":"closed","template":"","meta":{"_acf_changed":false},"product_brand":[],"product_cat":[36],"product_tag":[],"class_list":{"0":"post-2217","1":"product","2":"type-product","3":"status-publish","4":"has-post-thumbnail","6":"product_cat-elf-bar-moon-night-40000","8":"first","9":"instock","10":"sale","11":"shipping-taxable","12":"purchasable","13":"product-type-variable"},"acf":[],"_links":{"self":[{"href":"https:\/\/www.kurzvape.de\/fr\/wp-json\/wp\/v2\/product\/2217","targetHints":{"allow":["GET"]}}],"collection":[{"href":"https:\/\/www.kurzvape.de\/fr\/wp-json\/wp\/v2\/product"}],"about":[{"href":"https:\/\/www.kurzvape.de\/fr\/wp-json\/wp\/v2\/types\/product"}],"replies":[{"embeddable":true,"href":"https:\/\/www.kurzvape.de\/fr\/wp-json\/wp\/v2\/comments?post=2217"}],"wp:featuredmedia":[{"embeddable":true,"href":"https:\/\/www.kurzvape.de\/fr\/wp-json\/wp\/v2\/media\/2218"}],"wp:attachment":[{"href":"https:\/\/www.kurzvape.de\/fr\/wp-json\/wp\/v2\/media?parent=2217"}],"wp:term":[{"taxonomy":"product_brand","embeddable":true,"href":"https:\/\/www.kurzvape.de\/fr\/wp-json\/wp\/v2\/product_brand?post=2217"},{"taxonomy":"product_cat","embeddable":true,"href":"https:\/\/www.kurzvape.de\/fr\/wp-json\/wp\/v2\/product_cat?post=2217"},{"taxonomy":"product_tag","embeddable":true,"href":"https:\/\/www.kurzvape.de\/fr\/wp-json\/wp\/v2\/product_tag?post=2217"}],"curies":[{"name":"wp","href":"https:\/\/api.w.org\/{rel}","templated":true}]}}