{"id":2934,"date":"2026-04-16T20:05:25","date_gmt":"2026-04-16T12:05:25","guid":{"rendered":"https:\/\/www.kurzvape.de\/?post_type=product&#038;p=2934"},"modified":"2026-04-16T20:05:25","modified_gmt":"2026-04-16T12:05:25","slug":"bang-king-25000-peach-mango","status":"publish","type":"product","link":"https:\/\/www.kurzvape.de\/fr\/product\/bang-king-25000-peach-mango\/","title":{"rendered":"Bang King 25000 Peach Mango"},"content":{"rendered":"<h2><strong>Bang King 25000 Peach Mango Vaporisateur jetable - Le plaisir tropical de la p\u00eache et de la mangue avec 25 000 bouff\u00e9es<\/strong><\/h2>\n<p>\u00c0 chaque bouff\u00e9e, le Bang King 25000 Peach Mango vous transporte dans un monde de saveurs tropicales \u00e0 nul autre pareil. La douceur onctueuse de la mangue m\u00fbre s'allie harmonieusement \u00e0 la fra\u00eecheur d\u00e9licate des p\u00eaches juteuses pour former une composition fruit\u00e9e qui danse sur la langue et stimule les sens. Si vous recherchez une exp\u00e9rience de vapotage qui allie le sentiment de vacances et le plaisir quotidien, le Peach Mango vous s\u00e9duira d'embl\u00e9e.<\/p>\n<p>Outre son profil gustatif irr\u00e9sistible, le Bang King 25000 Peach Mango marque des points avec une qualit\u00e9 de vapeur qui r\u00e9pond \u00e0 tous les souhaits. Les bouff\u00e9es sont douces et r\u00e9guli\u00e8res, sans aucune duret\u00e9 ni arri\u00e8re-go\u00fbt artificiel. L'ar\u00f4me de fruits tropicaux se d\u00e9ploie avec un naturel impressionnant - cors\u00e9, rond et d'une intensit\u00e9 constante du d\u00e9but \u00e0 la fin. Une vape qui ne g\u00e2te pas seulement le palais, mais qui convainc aussi sur toute la ligne sur le plan technique.<\/p>\n<h2><strong>Syst\u00e8me \u00e0 double cartouche de 46 ml - Capacit\u00e9 maximale pour un plaisir tropical ininterrompu<\/strong><\/h2>\n<p>La base du Bang King 25000 est un syst\u00e8me d'e-liquide performant de 46 ml, r\u00e9parti en deux cartouches s\u00e9par\u00e9es de 23 ml chacune. Cette solution \u00e0 double cartouche bien pens\u00e9e optimise la r\u00e9partition du liquide et prot\u00e8ge de mani\u00e8re fiable l'e-liquide contre les fuites et la perte de qualit\u00e9 due \u00e0 une oxydation pr\u00e9matur\u00e9e. L'ar\u00f4me Peach-Mango conserve ainsi toute sa fra\u00eecheur et son intensit\u00e9 pendant toute la dur\u00e9e d'utilisation - un avantage certain par rapport aux solutions conventionnelles \u00e0 usage unique.<\/p>\n<h2><strong>S\u00e9lection flexible de la nicotine, technologie de maillage de premier ordre &amp; recharge rapide de type C - une technique de haut niveau<\/strong><\/h2>\n<p>Le Bang King 25000 Peach Mango s'adapte individuellement \u00e0 chaque utilisateur : Les taux de nicotine 0 %, 2 %, 3 % et 5 % couvrent tout le spectre de l'absence de nicotine \u00e0 l'intensit\u00e9. La bobine en maille de 1,0 ohm fonctionne avec une pr\u00e9cision impressionnante et assure une vapeur pleine et r\u00e9guli\u00e8re \u00e0 chaque bouff\u00e9e, avec un airflow parfaitement r\u00e9glable. La batterie int\u00e9gr\u00e9e de 650 mAh se recharge rapidement et confortablement gr\u00e2ce \u00e0 la connexion moderne de type C - et ceux qui appr\u00e9cient la diversit\u00e9 peuvent choisir parmi 12 saveurs diff\u00e9rentes.<\/p>\n<h2><strong>Principales caract\u00e9ristiques du Bang King 25000 Peach Mango :<\/strong><\/h2>\n<ul>\n<li><strong>25 000 trains<\/strong> - Une endurance incomparable pour des semaines de vapotage sans souci.<\/li>\n<li><strong>46 ml de liquide<\/strong> - Pr\u00e9-rempli abondamment pour une utilisation exceptionnellement longue et sans interruption.<\/li>\n<li><strong>Nicotine : 0 %, 2 %, 3 %, 5 %<\/strong> - Large choix d'\u00e9paisseurs pour r\u00e9pondre \u00e0 tous les besoins individuels.<\/li>\n<li><strong>batterie de 650 mAh<\/strong> - Batterie puissante avec une longue dur\u00e9e de fonctionnement et un besoin rare de rechargement.<\/li>\n<li><strong>Bobine maill\u00e9e de 1,0 \u03a9<\/strong> - Vapeur cors\u00e9e et d\u00e9veloppement optimal de l'ar\u00f4me avec un airflow r\u00e9glable.<\/li>\n<li><strong>Chargement de type C<\/strong> - Norme de charge rapide et moderne pour une utilisation quotidienne sans probl\u00e8me.<\/li>\n<li><strong>Syst\u00e8me \u00e0 double pod<\/strong> - Deux pods de 12 500 bouff\u00e9es chacun pour une transition en douceur et sans effort.<\/li>\n<\/ul>\n<h2><strong>Pourquoi le Bang King 25000 Peach Mango est-il convaincant ?<\/strong><\/h2>\n<ul>\n<li><strong>L'endurance tropicale au plus haut niveau :<\/strong> 25.000 bouff\u00e9es par appareil font de Peach Mango un v\u00e9ritable coureur de fond - imbattable pour tous ceux qui ne veulent pas penser constamment \u00e0 se r\u00e9approvisionner.<\/li>\n<li><strong>Ar\u00f4me de fruit inalt\u00e9r\u00e9 jusqu'\u00e0 la fin :<\/strong> Le syst\u00e8me \u00e0 double dosette garantit que le profil de go\u00fbt tropical p\u00eache-mangue reste frais, intense et authentique jusqu'au dernier nuage.<\/li>\n<li><strong>Qualit\u00e9 de finition de premier ordre :<\/strong> Des composants de haute qualit\u00e9 et une construction robuste garantissent des pannes minimales et une exp\u00e9rience de vapotage fiable de bout en bout.<\/li>\n<\/ul>\n<h3><strong>Tout sur le vapotage - D\u00e9couvrir maintenant dans la boutique<\/strong><\/h3>\n<p>Si vous cherchez votre prochain produit \u00e0 vapeur pr\u00e9f\u00e9r\u00e9, vous pouvez vous rendre sur <strong><a href=\"https:\/\/www.kurzvape.de\/fr\/\">kurzvape.de - la boutique en ligne leader de la vape<\/a><\/strong> sont entre de bonnes mains. Une vaste s\u00e9lection de mod\u00e8les \u00e9prouv\u00e9s et de nouveaut\u00e9s attend tous les explorateurs \u00e0 la <strong><a href=\"https:\/\/www.kurzvape.de\/fr\/product-category\/bang-vape\/\">Univers th\u00e9matique Bang Vape<\/a><\/strong>, La qualit\u00e9 et la diversit\u00e9 des go\u00fbts s'y rencontrent. Ceux qui recherchent le nec plus ultra en mati\u00e8re de capacit\u00e9 de tirage et d'endurance \u00e0 la vapeur trouveront leur bonheur sur le site de la marque. <strong><a href=\"https:\/\/www.kurzvape.de\/fr\/product-category\/bang-vape\/bang-king-25000\/\">Bang King 25000 Page de produit<\/a><\/strong> avec les mod\u00e8les les plus solides et les plus durables de toute la collection.<\/p>","protected":false},"excerpt":{"rendered":"<p>Le Bang King 25000 Peach Mango offre un plaisir fruit\u00e9 intense avec de la mangue sucr\u00e9e et de la p\u00eache juteuse. Gr\u00e2ce \u00e0 ses 46 ml de liquide, son syst\u00e8me \u00e0 double cartouche et ses 25 000 bouff\u00e9es, il convainc par sa vapeur longue dur\u00e9e, ses performances r\u00e9guli\u00e8res et sa technologie moderne de maillage pour une exp\u00e9rience gustative compl\u00e8te.<\/p>","protected":false},"featured_media":2935,"comment_status":"open","ping_status":"closed","template":"","meta":{"_acf_changed":false},"product_brand":[],"product_cat":[45],"product_tag":[],"class_list":{"0":"post-2934","1":"product","2":"type-product","3":"status-publish","4":"has-post-thumbnail","6":"product_cat-bang-king-25000","8":"first","9":"instock","10":"sale","11":"shipping-taxable","12":"purchasable","13":"product-type-variable"},"acf":[],"_links":{"self":[{"href":"https:\/\/www.kurzvape.de\/fr\/wp-json\/wp\/v2\/product\/2934","targetHints":{"allow":["GET"]}}],"collection":[{"href":"https:\/\/www.kurzvape.de\/fr\/wp-json\/wp\/v2\/product"}],"about":[{"href":"https:\/\/www.kurzvape.de\/fr\/wp-json\/wp\/v2\/types\/product"}],"replies":[{"embeddable":true,"href":"https:\/\/www.kurzvape.de\/fr\/wp-json\/wp\/v2\/comments?post=2934"}],"wp:featuredmedia":[{"embeddable":true,"href":"https:\/\/www.kurzvape.de\/fr\/wp-json\/wp\/v2\/media\/2935"}],"wp:attachment":[{"href":"https:\/\/www.kurzvape.de\/fr\/wp-json\/wp\/v2\/media?parent=2934"}],"wp:term":[{"taxonomy":"product_brand","embeddable":true,"href":"https:\/\/www.kurzvape.de\/fr\/wp-json\/wp\/v2\/product_brand?post=2934"},{"taxonomy":"product_cat","embeddable":true,"href":"https:\/\/www.kurzvape.de\/fr\/wp-json\/wp\/v2\/product_cat?post=2934"},{"taxonomy":"product_tag","embeddable":true,"href":"https:\/\/www.kurzvape.de\/fr\/wp-json\/wp\/v2\/product_tag?post=2934"}],"curies":[{"name":"wp","href":"https:\/\/api.w.org\/{rel}","templated":true}]}}