{"id":627,"date":"2026-03-05T00:09:50","date_gmt":"2026-03-04T16:09:50","guid":{"rendered":"https:\/\/www.kurzvape.de\/?post_type=product&#038;p=627"},"modified":"2026-03-05T00:09:51","modified_gmt":"2026-03-04T16:09:51","slug":"fumot-tornado-15000-blue-razz-lemonade","status":"publish","type":"product","link":"https:\/\/www.kurzvape.de\/fr\/product\/fumot-tornado-15000-blue-razz-lemonade\/","title":{"rendered":"Fumot Tornado 15000 Blue Razz Lemonade"},"content":{"rendered":"<h2><strong>Fumot Tornado 15000 Blue Razz Lemonade Vaporisateur jetable<\/strong><\/h2>\n<p>Plongez dans un monde de saveurs p\u00e9tillantes avec la Tornado Vape 15000 dans la vari\u00e9t\u00e9 s\u00e9duisante Blue Razz Lemonade ! Cette symbiose extraordinaire de framboises bleues tangy et douces et du coup de fouet p\u00e9tillant de la limonade rafra\u00eechissante promet une exp\u00e9rience gustative de premi\u00e8re classe - vivifiante, fruit\u00e9e et irr\u00e9sistible de la premi\u00e8re \u00e0 la derni\u00e8re inhalation.<\/p>\n<p>Le Fumot Tornado 15000 Blue Razz Lemonade ne combine pas seulement un go\u00fbt unique, mais aussi une technologie de pointe au plus haut niveau. Avec une capacit\u00e9 allant jusqu'\u00e0 15 000 bouff\u00e9es par charge de batterie, un \u00e9cran LED pratique pour surveiller le niveau d'e-liquide et l'\u00e9tat de la batterie, ainsi qu'un airflow r\u00e9glable individuellement pour un plaisir de vapotage personnalis\u00e9, cette vape pose de nouveaux jalons en mati\u00e8re de confort et de performance.<\/p>\n<p>Savoure l'interaction incomparable entre la framboise fruit\u00e9e et terreuse et la note de limonade aigre-douce dans la Tornado Vape 15000 Ce duo harmonieux d'ar\u00f4mes de baies sauvages et de notes d'agrumes p\u00e9tillantes enchantera ton palais et t'accompagnera dans des moments de plaisir inoubliables. D\u00e9couvre son caract\u00e8re exceptionnel et laisse-toi emporter par l'univers de la Fumot Tornado 15000 Blue Razz Lemonade Vape - compl\u00e8tement !<\/p>\n<h2><strong>\ud83d\udca1 Caract\u00e9ristiques centrales du produit<\/strong><\/h2>\n<ul>\n<li><strong>Jusqu'\u00e0 15 000 trains :<\/strong>\u00a0con\u00e7u pour un plaisir durable et ininterrompu<\/li>\n<li><strong>Capacit\u00e9 de 25 ml d'e-liquide :<\/strong>\u00a0ar\u00f4me constant pendant toute la dur\u00e9e d'utilisation<\/li>\n<li><strong>Quatre taux de nicotine :<\/strong>\u00a00 %, 2 %, 3 % ou 5 % - \u00e0 choisir en fonction de vos besoins personnels<\/li>\n<li><strong>Batterie de 850 mAh :<\/strong>\u00a0rechargeable via un port USB-C moderne<\/li>\n<li><strong>Bobine de 0,9 \u03a9 Mesh :<\/strong>\u00a0pour une vapeur riche et un d\u00e9veloppement pr\u00e9cis du go\u00fbt<\/li>\n<li><strong>Airflow r\u00e9glable :<\/strong>\u00a0r\u00e9sistance au tirage enti\u00e8rement personnalisable<\/li>\n<li><strong>\u00c9cran LED &amp; effets lumineux :<\/strong>\u00a0fonctionnel au quotidien et design moderne<\/li>\n<li>43<strong>\u00a0Saveurs :<\/strong>\u00a0un choix \u00e9norme pour un maximum de vari\u00e9t\u00e9 dans le quotidien de la vape<\/li>\n<\/ul>\n<h2><strong>\ud83d\udd0d Qu'est-ce qui rend la Fumot Tornado 15000 Blue Razz Lemonade si unique ?<\/strong><\/h2>\n<ul>\n<li>L'ar\u00f4me de framboises bleues m\u00fbres et velout\u00e9es rencontre l'acidit\u00e9 vivifiante d'une limonade artisanale - un duo harmonieux pour les amateurs qui appr\u00e9cient l'originalit\u00e9 et recherchent des profils gustatifs frais et fruit\u00e9s !<\/li>\n<li>Gr\u00e2ce \u00e0 la capacit\u00e9 g\u00e9n\u00e9reuse de 25 ml de liquide et \u00e0 la puissante batterie de 850 mAh, tu profites d'un plaisir intense de la vapeur pendant des semaines - sans devoir faire des pauses de recharge ou de chargement qui interrompent ton quotidien.<\/li>\n<li>Choisis entre 0 %, 2 %, 3 % et 5 % de nicotine selon tes pr\u00e9f\u00e9rences individuelles - pour une exp\u00e9rience de vapotage enti\u00e8rement sur mesure qui s'adapte \u00e0 tes besoins.<\/li>\n<li>Le coil en maille de 0,9 \u03a9 fournit des nuages de vapeur denses et un d\u00e9veloppement pr\u00e9cis du go\u00fbt qui met en valeur le caract\u00e8re complet de la note de Blue Razz-Lemonade \u00e0 chaque inhalation.<\/li>\n<\/ul>\n<h2><strong>\ud83c\udfc6 Pourquoi choisir la Fumot Tornado 15000 Blue Razz Lemonade ?<\/strong><\/h2>\n<ul>\n<li><strong>\u2705 Qualit\u00e9 de marque de premier ordre de Fumot :<\/strong>Faisant partie de la prestigieuse ligne de produits RandM, le Fumot Tornado 15000 est synonyme de fiabilit\u00e9, d'innovation et d'une exp\u00e9rience de vapotage haut de gamme sur laquelle tu peux enti\u00e8rement compter, bouff\u00e9e apr\u00e8s bouff\u00e9e.<\/li>\n<li><strong>\ud83d\udd2c La technologie avanc\u00e9e en d\u00e9tail :<\/strong>Avec sa technologie d'avant-garde, le Fumot Tornado 15000 \u00e9l\u00e8ve le standard de la vape jetable \u00e0 un niveau sup\u00e9rieur et t'offre une exp\u00e9rience unique, difficilement \u00e9galable dans cette cat\u00e9gorie.<\/li>\n<li><strong>\ud83d\ude0a Satisfaction du client garantie :<\/strong>Le Fumot Tornado 15000 convainc par une qualit\u00e9 de fabrication de premi\u00e8re classe et une puissance \u00e9lev\u00e9e constante - pour une exp\u00e9rience de vapotage qui \u00e9tablit des crit\u00e8res et enthousiasme.<\/li>\n<\/ul>\n<div class=\"anchor-para\">\n<h3><strong>Autres produits &amp; informations<\/strong><\/h3>\n<p>D\u00e9couvre d'autres produits de qualit\u00e9 directement sur <strong><a href=\"https:\/\/www.kurzvape.de\/fr\/\">notre boutique en ligne KurzVape<\/a><\/strong>\u00a0- ton point de contact fiable pour tout ce qui concerne la vape. Ceux qui cherchent des appareils de marque de mani\u00e8re cibl\u00e9e trouveront leur bonheur dans la\u00a0<strong><a href=\"https:\/\/www.kurzvape.de\/fr\/product-category\/fumot-vape\/\">Aper\u00e7u des produits Fumot<\/a><\/strong>\u00a0o\u00f9 toute la gamme de mod\u00e8les est pr\u00e9sent\u00e9e de mani\u00e8re claire. Pour tous les fans de cette cat\u00e9gorie d'appareils, il vaut \u00e9galement la peine de jeter un coup d'\u0153il sur la liste compl\u00e8te des produits.\u00a0<strong><a href=\"https:\/\/www.kurzvape.de\/fr\/product-category\/fumot-vape\/fumot-tornado-15000\/\">S\u00e9rie de mod\u00e8les Tornado 15000<\/a><\/strong>, Le site Internet de l'Union europ\u00e9enne contient une liste de toutes les vari\u00e9t\u00e9s et variantes disponibles.<\/p>\n<\/div>","protected":false},"excerpt":{"rendered":"<p>D\u00e9couvre la vape jetable Fumot Tornado 15000 Blue Razz Lemonade - une combinaison p\u00e9tillante de framboises sucr\u00e9es et de limonade fra\u00eeche. Avec 15 000 bouff\u00e9es, une capacit\u00e9 de 25 ml, une batterie de 850 mAh, un coil en maille de 0,9 \u03a9 et 4 niveaux de nicotine (0-5 %) pour un maximum de plaisir.<\/p>","protected":false},"featured_media":630,"comment_status":"open","ping_status":"closed","template":"","meta":{"_acf_changed":false},"product_brand":[],"product_cat":[23],"product_tag":[],"class_list":{"0":"post-627","1":"product","2":"type-product","3":"status-publish","4":"has-post-thumbnail","6":"product_cat-fumot-tornado-15000","8":"first","9":"instock","10":"sale","11":"shipping-taxable","12":"purchasable","13":"product-type-variable"},"acf":[],"_links":{"self":[{"href":"https:\/\/www.kurzvape.de\/fr\/wp-json\/wp\/v2\/product\/627","targetHints":{"allow":["GET"]}}],"collection":[{"href":"https:\/\/www.kurzvape.de\/fr\/wp-json\/wp\/v2\/product"}],"about":[{"href":"https:\/\/www.kurzvape.de\/fr\/wp-json\/wp\/v2\/types\/product"}],"replies":[{"embeddable":true,"href":"https:\/\/www.kurzvape.de\/fr\/wp-json\/wp\/v2\/comments?post=627"}],"wp:featuredmedia":[{"embeddable":true,"href":"https:\/\/www.kurzvape.de\/fr\/wp-json\/wp\/v2\/media\/630"}],"wp:attachment":[{"href":"https:\/\/www.kurzvape.de\/fr\/wp-json\/wp\/v2\/media?parent=627"}],"wp:term":[{"taxonomy":"product_brand","embeddable":true,"href":"https:\/\/www.kurzvape.de\/fr\/wp-json\/wp\/v2\/product_brand?post=627"},{"taxonomy":"product_cat","embeddable":true,"href":"https:\/\/www.kurzvape.de\/fr\/wp-json\/wp\/v2\/product_cat?post=627"},{"taxonomy":"product_tag","embeddable":true,"href":"https:\/\/www.kurzvape.de\/fr\/wp-json\/wp\/v2\/product_tag?post=627"}],"curies":[{"name":"wp","href":"https:\/\/api.w.org\/{rel}","templated":true}]}}