{"id":264,"date":"2026-02-26T18:44:00","date_gmt":"2026-02-26T10:44:00","guid":{"rendered":"https:\/\/www.kurzvape.de\/?page_id=264"},"modified":"2026-02-26T18:44:02","modified_gmt":"2026-02-26T10:44:02","slug":"ueber-uns","status":"publish","type":"page","link":"https:\/\/www.kurzvape.de\/it\/ueber-uns\/","title":{"rendered":"Chi siamo"},"content":{"rendered":"<h1 class=\"wp-block-heading\">Chi siamo<\/h1>\n\n\n\n<p>Benvenuti a kurzvape - il vostro partner di fiducia per le sigarette elettroniche monouso di qualit\u00e0 superiore. Il nostro marchio \u00e8 sinonimo di qualit\u00e0 di prima classe, sviluppo continuo e un'esperienza di vaping che non \u00e8 seconda a nessuno. Noi di kurzvape ci impegniamo a combinare la massima qualit\u00e0 dei prodotti con una tecnologia all'avanguardia per offrirvi un'esperienza aromatica eccezionale.<\/p>\n\n\n\n<p>La nostra gamma comprende una selezione accuratamente curata di marchi leader nel settore delle sigarette elettroniche, tra cui Fumot\/Randm Tornado, Bang Vape, JNR Vape, Vapme Vape, Elf Box Vape, AL FAKHER VAPE, UWIN VAPE, Waspe Vape e Vozol Vape. I nostri clienti beneficiano di interessanti condizioni di vendita all'ingrosso. Tutti i prodotti offerti sono originali certificati, per la massima garanzia di qualit\u00e0 e un'esperienza di acquisto senza preoccupazioni. Che siate rivenditori o acquirenti all'ingrosso: kurzvape \u00e8 il partner su cui potete contare.<\/p>\n\n\n\n<p>Il nostro successo si basa su una profonda comprensione delle aspettative e dei desideri dei nostri clienti e sulla costante volont\u00e0 di svilupparsi ulteriormente. I nostri team di ricerca e sviluppo lavorano costantemente per progettare prodotti che soddisfino anche i pi\u00f9 severi requisiti di qualit\u00e0 e sicurezza. Prendiamo sul serio il feedback dei nostri clienti: \u00e8 la base su cui perfezioniamo costantemente la nostra gamma e la adattiamo alle mutevoli esigenze del mercato.<\/p>\n\n\n\n<p>kurzvape si considera pi\u00f9 di un semplice produttore di dispositivi di svapo: siamo sinonimo di un'esperienza di vaping olistica. I nostri vaporizzatori usa e getta sono stati sviluppati con grande attenzione per garantirvi un divertimento ai massimi livelli. Che si tratti di rinfrescanti sapori di frutta o di classiche note di tabacco, nella nostra versatile gamma troverete sicuramente il prodotto giusto che non solo soddisfa le vostre aspettative, ma le supera.<\/p>\n\n\n\n<p>I nostri standard di qualit\u00e0 si riflettono anche nel nostro impianto di produzione all'avanguardia, dove ogni prodotto short vape viene fabbricato con la massima precisione e coscienza. La sostenibilit\u00e0 e l'approccio responsabile all'ambiente non sono questioni marginali per noi: i nostri vape usa e getta sono progettati per essere ecologici e soddisfare gli attuali standard di protezione ambientale.<\/p>\n\n\n\n<p>Apprezziamo la vostra fiducia in kurzvape e non vediamo l'ora di accompagnarvi nel vostro personale viaggio nel vaping. Scoprite il mondo di kurzvape - dove qualit\u00e0, progresso ed esperienze di gusto indimenticabili formano un tutt'uno.<\/p>\n\n\n\n<p>Il tuo team kurzvape E-Mail: kurzvape@proton.me<\/p>","protected":false},"excerpt":{"rendered":"<p>\u00dcber uns Herzlich willkommen bei kurzvape \u2013 Ihrem vertrauensw\u00fcrdigen Ansprechpartner rund um Premium-Einweg-E-Zigaretten. Unsere Marke steht f\u00fcr erstklassige Qualit\u00e4t, kontinuierliche Weiterentwicklung und ein Dampferlebnis, das seinesgleichen sucht. Bei kurzvape haben wir uns dem Ziel verschrieben, h\u00f6chste Produktqualit\u00e4t mit modernster Technologie zu vereinen und Ihnen damit ein au\u00dfergew\u00f6hnliches Geschmackserlebnis zu bieten. Unser Sortiment umfasst eine sorgf\u00e4ltig [&#8230;]\n","protected":false},"author":1,"featured_media":0,"parent":0,"menu_order":0,"comment_status":"closed","ping_status":"closed","template":"","meta":{"_acf_changed":false,"footnotes":""},"class_list":["post-264","page","type-page","status-publish","hentry"],"acf":[],"_links":{"self":[{"href":"https:\/\/www.kurzvape.de\/it\/wp-json\/wp\/v2\/pages\/264","targetHints":{"allow":["GET"]}}],"collection":[{"href":"https:\/\/www.kurzvape.de\/it\/wp-json\/wp\/v2\/pages"}],"about":[{"href":"https:\/\/www.kurzvape.de\/it\/wp-json\/wp\/v2\/types\/page"}],"author":[{"embeddable":true,"href":"https:\/\/www.kurzvape.de\/it\/wp-json\/wp\/v2\/users\/1"}],"replies":[{"embeddable":true,"href":"https:\/\/www.kurzvape.de\/it\/wp-json\/wp\/v2\/comments?post=264"}],"version-history":[{"count":0,"href":"https:\/\/www.kurzvape.de\/it\/wp-json\/wp\/v2\/pages\/264\/revisions"}],"wp:attachment":[{"href":"https:\/\/www.kurzvape.de\/it\/wp-json\/wp\/v2\/media?parent=264"}],"curies":[{"name":"wp","href":"https:\/\/api.w.org\/{rel}","templated":true}]}}