{"id":266,"date":"2026-02-26T18:47:44","date_gmt":"2026-02-26T10:47:44","guid":{"rendered":"https:\/\/www.kurzvape.de\/?page_id=266"},"modified":"2026-02-26T18:47:46","modified_gmt":"2026-02-26T10:47:46","slug":"versand-und-lieferung","status":"publish","type":"page","link":"https:\/\/www.kurzvape.de\/it\/versand-und-lieferung\/","title":{"rendered":"Spedizione e consegna"},"content":{"rendered":"<h1 class=\"wp-block-heading\">Spedizione e consegna - kurzvape<\/h1>\n\n\n\n<p><strong>Tempi di elaborazione e spedizione dell'ordine:<\/strong> Gli ordini ricevuti vengono elaborati e spediti entro 1-3 giorni lavorativi. Il tempo di consegna stimato \u00e8 di 10-15 giorni lavorativi. Il sabato e la domenica non si effettuano spedizioni.<\/p>\n\n\n\n<p><strong>Tracciabilit\u00e0 dei pacchi:<\/strong> Non appena il vostro ordine sar\u00e0 stato spedito, vi invieremo un'e-mail con i relativi dati di tracciamento. Si prega di notare che potrebbero essere necessari da 1 a 2 giorni per l'aggiornamento delle informazioni di tracciamento sul rispettivo sito web di tracciamento.<\/p>\n\n\n\n<p><strong>Cancellazioni e cambiamenti di indirizzo:<\/strong> Finch\u00e9 l'ordine non \u00e8 ancora stato spedito, \u00e8 possibile annullarlo in qualsiasi momento o modificare l'indirizzo di consegna. Una volta che l'ordine \u00e8 stato spedito, non \u00e8 possibile effettuare rimborsi o cambi di indirizzo successivi.<\/p>\n\n\n\n<p><strong>Spedizione DDP (Delivery Duty Paid):<\/strong> Offriamo la spedizione DDP per diversi Paesi. Per voi questo significa: nessuno sdoganamento indipendente, nessun dazio all'importazione. Le seguenti regioni sono fornite in questo modo:<\/p>\n\n\n\n<ul class=\"wp-block-list\">\n<li><strong>Gran Bretagna:<\/strong> DPD Express locale - tempi di consegna 7-12 giorni<\/li>\n\n\n\n<li><strong>Europa:<\/strong> UPS \/ DPD \/ DHL Express - tempi di consegna 10-15 giorni<\/li>\n<\/ul>\n\n\n\n<p><strong>Paesi europei con spedizione DDP:<\/strong> Germania, Belgio, Lussemburgo, Paesi Bassi, Repubblica Ceca, Polonia, Croazia, Slovacchia, Slovenia, Finlandia, Danimarca, Svezia, Austria, Francia, Italia, Ungheria, Bulgaria, Lituania, Estonia, Lettonia, Grecia, Irlanda, Portogallo e Spagna.<\/p>\n\n\n\n<p>I tempi di consegna effettivi dipendono dal paese di destinazione e dal metodo di spedizione selezionato. Per tutti i Paesi europei elencati \u00e8 previsto un tempo di consegna standard da 8 a 13 giorni.<\/p>","protected":false},"excerpt":{"rendered":"<p>Versand und Lieferung \u2013 kurzvape Auftragsbearbeitung und Versanddauer: Eingegangene Bestellungen werden innerhalb von 1 bis 3 Werktagen bearbeitet und auf den Weg gebracht. Die voraussichtliche Zustelldauer liegt bei 10 bis 15 Werktagen. An Samstagen und Sonntagen findet kein Versand statt. Paketnachverfolgung: Sobald Ihre Bestellung versandt wurde, schicken wir Ihnen eine E-Mail mit den entsprechenden Tracking-Daten [&#8230;]\n","protected":false},"author":1,"featured_media":0,"parent":0,"menu_order":0,"comment_status":"closed","ping_status":"closed","template":"","meta":{"_acf_changed":false,"footnotes":""},"class_list":["post-266","page","type-page","status-publish","hentry"],"acf":[],"_links":{"self":[{"href":"https:\/\/www.kurzvape.de\/it\/wp-json\/wp\/v2\/pages\/266","targetHints":{"allow":["GET"]}}],"collection":[{"href":"https:\/\/www.kurzvape.de\/it\/wp-json\/wp\/v2\/pages"}],"about":[{"href":"https:\/\/www.kurzvape.de\/it\/wp-json\/wp\/v2\/types\/page"}],"author":[{"embeddable":true,"href":"https:\/\/www.kurzvape.de\/it\/wp-json\/wp\/v2\/users\/1"}],"replies":[{"embeddable":true,"href":"https:\/\/www.kurzvape.de\/it\/wp-json\/wp\/v2\/comments?post=266"}],"version-history":[{"count":0,"href":"https:\/\/www.kurzvape.de\/it\/wp-json\/wp\/v2\/pages\/266\/revisions"}],"wp:attachment":[{"href":"https:\/\/www.kurzvape.de\/it\/wp-json\/wp\/v2\/media?parent=266"}],"curies":[{"name":"wp","href":"https:\/\/api.w.org\/{rel}","templated":true}]}}