{"id":273,"date":"2026-02-26T18:59:12","date_gmt":"2026-02-26T10:59:12","guid":{"rendered":"https:\/\/www.kurzvape.de\/?page_id=273"},"modified":"2026-02-26T18:59:14","modified_gmt":"2026-02-26T10:59:14","slug":"nutzungsbedingungen","status":"publish","type":"page","link":"https:\/\/www.kurzvape.de\/it\/nutzungsbedingungen\/","title":{"rendered":"Condizioni di utilizzo"},"content":{"rendered":"<h1 class=\"wp-block-heading\">Condizioni di utilizzo - kurzvape<\/h1>\n\n\n\n<p>Benvenuti su kurzvape! Prima di utilizzare il nostro sito web, si prega di leggere attentamente i presenti termini e condizioni. Accedendo e utilizzando il nostro sito web, l'utente accetta di rispettare i seguenti termini e condizioni e tutte le leggi applicabili. Se non si accettano questi termini e condizioni, si prega di astenersi dall'utilizzare il nostro sito web. Completando un acquisto, l'utente accetta di essere vincolato da questi termini e condizioni e dalle nostre politiche di spedizione, restituzione e garanzia.<\/p>\n\n\n\n<h2 class=\"wp-block-heading\">Ordini internazionali<\/h2>\n\n\n\n<p>kurzvape opera in tutto il mondo con sede a Hong Kong. I clienti che risiedono al di fuori di Hong Kong sono classificati come acquirenti internazionali. Prima di effettuare un ordine, si consiglia di verificare le normative del proprio Paese in merito al possesso, all'importazione e all'utilizzo di prodotti per lo svapo. In alcuni Paesi possono essere applicati termini e condizioni aggiuntivi, come specificato nella nostra Politica di spedizione, restituzione e garanzia.<\/p>\n\n\n\n<h2 class=\"wp-block-heading\">Copyright<\/h2>\n\n\n\n<p>Tutti i contenuti di questo sito web - compresi i testi, la grafica e il codice del programma - sono opera collettiva protetta da copyright di kurzvape. Copyright 2022, kurzvape. Tutti i diritti sono riservati. La copia o la stampa elettronica di parti del sito web \u00e8 consentita solo allo scopo di effettuare un ordine o di acquistare prodotti kurzvape. Qualsiasi altro uso, compresa la riproduzione, la distribuzione o la trasmissione dei contenuti, \u00e8 vietato senza l'esplicito consenso scritto di kurzvape Inc.<\/p>\n\n\n\n<h2 class=\"wp-block-heading\">Diritti di marchio<\/h2>\n\n\n\n<p>Tutti i marchi di fabbrica, i marchi di servizio e i nomi commerciali che compaiono su questo sito sono di propriet\u00e0 esclusiva di kurzvape.<\/p>\n\n\n\n<h2 class=\"wp-block-heading\">Esclusione della responsabilit\u00e0 per le garanzie<\/h2>\n\n\n\n<p>Il nostro sito web e tutti i materiali e i prodotti in esso offerti sono forniti \"cos\u00ec come sono\" senza garanzie di alcun tipo, n\u00e9 esplicite n\u00e9 implicite. kurzvape declina espressamente tutte le garanzie, comprese, ma non solo, le garanzie implicite di commerciabilit\u00e0, idoneit\u00e0 per uno scopo particolare e non violazione. Non garantiamo che le funzioni contenute nel sito web siano ininterrotte o prive di errori, che i difetti vengano corretti o che il sito web sia privo di virus o altri componenti dannosi. Allo stesso modo, non si garantisce l'accuratezza, la completezza o l'affidabilit\u00e0 delle informazioni fornite.<\/p>\n\n\n\n<h2 class=\"wp-block-heading\">Limitazione di responsabilit\u00e0<\/h2>\n\n\n\n<p>kurzvape non sar\u00e0 responsabile di eventuali danni speciali o consequenziali derivanti dall'uso o dall'impossibilit\u00e0 di usare i materiali o i prodotti disponibili su questo sito web, anche se avvisata della possibilit\u00e0 di tali danni. Alcune giurisdizioni non consentono l'esclusione o la limitazione di responsabilit\u00e0 per danni conseguenti o accidentali, pertanto la limitazione di cui sopra potrebbe non essere applicabile.<\/p>\n\n\n\n<h2 class=\"wp-block-heading\">Terminazione<\/h2>\n\n\n\n<p>I presenti termini e condizioni si applicano a tutti gli utenti che visitano, si registrano o effettuano acquisti sul sito web. kurzvape si riserva il diritto di rescindere in tutto o in parte i presenti termini e condizioni in qualsiasi momento e senza preavviso. Le disposizioni relative al copyright, ai diritti di marchio, all'esclusione di garanzia, alla limitazione di responsabilit\u00e0, all'indennizzo e alle altre disposizioni generali non saranno influenzate da tale risoluzione e manterranno la loro validit\u00e0.<\/p>\n\n\n\n<h2 class=\"wp-block-heading\">Notifiche<\/h2>\n\n\n\n<p>kurzvape \u00e8 autorizzata a inviare notifiche all'utente tramite e-mail, annunci generali sul sito web o altri canali di comunicazione affidabili utilizzando i dati di contatto forniti dall'utente.<\/p>\n\n\n\n<h2 class=\"wp-block-heading\">Disposizioni generali<\/h2>\n\n\n\n<p>Le presenti Condizioni sono disciplinate dalle leggi di Hong Kong, ad esclusione delle disposizioni sul conflitto di leggi. Tutte le controversie derivanti dai presenti Termini dovranno essere portate davanti ai tribunali competenti di Hong Kong. I reclami devono essere portati in tribunale entro un anno dalla loro maturazione. La rinuncia da parte di kurzvape al diritto di far valere una qualsiasi disposizione dei presenti Termini non costituir\u00e0 una rinuncia continuativa. kurzvape pu\u00f2 cedere i propri diritti e obblighi ai sensi dei presenti Termini a qualsiasi terza parte senza preavviso.<\/p>\n\n\n\n<h2 class=\"wp-block-heading\">Comportamento degli utenti sul sito web<\/h2>\n\n\n\n<p>Sul nostro sito web sono espressamente vietati comportamenti molesti o inappropriati nei confronti di altri utenti. Agli utenti non \u00e8 consentito caricare contenuti offensivi o pubblicizzare servizi commerciali di terzi sulla piattaforma. kurzvape si riserva il diritto di bloccare o rimuovere i contenuti che violano queste condizioni.<\/p>\n\n\n\n<h2 class=\"wp-block-heading\">Esclusione di responsabilit\u00e0 per i contenuti generati dagli utenti<\/h2>\n\n\n\n<p>kurzvape non si assume alcuna responsabilit\u00e0 per i contenuti generati dagli utenti che appaiono sul sito web. In questo contesto, ci limitiamo a fungere da piattaforma di diffusione e ci riserviamo il diritto di rimuovere i contenuti inappropriati a nostra discrezione.<\/p>\n\n\n\n<h2 class=\"wp-block-heading\">Utilizzo del prodotto<\/h2>\n\n\n\n<p>kurzvape non fornisce alcuna garanzia sull'efficacia dei suoi prodotti per applicazioni specifiche. L'uso di tutti i prodotti \u00e8 esclusivamente a rischio e pericolo dell'acquirente. I prodotti contenenti nicotina sono destinati esclusivamente agli adulti. Prima di utilizzare prodotti contenenti nicotina, si raccomanda di consultare un medico.<\/p>\n\n\n\n<h2 class=\"wp-block-heading\">Esenzione<\/h2>\n\n\n\n<p>Utilizzando il nostro sito web, l'utente accetta di indennizzare kurzvape e i suoi fornitori di servizi per tutte le perdite, i danni, i costi e le spese derivanti da qualsiasi violazione delle presenti condizioni d'uso o da attivit\u00e0 correlate attraverso il proprio account utente.<\/p>\n\n\n\n<h2 class=\"wp-block-heading\">Riferimenti a fornitori terzi<\/h2>\n\n\n\n<p>Per migliorare l'esperienza dell'utente, kurzvape pu\u00f2 fornire collegamenti a siti web esterni. Questi siti non sono sotto il controllo di kurzvape, che pertanto non si assume alcuna responsabilit\u00e0 per il loro contenuto o le loro pratiche.<\/p>\n\n\n\n<h2 class=\"wp-block-heading\">Esclusioni relative ai prodotti<\/h2>\n\n\n\n<p>Alcuni prodotti possono essere soggetti a specifiche esclusioni per quanto riguarda l'ammissibilit\u00e0 alla restituzione o alla sostituzione. Si consiglia di esaminare attentamente tutte le restrizioni specifiche del prodotto prima dell'acquisto. Accettando i presenti Termini e condizioni al momento del pagamento, l'utente dichiara di aver letto e compreso tutte le esclusioni applicabili all'acquisto.<\/p>\n\n\n\n<p>Grazie per la vostra fiducia in kurzvape!<\/p>","protected":false},"excerpt":{"rendered":"<p>Nutzungsbedingungen \u2013 kurzvape Herzlich willkommen bei kurzvape! Bevor Sie unsere Website in Anspruch nehmen, bitten wir Sie, diese Allgemeinen Gesch\u00e4ftsbedingungen aufmerksam zu lesen. Indem Sie auf unsere Website zugreifen und sie nutzen, erkl\u00e4ren Sie sich damit einverstanden, die nachfolgenden Regelungen sowie alle anwendbaren gesetzlichen Bestimmungen zu befolgen. Sollten Sie mit diesen Bedingungen nicht einverstanden sein, [&#8230;]\n","protected":false},"author":1,"featured_media":0,"parent":0,"menu_order":0,"comment_status":"closed","ping_status":"closed","template":"","meta":{"_acf_changed":false,"footnotes":""},"class_list":["post-273","page","type-page","status-publish","hentry"],"acf":[],"_links":{"self":[{"href":"https:\/\/www.kurzvape.de\/it\/wp-json\/wp\/v2\/pages\/273","targetHints":{"allow":["GET"]}}],"collection":[{"href":"https:\/\/www.kurzvape.de\/it\/wp-json\/wp\/v2\/pages"}],"about":[{"href":"https:\/\/www.kurzvape.de\/it\/wp-json\/wp\/v2\/types\/page"}],"author":[{"embeddable":true,"href":"https:\/\/www.kurzvape.de\/it\/wp-json\/wp\/v2\/users\/1"}],"replies":[{"embeddable":true,"href":"https:\/\/www.kurzvape.de\/it\/wp-json\/wp\/v2\/comments?post=273"}],"version-history":[{"count":0,"href":"https:\/\/www.kurzvape.de\/it\/wp-json\/wp\/v2\/pages\/273\/revisions"}],"wp:attachment":[{"href":"https:\/\/www.kurzvape.de\/it\/wp-json\/wp\/v2\/media?parent=273"}],"curies":[{"name":"wp","href":"https:\/\/api.w.org\/{rel}","templated":true}]}}