{"id":1504,"date":"2026-03-15T23:48:04","date_gmt":"2026-03-15T15:48:04","guid":{"rendered":"https:\/\/www.kurzvape.de\/?post_type=product&#038;p=1504"},"modified":"2026-03-15T23:48:04","modified_gmt":"2026-03-15T15:48:04","slug":"vozol-star-40000-blueberry-ice","status":"publish","type":"product","link":"https:\/\/www.kurzvape.de\/it\/product\/vozol-star-40000-blueberry-ice\/","title":{"rendered":"Vozol Star 40000 Mirtillo Ghiacciato"},"content":{"rendered":"<h2><strong>Vozol Star 40000 Blueberry Ice vape monouso<\/strong><\/h2>\n<p>Il gusto Vozol Star 40000 Blueberry Ice combina l'aroma corposo dei mirtilli maturi e dolci con un finale rinfrescante e fresco. Questa eccezionale svapata offre un'esperienza di gusto armoniosa che combina la dolcezza naturale dei mirtilli freschi con un tocco ghiacciato. Il risultato \u00e8 un vapore vellutato e aromatico che trasforma ogni svapata in un rinfrescante momento di piacere e coccola il palato e i sensi in egual misura.<\/p>\n<h2><strong>Blueberry Ice - Gusto corposo di frutti di bosco con un tocco di freschezza.<\/strong><\/h2>\n<p>Il Vozol Star 40000 Blueberry Ice combina il sapore intenso dei mirtilli maturi con un raffreddamento rinvigorente per un'esperienza di vaping incomparabile. Con una capacit\u00e0 fino a 40.000 boccate, una robusta batteria da 1000 mAh e la pratica funzione di ricarica rapida USB-C, il dispositivo \u00e8 sempre pronto all'uso. L'innovativo display OLED a onde fornisce informazioni affidabili sullo stato della batteria e sulla quantit\u00e0 di liquido rimanente in ogni momento.<\/p>\n<p>Le bobine a doppia maglia altamente sviluppate, in combinazione con la collaudata tecnologia S.i.L.C, garantiscono un sapore di mirtillo sempre intenso e una produzione di vapore sempre omogenea, dal primo all'ultimo utilizzo. Il sistema di vaporizzazione MTL assicura un'estrazione naturale, simile a quella della sigaretta, e rende il dispositivo la scelta ideale per i neofiti senza alcuna esperienza precedente.<\/p>\n<h2><strong>Dati tecnici in sintesi<\/strong><\/h2>\n<ul>\n<li>Bign\u00e8: fino a 40.000 (a seconda della lunghezza e della frequenza del treno)<\/li>\n<li>E-liquido: 20 ml, pre-riempito<\/li>\n<li>Batteria: 1000 mAh, ricaricabile tramite USB-C<\/li>\n<li>Nicotina: 50 mg\/ml (5 %)<\/li>\n<li>Bobina: elementi riscaldanti a doppia maglia<\/li>\n<li>Display: mostra lo stato della batteria, del liquido e della modalit\u00e0<\/li>\n<li>Modalit\u00e0: ECO | POWER<\/li>\n<li>Gusti: 24<\/li>\n<\/ul>\n<h2><strong>Configurazione delle prestazioni di Vozol Star 40000 Blueberry Ice in sintesi<\/strong><\/h2>\n<ul>\n<li><strong>Capacit\u00e0 della batteria:<\/strong> Batteria al litio ad alte prestazioni da 1000 mAh con funzione di ricarica rapida di tipo C per ridurre al minimo i tempi di ricarica<\/li>\n<li><strong>Capacit\u00e0 del liquido elettronico:<\/strong> 20 ml di e-liquid al sale di nicotina preinstallato con un contenuto di nicotina pari a 5 % per un sapore intenso e di lunga durata<\/li>\n<li><strong>Sistema a bobina:<\/strong> Tecnologia avanzata a doppia maglia per ottimizzare l'emissione di calore e sviluppare un sapore superiore<\/li>\n<li><strong>Display:<\/strong> Display OLED curvo con retroilluminazione per una visualizzazione precisa dello stato della batteria e del contatore dei treni<\/li>\n<li><strong>Modalit\u00e0 del treno:<\/strong> Modalit\u00e0 ECO per un massimo di 40.000 soffi e modalit\u00e0 POWER per un massimo di 25.000 soffi con maggiore intensit\u00e0 di vapore<\/li>\n<li><strong>Cambio di modalit\u00e0:<\/strong> Passaggio dalla modalit\u00e0 ECO a risparmio energetico alla potente modalit\u00e0 POWER con la semplice pressione di un pulsante<\/li>\n<\/ul>\n<h3><strong>Per saperne di pi\u00f9 su Kurzvape<\/strong><\/h3>\n<p>Siete curiosi di conoscere altri prodotti di punta? Sul sito <strong><a class=\"underline underline underline-offset-2 decoration-1 decoration-current\/40 hover:decoration-current focus:decoration-current\" href=\"https:\/\/www.kurzvape.de\/it\/\">sito ufficiale di Kurzvape<\/a><\/strong> \u00e8 possibile trovare un'ampia gamma di prodotti per il vaping. Sfogliate il nostro <strong><a class=\"underline underline underline-offset-2 decoration-1 decoration-current\/40 hover:decoration-current focus:decoration-current\" href=\"https:\/\/www.kurzvape.de\/it\/product-category\/vozol-vape\/\">Selezione VOZOL Vape<\/a><\/strong> e scoprite i modelli pi\u00f9 popolari di uno dei marchi leader nel mondo dello svapo. Troverete tutte le varianti di questa potente serie in bundle sotto il marchio <strong><a class=\"underline underline underline-offset-2 decoration-1 decoration-current\/40 hover:decoration-current focus:decoration-current\" href=\"https:\/\/www.kurzvape.de\/it\/product-category\/vozol-vape\/vozol-star-40000\/\">Modelli Vozol Star 40000<\/a><\/strong> - consegnati rapidamente, direttamente dal magazzino dell'UE.<\/p>","protected":false},"excerpt":{"rendered":"<p class=\"font-claude-response-body break-words whitespace-normal leading-[1.7]\">Der Vozol Star 40000 Blueberry Ice Einweg E-Zigarette verbindet reifes Blaubeeraroma mit k\u00fchlem Frischekick. Mit 40.000 Z\u00fcgen, 1000-mAh-Akku, USB-C-Laden und Dual-Mesh-Coils \u2013 intensiver Genuss im eleganten Design.<\/p>\n","protected":false},"featured_media":1505,"comment_status":"open","ping_status":"closed","template":"","meta":{"_acf_changed":false},"product_brand":[],"product_cat":[28],"product_tag":[],"class_list":{"0":"post-1504","1":"product","2":"type-product","3":"status-publish","4":"has-post-thumbnail","6":"product_cat-vozol-star-40000","8":"first","9":"instock","10":"sale","11":"shipping-taxable","12":"purchasable","13":"product-type-variable"},"acf":[],"_links":{"self":[{"href":"https:\/\/www.kurzvape.de\/it\/wp-json\/wp\/v2\/product\/1504","targetHints":{"allow":["GET"]}}],"collection":[{"href":"https:\/\/www.kurzvape.de\/it\/wp-json\/wp\/v2\/product"}],"about":[{"href":"https:\/\/www.kurzvape.de\/it\/wp-json\/wp\/v2\/types\/product"}],"replies":[{"embeddable":true,"href":"https:\/\/www.kurzvape.de\/it\/wp-json\/wp\/v2\/comments?post=1504"}],"wp:featuredmedia":[{"embeddable":true,"href":"https:\/\/www.kurzvape.de\/it\/wp-json\/wp\/v2\/media\/1505"}],"wp:attachment":[{"href":"https:\/\/www.kurzvape.de\/it\/wp-json\/wp\/v2\/media?parent=1504"}],"wp:term":[{"taxonomy":"product_brand","embeddable":true,"href":"https:\/\/www.kurzvape.de\/it\/wp-json\/wp\/v2\/product_brand?post=1504"},{"taxonomy":"product_cat","embeddable":true,"href":"https:\/\/www.kurzvape.de\/it\/wp-json\/wp\/v2\/product_cat?post=1504"},{"taxonomy":"product_tag","embeddable":true,"href":"https:\/\/www.kurzvape.de\/it\/wp-json\/wp\/v2\/product_tag?post=1504"}],"curies":[{"name":"wp","href":"https:\/\/api.w.org\/{rel}","templated":true}]}}