{"id":1507,"date":"2026-03-16T22:54:16","date_gmt":"2026-03-16T14:54:16","guid":{"rendered":"https:\/\/www.kurzvape.de\/?post_type=product&#038;p=1507"},"modified":"2026-03-16T22:54:16","modified_gmt":"2026-03-16T14:54:16","slug":"vozol-star-40000-blueberry-mint","status":"publish","type":"product","link":"https:\/\/www.kurzvape.de\/it\/product\/vozol-star-40000-blueberry-mint\/","title":{"rendered":"Vozol Star 40000 Menta Mirtillo"},"content":{"rendered":"<h2><strong>Vozol Star 40000 Mirtillo Menta Vape usa e getta<\/strong><\/h2>\n<p>Il gusto Vozol Star 40000 Blueberry Mint combina l'aroma dolce e fruttato dei mirtilli freschi con una nota rinvigorente di menta. Ogni boccata dispiega un'armoniosa interazione di dolcezza fruttata e freschezza erbacea che lascia un retrogusto piacevolmente lungo. Il risultato \u00e8 un'esperienza di svapo equilibrata e rinfrescante che delizier\u00e0 gli amanti della frutta e della menta.<\/p>\n<h2><strong>Menta e mirtillo - La dolcezza fruttata incontra la freschezza della menta<\/strong><\/h2>\n<p>Vozol Star 40000 Blueberry Mint combina il profilo aromatico dei mirtilli maturi con una componente di menta tonificante per un'esperienza di gusto inconfondibile. Grazie a una capacit\u00e0 fino a 40.000 boccate, a un'affidabile batteria da 1000 mAh e alla comoda funzione di ricarica rapida USB-C, \u00e8 possibile godere di un piacere di vaping di lunga durata senza interruzioni. L'elegante display OLED a onde mostra con precisione il livello attuale della batteria e del liquido.<\/p>\n<p>Le avanzate bobine a doppia maglia, in combinazione con la tecnologia S.i.L.C, assicurano una produzione di vapore costante e aromatica che mantiene il caratteristico sapore di mirtillo e menta dall'inizio alla fine. Il collaudato sistema di svapo MTL imita la nota tecnica di estrazione di una sigaretta, rendendo facile iniziare a svapare, senza alcuna conoscenza tecnica preliminare.<\/p>\n<h2><strong>Dati tecnici in sintesi<\/strong><\/h2>\n<ul>\n<li>Bign\u00e8: fino a 40.000 (a seconda della lunghezza e della frequenza del treno)<\/li>\n<li>E-liquido: 20 ml, pre-riempito<\/li>\n<li>Batteria: 1000 mAh, ricaricabile tramite USB-C<\/li>\n<li>Nicotina: 50 mg\/ml (5 %)<\/li>\n<li>Bobina: elementi riscaldanti a doppia maglia<\/li>\n<li>Display: mostra lo stato della batteria, del liquido e della modalit\u00e0<\/li>\n<li>Modalit\u00e0: ECO | POWER<\/li>\n<li>Gusti: 24<\/li>\n<\/ul>\n<h2><strong>Vozol Star 40000 Blueberry Mint Configurazione delle prestazioni in sintesi<\/strong><\/h2>\n<ul>\n<li><strong>Capacit\u00e0 della batteria:<\/strong> Batteria al litio da 1000 mAh ad alta capacit\u00e0 con funzione di ricarica rapida di tipo C per tempi di ricarica brevi e massima disponibilit\u00e0<\/li>\n<li><strong>Capacit\u00e0 del liquido elettronico:<\/strong> 20 ml di e-liquid al sale di nicotina preinstallato con un contenuto di nicotina pari a 5 % per un sapore intenso e di lunga durata<\/li>\n<li><strong>Sistema a bobina:<\/strong> Tecnologia all'avanguardia a doppia maglia per una distribuzione precisa del calore e uno sviluppo del sapore superiore<\/li>\n<li><strong>Display:<\/strong> Display OLED curvo con retroilluminazione per una visualizzazione precisa dello stato di carica e dei treni residui<\/li>\n<li><strong>Modalit\u00e0 del treno:<\/strong> Modalit\u00e0 ECO per un massimo di 40.000 soffi e modalit\u00e0 POWER per un massimo di 25.000 soffi con una maggiore erogazione di vapore<\/li>\n<li><strong>Cambio di modalit\u00e0:<\/strong> \u00c8 possibile passare facilmente dall'efficiente modalit\u00e0 ECO alla potente modalit\u00e0 POWER con la semplice pressione di un pulsante.<\/li>\n<\/ul>\n<h3><strong>Per saperne di pi\u00f9 su Kurzvape<\/strong><\/h3>\n<p>Desiderate scoprire altri prodotti? Visitate il sito <strong><a class=\"underline underline underline-offset-2 decoration-1 decoration-current\/40 hover:decoration-current focus:decoration-current\" href=\"https:\/\/www.kurzvape.de\/it\/\">Kurzvape - Il vostro negozio di vape in Germania<\/a><\/strong> e scoprire la nostra vasta gamma di vapes. Per tutti gli appassionati del marchio, vale la pena di dare un'occhiata al <strong><a class=\"underline underline underline-offset-2 decoration-1 decoration-current\/40 hover:decoration-current focus:decoration-current\" href=\"https:\/\/www.kurzvape.de\/it\/product-category\/vozol-vape\/\">offerta completa VOZOL Vape<\/a><\/strong> - dai modelli entry-level a quelli professionali. Chiunque sia alla ricerca di questa serie trover\u00e0 quello che cerca nella serie <strong><a class=\"underline underline underline-offset-2 decoration-1 decoration-current\/40 hover:decoration-current focus:decoration-current\" href=\"https:\/\/www.kurzvape.de\/it\/product-category\/vozol-vape\/vozol-star-40000\/\">Panoramica della serie Vozol Star 40000<\/a><\/strong> con consegna rapida dal magazzino UE.<\/p>","protected":false},"excerpt":{"rendered":"<p>La sigaretta elettronica monouso Vozol Star 40000 Blueberry Mint combina il gusto fruttato del mirtillo con la freschezza rinvigorente della menta. Con 40.000 boccate, batteria da 1000 mAh, ricarica USB-C e bobine a doppia maglia: un piacere rinfrescante.<\/p>","protected":false},"featured_media":1508,"comment_status":"open","ping_status":"closed","template":"","meta":{"_acf_changed":false},"product_brand":[],"product_cat":[28],"product_tag":[],"class_list":{"0":"post-1507","1":"product","2":"type-product","3":"status-publish","4":"has-post-thumbnail","6":"product_cat-vozol-star-40000","8":"first","9":"instock","10":"sale","11":"shipping-taxable","12":"purchasable","13":"product-type-variable"},"acf":[],"_links":{"self":[{"href":"https:\/\/www.kurzvape.de\/it\/wp-json\/wp\/v2\/product\/1507","targetHints":{"allow":["GET"]}}],"collection":[{"href":"https:\/\/www.kurzvape.de\/it\/wp-json\/wp\/v2\/product"}],"about":[{"href":"https:\/\/www.kurzvape.de\/it\/wp-json\/wp\/v2\/types\/product"}],"replies":[{"embeddable":true,"href":"https:\/\/www.kurzvape.de\/it\/wp-json\/wp\/v2\/comments?post=1507"}],"wp:featuredmedia":[{"embeddable":true,"href":"https:\/\/www.kurzvape.de\/it\/wp-json\/wp\/v2\/media\/1508"}],"wp:attachment":[{"href":"https:\/\/www.kurzvape.de\/it\/wp-json\/wp\/v2\/media?parent=1507"}],"wp:term":[{"taxonomy":"product_brand","embeddable":true,"href":"https:\/\/www.kurzvape.de\/it\/wp-json\/wp\/v2\/product_brand?post=1507"},{"taxonomy":"product_cat","embeddable":true,"href":"https:\/\/www.kurzvape.de\/it\/wp-json\/wp\/v2\/product_cat?post=1507"},{"taxonomy":"product_tag","embeddable":true,"href":"https:\/\/www.kurzvape.de\/it\/wp-json\/wp\/v2\/product_tag?post=1507"}],"curies":[{"name":"wp","href":"https:\/\/api.w.org\/{rel}","templated":true}]}}