{"id":1511,"date":"2026-03-16T23:01:43","date_gmt":"2026-03-16T15:01:43","guid":{"rendered":"https:\/\/www.kurzvape.de\/?post_type=product&#038;p=1511"},"modified":"2026-03-16T23:01:44","modified_gmt":"2026-03-16T15:01:44","slug":"vozol-star-40000-blueberry-watermelon","status":"publish","type":"product","link":"https:\/\/www.kurzvape.de\/it\/product\/vozol-star-40000-blueberry-watermelon\/","title":{"rendered":"Vozol Star 40000 Anguria Mirtillo"},"content":{"rendered":"<h2><strong>Vozol Star 40000 Mirtillo Anguria Vape usa e getta<\/strong><\/h2>\n<p>Il gusto Vozol Star 40000 Blueberry Watermelon offre un'invitante combinazione di mirtilli succosi e dolci e di anguria rinfrescante a ogni boccata. L'armoniosa interazione dei due frutti crea un profilo di sapore vibrante ed estivo che danza sulla lingua. Ogni boccata offre un'esplosione di sapore fruttato che lascia la voglia di saperne di pi\u00f9.<\/p>\n<h2><strong>Anguria ai mirtilli - doppia potenza di frutta per l'estate<\/strong><\/h2>\n<p>Vozol Star 40000 Blueberry Watermelon combina due sapori di frutta estivi per creare un'esperienza di vaping irresistibile. Con un massimo di 40.000 boccate, una potente batteria da 1000 mAh e la funzione di ricarica rapida USB-C, il dispositivo \u00e8 sempre pronto all'uso. Il display OLED curvo a onde fornisce tutte le informazioni importanti sulla batteria e sul livello del liquido in un colpo d'occhio.<\/p>\n<p>Le collaudate bobine a doppia maglia e la tecnologia S.i.L.C garantiscono una produzione di vapore di alta qualit\u00e0 che esalta l'intensit\u00e0 del sapore fruttato di mirtillo e cocomero. L'ergonomico sistema di vaporizzazione MTL offre una tecnica di estrazione naturale e familiare, ideale per i neofiti che vogliono iniziare subito senza alcuna competenza tecnica.<\/p>\n<h2><strong>Dati tecnici in sintesi<\/strong><\/h2>\n<ul>\n<li>Bign\u00e8: fino a 40.000 (a seconda della lunghezza e della frequenza del treno)<\/li>\n<li>E-liquido: 20 ml, pre-riempito<\/li>\n<li>Batteria: 1000 mAh, ricaricabile tramite USB-C<\/li>\n<li>Nicotina: 50 mg\/ml (5 %)<\/li>\n<li>Bobina: elementi riscaldanti a doppia maglia<\/li>\n<li>Display: mostra lo stato della batteria, del liquido e della modalit\u00e0<\/li>\n<li>Modalit\u00e0: ECO | POWER<\/li>\n<li>Gusti: 24<\/li>\n<\/ul>\n<h2><strong>Vozol Star 40000 Blueberry Watermelon Configurazione delle prestazioni in sintesi<\/strong><\/h2>\n<ul>\n<li><strong>Capacit\u00e0 della batteria:<\/strong> Batteria al litio ad alte prestazioni da 1000 mAh con funzione di ricarica rapida di tipo C per la massima prontezza operativa<\/li>\n<li><strong>Capacit\u00e0 del liquido elettronico:<\/strong> 20 ml di e-liquido al sale di nicotina preinstallato con un contenuto di nicotina di 5 % per un sapore fruttato di lunga durata<\/li>\n<li><strong>Sistema a bobina:<\/strong> Potente tecnologia a doppia maglia per una distribuzione uniforme del calore e un rilascio ottimale del sapore<\/li>\n<li><strong>Display:<\/strong> Display OLED curvo con retroilluminazione per una chiara visualizzazione della capacit\u00e0 della batteria e del numero di treni<\/li>\n<li><strong>Modalit\u00e0 del treno:<\/strong> Modalit\u00e0 ECO per un massimo di 40.000 soffi e modalit\u00e0 POWER per un massimo di 25.000 soffi alla massima intensit\u00e0 di vapore.<\/li>\n<li><strong>Cambio di modalit\u00e0:<\/strong> Facile passaggio dalla modalit\u00e0 ECO a risparmio energetico alla potente modalit\u00e0 POWER con il semplice tocco di un pulsante<\/li>\n<\/ul>\n<h3><strong>Scopri la variet\u00e0 fruttata di Kurzvape<\/strong><\/h3>\n<p>Sei entusiasta di Vozol Star 40000 Blueberry Watermelon? Sfogliate l'intera gamma su <strong><a href=\"https:\/\/www.kurzvape.de\/it\/\">Il negozio di vape n. 1 in Germania - Kurzvape<\/a><\/strong> e trovare la vostra prossima svapata preferita. Scoprite anche il <strong><a href=\"https:\/\/www.kurzvape.de\/it\/product-category\/vozol-vape\/\">Variegato mondo di prodotti VOZOL<\/a><\/strong> con numerosi modelli e gusti. Tutte le varianti di questa popolare serie sono disponibili nella sezione <strong><a href=\"https:\/\/www.kurzvape.de\/it\/product-category\/vozol-vape\/vozol-star-40000\/\">Selezione di gusti Vozol Star 40000<\/a><\/strong> - pronti per la spedizione dal nostro magazzino UE.<\/p>","protected":false},"excerpt":{"rendered":"<p>La sigaretta elettronica monouso Vozol Star 40000 Blueberry Watermelon combina il gusto succoso del mirtillo con il sapore dolce dell'anguria. Con 40.000 boccate, batteria da 1000 mAh, ricarica USB-C e doppia bobina a rete: puro divertimento estivo alla frutta.<\/p>","protected":false},"featured_media":1512,"comment_status":"open","ping_status":"closed","template":"","meta":{"_acf_changed":false},"product_brand":[],"product_cat":[28],"product_tag":[],"class_list":{"0":"post-1511","1":"product","2":"type-product","3":"status-publish","4":"has-post-thumbnail","6":"product_cat-vozol-star-40000","8":"first","9":"instock","10":"sale","11":"shipping-taxable","12":"purchasable","13":"product-type-variable"},"acf":[],"_links":{"self":[{"href":"https:\/\/www.kurzvape.de\/it\/wp-json\/wp\/v2\/product\/1511","targetHints":{"allow":["GET"]}}],"collection":[{"href":"https:\/\/www.kurzvape.de\/it\/wp-json\/wp\/v2\/product"}],"about":[{"href":"https:\/\/www.kurzvape.de\/it\/wp-json\/wp\/v2\/types\/product"}],"replies":[{"embeddable":true,"href":"https:\/\/www.kurzvape.de\/it\/wp-json\/wp\/v2\/comments?post=1511"}],"wp:featuredmedia":[{"embeddable":true,"href":"https:\/\/www.kurzvape.de\/it\/wp-json\/wp\/v2\/media\/1512"}],"wp:attachment":[{"href":"https:\/\/www.kurzvape.de\/it\/wp-json\/wp\/v2\/media?parent=1511"}],"wp:term":[{"taxonomy":"product_brand","embeddable":true,"href":"https:\/\/www.kurzvape.de\/it\/wp-json\/wp\/v2\/product_brand?post=1511"},{"taxonomy":"product_cat","embeddable":true,"href":"https:\/\/www.kurzvape.de\/it\/wp-json\/wp\/v2\/product_cat?post=1511"},{"taxonomy":"product_tag","embeddable":true,"href":"https:\/\/www.kurzvape.de\/it\/wp-json\/wp\/v2\/product_tag?post=1511"}],"curies":[{"name":"wp","href":"https:\/\/api.w.org\/{rel}","templated":true}]}}