{"id":1514,"date":"2026-03-16T23:08:19","date_gmt":"2026-03-16T15:08:19","guid":{"rendered":"https:\/\/www.kurzvape.de\/?post_type=product&#038;p=1514"},"modified":"2026-03-16T23:08:19","modified_gmt":"2026-03-16T15:08:19","slug":"vozol-star-40000-cherimoya-grapefruit-berries","status":"publish","type":"product","link":"https:\/\/www.kurzvape.de\/it\/product\/vozol-star-40000-cherimoya-grapefruit-berries\/","title":{"rendered":"Vozol Star 40000 Cherimoya Bacche di pompelmo"},"content":{"rendered":"<h2><strong>Vozol Star 40000 Cherimoya Bacche di pompelmo Vape usa e getta<\/strong><\/h2>\n<p>Il gusto Vozol Star 40000 Cherimoya Grapefruit Berries trasporta i sensi in un paesaggio di frutta esotica. La dolcezza cremosa dell'anona si combina con la nota agrumata del pompelmo e il sapore corposo delle bacche per creare un'esperienza di gusto multistrato e inconfondibile. Ogni boccata rivela una nuova sfaccettatura di questo straordinario insieme di frutti: complesso, rinfrescante e assolutamente unico.<\/p>\n<h2><strong>Bacche di pompelmo Cherimoya - Variet\u00e0 di frutta esotica in ogni bign\u00e9<\/strong><\/h2>\n<p>Vozol Star 40000 Cherimoya Grapefruit Berries combina tre sapori di frutta distintivi per creare un'esperienza di svapo armoniosa e multistrato. Con un'impressionante capacit\u00e0 fino a 40.000 puff, una batteria da 1000 mAh di lunga durata e la pratica funzione di ricarica rapida USB-C, il dispositivo \u00e8 sempre pronto all'uso. L'innovativo display OLED a onde fornisce informazioni affidabili sul livello attuale della batteria e del liquido.<\/p>\n<p>Le doppie bobine a maglie ad alta precisione, in combinazione con la tecnologia S.i.L.C., diffondono il complesso profilo aromatico di anona, pompelmo e frutti di bosco in tutta la sua profondit\u00e0, in modo uniforme e costante dall'inizio alla fine. Il collaudato sistema di vaporizzazione MTL assicura una tecnica di estrazione piacevolmente familiare, che rende l'inizio del vaping il pi\u00f9 semplice possibile.<\/p>\n<h2><strong>Dati tecnici in sintesi<\/strong><\/h2>\n<ul>\n<li>Bign\u00e8: fino a 40.000 (a seconda della lunghezza e della frequenza del treno)<\/li>\n<li>E-liquido: 20 ml, pre-riempito<\/li>\n<li>Batteria: 1000 mAh, ricaricabile tramite USB-C<\/li>\n<li>Nicotina: 50 mg\/ml (5 %)<\/li>\n<li>Bobina: elementi riscaldanti a doppia maglia<\/li>\n<li>Display: mostra lo stato della batteria, del liquido e della modalit\u00e0<\/li>\n<li>Modalit\u00e0: ECO | POWER<\/li>\n<li>Gusti: 24<\/li>\n<\/ul>\n<h2><strong>Vozol Star 40000 Cherimoya Bacche di pompelmo <\/strong><strong>Configurazione dell'alimentazione in un colpo d'occhio<\/strong><\/h2>\n<ul>\n<li><strong>Capacit\u00e0 della batteria:<\/strong> Batteria al litio ad alte prestazioni da 1000 mAh, con funzione di ricarica rapida di tipo C, per un piacere di svapo ininterrotto.<\/li>\n<li><strong>Capacit\u00e0 del liquido elettronico:<\/strong> 20 ml di e-liquid al sale di nicotina preinstallato con un contenuto di nicotina pari a 5 % per un'esperienza di sapore intensa e duratura<\/li>\n<li><strong>Sistema a bobina:<\/strong> Innovativa tecnologia a doppia maglia per un controllo preciso della temperatura e il massimo rilascio di aromi<\/li>\n<li><strong>Display:<\/strong> Display OLED curvo con retroilluminazione per la visualizzazione intuitiva del livello di carica e del contatore dei treni<\/li>\n<li><strong>Modalit\u00e0 del treno:<\/strong> Modalit\u00e0 ECO per un massimo di 40.000 soffi e modalit\u00e0 POWER per un massimo di 25.000 soffi con una maggiore erogazione di vapore<\/li>\n<li><strong>Cambio di modalit\u00e0:<\/strong> \u00c8 possibile passare facilmente dalla modalit\u00e0 ECO a risparmio energetico alla modalit\u00e0 POWER orientata alle prestazioni con la semplice pressione di un pulsante.<\/li>\n<\/ul>\n<h2><strong>Provate il piacere della svapata esotica con Kurzvape<\/strong><\/h2>\n<p>Affascinato da Vozol Star 40000 Cherimoya Bacche di pompelmo? Scoprite la nostra intera gamma di prodotti su <strong><a href=\"https:\/\/www.kurzvape.de\/it\/\">Kurzvape - il vostro rivenditore online di vape<\/a><\/strong> e lasciatevi ispirare dalla variet\u00e0. Immergetevi nella <strong><a href=\"https:\/\/www.kurzvape.de\/it\/product-category\/vozol-vape\/\">Il mondo del marchio VOZOL a Kurzvape<\/a><\/strong> e trovare l'apparecchio giusto per ogni gusto. Tutte le varianti disponibili di questa serie ad alte prestazioni sono disponibili in bundle con il programma <strong><a href=\"https:\/\/www.kurzvape.de\/it\/product-category\/vozol-vape\/vozol-star-40000\/\">Panoramica completa di Vozol Star 40000<\/a><\/strong> - consegnati in modo rapido e affidabile dal magazzino dell'UE.<\/p>","protected":false},"excerpt":{"rendered":"<p>La sigaretta elettronica monouso Vozol Star 40000 Cherimoya Grapefruit Berries combina la dolcezza esotica della cherimoya con l'acidit\u00e0 del pompelmo e il gusto pieno dei frutti di bosco. Con 40.000 boccate, batteria da 1000 mAh e bobine a doppia maglia, il piacere fruttato \u00e8 unico.<\/p>","protected":false},"featured_media":1515,"comment_status":"open","ping_status":"closed","template":"","meta":{"_acf_changed":false},"product_brand":[],"product_cat":[28],"product_tag":[],"class_list":{"0":"post-1514","1":"product","2":"type-product","3":"status-publish","4":"has-post-thumbnail","6":"product_cat-vozol-star-40000","8":"first","9":"instock","10":"sale","11":"shipping-taxable","12":"purchasable","13":"product-type-variable"},"acf":[],"_links":{"self":[{"href":"https:\/\/www.kurzvape.de\/it\/wp-json\/wp\/v2\/product\/1514","targetHints":{"allow":["GET"]}}],"collection":[{"href":"https:\/\/www.kurzvape.de\/it\/wp-json\/wp\/v2\/product"}],"about":[{"href":"https:\/\/www.kurzvape.de\/it\/wp-json\/wp\/v2\/types\/product"}],"replies":[{"embeddable":true,"href":"https:\/\/www.kurzvape.de\/it\/wp-json\/wp\/v2\/comments?post=1514"}],"wp:featuredmedia":[{"embeddable":true,"href":"https:\/\/www.kurzvape.de\/it\/wp-json\/wp\/v2\/media\/1515"}],"wp:attachment":[{"href":"https:\/\/www.kurzvape.de\/it\/wp-json\/wp\/v2\/media?parent=1514"}],"wp:term":[{"taxonomy":"product_brand","embeddable":true,"href":"https:\/\/www.kurzvape.de\/it\/wp-json\/wp\/v2\/product_brand?post=1514"},{"taxonomy":"product_cat","embeddable":true,"href":"https:\/\/www.kurzvape.de\/it\/wp-json\/wp\/v2\/product_cat?post=1514"},{"taxonomy":"product_tag","embeddable":true,"href":"https:\/\/www.kurzvape.de\/it\/wp-json\/wp\/v2\/product_tag?post=1514"}],"curies":[{"name":"wp","href":"https:\/\/api.w.org\/{rel}","templated":true}]}}