{"id":1518,"date":"2026-03-16T23:13:40","date_gmt":"2026-03-16T15:13:40","guid":{"rendered":"https:\/\/www.kurzvape.de\/?post_type=product&#038;p=1518"},"modified":"2026-03-16T23:13:40","modified_gmt":"2026-03-16T15:13:40","slug":"vozol-star-40000-cherry-cola","status":"publish","type":"product","link":"https:\/\/www.kurzvape.de\/it\/product\/vozol-star-40000-cherry-cola\/","title":{"rendered":"Vozol Star 40000 Ciliegia Cola"},"content":{"rendered":"<h2><strong>Vozol Star 40000 Cherry Cola vape usa e getta<\/strong><\/h2>\n<p>Il gusto Vozol Star 40000 Cherry Cola combina il classico aroma di ciliegie mature e dolci con l'inconfondibile piccantezza della cola per creare un'esperienza di piacere nostalgica. La dolcezza familiare della bevanda di culto si fonde con il sapore fruttato della ciliegia per creare un profilo di vapore corposo e pizzicante. Ogni boccata riporta alla memoria la vostra bevanda preferita: rinfrescante, dolce e assolutamente irresistibile.<\/p>\n<h2><strong>Cherry Cola - Una nuova interpretazione di un classico cult del gusto<\/strong><\/h2>\n<p>Vozol Star 40000 Cherry Cola porta l'inconfondibile sapore della ciliegia nel mondo del vaping. Con un'autonomia fino a 40.000 boccate, un'affidabile batteria da 1000 mAh e la comoda funzione di ricarica rapida USB-C, potrete godervi questo sapore cult senza fastidiose interruzioni. L'elegante display OLED a onde mostra sempre chiaramente il livello attuale della batteria e del liquido.<\/p>\n<p>Le avanzate bobine a doppia maglia in combinazione con la tecnologia S.i.L.C riproducono il caratteristico sapore di ciliegia-cola con notevole precisione, per un'esperienza di gusto sempre intensa dal primo all'ultimo utilizzo. L'ergonomico sistema di svapo MTL consente una tecnica di inalazione naturale, simile a quella della sigaretta, e rende molto facile iniziare a svapare.<\/p>\n<h2><strong>Dati tecnici in sintesi<\/strong><\/h2>\n<ul>\n<li>Bign\u00e8: fino a 40.000 (a seconda della lunghezza e della frequenza del treno)<\/li>\n<li>E-liquido: 20 ml, pre-riempito<\/li>\n<li>Batteria: 1000 mAh, ricaricabile tramite USB-C<\/li>\n<li>Nicotina: 50 mg\/ml (5 %)<\/li>\n<li>Bobina: elementi riscaldanti a doppia maglia<\/li>\n<li>Display: mostra lo stato della batteria, del liquido e della modalit\u00e0<\/li>\n<li>Modalit\u00e0: ECO | POWER<\/li>\n<li>Gusti: 24<\/li>\n<\/ul>\n<h2><strong>Vozol Star 40000 Ciliegia Cola <\/strong><strong>Configurazione dell'alimentazione in un colpo d'occhio<\/strong><\/h2>\n<ul>\n<li><strong>Capacit\u00e0 della batteria:<\/strong> Batteria al litio ad alta capacit\u00e0 da 1000 mAh con funzione di ricarica rapida Type-C per ridurre al minimo le interruzioni di carica.<\/li>\n<li><strong>Capacit\u00e0 del liquido elettronico:<\/strong> 20 ml di e-liquido al sale di nicotina preinstallato con un contenuto di nicotina di 5 % per un intenso sapore di ciliegia-cola di lunga durata<\/li>\n<li><strong>Sistema a bobina:<\/strong> Sofisticata tecnologia a doppia maglia per una distribuzione uniforme del calore e lo sviluppo di un sapore autentico<\/li>\n<li><strong>Display:<\/strong> Display OLED curvo con retroilluminazione per una visualizzazione precisa della capacit\u00e0 della batteria e delle boccate rimanenti<\/li>\n<li><strong>Modalit\u00e0 del treno:<\/strong> Modalit\u00e0 ECO per un massimo di 40.000 soffi e modalit\u00e0 POWER per un massimo di 25.000 soffi con maggiore intensit\u00e0 di vapore<\/li>\n<li><strong>Cambio di modalit\u00e0:<\/strong> \u00c8 possibile passare facilmente dall'efficiente modalit\u00e0 ECO alla potente modalit\u00e0 POWER con la semplice pressione di un pulsante.<\/li>\n<\/ul>\n<h3><strong>Il piacere del vapore della Ciliegia Cola - Ora da Kurzvape<\/strong><\/h3>\n<p>Siete innamorati del Vozol Star 40000 Cherry Cola? Visitate <strong><a href=\"https:\/\/www.kurzvape.de\/it\/\">Kurzvape - il principale negozio di vape online<\/a><\/strong> e scoprite la nostra ampia gamma di prodotti per il vapore. Sfogliate il <strong><a href=\"https:\/\/www.kurzvape.de\/it\/product-category\/vozol-vape\/\">L'intera linea di prodotti VOZOL<\/a><\/strong> e lasciatevi ispirare dalla selezione di apparecchi di prima classe. Un elenco compatto di tutti i gusti di questa potente serie \u00e8 disponibile nella sezione <strong><a href=\"https:\/\/www.kurzvape.de\/it\/product-category\/vozol-vape\/vozol-star-40000\/\">Serie di modelli Vozol Star 40000<\/a><\/strong> - spediti rapidamente, direttamente dal magazzino dell'UE.<\/p>","protected":false},"excerpt":{"rendered":"<p>La sigaretta elettronica monouso Vozol Star 40000 Cherry Cola combina il dolce sapore della ciliegia con la frizzante effervescenza della cola. Con 40.000 boccate, batteria da 1000 mAh, ricarica USB-C e doppia bobina a rete: un piacere nostalgico di culto.<\/p>","protected":false},"featured_media":1519,"comment_status":"open","ping_status":"closed","template":"","meta":{"_acf_changed":false},"product_brand":[],"product_cat":[28],"product_tag":[],"class_list":{"0":"post-1518","1":"product","2":"type-product","3":"status-publish","4":"has-post-thumbnail","6":"product_cat-vozol-star-40000","8":"first","9":"instock","10":"sale","11":"shipping-taxable","12":"purchasable","13":"product-type-variable"},"acf":[],"_links":{"self":[{"href":"https:\/\/www.kurzvape.de\/it\/wp-json\/wp\/v2\/product\/1518","targetHints":{"allow":["GET"]}}],"collection":[{"href":"https:\/\/www.kurzvape.de\/it\/wp-json\/wp\/v2\/product"}],"about":[{"href":"https:\/\/www.kurzvape.de\/it\/wp-json\/wp\/v2\/types\/product"}],"replies":[{"embeddable":true,"href":"https:\/\/www.kurzvape.de\/it\/wp-json\/wp\/v2\/comments?post=1518"}],"wp:featuredmedia":[{"embeddable":true,"href":"https:\/\/www.kurzvape.de\/it\/wp-json\/wp\/v2\/media\/1519"}],"wp:attachment":[{"href":"https:\/\/www.kurzvape.de\/it\/wp-json\/wp\/v2\/media?parent=1518"}],"wp:term":[{"taxonomy":"product_brand","embeddable":true,"href":"https:\/\/www.kurzvape.de\/it\/wp-json\/wp\/v2\/product_brand?post=1518"},{"taxonomy":"product_cat","embeddable":true,"href":"https:\/\/www.kurzvape.de\/it\/wp-json\/wp\/v2\/product_cat?post=1518"},{"taxonomy":"product_tag","embeddable":true,"href":"https:\/\/www.kurzvape.de\/it\/wp-json\/wp\/v2\/product_tag?post=1518"}],"curies":[{"name":"wp","href":"https:\/\/api.w.org\/{rel}","templated":true}]}}