{"id":1527,"date":"2026-03-16T23:32:48","date_gmt":"2026-03-16T15:32:48","guid":{"rendered":"https:\/\/www.kurzvape.de\/?post_type=product&#038;p=1527"},"modified":"2026-03-16T23:32:48","modified_gmt":"2026-03-16T15:32:48","slug":"vozol-star-40000-mango-ice","status":"publish","type":"product","link":"https:\/\/www.kurzvape.de\/it\/product\/vozol-star-40000-mango-ice\/","title":{"rendered":"Vozol Star 40000 Mango Ice"},"content":{"rendered":"<h2><strong>Vozol Star 40000 Mango Ice vape usa e getta<\/strong><\/h2>\n<p>Il gusto Vozol Star 40000 Mango Ice trasporta i sensi nei climi tropicali: il sapore di mango maturo e saturo di sole incontra una rinfrescante finitura di ghiaccio. La dolcezza esotica del mango si sprigiona a ogni boccata ed \u00e8 perfettamente bilanciata dal finale ghiacciato. Un'esperienza di svapo tropicale che combina una sensazione di vacanza e di refrigerio in un unico prodotto.<\/p>\n<h2><strong>Mango Ice - La dolcezza tropicale incontra la freschezza ghiacciata<\/strong><\/h2>\n<p>Vozol Star 40000 Mango Ice combina il sapore esotico del mango con un raffreddamento rinvigorente per un'esperienza di svapo incomparabilmente estiva. Con un'impressionante capacit\u00e0 fino a 40.000 boccate, una batteria da 1000 mAh di lunga durata e la comoda funzione di ricarica rapida USB-C, potrete godervi il piacere del vaping tropicale senza interruzioni. L'elegante display OLED a onde mostra in modo affidabile il livello della batteria e del liquido in ogni momento.<\/p>\n<p>Le bobine a doppia maglia ad alta precisione, in combinazione con la tecnologia S.i.L.C, riproducono l'autentico sapore di gelato al mango con un'intensit\u00e0 e una consistenza eccezionali, per un'esperienza di gusto sempre tropicale, dall'inizio alla fine. Il collaudato sistema di svapo MTL assicura una tecnica di inalazione piacevolmente naturale e rende l'inizio del vaping il pi\u00f9 semplice possibile.<\/p>\n<h2><strong>Dati tecnici in sintesi<\/strong><\/h2>\n<ul>\n<li>Bign\u00e8: fino a 40.000 (a seconda della lunghezza e della frequenza del treno)<\/li>\n<li>E-liquido: 20 ml, pre-riempito<\/li>\n<li>Batteria: 1000 mAh, ricaricabile tramite USB-C<\/li>\n<li>Nicotina: 50 mg\/ml (5 %)<\/li>\n<li>Bobina: elementi riscaldanti a doppia maglia<\/li>\n<li>Display: mostra lo stato della batteria, del liquido e della modalit\u00e0<\/li>\n<li>Modalit\u00e0: ECO | POWER<\/li>\n<li>Gusti: 24<\/li>\n<\/ul>\n<h2><strong>Vozol Star 40000 Mango Ice <\/strong><strong>Configurazione dell'alimentazione in un colpo d'occhio<\/strong><\/h2>\n<ul>\n<li><strong>Capacit\u00e0 della batteria:<\/strong> Batteria al litio ad alte prestazioni da 1000 mAh con funzione di ricarica rapida di tipo C per la massima prontezza operativa e tempi di ricarica minimi<\/li>\n<li><strong>Capacit\u00e0 del liquido elettronico:<\/strong> 20 ml di e-liquido al sale di nicotina preinstallato con un contenuto di nicotina di 5 % per un intenso sapore di gelato al mango di lunga durata<\/li>\n<li><strong>Sistema a bobina:<\/strong> Potente tecnologia a doppia maglia per una distribuzione uniforme del calore e un autentico sviluppo del gusto<\/li>\n<li><strong>Display:<\/strong> Display OLED curvo con retroilluminazione per una visualizzazione precisa dello stato di carica e delle boccate rimanenti<\/li>\n<li><strong>Modalit\u00e0 del treno:<\/strong> Modalit\u00e0 ECO per un massimo di 40.000 soffi e modalit\u00e0 POWER per un massimo di 25.000 soffi alla massima intensit\u00e0 di vapore.<\/li>\n<li><strong>Cambio di modalit\u00e0:<\/strong> Passare senza sforzo dalla modalit\u00e0 ECO a risparmio energetico alla potente modalit\u00e0 POWER con la semplice pressione di un pulsante<\/li>\n<\/ul>\n<h3><strong>Piacere di svapare ai tropici - Acquista ora da Kurzvape<\/strong><\/h3>\n<p>Sei innamorato del Vozol Star 40000 Mango Ice? Scoprite l'intera gamma di prodotti per lo svapo su <strong><a href=\"https:\/\/www.kurzvape.de\/it\/\">Kurzvape - Il negozio di vape online in Germania<\/a><\/strong> e lasciatevi ispirare dalla variet\u00e0 dei prodotti. Immergetevi nella <strong><a href=\"https:\/\/www.kurzvape.de\/it\/product-category\/vozol-vape\/\">mondo esclusivo del marchio VOZOL<\/a><\/strong> e trovare il dispositivo ideale per il vostro stile di vaping personale. Tutte le varianti di aroma disponibili di questa serie di punta sono chiaramente elencate nella sezione <strong><a href=\"https:\/\/www.kurzvape.de\/it\/product-category\/vozol-vape\/vozol-star-40000\/\">Panoramica del gusto Vozol Star 40000<\/a><\/strong> - pronti per la spedizione dal nostro magazzino UE.<\/p>","protected":false},"excerpt":{"rendered":"<p>La sigaretta elettronica monouso Vozol Star 40000 Mango Ice combina l'esotico sapore di mango con un tocco di freschezza. Con 40.000 boccate, batteria da 1000 mAh, ricarica USB-C e bobine a doppia maglia: un piacere tropicale con una finitura fresca.<\/p>","protected":false},"featured_media":1528,"comment_status":"open","ping_status":"closed","template":"","meta":{"_acf_changed":false},"product_brand":[],"product_cat":[28],"product_tag":[],"class_list":{"0":"post-1527","1":"product","2":"type-product","3":"status-publish","4":"has-post-thumbnail","6":"product_cat-vozol-star-40000","8":"first","9":"instock","10":"sale","11":"shipping-taxable","12":"purchasable","13":"product-type-variable"},"acf":[],"_links":{"self":[{"href":"https:\/\/www.kurzvape.de\/it\/wp-json\/wp\/v2\/product\/1527","targetHints":{"allow":["GET"]}}],"collection":[{"href":"https:\/\/www.kurzvape.de\/it\/wp-json\/wp\/v2\/product"}],"about":[{"href":"https:\/\/www.kurzvape.de\/it\/wp-json\/wp\/v2\/types\/product"}],"replies":[{"embeddable":true,"href":"https:\/\/www.kurzvape.de\/it\/wp-json\/wp\/v2\/comments?post=1527"}],"wp:featuredmedia":[{"embeddable":true,"href":"https:\/\/www.kurzvape.de\/it\/wp-json\/wp\/v2\/media\/1528"}],"wp:attachment":[{"href":"https:\/\/www.kurzvape.de\/it\/wp-json\/wp\/v2\/media?parent=1527"}],"wp:term":[{"taxonomy":"product_brand","embeddable":true,"href":"https:\/\/www.kurzvape.de\/it\/wp-json\/wp\/v2\/product_brand?post=1527"},{"taxonomy":"product_cat","embeddable":true,"href":"https:\/\/www.kurzvape.de\/it\/wp-json\/wp\/v2\/product_cat?post=1527"},{"taxonomy":"product_tag","embeddable":true,"href":"https:\/\/www.kurzvape.de\/it\/wp-json\/wp\/v2\/product_tag?post=1527"}],"curies":[{"name":"wp","href":"https:\/\/api.w.org\/{rel}","templated":true}]}}