{"id":1534,"date":"2026-03-16T23:50:17","date_gmt":"2026-03-16T15:50:17","guid":{"rendered":"https:\/\/www.kurzvape.de\/?post_type=product&#038;p=1534"},"modified":"2026-03-16T23:50:17","modified_gmt":"2026-03-16T15:50:17","slug":"vozol-star-40000-melon-gum","status":"publish","type":"product","link":"https:\/\/www.kurzvape.de\/it\/product\/vozol-star-40000-melon-gum\/","title":{"rendered":"Vozol Star 40000 Gomma al Melone"},"content":{"rendered":"<h2><strong>Vozol Star 40000 Melon Gum vape usa e getta<\/strong><\/h2>\n<p>Il gusto Vozol Star 40000 Melon Gum combina l'aroma dolce e succoso del melone fresco con la nota giocosa e gommosa della gomma da masticare per creare un'esperienza di gusto unica. La dolcezza fruttata del melone si combina armoniosamente con il carattere caratteristico della gomma da masticare e crea un profilo di vapore vivace, spensierato e allegro. Ogni boccata porta con s\u00e9 una freschezza giocosa che evoca ricordi d'infanzia e allo stesso tempo ha un effetto moderno ed eccitante.<\/p>\n<h2><strong>Melon Gum - La giocosa dolcezza del melone con un tocco di gomma da masticare<\/strong><\/h2>\n<p>Vozol Star 40000 Melon Gum combina il sapore rinfrescante del melone con una nota distintiva di gomma da masticare per un'esperienza di vaping eccezionalmente giocosa. Con una capacit\u00e0 fino a 40.000 boccate, una potente batteria da 1000 mAh e la funzione di ricarica rapida USB-C, il dispositivo \u00e8 sempre pronto all'uso. Il display OLED curvo a onde fornisce informazioni precise sul livello della batteria e del liquido in ogni momento.<\/p>\n<p>La doppia bobina a maglie di alta qualit\u00e0, in combinazione con la collaudata tecnologia S.i.L.C, diffonde il caratteristico sapore di gomma al melone con notevole autenticit\u00e0 e consistenza, per un'esperienza di gusto sempre vivace, dall'inizio alla fine. L'ergonomico sistema di svapo MTL offre una tecnica di estrazione familiare e naturale ed \u00e8 ideale per i principianti senza alcuna esperienza precedente.<\/p>\n<h2><strong>Dati tecnici in sintesi<\/strong><\/h2>\n<ul>\n<li>Bign\u00e8: fino a 40.000 (a seconda della lunghezza e della frequenza del treno)<\/li>\n<li>E-liquido: 20 ml, pre-riempito<\/li>\n<li>Batteria: 1000 mAh, ricaricabile tramite USB-C<\/li>\n<li>Nicotina: 50 mg\/ml (5 %)<\/li>\n<li>Bobina: elementi riscaldanti a doppia maglia<\/li>\n<li>Display: mostra lo stato della batteria, del liquido e della modalit\u00e0<\/li>\n<li>Modalit\u00e0: ECO | POWER<\/li>\n<li>Gusti: 24<\/li>\n<\/ul>\n<h2><strong>Vozol Star 40000 Gomma al Melone <\/strong><strong>Configurazione dell'alimentazione in un colpo d'occhio<\/strong><\/h2>\n<ul>\n<li><strong>Capacit\u00e0 della batteria:<\/strong> Batteria al litio ad alte prestazioni da 1000 mAh con funzione di ricarica rapida di tipo C, per un piacere di svapo di lunga durata senza lunghe interruzioni di ricarica.<\/li>\n<li><strong>Capacit\u00e0 del liquido elettronico:<\/strong> 20 ml di e-liquido al sale di nicotina preinstallato con un contenuto di nicotina pari a 5 % per un sapore vibrante e duraturo di gomma al melone<\/li>\n<li><strong>Sistema a bobina:<\/strong> Tecnologia all'avanguardia a doppia maglia per una distribuzione uniforme della temperatura e uno sviluppo ottimale del sapore<\/li>\n<li><strong>Display:<\/strong> Display OLED curvo con retroilluminazione per una chiara indicazione dello stato di carica e dei treni residui<\/li>\n<li><strong>Modalit\u00e0 del treno:<\/strong> Modalit\u00e0 ECO per un massimo di 40.000 soffi e modalit\u00e0 POWER per un massimo di 25.000 soffi con maggiore intensit\u00e0 di vapore<\/li>\n<li><strong>Cambio di modalit\u00e0:<\/strong> \u00c8 possibile passare facilmente dalla modalit\u00e0 ECO a basso consumo energetico alla potente modalit\u00e0 POWER con la semplice pressione di un pulsante.<\/li>\n<\/ul>\n<h3><strong>Aromi giocosi, qualit\u00e0 seria - tutto da Kurzvape<\/strong><\/h3>\n<p>Siete curiosi di scoprire altre emozionanti esperienze di gusto? Scoprite la nostra intera gamma su <strong><a href=\"https:\/\/www.kurzvape.de\/it\/\">Kurzvape - il vostro punto di contatto per i vapes di qualit\u00e0 superiore<\/a><\/strong> e trovare il vostro prossimo gusto preferito. Lasciate che il <strong><a href=\"https:\/\/www.kurzvape.de\/it\/product-category\/vozol-vape\/\">mondo completo dei prodotti VOZOL<\/a><\/strong> e scegliere tra un'ampia gamma di dispositivi di svapo di prima classe. Potete scoprire tutte le versioni disponibili di questa serie ad alte prestazioni in bundle con la <strong><a href=\"https:\/\/www.kurzvape.de\/it\/product-category\/vozol-vape\/vozol-star-40000\/\">Collezione di aromi Vozol Star 40000<\/a><\/strong> - consegnati in modo affidabile e rapido dal magazzino dell'UE.<\/p>","protected":false},"excerpt":{"rendered":"<p>La sigaretta elettronica monouso Vozol Star 40000 Melon Gum combina il gusto succoso del melone con un tocco giocoso di gomma da masticare. Con 40.000 boccate, batteria da 1000 mAh, ricarica USB-C e doppia bobina a rete: fruttata, dolce e unica.<\/p>","protected":false},"featured_media":1535,"comment_status":"open","ping_status":"closed","template":"","meta":{"_acf_changed":false},"product_brand":[],"product_cat":[28],"product_tag":[],"class_list":{"0":"post-1534","1":"product","2":"type-product","3":"status-publish","4":"has-post-thumbnail","6":"product_cat-vozol-star-40000","8":"first","9":"instock","10":"sale","11":"shipping-taxable","12":"purchasable","13":"product-type-variable"},"acf":[],"_links":{"self":[{"href":"https:\/\/www.kurzvape.de\/it\/wp-json\/wp\/v2\/product\/1534","targetHints":{"allow":["GET"]}}],"collection":[{"href":"https:\/\/www.kurzvape.de\/it\/wp-json\/wp\/v2\/product"}],"about":[{"href":"https:\/\/www.kurzvape.de\/it\/wp-json\/wp\/v2\/types\/product"}],"replies":[{"embeddable":true,"href":"https:\/\/www.kurzvape.de\/it\/wp-json\/wp\/v2\/comments?post=1534"}],"wp:featuredmedia":[{"embeddable":true,"href":"https:\/\/www.kurzvape.de\/it\/wp-json\/wp\/v2\/media\/1535"}],"wp:attachment":[{"href":"https:\/\/www.kurzvape.de\/it\/wp-json\/wp\/v2\/media?parent=1534"}],"wp:term":[{"taxonomy":"product_brand","embeddable":true,"href":"https:\/\/www.kurzvape.de\/it\/wp-json\/wp\/v2\/product_brand?post=1534"},{"taxonomy":"product_cat","embeddable":true,"href":"https:\/\/www.kurzvape.de\/it\/wp-json\/wp\/v2\/product_cat?post=1534"},{"taxonomy":"product_tag","embeddable":true,"href":"https:\/\/www.kurzvape.de\/it\/wp-json\/wp\/v2\/product_tag?post=1534"}],"curies":[{"name":"wp","href":"https:\/\/api.w.org\/{rel}","templated":true}]}}