{"id":1537,"date":"2026-03-16T23:54:40","date_gmt":"2026-03-16T15:54:40","guid":{"rendered":"https:\/\/www.kurzvape.de\/?post_type=product&#038;p=1537"},"modified":"2026-03-16T23:54:40","modified_gmt":"2026-03-16T15:54:40","slug":"vozol-star-40000-melon-ice","status":"publish","type":"product","link":"https:\/\/www.kurzvape.de\/it\/product\/vozol-star-40000-melon-ice\/","title":{"rendered":"Vozol Star 40000 Melone Ghiacciato"},"content":{"rendered":"<h2><strong>Vozol Star 40000 Melon Ice vape usa e getta<\/strong><\/h2>\n<p>Il gusto Vozol Star 40000 Melon Ice combina l'aroma dolce e succoso del melone maturo con un'intensa finitura di ghiaccio per creare un'esperienza di svapo irresistibilmente rinfrescante. La naturale dolcezza del melone incontra una gelida spinta fredda che trasforma ogni boccata in un rinfresco estivo. Questo aroma \u00e8 la scelta ideale per chi cerca un piacere fruttato con il massimo del raffreddamento.<\/p>\n<h2><strong>Melon Ice - Succosa dolcezza del melone con un tocco di freddezza.<\/strong><\/h2>\n<p>Vozol Star 40000 Melon Ice combina il sapore rinfrescante del melone con un raffreddamento intenso per un'esperienza di svapo incomparabilmente estiva. Con un'impressionante capacit\u00e0 fino a 40.000 puff, una robusta batteria da 1000 mAh e la comoda funzione di ricarica rapida USB-C, potrete godervi questo sapore estivo senza fastidiose interruzioni. L'innovativo display OLED a onde fornisce informazioni precise in tempo reale sui livelli della batteria e del liquido.<\/p>\n<p>Le bobine a doppia maglia altamente sviluppate, in combinazione con la collaudata tecnologia S.i.L.C, riproducono il caratteristico sapore di melone ghiacciato con eccezionale precisione e consistenza, per un'esperienza di gusto sempre rinfrescante, dal primo all'ultimo utilizzo. L'ergonomico sistema di svapo MTL consente una tecnica di inalazione piacevolmente familiare e rende estremamente facile iniziare a svapare.<\/p>\n<h2><strong>Dati tecnici in sintesi<\/strong><\/h2>\n<ul>\n<li>Bign\u00e8: fino a 40.000 (a seconda della lunghezza e della frequenza del treno)<\/li>\n<li>E-liquido: 20 ml, pre-riempito<\/li>\n<li>Batteria: 1000 mAh, ricaricabile tramite USB-C<\/li>\n<li>Nicotina: 50 mg\/ml (5 %)<\/li>\n<li>Bobina: elementi riscaldanti a doppia maglia<\/li>\n<li>Display: mostra lo stato della batteria, del liquido e della modalit\u00e0<\/li>\n<li>Modalit\u00e0: ECO | POWER<\/li>\n<li>Gusti: 24<\/li>\n<\/ul>\n<h2><strong>Configurazione dell'alimentazione in un colpo d'occhio<\/strong><\/h2>\n<ul>\n<li><strong>Capacit\u00e0 della batteria:<\/strong> Batteria al litio ad alta capacit\u00e0 da 1000 mAh con funzione di ricarica rapida di tipo C per la massima durata di funzionamento con interruzioni di ricarica minime<\/li>\n<li><strong>Capacit\u00e0 del liquido elettronico:<\/strong> 20 ml di e-liquido al sale di nicotina preinstallato con un contenuto di nicotina di 5 % per un intenso sapore di melone ghiacciato di lunga durata<\/li>\n<li><strong>Sistema a bobina:<\/strong> Potente tecnologia a doppia maglia per una regolazione precisa del calore e un rilascio ottimale del sapore<\/li>\n<li><strong>Display:<\/strong> Display OLED curvo con retroilluminazione per una visualizzazione precisa della capacit\u00e0 della batteria e dei treni rimanenti.<\/li>\n<li><strong>Modalit\u00e0 del treno:<\/strong> Modalit\u00e0 ECO per un massimo di 40.000 soffi e modalit\u00e0 POWER per un massimo di 25.000 soffi alla massima intensit\u00e0 di vapore.<\/li>\n<li><strong>Cambio di modalit\u00e0:<\/strong> Passaggio intuitivo dalla modalit\u00e0 ECO a risparmio energetico alla modalit\u00e0 POWER orientata alle prestazioni con la semplice pressione di un pulsante<\/li>\n<\/ul>\n<h3><strong>Momenti di svapo estivo - Acquista da Kurzvape<\/strong><\/h3>\n<p>Siete entusiasti del Vozol Star 40000 Melon Ice? Sfogliate l'intera gamma su <strong><a href=\"https:\/\/www.kurzvape.de\/it\/\">Kurzvape - il vostro rivenditore tedesco specializzato in vapes online<\/a><\/strong> e scoprire altre esperienze di gusto rinfrescante. Esplorate il <strong><a href=\"https:\/\/www.kurzvape.de\/it\/product-category\/vozol-vape\/\">Ampia gamma di dispositivi VOZOL<\/a><\/strong> e trovare lo svapo perfetto per ogni occasione. Tutte le varianti disponibili di questa serie premium sono chiaramente elencate nella sezione <strong><a href=\"https:\/\/www.kurzvape.de\/it\/product-category\/vozol-vape\/vozol-star-40000\/\">Panoramica del prodotto Vozol Star 40000<\/a><\/strong> - Spedizione rapida direttamente dal magazzino UE.<\/p>","protected":false},"excerpt":{"rendered":"<p>La sigaretta elettronica monouso Vozol Star 40000 Melon Ice combina il gusto succoso del melone con un'azione gelida e fredda. Con 40.000 boccate, batteria da 1000 mAh, ricarica USB-C e doppia bobina a rete: pura freschezza estiva.<\/p>","protected":false},"featured_media":1538,"comment_status":"open","ping_status":"closed","template":"","meta":{"_acf_changed":false},"product_brand":[],"product_cat":[28],"product_tag":[],"class_list":{"0":"post-1537","1":"product","2":"type-product","3":"status-publish","4":"has-post-thumbnail","6":"product_cat-vozol-star-40000","8":"first","9":"instock","10":"sale","11":"shipping-taxable","12":"purchasable","13":"product-type-variable"},"acf":[],"_links":{"self":[{"href":"https:\/\/www.kurzvape.de\/it\/wp-json\/wp\/v2\/product\/1537","targetHints":{"allow":["GET"]}}],"collection":[{"href":"https:\/\/www.kurzvape.de\/it\/wp-json\/wp\/v2\/product"}],"about":[{"href":"https:\/\/www.kurzvape.de\/it\/wp-json\/wp\/v2\/types\/product"}],"replies":[{"embeddable":true,"href":"https:\/\/www.kurzvape.de\/it\/wp-json\/wp\/v2\/comments?post=1537"}],"wp:featuredmedia":[{"embeddable":true,"href":"https:\/\/www.kurzvape.de\/it\/wp-json\/wp\/v2\/media\/1538"}],"wp:attachment":[{"href":"https:\/\/www.kurzvape.de\/it\/wp-json\/wp\/v2\/media?parent=1537"}],"wp:term":[{"taxonomy":"product_brand","embeddable":true,"href":"https:\/\/www.kurzvape.de\/it\/wp-json\/wp\/v2\/product_brand?post=1537"},{"taxonomy":"product_cat","embeddable":true,"href":"https:\/\/www.kurzvape.de\/it\/wp-json\/wp\/v2\/product_cat?post=1537"},{"taxonomy":"product_tag","embeddable":true,"href":"https:\/\/www.kurzvape.de\/it\/wp-json\/wp\/v2\/product_tag?post=1537"}],"curies":[{"name":"wp","href":"https:\/\/api.w.org\/{rel}","templated":true}]}}