{"id":1544,"date":"2026-03-17T21:21:23","date_gmt":"2026-03-17T13:21:23","guid":{"rendered":"https:\/\/www.kurzvape.de\/?post_type=product&#038;p=1544"},"modified":"2026-03-17T21:21:23","modified_gmt":"2026-03-17T13:21:23","slug":"vozol-star-40000-sour-apple-ice","status":"publish","type":"product","link":"https:\/\/www.kurzvape.de\/it\/product\/vozol-star-40000-sour-apple-ice\/","title":{"rendered":"Vozol Star 40000 Ghiaccio alla mela acida"},"content":{"rendered":"<h2><strong>Vozol Star 40000 Sour Apple Ice vape usa e getta<\/strong><\/h2>\n<p>Il gusto Vozol Star 40000 Sour Apple Ice delizia con l'inconfondibile gioco di mele croccanti e aspre e un finale rinfrescante e ghiacciato. L'acidit\u00e0 piccante delle mele mature incontra un'intensa finitura ghiacciata e crea un profilo di vapore eccitante, rinvigorente e formicolante. Questo aroma \u00e8 un punto di forza assoluto per tutti coloro che preferiscono i sapori forti e aspri con una rinfrescante spinta fredda.<\/p>\n<h2><strong>Sour Apple Ice - la croccante acidit\u00e0 della mela incontra la freddezza del ghiaccio<\/strong><\/h2>\n<p>Il Vozol Star 40000 Sour Apple Ice combina il gusto piccante della mela con un raffreddamento intensivo per un'esperienza di vaping rinvigorente e rinfrescante. Con una capacit\u00e0 fino a 40.000 boccate, una potente batteria da 1000 mAh e la funzione di ricarica rapida USB-C, il dispositivo \u00e8 sempre pronto all'uso. L'innovativo display OLED a onde fornisce informazioni precise e chiare sui livelli della batteria e del liquido.<\/p>\n<p>Le bobine a doppia maglia di alta qualit\u00e0, in combinazione con la collaudata tecnologia S.i.L.C, sviluppano il caratteristico sapore Sour Apple Ice con notevole autenticit\u00e0 e consistenza - costantemente intenso e pizzicante dall'inizio alla fine. L'ergonomico sistema di svapo MTL offre una tecnica di estrazione familiare e naturale e rende facile per chiunque iniziare a svapare.<\/p>\n<h2><strong>Dati tecnici in sintesi<\/strong><\/h2>\n<ul>\n<li>Bign\u00e8: fino a 40.000 (a seconda della lunghezza e della frequenza del treno)<\/li>\n<li>E-liquido: 20 ml, pre-riempito<\/li>\n<li>Batteria: 1000 mAh, ricaricabile tramite USB-C<\/li>\n<li>Nicotina: 50 mg\/ml (5 %)<\/li>\n<li>Bobina: elementi riscaldanti a doppia maglia<\/li>\n<li>Display: mostra lo stato della batteria, del liquido e della modalit\u00e0<\/li>\n<li>Modalit\u00e0: ECO | POWER<\/li>\n<li>Gusti: 24<\/li>\n<\/ul>\n<h2><strong>Configurazione dell'alimentazione in un colpo d'occhio<\/strong><\/h2>\n<ul>\n<li><strong>Capacit\u00e0 della batteria:<\/strong> Batteria al litio ad alta capacit\u00e0 da 1000 mAh con funzione di ricarica rapida di tipo C, per un piacere di svapo ininterrotto senza lunghi tempi di ricarica.<\/li>\n<li><strong>Capacit\u00e0 del liquido elettronico:<\/strong> 20 ml di e-liquido al sale di nicotina preinstallato con un contenuto di nicotina pari a 5 % per un intenso e duraturo sapore di mela acida-ghiaccio<\/li>\n<li><strong>Sistema a bobina:<\/strong> Tecnologia all'avanguardia a doppia maglia per un controllo preciso della temperatura e un rilascio ottimale del sapore<\/li>\n<li><strong>Display:<\/strong> Display OLED curvo con retroilluminazione per la visualizzazione intuitiva del livello di carica e del contatore dei treni<\/li>\n<li><strong>Modalit\u00e0 del treno:<\/strong> Modalit\u00e0 ECO per un massimo di 40.000 soffi e modalit\u00e0 POWER per un massimo di 25.000 soffi con una maggiore erogazione di vapore<\/li>\n<li><strong>Cambio di modalit\u00e0:<\/strong> \u00c8 possibile passare facilmente dalla modalit\u00e0 ECO a risparmio energetico alla modalit\u00e0 POWER orientata alle prestazioni con la semplice pressione di un pulsante.<\/li>\n<\/ul>\n<h3><strong>L'aroma di mela acida incontra la massima qualit\u00e0: scoprilo da Kurzvape<\/strong><\/h3>\n<p>Siete incuriositi dalla Vozol Star 40000 Sour Apple Ice? Esplorate la nostra gamma completa di prodotti per la svapo su <strong><a href=\"https:\/\/www.kurzvape.de\/it\/\">Kurzvape - il vostro esperto di sigarette elettroniche monouso<\/a><\/strong> e lasciatevi ispirare dalla nostra ampia gamma di prodotti. Scoprite il <strong><a href=\"https:\/\/www.kurzvape.de\/it\/product-category\/vozol-vape\/\">Selezione completa dei prodotti VOZOL su Kurzvape<\/a><\/strong> e trovare l'apparecchio giusto per ogni gusto. Troverete tutte le varianti di questa potente serie in un unico pacchetto. <strong><a href=\"https:\/\/www.kurzvape.de\/it\/product-category\/vozol-vape\/vozol-star-40000\/\">Selezione della serie Vozol Star 40000<\/a><\/strong> - spediti in modo rapido e sicuro dal magazzino dell'UE.<\/p>","protected":false},"excerpt":{"rendered":"<p>La sigaretta elettronica usa e getta Vozol Star 40000 Sour Apple Ice combina il gusto croccante della mela con un'azione gelida e fredda. Con 40.000 boccate, batteria da 1000 mAh, ricarica USB-C e doppia bobina a rete, la sigaretta Star 40000 Sour Apple Ice \u00e8 un aroma frizzante, fresco e irresistibile.<\/p>","protected":false},"featured_media":1545,"comment_status":"open","ping_status":"closed","template":"","meta":{"_acf_changed":false},"product_brand":[],"product_cat":[28],"product_tag":[],"class_list":{"0":"post-1544","1":"product","2":"type-product","3":"status-publish","4":"has-post-thumbnail","6":"product_cat-vozol-star-40000","8":"first","9":"instock","10":"sale","11":"shipping-taxable","12":"purchasable","13":"product-type-variable"},"acf":[],"_links":{"self":[{"href":"https:\/\/www.kurzvape.de\/it\/wp-json\/wp\/v2\/product\/1544","targetHints":{"allow":["GET"]}}],"collection":[{"href":"https:\/\/www.kurzvape.de\/it\/wp-json\/wp\/v2\/product"}],"about":[{"href":"https:\/\/www.kurzvape.de\/it\/wp-json\/wp\/v2\/types\/product"}],"replies":[{"embeddable":true,"href":"https:\/\/www.kurzvape.de\/it\/wp-json\/wp\/v2\/comments?post=1544"}],"wp:featuredmedia":[{"embeddable":true,"href":"https:\/\/www.kurzvape.de\/it\/wp-json\/wp\/v2\/media\/1545"}],"wp:attachment":[{"href":"https:\/\/www.kurzvape.de\/it\/wp-json\/wp\/v2\/media?parent=1544"}],"wp:term":[{"taxonomy":"product_brand","embeddable":true,"href":"https:\/\/www.kurzvape.de\/it\/wp-json\/wp\/v2\/product_brand?post=1544"},{"taxonomy":"product_cat","embeddable":true,"href":"https:\/\/www.kurzvape.de\/it\/wp-json\/wp\/v2\/product_cat?post=1544"},{"taxonomy":"product_tag","embeddable":true,"href":"https:\/\/www.kurzvape.de\/it\/wp-json\/wp\/v2\/product_tag?post=1544"}],"curies":[{"name":"wp","href":"https:\/\/api.w.org\/{rel}","templated":true}]}}