{"id":1548,"date":"2026-03-17T21:28:11","date_gmt":"2026-03-17T13:28:11","guid":{"rendered":"https:\/\/www.kurzvape.de\/?post_type=product&#038;p=1548"},"modified":"2026-03-17T21:28:11","modified_gmt":"2026-03-17T13:28:11","slug":"vozol-star-40000-strawberry-ice","status":"publish","type":"product","link":"https:\/\/www.kurzvape.de\/it\/product\/vozol-star-40000-strawberry-ice\/","title":{"rendered":"Vozol Star 40000 Ghiaccio alla fragola"},"content":{"rendered":"<h2><strong>Vozol Star 40000 Strawberry Ice vape usa e getta<\/strong><\/h2>\n<p>Il gusto Vozol Star 40000 Strawberry Ice combina il classico aroma di fragole mature e maturate al sole con una rinfrescante finitura ghiacciata per creare un'esperienza di svapo irresistibile. La dolcezza naturale della fragola si sprigiona a ogni boccata ed \u00e8 perfettamente completata dalla finitura ghiacciata. Un sapore di frutta senza tempo che diventa un moderno e rinvigorente piacere di svapo grazie al raffreddamento ghiacciato.<\/p>\n<h2><strong>Ghiaccio alla fragola - La classica dolcezza della fragola con un finale ghiacciato<\/strong><\/h2>\n<p>Vozol Star 40000 Strawberry Ice combina il popolare sapore di fragola con un raffreddamento intensivo per un'esperienza di svapo rinfrescante e fruttata. Con un'impressionante capacit\u00e0 fino a 40.000 boccate, un'affidabile batteria da 1000 mAh e la comoda funzione di ricarica rapida USB-C, potrete godervi questo classico senza fastidiose interruzioni. Il display OLED curvo a onde fornisce informazioni precise sul livello della batteria e del liquido in ogni momento.<\/p>\n<p>Le avanzate bobine a doppia maglia in combinazione con la tecnologia S.i.L.C riproducono l'autentico sapore di gelato alla fragola con una consistenza e un'intensit\u00e0 eccezionali, per un'esperienza di gusto fruttato costante dal primo all'ultimo utilizzo. Il collaudato sistema di vaporizzazione MTL assicura una tecnica di inalazione piacevolmente familiare e rende il dispositivo la scelta ideale per i nuovi utenti.<\/p>\n<h2><strong>Dati tecnici in sintesi<\/strong><\/h2>\n<ul>\n<li>Bign\u00e8: fino a 40.000 (a seconda della lunghezza e della frequenza del treno)<\/li>\n<li>E-liquido: 20 ml, pre-riempito<\/li>\n<li>Batteria: 1000 mAh, ricaricabile tramite USB-C<\/li>\n<li>Nicotina: 50 mg\/ml (5 %)<\/li>\n<li>Bobina: elementi riscaldanti a doppia maglia<\/li>\n<li>Display: mostra lo stato della batteria, del liquido e della modalit\u00e0<\/li>\n<li>Modalit\u00e0: ECO | POWER<\/li>\n<li>Gusti: 24<\/li>\n<\/ul>\n<h2><strong>Configurazione dell'alimentazione in un colpo d'occhio<\/strong><\/h2>\n<ul>\n<li><strong>Capacit\u00e0 della batteria:<\/strong> Batteria al litio ad alte prestazioni da 1000 mAh con funzione di ricarica rapida di tipo C per la massima prontezza operativa con tempi di ricarica minimi<\/li>\n<li><strong>Capacit\u00e0 del liquido elettronico:<\/strong> 20 ml di e-liquido al sale di nicotina preinstallato con un contenuto di nicotina di 5 % per un intenso sapore di gelato alla fragola di lunga durata<\/li>\n<li><strong>Sistema a bobina:<\/strong> Sofisticata tecnologia a doppia maglia per una distribuzione uniforme del calore e un rilascio ottimale dei sapori<\/li>\n<li><strong>Display:<\/strong> Display OLED curvo con retroilluminazione per un'indicazione chiara della capacit\u00e0 della batteria e dei treni rimanenti.<\/li>\n<li><strong>Modalit\u00e0 del treno:<\/strong> Modalit\u00e0 ECO per un massimo di 40.000 soffi e modalit\u00e0 POWER per un massimo di 25.000 soffi con maggiore intensit\u00e0 di vapore<\/li>\n<li><strong>Cambio di modalit\u00e0:<\/strong> \u00c8 possibile passare facilmente dalla modalit\u00e0 ECO a basso consumo energetico alla potente modalit\u00e0 POWER con la semplice pressione di un pulsante.<\/li>\n<\/ul>\n<h3><strong>Il piacere del vapore fresco come una fragola - provatelo ora da Kurzvape<\/strong><\/h3>\n<p>Siete innamorati del Vozol Star 40000 Strawberry Ice? Visitate <strong><a href=\"https:\/\/www.kurzvape.de\/it\/\">Kurzvape - Il vostro primo indirizzo per i vapers premium in Germania<\/a><\/strong> e scoprite la nostra intera gamma di vaporizzatori. Lasciate che il <strong><a href=\"https:\/\/www.kurzvape.de\/it\/product-category\/vozol-vape\/\">Ampia collezione del marchio VOZOL<\/a><\/strong> e scegliere tra numerosi modelli di prima classe. Tutti i gusti disponibili di questa serie di punta sono riassunti in modo chiaro nella sezione <strong><a href=\"https:\/\/www.kurzvape.de\/it\/product-category\/vozol-vape\/vozol-star-40000\/\">Vozol Star 40000 selezione completa<\/a><\/strong> - spediti in modo affidabile direttamente dal magazzino dell'UE.<\/p>","protected":false},"excerpt":{"rendered":"<p class=\"font-claude-response-body break-words whitespace-normal leading-[1.7]\">Der Vozol Star 40000 Strawberry Ice Einweg E-Zigarette vereint klassische Erdbeers\u00fc\u00dfe mit einem frostigen Eisfinish. Mit 40.000 Z\u00fcgen, 1000-mAh-Akku, USB-C-Laden und Dual-Mesh-Coils \u2013 fruchtiger Genuss mit k\u00fchlem Kick.<\/p>\n","protected":false},"featured_media":1549,"comment_status":"open","ping_status":"closed","template":"","meta":{"_acf_changed":false},"product_brand":[],"product_cat":[28],"product_tag":[],"class_list":{"0":"post-1548","1":"product","2":"type-product","3":"status-publish","4":"has-post-thumbnail","6":"product_cat-vozol-star-40000","8":"first","9":"instock","10":"sale","11":"shipping-taxable","12":"purchasable","13":"product-type-variable"},"acf":[],"_links":{"self":[{"href":"https:\/\/www.kurzvape.de\/it\/wp-json\/wp\/v2\/product\/1548","targetHints":{"allow":["GET"]}}],"collection":[{"href":"https:\/\/www.kurzvape.de\/it\/wp-json\/wp\/v2\/product"}],"about":[{"href":"https:\/\/www.kurzvape.de\/it\/wp-json\/wp\/v2\/types\/product"}],"replies":[{"embeddable":true,"href":"https:\/\/www.kurzvape.de\/it\/wp-json\/wp\/v2\/comments?post=1548"}],"wp:featuredmedia":[{"embeddable":true,"href":"https:\/\/www.kurzvape.de\/it\/wp-json\/wp\/v2\/media\/1549"}],"wp:attachment":[{"href":"https:\/\/www.kurzvape.de\/it\/wp-json\/wp\/v2\/media?parent=1548"}],"wp:term":[{"taxonomy":"product_brand","embeddable":true,"href":"https:\/\/www.kurzvape.de\/it\/wp-json\/wp\/v2\/product_brand?post=1548"},{"taxonomy":"product_cat","embeddable":true,"href":"https:\/\/www.kurzvape.de\/it\/wp-json\/wp\/v2\/product_cat?post=1548"},{"taxonomy":"product_tag","embeddable":true,"href":"https:\/\/www.kurzvape.de\/it\/wp-json\/wp\/v2\/product_tag?post=1548"}],"curies":[{"name":"wp","href":"https:\/\/api.w.org\/{rel}","templated":true}]}}